{"id":5294,"date":"2023-06-15T20:28:30","date_gmt":"2023-06-15T23:28:30","guid":{"rendered":"https:\/\/www.ufpb.br\/portalpotiguara\/?page_id=5294"},"modified":"2024-10-10T21:13:37","modified_gmt":"2024-10-11T00:13:37","slug":"sobre-nos","status":"publish","type":"page","link":"https:\/\/www.ufpb.br\/portalpotiguara\/sobre-nos\/","title":{"rendered":"Quem somos"},"content":{"rendered":"\n<h1 class=\"wp-block-heading\">Quem somos<\/h1>\n\n\n\n<p>O Portal Potiguara re\u00fane uma equipe multidisciplinar e multi\u00e9tnica. Somos docentes e discentes, de diversos cursos da UFPB, ind\u00edgenas e n\u00e3o ind\u00edgenas, que t\u00eam como elo de liga\u00e7\u00e3o a vontade de contribuir com um projeto de extens\u00e3o que valorize o conhecimento sobre os Potiguara.<\/p>\n\n\n\n<p>Ao longo desses anos temos uma equipe que se renova a cada ano, como podem ver abaixo. <\/p>\n\n\n\n<p><style>.pfp-img{max-width: 180px; max-height: 180px; border-radius: 100%; height: 100%; width: 100%; object-fit: cover; margin-right: 10pxpx;}.imagens-perfil{margin-left: 50%; transform: translate(-50%, 0);}.imagem-container{display:inline-block; width: 180px; margin-bottom: 10px; margin-right: 55px; text-align: center;}<br \/>\n<\/style><\/p>\n\n\n\n<h1 class=\"wp-block-heading\">Equipe 2023-2024<\/h1>\n\n\n\n<style>\n    .magens-perfil {\n        display: flex;\n        flex-wrap: wrap;\n        justify-content: center;\n    }\n\n    .imagem-container {\n        text-align: center;\n        margin: 10px;\n    }\n<\/style>\n<div>\n<div class=\"magens-perfil\">\n    <div class=\"imagem-container\"><img decoding=\"async\" class=\"pfp-img\" style=\"object-position: center;\"\n    src=\"https:\/\/www.ufpb.br\/portalpotiguara\/wp-content\/uploads\/2023\/06\/aldemir.jpg\">\n    <p>Aldemir Carlos Alves<br>Sistemas de informa\u00e7\u00e3o<\/p>\n    <p><i class=\"material-symbols-outlined\"><a href=\"mailto:aldemirc22@gmail.com\">mail<\/a><\/i><\/p>\n    <\/div>\n    <div class=\"imagem-container\"><img decoding=\"async\" class=\"pfp-img\" style=\"object-position: center;\"\n    src=\"https:\/\/www.ufpb.br\/portalpotiguara\/wp-content\/uploads\/2023\/06\/luisa.jpg\">\n    <p>Ana Lu\u00edsa Freitas<br>Sistemas de informa\u00e7\u00e3o<\/p>\n    <p><i class=\"material-symbols-outlined\"><a href=\"mailto:analuisafreitasml@gmail.com\">mail<\/a><\/i><\/p>\n    <\/div>\n    <div class=\"imagem-container\"><img decoding=\"async\" class=\"pfp-img\" style=\"object-position: center;\"\n    src=\"https:\/\/www.ufpb.br\/portalpotiguara\/wp-content\/uploads\/2023\/06\/Kelly.jpg\">\n    <p>Kelly<br>Coordena\u00e7\u00e3o<\/p>\n    <p><i class=\"material-symbols-outlined\">mail<\/i><\/p>\n    <\/div>\n    <div class=\"imagem-container\"><img decoding=\"async\" class=\"pfp-img\" style=\"object-position: center;\"\n    src=\"https:\/\/www.ufpb.br\/portalpotiguara\/wp-content\/uploads\/2023\/06\/luana.jpg\">\n    <p>Luana Fidelis<br>Antropologia<\/p>\n    <p><i class=\"material-symbols-outlined\"><a href=\"mailto:luana.fidelis@academico.ufpb.br\">mail<\/a><\/i><\/p>\n    <\/div>\n    <div class=\"imagem-container\"><img decoding=\"async\" class=\"pfp-img\" style=\"object-position: center;\"\n    src=\"https:\/\/www.ufpb.br\/portalpotiguara\/wp-content\/uploads\/2024\/05\/Adaias.jpg\">\n    <p>Adaias Martins<br>Sistemas de informa\u00e7\u00e3o<\/p>\n    <p><i class=\"material-symbols-outlined\"><a href=\"mailto:adaias.martins@dcx.ufpb.br\">mail<\/a><\/i><\/p>\n    <\/div>\n    <div class=\"imagem-container\"><img decoding=\"async\" class=\"pfp-img\" style=\"object-position: center;\"\n    src=\"https:\/\/www.ufpb.br\/portalpotiguara\/wp-content\/uploads\/2024\/05\/6.png\">\n    <p>Samyra Silva<br>Antropologia<\/p>\n    <p><i class=\"material-symbols-outlined\"><a href=\"mailto:silvasamyra2001@gmail.com\">mail<\/a><\/i><\/p>\n    <\/div>\n    <div class=\"imagem-container\"><img decoding=\"async\" class=\"pfp-img\" style=\"object-position: center;\"\n    src=\"https:\/\/www.ufpb.br\/portalpotiguara\/wp-content\/uploads\/2024\/05\/5.png\">\n    <p>Monique Fernanda<br>Antropologia<br><\/p>\n    <p><i class=\"material-symbols-outlined\"><a href=\"mailto:moniquef.com@icloud.com\">mail<\/a><\/i><\/p>\n    <\/div>\n    <div class=\"imagem-container\"><img decoding=\"async\" class=\"pfp-img\" style=\"object-position: center;\"\n    src=\"https:\/\/www.ufpb.br\/portalpotiguara\/wp-content\/uploads\/2024\/05\/2.png\">\n    <p>J\u00fanior Potiguara<br>Hist\u00f3ria<br><i class=\"material-symbols-outlined\">mail<\/i><\/p>\n    <\/div>\n    <div class=\"imagem-container\"><img decoding=\"async\" class=\"pfp-img\" style=\"object-position: center;\"\n    src=\"https:\/\/www.ufpb.br\/portalpotiguara\/wp-content\/uploads\/2024\/05\/1.jpg\">\n    <p>Antony Marcos Cruz Santana<br>Hist\u00f3ria<br><i class=\"material-symbols-outlined\">mail<\/i><\/p>\n    <\/div>\n    <div class=\"imagem-container\"><img decoding=\"async\" class=\"pfp-img\" style=\"object-position: center;\"\n    src=\"https:\/\/www.ufpb.br\/portalpotiguara\/wp-content\/uploads\/2024\/05\/3.png\">\n    <p>Fred Karakar\u00e1<br>Antropologia<br><i class=\"material-symbols-outlined\">mail<\/i><\/p>\n    <\/div>\n    <\/div>\n\n\n\n<h1 class=\"wp-block-heading\">Equipe 2022-2023<\/h1>\n\n\n\n<div class=\"magens-perfil\">\n<div class=\"imagem-container\"><img decoding=\"async\" class=\"pfp-img\" style=\"object-position: center;\" src=\"https:\/\/www.ufpb.br\/portalpotiguara\/wp-content\/uploads\/2023\/06\/aldemir.jpg\">\n<p>Aldemir Carlos Alves<br>Sistemas de informa\u00e7\u00e3o<\/p>\n<p><i class=\"material-symbols-outlined\"><a href=\"mailto:aldemirc22@gmail.com\">mail<\/a><\/i><\/p>\n<\/div>\n<div class=\"imagem-container\"><img decoding=\"async\" class=\"pfp-img\" style=\"object-position: center;\" src=\"https:\/\/www.ufpb.br\/portalpotiguara\/wp-content\/uploads\/2023\/06\/luisa.jpg\">\n<p>Ana Lu\u00edsa Freitas<br>Sistemas de informa\u00e7\u00e3o<\/p>\n<p><i class=\"material-symbols-outlined\"><a href=\"mailto:analuisafreitasml@gmail.com\">mail<\/a><\/i><\/p>\n<\/div>\n<div class=\"imagem-container\"><img decoding=\"async\" class=\"pfp-img\" style=\"object-position: top;\" src=\"https:\/\/www.ufpb.br\/portalpotiguara\/wp-content\/uploads\/2023\/06\/Emanuel.jpg\">\n<p>Emanuel de Sousa<br>Design<br><i class=\"material-symbols-outlined\"><a href=\"mailto:sousaemanueu@gmail.com\">mail<\/a><\/i><\/p>\n<\/div>\n<div class=\"imagem-container\"><img decoding=\"async\" class=\"pfp-img\" style=\"object-position: center;\" src=\"https:\/\/www.ufpb.br\/portalpotiguara\/wp-content\/uploads\/2023\/06\/JoaoHelis.jpg\">\n<p>Jo\u00e3o Helis Bernardo<br>Sistemas de informa\u00e7\u00e3o<br><i class=\"material-symbols-outlined\"><a href=\"mailto:joaohelis.bernardo@gmail.com\">mail<\/a><\/i><\/p>\n<\/div>\n<div class=\"imagem-container\"><img decoding=\"async\" class=\"pfp-img\" style=\"object-position: center;\" src=\"https:\/\/www.ufpb.br\/portalpotiguara\/wp-content\/uploads\/2023\/06\/Kelly.jpg\">\n<p>Kelly<br>Coordena\u00e7\u00e3o<\/p>\n<p><i class=\"material-symbols-outlined\">mail<\/i><\/p>\n<\/div>\n<div class=\"imagem-container\"><img decoding=\"async\" class=\"pfp-img\" style=\"object-position: center;\" src=\"https:\/\/www.ufpb.br\/portalpotiguara\/wp-content\/uploads\/2023\/06\/lucas-aires.jpg\">\n<p>Lucas Aires<br>Antropologia<\/p>\n<p><i class=\"material-symbols-outlined\"><a href=\"mailto:aireslucas13@gmail.com\">mail<\/a><\/i><\/p>\n<\/div>\n<div class=\"imagem-container\"><img decoding=\"async\" class=\"pfp-img\" style=\"object-position: center;\" src=\"https:\/\/www.ufpb.br\/portalpotiguara\/wp-content\/uploads\/2023\/06\/lucas.jpg\">\n<p>Lucas Per\u00f4nico<br>Sistemas de informa\u00e7\u00e3o<\/p>\n<p><i class=\"material-symbols-outlined\"><a href=\"mailto:lucasperonicobarbotin@gmail.com\">mail<\/a><\/i><\/p>\n<\/div>\n<div class=\"imagem-container\"><img decoding=\"async\" class=\"pfp-img\" style=\"object-position: center;\" src=\"https:\/\/www.ufpb.br\/portalpotiguara\/wp-content\/uploads\/2023\/06\/luana.jpg\">\n<p>Luana Fidelis<br>Antropologia<\/p>\n<p><i class=\"material-symbols-outlined\"><a href=\"mailto:luana.fidelis@academico.ufpb.br\">mail<\/a><\/i><\/p>\n<\/div>\n<div class=\"imagem-container\"><img decoding=\"async\" class=\"pfp-img\" style=\"object-position: center;\" src=\"https:\/\/www.ufpb.br\/portalpotiguara\/wp-content\/uploads\/2023\/06\/pexe.jpg\">\n<p>Pexe Kariri<br>Antropologia<\/p>\n<p><i class=\"material-symbols-outlined\"><a href=\"mailto:figueiredopexe924@gmail.com\">mail<\/a><\/i><\/p>\n<\/div>\n<div class=\"imagem-container\"><img decoding=\"async\" class=\"pfp-img\" style=\"object-position: center;\" src=\"https:\/\/www.ufpb.br\/portalpotiguara\/wp-content\/uploads\/2023\/06\/Thayrinny.jpg\">\n<p>Thayrinny<br>Antropologia<\/p>\n<p><i class=\"material-symbols-outlined\"><a href=\"mailto:thayrinny234barbosa@gmail.com\">mail<\/a><\/i><\/p>\n<\/div>\n<div class=\"imagem-container\"><img decoding=\"async\" class=\"pfp-img\" style=\"object-position: center;\" src=\"https:\/\/www.ufpb.br\/portalpotiguara\/wp-content\/uploads\/2023\/06\/Vitor.jpg\">\n<p>Vitor Barreto<br>Design<br><i class=\" material-symbols-outlined\"><a id=\"link\" href=\"vitorbarretodesigner@gmail.com\">mail<\/a><\/i><\/p>\n<\/div>\n<div class=\"imagem-container\"><img decoding=\"async\" class=\"pfp-img\" style=\"object-position: top;\" src=\"https:\/\/www.ufpb.br\/portalpotiguara\/wp-content\/uploads\/2023\/06\/vitoria.jpg\">\n<p>Vit\u00f3ria Fernandes<br>Design<br><i class=\"material-symbols-outlined\"><a href=\"mailto:vitoriafernandeseys@gmail.com\">mail<\/a><\/i><\/p>\n<\/div>\n<\/div>\n\n\n\n<h1 class=\"wp-block-heading\">Como podemos ajudar?<\/h1>\n\n\n\n<p class=\"has-text-align-left\">Se voc\u00ea possuir um v\u00eddeo, documento ou alguma outra produ\u00e7\u00e3o sobre o povo Potiguara e quiser compartilhar no portal, envie um email para <a href=\"mailto:portalpotiguara@gmail.com\">portalpotiguara@gmail.com<\/a><\/p>\n\n\n\n<p><script>document.getElementById('link').style.cssText='margin-top: 100%;';<\/script><\/p>\n<div class=\"pvc_clear\"><\/div><p id=\"pvc_stats_5294\" class=\"pvc_stats all  \" data-element-id=\"5294\" style=\"\"><i class=\"pvc-stats-icon medium\" aria-hidden=\"true\"><svg aria-hidden=\"true\" focusable=\"false\" data-prefix=\"far\" data-icon=\"chart-bar\" role=\"img\" xmlns=\"http:\/\/www.w3.org\/2000\/svg\" viewBox=\"0 0 512 512\" class=\"svg-inline--fa fa-chart-bar fa-w-16 fa-2x\"><path fill=\"currentColor\" d=\"M396.8 352h22.4c6.4 0 12.8-6.4 12.8-12.8V108.8c0-6.4-6.4-12.8-12.8-12.8h-22.4c-6.4 0-12.8 6.4-12.8 12.8v230.4c0 6.4 6.4 12.8 12.8 12.8zm-192 0h22.4c6.4 0 12.8-6.4 12.8-12.8V140.8c0-6.4-6.4-12.8-12.8-12.8h-22.4c-6.4 0-12.8 6.4-12.8 12.8v198.4c0 6.4 6.4 12.8 12.8 12.8zm96 0h22.4c6.4 0 12.8-6.4 12.8-12.8V204.8c0-6.4-6.4-12.8-12.8-12.8h-22.4c-6.4 0-12.8 6.4-12.8 12.8v134.4c0 6.4 6.4 12.8 12.8 12.8zM496 400H48V80c0-8.84-7.16-16-16-16H16C7.16 64 0 71.16 0 80v336c0 17.67 14.33 32 32 32h464c8.84 0 16-7.16 16-16v-16c0-8.84-7.16-16-16-16zm-387.2-48h22.4c6.4 0 12.8-6.4 12.8-12.8v-70.4c0-6.4-6.4-12.8-12.8-12.8h-22.4c-6.4 0-12.8 6.4-12.8 12.8v70.4c0 6.4 6.4 12.8 12.8 12.8z\" class=\"\"><\/path><\/svg><\/i> <img decoding=\"async\" width=\"16\" height=\"16\" alt=\"Loading\" src=\"https:\/\/www.ufpb.br\/portalpotiguara\/wp-content\/plugins\/page-views-count\/ajax-loader-2x.gif\" border=0 \/><\/p><div class=\"pvc_clear\"><\/div>","protected":false},"excerpt":{"rendered":"<p>Quem somos O Portal Potiguara re\u00fane uma equipe multidisciplinar e multi\u00e9tnica. Somos docentes e discentes, de diversos cursos da UFPB, ind\u00edgenas e n\u00e3o ind\u00edgenas, que t\u00eam como elo de liga\u00e7\u00e3o a vontade de contribuir com um projeto de extens\u00e3o que valorize o conhecimento sobre os Potiguara. Ao longo desses anos temos uma equipe que se [&hellip;]<\/p>\n<div class=\"pvc_clear\"><\/div>\n<p id=\"pvc_stats_5294\" class=\"pvc_stats all  \" data-element-id=\"5294\" style=\"\"><i class=\"pvc-stats-icon medium\" aria-hidden=\"true\"><svg aria-hidden=\"true\" focusable=\"false\" data-prefix=\"far\" data-icon=\"chart-bar\" role=\"img\" xmlns=\"http:\/\/www.w3.org\/2000\/svg\" viewBox=\"0 0 512 512\" class=\"svg-inline--fa fa-chart-bar fa-w-16 fa-2x\"><path fill=\"currentColor\" d=\"M396.8 352h22.4c6.4 0 12.8-6.4 12.8-12.8V108.8c0-6.4-6.4-12.8-12.8-12.8h-22.4c-6.4 0-12.8 6.4-12.8 12.8v230.4c0 6.4 6.4 12.8 12.8 12.8zm-192 0h22.4c6.4 0 12.8-6.4 12.8-12.8V140.8c0-6.4-6.4-12.8-12.8-12.8h-22.4c-6.4 0-12.8 6.4-12.8 12.8v198.4c0 6.4 6.4 12.8 12.8 12.8zm96 0h22.4c6.4 0 12.8-6.4 12.8-12.8V204.8c0-6.4-6.4-12.8-12.8-12.8h-22.4c-6.4 0-12.8 6.4-12.8 12.8v134.4c0 6.4 6.4 12.8 12.8 12.8zM496 400H48V80c0-8.84-7.16-16-16-16H16C7.16 64 0 71.16 0 80v336c0 17.67 14.33 32 32 32h464c8.84 0 16-7.16 16-16v-16c0-8.84-7.16-16-16-16zm-387.2-48h22.4c6.4 0 12.8-6.4 12.8-12.8v-70.4c0-6.4-6.4-12.8-12.8-12.8h-22.4c-6.4 0-12.8 6.4-12.8 12.8v70.4c0 6.4 6.4 12.8 12.8 12.8z\" class=\"\"><\/path><\/svg><\/i> <img decoding=\"async\" width=\"16\" height=\"16\" alt=\"Loading\" src=\"https:\/\/www.ufpb.br\/portalpotiguara\/wp-content\/plugins\/page-views-count\/ajax-loader-2x.gif\" border=0 \/><\/p>\n<div class=\"pvc_clear\"><\/div>\n","protected":false},"author":4,"featured_media":0,"parent":0,"menu_order":0,"comment_status":"closed","ping_status":"closed","template":"","meta":{"footnotes":""},"class_list":["post-5294","page","type-page","status-publish","hentry"],"_links":{"self":[{"href":"https:\/\/www.ufpb.br\/portalpotiguara\/wp-json\/wp\/v2\/pages\/5294","targetHints":{"allow":["GET"]}}],"collection":[{"href":"https:\/\/www.ufpb.br\/portalpotiguara\/wp-json\/wp\/v2\/pages"}],"about":[{"href":"https:\/\/www.ufpb.br\/portalpotiguara\/wp-json\/wp\/v2\/types\/page"}],"author":[{"embeddable":true,"href":"https:\/\/www.ufpb.br\/portalpotiguara\/wp-json\/wp\/v2\/users\/4"}],"replies":[{"embeddable":true,"href":"https:\/\/www.ufpb.br\/portalpotiguara\/wp-json\/wp\/v2\/comments?post=5294"}],"version-history":[{"count":65,"href":"https:\/\/www.ufpb.br\/portalpotiguara\/wp-json\/wp\/v2\/pages\/5294\/revisions"}],"predecessor-version":[{"id":14875,"href":"https:\/\/www.ufpb.br\/portalpotiguara\/wp-json\/wp\/v2\/pages\/5294\/revisions\/14875"}],"wp:attachment":[{"href":"https:\/\/www.ufpb.br\/portalpotiguara\/wp-json\/wp\/v2\/media?parent=5294"}],"curies":[{"name":"wp","href":"https:\/\/api.w.org\/{rel}","templated":true}]}}