{"id":7865,"date":"2024-02-06T21:14:59","date_gmt":"2024-02-07T00:14:59","guid":{"rendered":"https:\/\/www.ufpb.br\/portalpotiguara\/?page_id=7865"},"modified":"2025-03-09T15:27:18","modified_gmt":"2025-03-09T18:27:18","slug":"index","status":"publish","type":"page","link":"https:\/\/www.ufpb.br\/portalpotiguara\/index\/","title":{"rendered":"PaginaInicial"},"content":{"rendered":"\t\t<div data-elementor-type=\"wp-page\" data-elementor-id=\"7865\" class=\"elementor elementor-7865\">\n\t\t\t\t<div class=\"elementor-element elementor-element-56550e8 e-flex e-con-boxed e-con e-parent\" data-id=\"56550e8\" data-element_type=\"container\">\n\t\t\t\t\t<div class=\"e-con-inner\">\n\t\t\t\t\t<\/div>\n\t\t\t\t<\/div>\n\t\t<div class=\"elementor-element elementor-element-d29279c e-flex e-con-boxed e-con e-parent\" data-id=\"d29279c\" data-element_type=\"container\">\n\t\t\t\t\t<div class=\"e-con-inner\">\n\t\t\t\t<div class=\"elementor-element elementor-element-60efd96 elementor-drop-cap-yes elementor-widget__width-initial elementor-drop-cap-view-default elementor-widget elementor-widget-text-editor\" data-id=\"60efd96\" data-element_type=\"widget\" data-settings=\"{&quot;drop_cap&quot;:&quot;yes&quot;}\" data-widget_type=\"text-editor.default\">\n\t\t\t\t<div class=\"elementor-widget-container\">\n\t\t\t<style>\/*! elementor - v3.21.0 - 26-05-2024 *\/\n.elementor-widget-text-editor.elementor-drop-cap-view-stacked .elementor-drop-cap{background-color:#69727d;color:#fff}.elementor-widget-text-editor.elementor-drop-cap-view-framed .elementor-drop-cap{color:#69727d;border:3px solid;background-color:transparent}.elementor-widget-text-editor:not(.elementor-drop-cap-view-default) .elementor-drop-cap{margin-top:8px}.elementor-widget-text-editor:not(.elementor-drop-cap-view-default) .elementor-drop-cap-letter{width:1em;height:1em}.elementor-widget-text-editor .elementor-drop-cap{float:left;text-align:center;line-height:1;font-size:50px}.elementor-widget-text-editor .elementor-drop-cap-letter{display:inline-block}<\/style>\t\t\t\t<p style=\"text-align: center;\"><span style=\"font-size: 10pt;\">O Portal Potiguara \u00e9 um espa\u00e7o aberto para socializa\u00e7\u00e3o das pesquisas realizadas sobre o povo ind\u00edgena Potiguara da Para\u00edba. <\/span><span style=\"font-size: 10pt;\">O projeto de extens\u00e3o veio de uma demanda nossa, Potiguaras que gostariam de ampliar a visibilidade sobre o que vem sendo pensado sobre nosso povo. Os trabalhos aqui colocados s\u00e3o produzidos por ind\u00edgenas e por n\u00e3o ind\u00edgenas, em textos e produ\u00e7\u00f5es audiovisuais.<\/span><br \/><span style=\"font-size: 10pt;\">Convidamos voc\u00ea a conhecer e navegar pelo nosso portal e, caso queira contribuir tamb\u00e9m com sua produ\u00e7\u00e3o, enviar para nosso e-mail: <a href=\"mailto:portalpotiguara@gmail.com\">portalpotiguara@gmail.com<\/a>.<\/span><\/p>\t\t\t\t\t\t<\/div>\n\t\t\t\t<\/div>\n\t\t\t\t\t<\/div>\n\t\t\t\t<\/div>\n\t\t<div class=\"elementor-element elementor-element-7a8f775 e-flex e-con-boxed e-con e-parent\" data-id=\"7a8f775\" data-element_type=\"container\">\n\t\t\t\t\t<div class=\"e-con-inner\">\n\t\t\t\t<div class=\"elementor-element elementor-element-2975179 elementor-widget__width-initial elementor-arrows-position-inside elementor-pagination-position-outside elementor-widget elementor-widget-image-carousel\" data-id=\"2975179\" data-element_type=\"widget\" data-settings=\"{&quot;image_spacing_custom&quot;:{&quot;unit&quot;:&quot;px&quot;,&quot;size&quot;:0,&quot;sizes&quot;:[]},&quot;navigation&quot;:&quot;both&quot;,&quot;autoplay&quot;:&quot;yes&quot;,&quot;pause_on_hover&quot;:&quot;yes&quot;,&quot;pause_on_interaction&quot;:&quot;yes&quot;,&quot;autoplay_speed&quot;:5000,&quot;infinite&quot;:&quot;yes&quot;,&quot;speed&quot;:500,&quot;image_spacing_custom_tablet&quot;:{&quot;unit&quot;:&quot;px&quot;,&quot;size&quot;:&quot;&quot;,&quot;sizes&quot;:[]},&quot;image_spacing_custom_mobile_extra&quot;:{&quot;unit&quot;:&quot;px&quot;,&quot;size&quot;:&quot;&quot;,&quot;sizes&quot;:[]},&quot;image_spacing_custom_mobile&quot;:{&quot;unit&quot;:&quot;px&quot;,&quot;size&quot;:&quot;&quot;,&quot;sizes&quot;:[]}}\" data-widget_type=\"image-carousel.default\">\n\t\t\t\t<div class=\"elementor-widget-container\">\n\t\t\t<style>\/*! elementor - v3.21.0 - 26-05-2024 *\/\n.elementor-widget-image-carousel .swiper,.elementor-widget-image-carousel .swiper-container{position:static}.elementor-widget-image-carousel .swiper-container .swiper-slide figure,.elementor-widget-image-carousel .swiper .swiper-slide figure{line-height:inherit}.elementor-widget-image-carousel .swiper-slide{text-align:center}.elementor-image-carousel-wrapper:not(.swiper-container-initialized):not(.swiper-initialized) .swiper-slide{max-width:calc(100% \/ var(--e-image-carousel-slides-to-show, 3))}<\/style>\t\t<div class=\"elementor-image-carousel-wrapper swiper\" dir=\"ltr\">\n\t\t\t<div class=\"elementor-image-carousel swiper-wrapper\" aria-live=\"off\">\n\t\t\t\t\t\t\t\t<div class=\"swiper-slide\" role=\"group\" aria-roledescription=\"slide\" aria-label=\"1 de 31\"><figure class=\"swiper-slide-inner\"><img decoding=\"async\" class=\"swiper-slide-image\" src=\"https:\/\/www.ufpb.br\/portalpotiguara\/wp-content\/uploads\/2023\/04\/hqdefault-6-e1707315596978-275x269.jpg\" alt=\"hqdefault-6\" \/><\/figure><\/div><div class=\"swiper-slide\" role=\"group\" aria-roledescription=\"slide\" aria-label=\"2 de 31\"><figure class=\"swiper-slide-inner\"><img decoding=\"async\" class=\"swiper-slide-image\" src=\"https:\/\/www.ufpb.br\/portalpotiguara\/wp-content\/uploads\/2024\/05\/WhatsApp-Image-2024-05-04-at-14.07.57_cced7e92-275x275.jpg\" alt=\"WhatsApp Image 2024-05-04 at 14.07.57_cced7e92\" \/><\/figure><\/div><div class=\"swiper-slide\" role=\"group\" aria-roledescription=\"slide\" aria-label=\"3 de 31\"><figure class=\"swiper-slide-inner\"><img decoding=\"async\" class=\"swiper-slide-image\" src=\"https:\/\/www.ufpb.br\/portalpotiguara\/wp-content\/uploads\/2023\/05\/Prancheta-12-275x275.png\" alt=\"Prancheta 12\" \/><\/figure><\/div><div class=\"swiper-slide\" role=\"group\" aria-roledescription=\"slide\" aria-label=\"4 de 31\"><figure class=\"swiper-slide-inner\"><img decoding=\"async\" class=\"swiper-slide-image\" src=\"https:\/\/www.ufpb.br\/portalpotiguara\/wp-content\/uploads\/2024\/05\/WhatsApp-Image-2024-05-04-at-14.07.58_4918ccd6-275x275.jpg\" alt=\"WhatsApp Image 2024-05-04 at 14.07.58_4918ccd6\" \/><\/figure><\/div><div class=\"swiper-slide\" role=\"group\" aria-roledescription=\"slide\" aria-label=\"5 de 31\"><figure class=\"swiper-slide-inner\"><img decoding=\"async\" class=\"swiper-slide-image\" src=\"https:\/\/www.ufpb.br\/portalpotiguara\/wp-content\/uploads\/2024\/05\/WhatsApp-Image-2024-05-04-at-14.08.37_65055b42-275x275.jpg\" alt=\"WhatsApp Image 2024-05-04 at 14.08.37_65055b42\" \/><\/figure><\/div><div class=\"swiper-slide\" role=\"group\" aria-roledescription=\"slide\" aria-label=\"6 de 31\"><figure class=\"swiper-slide-inner\"><img decoding=\"async\" class=\"swiper-slide-image\" src=\"https:\/\/www.ufpb.br\/portalpotiguara\/wp-content\/uploads\/2023\/10\/hqdefault-e1707315523470-275x270.jpg\" alt=\"hqdefault\" \/><\/figure><\/div><div class=\"swiper-slide\" role=\"group\" aria-roledescription=\"slide\" aria-label=\"7 de 31\"><figure class=\"swiper-slide-inner\"><img decoding=\"async\" class=\"swiper-slide-image\" src=\"https:\/\/www.ufpb.br\/portalpotiguara\/wp-content\/uploads\/2023\/04\/principal-e1680641272509-275x275.jpg\" alt=\"principal\" \/><\/figure><\/div><div class=\"swiper-slide\" role=\"group\" aria-roledescription=\"slide\" aria-label=\"8 de 31\"><figure class=\"swiper-slide-inner\"><img decoding=\"async\" class=\"swiper-slide-image\" src=\"https:\/\/www.ufpb.br\/portalpotiguara\/wp-content\/uploads\/2024\/05\/WhatsApp-Image-2024-05-04-at-14.07.56_5d4c7dee-275x275.jpg\" alt=\"WhatsApp Image 2024-05-04 at 14.07.56_5d4c7dee\" \/><\/figure><\/div><div class=\"swiper-slide\" role=\"group\" aria-roledescription=\"slide\" aria-label=\"9 de 31\"><figure class=\"swiper-slide-inner\"><img decoding=\"async\" class=\"swiper-slide-image\" src=\"https:\/\/www.ufpb.br\/portalpotiguara\/wp-content\/uploads\/2024\/05\/WhatsApp-Image-2024-05-04-at-14.08.38_9b4580b9-275x275.jpg\" alt=\"WhatsApp Image 2024-05-04 at 14.08.38_9b4580b9\" \/><\/figure><\/div><div class=\"swiper-slide\" role=\"group\" aria-roledescription=\"slide\" aria-label=\"10 de 31\"><figure class=\"swiper-slide-inner\"><img decoding=\"async\" class=\"swiper-slide-image\" src=\"https:\/\/www.ufpb.br\/portalpotiguara\/wp-content\/uploads\/2024\/05\/WhatsApp-Image-2024-05-04-at-14.08.37_8aad6fdc-275x275.jpg\" alt=\"WhatsApp Image 2024-05-04 at 14.08.37_8aad6fdc\" \/><\/figure><\/div><div class=\"swiper-slide\" role=\"group\" aria-roledescription=\"slide\" aria-label=\"11 de 31\"><figure class=\"swiper-slide-inner\"><img decoding=\"async\" class=\"swiper-slide-image\" src=\"https:\/\/www.ufpb.br\/portalpotiguara\/wp-content\/uploads\/2024\/05\/WhatsApp-Image-2024-05-04-at-14.07.58_11f538cb-275x275.jpg\" alt=\"WhatsApp Image 2024-05-04 at 14.07.58_11f538cb\" \/><\/figure><\/div><div class=\"swiper-slide\" role=\"group\" aria-roledescription=\"slide\" aria-label=\"12 de 31\"><figure class=\"swiper-slide-inner\"><img decoding=\"async\" class=\"swiper-slide-image\" src=\"https:\/\/www.ufpb.br\/portalpotiguara\/wp-content\/uploads\/2024\/05\/WhatsApp-Image-2024-05-04-at-14.07.58_b1a388b0-275x275.jpg\" alt=\"WhatsApp Image 2024-05-04 at 14.07.58_b1a388b0\" \/><\/figure><\/div><div class=\"swiper-slide\" role=\"group\" aria-roledescription=\"slide\" aria-label=\"13 de 31\"><figure class=\"swiper-slide-inner\"><img decoding=\"async\" class=\"swiper-slide-image\" src=\"https:\/\/www.ufpb.br\/portalpotiguara\/wp-content\/uploads\/2024\/05\/WhatsApp-Image-2024-05-04-at-14.07.56_3b077908-275x275.jpg\" alt=\"WhatsApp Image 2024-05-04 at 14.07.56_3b077908\" \/><\/figure><\/div><div class=\"swiper-slide\" role=\"group\" aria-roledescription=\"slide\" aria-label=\"14 de 31\"><figure class=\"swiper-slide-inner\"><img decoding=\"async\" class=\"swiper-slide-image\" src=\"https:\/\/www.ufpb.br\/portalpotiguara\/wp-content\/uploads\/2024\/05\/WhatsApp-Image-2024-05-04-at-14.07.57_525d2f33-275x275.jpg\" alt=\"WhatsApp Image 2024-05-04 at 14.07.57_525d2f33\" \/><\/figure><\/div><div class=\"swiper-slide\" role=\"group\" aria-roledescription=\"slide\" aria-label=\"15 de 31\"><figure class=\"swiper-slide-inner\"><img decoding=\"async\" class=\"swiper-slide-image\" src=\"https:\/\/www.ufpb.br\/portalpotiguara\/wp-content\/uploads\/2024\/05\/WhatsApp-Image-2024-05-04-at-14.07.57_01930a0a-275x275.jpg\" alt=\"WhatsApp Image 2024-05-04 at 14.07.57_01930a0a\" \/><\/figure><\/div><div class=\"swiper-slide\" role=\"group\" aria-roledescription=\"slide\" aria-label=\"16 de 31\"><figure class=\"swiper-slide-inner\"><img decoding=\"async\" class=\"swiper-slide-image\" src=\"https:\/\/www.ufpb.br\/portalpotiguara\/wp-content\/uploads\/2024\/05\/WhatsApp-Image-2024-05-04-at-14.07.57_9737206e-275x275.jpg\" alt=\"WhatsApp Image 2024-05-04 at 14.07.57_9737206e\" \/><\/figure><\/div><div class=\"swiper-slide\" role=\"group\" aria-roledescription=\"slide\" aria-label=\"17 de 31\"><figure class=\"swiper-slide-inner\"><img decoding=\"async\" class=\"swiper-slide-image\" src=\"https:\/\/www.ufpb.br\/portalpotiguara\/wp-content\/uploads\/2024\/05\/WhatsApp-Image-2024-05-04-at-14.07.57_b980fe82-275x275.jpg\" alt=\"WhatsApp Image 2024-05-04 at 14.07.57_b980fe82\" \/><\/figure><\/div><div class=\"swiper-slide\" role=\"group\" aria-roledescription=\"slide\" aria-label=\"18 de 31\"><figure class=\"swiper-slide-inner\"><img decoding=\"async\" class=\"swiper-slide-image\" src=\"https:\/\/www.ufpb.br\/portalpotiguara\/wp-content\/uploads\/2024\/05\/WhatsApp-Image-2024-05-04-at-14.07.56_4d77f903-275x275.jpg\" alt=\"WhatsApp Image 2024-05-04 at 14.07.56_4d77f903\" \/><\/figure><\/div><div class=\"swiper-slide\" role=\"group\" aria-roledescription=\"slide\" aria-label=\"19 de 31\"><figure class=\"swiper-slide-inner\"><img decoding=\"async\" class=\"swiper-slide-image\" src=\"https:\/\/www.ufpb.br\/portalpotiguara\/wp-content\/uploads\/2024\/05\/WhatsApp-Image-2024-05-04-at-14.07.56_345e68df-275x275.jpg\" alt=\"WhatsApp Image 2024-05-04 at 14.07.56_345e68df\" \/><\/figure><\/div><div class=\"swiper-slide\" role=\"group\" aria-roledescription=\"slide\" aria-label=\"20 de 31\"><figure class=\"swiper-slide-inner\"><img decoding=\"async\" class=\"swiper-slide-image\" src=\"https:\/\/www.ufpb.br\/portalpotiguara\/wp-content\/uploads\/2024\/05\/WhatsApp-Image-2024-05-04-at-14.07.56_a621ce18-275x275.jpg\" alt=\"WhatsApp Image 2024-05-04 at 14.07.56_a621ce18\" \/><\/figure><\/div><div class=\"swiper-slide\" role=\"group\" aria-roledescription=\"slide\" aria-label=\"21 de 31\"><figure class=\"swiper-slide-inner\"><img decoding=\"async\" class=\"swiper-slide-image\" src=\"https:\/\/www.ufpb.br\/portalpotiguara\/wp-content\/uploads\/2024\/05\/WhatsApp-Image-2024-05-04-at-14.07.55_74359a5c-275x275.jpg\" alt=\"WhatsApp Image 2024-05-04 at 14.07.55_74359a5c\" \/><\/figure><\/div><div class=\"swiper-slide\" role=\"group\" aria-roledescription=\"slide\" aria-label=\"22 de 31\"><figure class=\"swiper-slide-inner\"><img decoding=\"async\" class=\"swiper-slide-image\" src=\"https:\/\/www.ufpb.br\/portalpotiguara\/wp-content\/uploads\/2024\/05\/WhatsApp-Image-2024-05-04-at-14.06.23_516db984-275x275.jpg\" alt=\"WhatsApp Image 2024-05-04 at 14.06.23_516db984\" \/><\/figure><\/div><div class=\"swiper-slide\" role=\"group\" aria-roledescription=\"slide\" aria-label=\"23 de 31\"><figure class=\"swiper-slide-inner\"><img decoding=\"async\" class=\"swiper-slide-image\" src=\"https:\/\/www.ufpb.br\/portalpotiguara\/wp-content\/uploads\/2024\/05\/WhatsApp-Image-2024-05-04-at-14.06.24_04ece613-275x275.jpg\" alt=\"WhatsApp Image 2024-05-04 at 14.06.24_04ece613\" \/><\/figure><\/div><div class=\"swiper-slide\" role=\"group\" aria-roledescription=\"slide\" aria-label=\"24 de 31\"><figure class=\"swiper-slide-inner\"><img decoding=\"async\" class=\"swiper-slide-image\" src=\"https:\/\/www.ufpb.br\/portalpotiguara\/wp-content\/uploads\/2024\/05\/WhatsApp-Image-2024-05-04-at-14.06.24_4a2703a9-275x275.jpg\" alt=\"WhatsApp Image 2024-05-04 at 14.06.24_4a2703a9\" \/><\/figure><\/div><div class=\"swiper-slide\" role=\"group\" aria-roledescription=\"slide\" aria-label=\"25 de 31\"><figure class=\"swiper-slide-inner\"><img decoding=\"async\" class=\"swiper-slide-image\" src=\"https:\/\/www.ufpb.br\/portalpotiguara\/wp-content\/uploads\/2024\/05\/WhatsApp-Image-2024-05-04-at-14.06.24_a7fafad5-275x275.jpg\" alt=\"WhatsApp Image 2024-05-04 at 14.06.24_a7fafad5\" \/><\/figure><\/div><div class=\"swiper-slide\" role=\"group\" aria-roledescription=\"slide\" aria-label=\"26 de 31\"><figure class=\"swiper-slide-inner\"><img decoding=\"async\" class=\"swiper-slide-image\" src=\"https:\/\/www.ufpb.br\/portalpotiguara\/wp-content\/uploads\/2024\/05\/WhatsApp-Image-2024-05-04-at-14.06.24_af032d77-275x275.jpg\" alt=\"WhatsApp Image 2024-05-04 at 14.06.24_af032d77\" \/><\/figure><\/div><div class=\"swiper-slide\" role=\"group\" aria-roledescription=\"slide\" aria-label=\"27 de 31\"><figure class=\"swiper-slide-inner\"><img decoding=\"async\" class=\"swiper-slide-image\" src=\"https:\/\/www.ufpb.br\/portalpotiguara\/wp-content\/uploads\/2024\/05\/WhatsApp-Image-2024-05-04-at-14.06.24_c5453bdd-275x275.jpg\" alt=\"WhatsApp Image 2024-05-04 at 14.06.24_c5453bdd\" \/><\/figure><\/div><div class=\"swiper-slide\" role=\"group\" aria-roledescription=\"slide\" aria-label=\"28 de 31\"><figure class=\"swiper-slide-inner\"><img decoding=\"async\" class=\"swiper-slide-image\" src=\"https:\/\/www.ufpb.br\/portalpotiguara\/wp-content\/uploads\/2024\/05\/WhatsApp-Image-2024-05-04-at-14.06.25_5f17c3c8-275x275.jpg\" alt=\"WhatsApp Image 2024-05-04 at 14.06.25_5f17c3c8\" \/><\/figure><\/div><div class=\"swiper-slide\" role=\"group\" aria-roledescription=\"slide\" aria-label=\"29 de 31\"><figure class=\"swiper-slide-inner\"><img decoding=\"async\" class=\"swiper-slide-image\" src=\"https:\/\/www.ufpb.br\/portalpotiguara\/wp-content\/uploads\/2024\/05\/WhatsApp-Image-2024-05-04-at-14.08.37_fd46c241-275x275.jpg\" alt=\"WhatsApp Image 2024-05-04 at 14.08.37_fd46c241\" \/><\/figure><\/div><div class=\"swiper-slide\" role=\"group\" aria-roledescription=\"slide\" aria-label=\"30 de 31\"><figure class=\"swiper-slide-inner\"><img decoding=\"async\" class=\"swiper-slide-image\" src=\"https:\/\/www.ufpb.br\/portalpotiguara\/wp-content\/uploads\/2024\/05\/WhatsApp-Image-2024-05-04-at-14.06.25_13192722-275x275.jpg\" alt=\"WhatsApp Image 2024-05-04 at 14.06.25_13192722\" \/><\/figure><\/div><div class=\"swiper-slide\" role=\"group\" aria-roledescription=\"slide\" aria-label=\"31 de 31\"><figure class=\"swiper-slide-inner\"><img decoding=\"async\" class=\"swiper-slide-image\" src=\"https:\/\/www.ufpb.br\/portalpotiguara\/wp-content\/uploads\/2024\/05\/WhatsApp-Image-2024-05-04-at-14.06.25_e58e376e-275x275.jpg\" alt=\"WhatsApp Image 2024-05-04 at 14.06.25_e58e376e\" \/><\/figure><\/div>\t\t\t<\/div>\n\t\t\t\t\t\t\t\t\t\t\t\t<div class=\"elementor-swiper-button elementor-swiper-button-prev\" role=\"button\" tabindex=\"0\">\n\t\t\t\t\t\t<svg aria-hidden=\"true\" class=\"e-font-icon-svg e-eicon-chevron-left\" viewBox=\"0 0 1000 1000\" xmlns=\"http:\/\/www.w3.org\/2000\/svg\"><path d=\"M646 125C629 125 613 133 604 142L308 442C296 454 292 471 292 487 292 504 296 521 308 533L604 854C617 867 629 875 646 875 663 875 679 871 692 858 704 846 713 829 713 812 713 796 708 779 692 767L438 487 692 225C700 217 708 204 708 187 708 171 704 154 692 142 675 129 663 125 646 125Z\"><\/path><\/svg>\t\t\t\t\t<\/div>\n\t\t\t\t\t<div class=\"elementor-swiper-button elementor-swiper-button-next\" role=\"button\" tabindex=\"0\">\n\t\t\t\t\t\t<svg aria-hidden=\"true\" class=\"e-font-icon-svg e-eicon-chevron-right\" viewBox=\"0 0 1000 1000\" xmlns=\"http:\/\/www.w3.org\/2000\/svg\"><path d=\"M696 533C708 521 713 504 713 487 713 471 708 454 696 446L400 146C388 133 375 125 354 125 338 125 325 129 313 142 300 154 292 171 292 187 292 204 296 221 308 233L563 492 304 771C292 783 288 800 288 817 288 833 296 850 308 863 321 871 338 875 354 875 371 875 388 867 400 854L696 533Z\"><\/path><\/svg>\t\t\t\t\t<\/div>\n\t\t\t\t\n\t\t\t\t\t\t\t\t\t<div class=\"swiper-pagination\"><\/div>\n\t\t\t\t\t\t\t\t\t<\/div>\n\t\t\t\t<\/div>\n\t\t\t\t<\/div>\n\t\t\t\t\t<\/div>\n\t\t\t\t<\/div>\n\t\t<div class=\"elementor-element elementor-element-8b72367 e-flex e-con-boxed e-con e-parent\" data-id=\"8b72367\" data-element_type=\"container\">\n\t\t\t\t\t<div class=\"e-con-inner\">\n\t\t\t\t<div class=\"elementor-element elementor-element-f38b61b elementor-widget elementor-widget-heading\" data-id=\"f38b61b\" data-element_type=\"widget\" data-widget_type=\"heading.default\">\n\t\t\t\t<div class=\"elementor-widget-container\">\n\t\t\t<style>\/*! elementor - v3.21.0 - 26-05-2024 *\/\n.elementor-heading-title{padding:0;margin:0;line-height:1}.elementor-widget-heading .elementor-heading-title[class*=elementor-size-]>a{color:inherit;font-size:inherit;line-height:inherit}.elementor-widget-heading .elementor-heading-title.elementor-size-small{font-size:15px}.elementor-widget-heading .elementor-heading-title.elementor-size-medium{font-size:19px}.elementor-widget-heading .elementor-heading-title.elementor-size-large{font-size:29px}.elementor-widget-heading .elementor-heading-title.elementor-size-xl{font-size:39px}.elementor-widget-heading .elementor-heading-title.elementor-size-xxl{font-size:59px}<\/style><h2 class=\"elementor-heading-title elementor-size-default\">Quantidade de visitas<\/h2>\t\t<\/div>\n\t\t\t\t<\/div>\n\t\t\t\t\t<\/div>\n\t\t\t\t<\/div>\n\t\t<div class=\"elementor-element elementor-element-159c2bc e-flex e-con-boxed e-con e-parent\" data-id=\"159c2bc\" data-element_type=\"container\">\n\t\t\t\t\t<div class=\"e-con-inner\">\n\t\t\t\t<div class=\"elementor-element elementor-element-923bf93 elementor-widget elementor-widget-html\" data-id=\"923bf93\" data-element_type=\"widget\" data-widget_type=\"html.default\">\n\t\t\t\t<div class=\"elementor-widget-container\">\n\t\t\t\r\n<script src=\"https:\/\/static.elfsight.com\/platform\/platform.js\" async><\/script>\r\n<div class=\"elfsight-app-ef3dd091-9de3-4a1a-86fd-e059a818e4da\" data-elfsight-app-lazy><\/div>\t\t<\/div>\n\t\t\t\t<\/div>\n\t\t\t\t\t<\/div>\n\t\t\t\t<\/div>\n\t\t\t\t<\/div>\n\t\t","protected":false},"excerpt":{"rendered":"<p>O Portal Potiguara \u00e9 um espa\u00e7o aberto para socializa\u00e7\u00e3o das pesquisas realizadas sobre o povo ind\u00edgena Potiguara da Para\u00edba. O projeto de extens\u00e3o veio de uma demanda nossa, Potiguaras que gostariam de ampliar a visibilidade sobre o que vem sendo pensado sobre nosso povo. Os trabalhos aqui colocados s\u00e3o produzidos por ind\u00edgenas e por n\u00e3o [&hellip;]<\/p>\n<div class=\"pvc_clear\"><\/div>\n<p id=\"pvc_stats_7865\" class=\"pvc_stats all  \" data-element-id=\"7865\" style=\"\"><i class=\"pvc-stats-icon medium\" aria-hidden=\"true\"><svg aria-hidden=\"true\" focusable=\"false\" data-prefix=\"far\" data-icon=\"chart-bar\" role=\"img\" xmlns=\"http:\/\/www.w3.org\/2000\/svg\" viewBox=\"0 0 512 512\" class=\"svg-inline--fa fa-chart-bar fa-w-16 fa-2x\"><path fill=\"currentColor\" d=\"M396.8 352h22.4c6.4 0 12.8-6.4 12.8-12.8V108.8c0-6.4-6.4-12.8-12.8-12.8h-22.4c-6.4 0-12.8 6.4-12.8 12.8v230.4c0 6.4 6.4 12.8 12.8 12.8zm-192 0h22.4c6.4 0 12.8-6.4 12.8-12.8V140.8c0-6.4-6.4-12.8-12.8-12.8h-22.4c-6.4 0-12.8 6.4-12.8 12.8v198.4c0 6.4 6.4 12.8 12.8 12.8zm96 0h22.4c6.4 0 12.8-6.4 12.8-12.8V204.8c0-6.4-6.4-12.8-12.8-12.8h-22.4c-6.4 0-12.8 6.4-12.8 12.8v134.4c0 6.4 6.4 12.8 12.8 12.8zM496 400H48V80c0-8.84-7.16-16-16-16H16C7.16 64 0 71.16 0 80v336c0 17.67 14.33 32 32 32h464c8.84 0 16-7.16 16-16v-16c0-8.84-7.16-16-16-16zm-387.2-48h22.4c6.4 0 12.8-6.4 12.8-12.8v-70.4c0-6.4-6.4-12.8-12.8-12.8h-22.4c-6.4 0-12.8 6.4-12.8 12.8v70.4c0 6.4 6.4 12.8 12.8 12.8z\" class=\"\"><\/path><\/svg><\/i> <img decoding=\"async\" width=\"16\" height=\"16\" alt=\"Loading\" src=\"https:\/\/www.ufpb.br\/portalpotiguara\/wp-content\/plugins\/page-views-count\/ajax-loader-2x.gif\" border=0 \/><\/p>\n<div class=\"pvc_clear\"><\/div>\n","protected":false},"author":5,"featured_media":0,"parent":0,"menu_order":0,"comment_status":"closed","ping_status":"closed","template":"elementor_header_footer","meta":{"footnotes":""},"class_list":["post-7865","page","type-page","status-publish","hentry"],"_links":{"self":[{"href":"https:\/\/www.ufpb.br\/portalpotiguara\/wp-json\/wp\/v2\/pages\/7865","targetHints":{"allow":["GET"]}}],"collection":[{"href":"https:\/\/www.ufpb.br\/portalpotiguara\/wp-json\/wp\/v2\/pages"}],"about":[{"href":"https:\/\/www.ufpb.br\/portalpotiguara\/wp-json\/wp\/v2\/types\/page"}],"author":[{"embeddable":true,"href":"https:\/\/www.ufpb.br\/portalpotiguara\/wp-json\/wp\/v2\/users\/5"}],"replies":[{"embeddable":true,"href":"https:\/\/www.ufpb.br\/portalpotiguara\/wp-json\/wp\/v2\/comments?post=7865"}],"version-history":[{"count":130,"href":"https:\/\/www.ufpb.br\/portalpotiguara\/wp-json\/wp\/v2\/pages\/7865\/revisions"}],"predecessor-version":[{"id":15320,"href":"https:\/\/www.ufpb.br\/portalpotiguara\/wp-json\/wp\/v2\/pages\/7865\/revisions\/15320"}],"wp:attachment":[{"href":"https:\/\/www.ufpb.br\/portalpotiguara\/wp-json\/wp\/v2\/media?parent=7865"}],"curies":[{"name":"wp","href":"https:\/\/api.w.org\/{rel}","templated":true}]}}