{"id":31,"date":"2025-02-21T15:44:39","date_gmt":"2025-02-21T18:44:39","guid":{"rendered":"https:\/\/www.ufpb.br\/ppgmds\/?page_id=31"},"modified":"2025-08-07T08:41:36","modified_gmt":"2025-08-07T11:41:36","slug":"apresentacao","status":"publish","type":"page","link":"https:\/\/www.ufpb.br\/ppgmds\/apresentacao\/","title":{"rendered":"Apresenta\u00e7\u00e3o"},"content":{"rendered":"\n<p>O Programa de P\u00f3s-Gradua\u00e7\u00e3o em Modelos de Decis\u00e3o e Sa\u00fade (PPGMDS),\u00a0atualmente conceito 6 na CAPES, possui car\u00e1ter interdisciplinar, envolvendo \u00e1reas de Ci\u00eancias Exatas e de Sa\u00fade, constitu\u00eddo por docentes dos Departamentos de Estat\u00edstica, Inform\u00e1tica, Enfermagem Cl\u00ednica, Fisioterapia, Fisiologia e Patologia, Fonoaudiologia, Nutri\u00e7\u00e3o, Odontologia Social e Promo\u00e7\u00e3o da Sa\u00fade. Conta com um curso de Mestrado, aprovado pela CAPES em 2008, e um curso de Doutorado, autorizado no ano de 2009, tendo como \u00e1rea de concentra\u00e7\u00e3o Modelos de Decis\u00e3o e Sa\u00fade e duas linhas de pesquisa, a saber: Modelos de Decis\u00e3o (pesquisa sobre o processamento de informa\u00e7\u00f5es em v\u00e1rias \u00e1reas da Sa\u00fade, abrangendo a proposi\u00e7\u00e3o e o uso de modelos matem\u00e1ticos, estat\u00edsticos e computacionalmente inteligentes sob uma \u00f3tica de suporte a tomada de decis\u00e3o, desenvolvendo aplica\u00e7\u00f5es usando esses modelos) e Modelos em Sa\u00fade (estudo de casos e situa\u00e7\u00f5es na \u00e1rea de Sa\u00fade P\u00fablica, nas quais h\u00e1 a necessidade de tomada de decis\u00e3o sobre informa\u00e7\u00f5es e\/ou dados, sejam eles qualitativos ou quantitativos, assim como Pesquisa e utiliza\u00e7\u00e3o de modelos para a gest\u00e3o, an\u00e1lise e tomada de decis\u00e3o). Seus cursos de Mestrado e Doutorado buscam a forma\u00e7\u00e3o de profissionais mais voltados para a compreens\u00e3o e atua\u00e7\u00e3o na realidade brasileira, visando contribuir para a solu\u00e7\u00e3o dos principais problemas de sa\u00fade que afetam a popula\u00e7\u00e3o, tanto sob o ponto de vista da gest\u00e3o e aten\u00e7\u00e3o \u00e0 sa\u00fade, quanto no que se refere \u00e0 forma\u00e7\u00e3o dos trabalhadores deste campo e \u00e0 doc\u00eancia no ensino superior. O Programa realiza seu processo seletivo para ingresso anualmente.\u00a0<\/p>\n","protected":false},"excerpt":{"rendered":"<p>O Programa de P\u00f3s-Gradua\u00e7\u00e3o em Modelos de Decis\u00e3o e Sa\u00fade (PPGMDS),\u00a0atualmente conceito 6 na CAPES, possui car\u00e1ter interdisciplinar, envolvendo \u00e1reas de Ci\u00eancias Exatas e de Sa\u00fade, constitu\u00eddo por docentes dos Departamentos de Estat\u00edstica, Inform\u00e1tica, Enfermagem Cl\u00ednica, Fisioterapia, Fisiologia e Patologia,Fonoaudiologia, Nutri\u00e7\u00e3o, Odontologia Social e Promo\u00e7\u00e3o da Sa\u00fade. <\/p>\n","protected":false},"author":47,"featured_media":141,"parent":0,"menu_order":0,"comment_status":"closed","ping_status":"closed","template":"","meta":{"footnotes":""},"class_list":["post-31","page","type-page","status-publish","has-post-thumbnail","hentry"],"_links":{"self":[{"href":"https:\/\/www.ufpb.br\/ppgmds\/wp-json\/wp\/v2\/pages\/31","targetHints":{"allow":["GET"]}}],"collection":[{"href":"https:\/\/www.ufpb.br\/ppgmds\/wp-json\/wp\/v2\/pages"}],"about":[{"href":"https:\/\/www.ufpb.br\/ppgmds\/wp-json\/wp\/v2\/types\/page"}],"author":[{"embeddable":true,"href":"https:\/\/www.ufpb.br\/ppgmds\/wp-json\/wp\/v2\/users\/47"}],"replies":[{"embeddable":true,"href":"https:\/\/www.ufpb.br\/ppgmds\/wp-json\/wp\/v2\/comments?post=31"}],"version-history":[{"count":2,"href":"https:\/\/www.ufpb.br\/ppgmds\/wp-json\/wp\/v2\/pages\/31\/revisions"}],"predecessor-version":[{"id":38,"href":"https:\/\/www.ufpb.br\/ppgmds\/wp-json\/wp\/v2\/pages\/31\/revisions\/38"}],"wp:featuredmedia":[{"embeddable":true,"href":"https:\/\/www.ufpb.br\/ppgmds\/wp-json\/wp\/v2\/media\/141"}],"wp:attachment":[{"href":"https:\/\/www.ufpb.br\/ppgmds\/wp-json\/wp\/v2\/media?parent=31"}],"curies":[{"name":"wp","href":"https:\/\/api.w.org\/{rel}","templated":true}]}}