{"id":40,"date":"2025-03-11T09:07:22","date_gmt":"2025-03-11T12:07:22","guid":{"rendered":"https:\/\/www.ufpb.br\/ppgmds\/?page_id=40"},"modified":"2025-08-11T17:27:20","modified_gmt":"2025-08-11T20:27:20","slug":"mestrado","status":"publish","type":"page","link":"https:\/\/www.ufpb.br\/ppgmds\/mestrado\/","title":{"rendered":"Mestrado"},"content":{"rendered":"\n<p><strong>Linhas de Pesquisa:<\/strong><br><br><strong>MODELOS DE DECIS\u00c3O<\/strong><br>Pesquisa sobre o processamento de informa\u00e7\u00f5es em v\u00e1rias \u00e1reas da Sa\u00fade, abrangendo o uso de modelos matem\u00e1ticos, estat\u00edsticos e computacionalmente inteligentes sob uma \u00f3tica de suporte a tomada de decis\u00e3o, desenvolvendo aplica\u00e7\u00f5es usando esses modelos.<\/p>\n\n\n\n<p><strong>MODELOS EM SA\u00daDE<\/strong><br>Estudo de casos e situa\u00e7\u00f5es na \u00e1rea de Sa\u00fade P\u00fablica, nas quais h\u00e1 a necessidade de tomada de decis\u00e3o sobre informa\u00e7\u00f5es e\/ou dados, sejam eles qualitativos ou quantitativos. Pesquisa e utiliza\u00e7\u00e3o de modelos para a gest\u00e3o, an\u00e1lise e tomada de decis\u00e3o.<\/p>\n\n\n\n<p><strong><em><a href=\"https:\/\/sigaa.ufpb.br\/sigaa\/link\/public\/curso\/curriculo\/2660034\">Estrutura curricular criada em 2015.2 (00522015)<\/a><\/em><\/strong><\/p>\n\n\n\n<p><\/p>\n","protected":false},"excerpt":{"rendered":"<p>Linhas de Pesquisa: MODELOS DE DECIS\u00c3OPesquisa sobre o processamento de informa\u00e7\u00f5es em v\u00e1rias \u00e1reas da [&hellip;]<\/p>\n","protected":false},"author":47,"featured_media":19,"parent":0,"menu_order":0,"comment_status":"closed","ping_status":"closed","template":"","meta":{"footnotes":""},"class_list":["post-40","page","type-page","status-publish","has-post-thumbnail","hentry"],"_links":{"self":[{"href":"https:\/\/www.ufpb.br\/ppgmds\/wp-json\/wp\/v2\/pages\/40","targetHints":{"allow":["GET"]}}],"collection":[{"href":"https:\/\/www.ufpb.br\/ppgmds\/wp-json\/wp\/v2\/pages"}],"about":[{"href":"https:\/\/www.ufpb.br\/ppgmds\/wp-json\/wp\/v2\/types\/page"}],"author":[{"embeddable":true,"href":"https:\/\/www.ufpb.br\/ppgmds\/wp-json\/wp\/v2\/users\/47"}],"replies":[{"embeddable":true,"href":"https:\/\/www.ufpb.br\/ppgmds\/wp-json\/wp\/v2\/comments?post=40"}],"version-history":[{"count":7,"href":"https:\/\/www.ufpb.br\/ppgmds\/wp-json\/wp\/v2\/pages\/40\/revisions"}],"predecessor-version":[{"id":152,"href":"https:\/\/www.ufpb.br\/ppgmds\/wp-json\/wp\/v2\/pages\/40\/revisions\/152"}],"wp:featuredmedia":[{"embeddable":true,"href":"https:\/\/www.ufpb.br\/ppgmds\/wp-json\/wp\/v2\/media\/19"}],"wp:attachment":[{"href":"https:\/\/www.ufpb.br\/ppgmds\/wp-json\/wp\/v2\/media?parent=40"}],"curies":[{"name":"wp","href":"https:\/\/api.w.org\/{rel}","templated":true}]}}