{"id":42,"date":"2025-03-11T09:07:32","date_gmt":"2025-03-11T12:07:32","guid":{"rendered":"https:\/\/www.ufpb.br\/ppgmds\/?page_id=42"},"modified":"2025-08-11T17:28:26","modified_gmt":"2025-08-11T20:28:26","slug":"doutorado","status":"publish","type":"page","link":"https:\/\/www.ufpb.br\/ppgmds\/doutorado\/","title":{"rendered":"Doutorado"},"content":{"rendered":"\n<p><strong>\u00c1rea de Concentra\u00e7\u00e3o e Linhas de Pesquisa<\/strong><br><strong><br>Linhas de Pesquisa:<br>MODELOS EM SA\u00daDE<\/strong><br>Estudo de casos e situa\u00e7\u00f5es na \u00e1rea de Sa\u00fade P\u00fablica,nas quais h\u00e1 a necessidade de tomada de decis\u00e3o sobre informa\u00e7\u00f5es e\/ou dados, sejam eles qualitativos ou quantitativos. Pesquisa e utiliza\u00e7\u00e3o de modelos para a gest\u00e3o, an\u00e1lise e tomada de decis\u00e3o.<\/p>\n\n\n\n<p><strong>MODELOS DE DECIS\u00c3O<\/strong><br>Pesquisa sobre o processamento de informa\u00e7\u00f5es em v\u00e1rias \u00e1reas da Sa\u00fade, abrangendo o uso de modelos matem\u00e1ticos, estat\u00edsticos e computacionalmente inteligentes sob uma \u00f3tica de suporte a tomada de decis\u00e3o, desenvolvendo aplica\u00e7\u00f5es usando esses modelos.<\/p>\n\n\n\n<p><strong><em><a href=\"https:\/\/sigaa.ufpb.br\/sigaa\/link\/public\/curso\/curriculo\/2660079\">Estrutura curricular criada em 2015.2 (00522015)<\/a><\/em><\/strong><\/p>\n\n\n\n<p><\/p>\n","protected":false},"excerpt":{"rendered":"<p>\u00c1rea de Concentra\u00e7\u00e3o e Linhas de PesquisaLinhas de Pesquisa:MODELOS EM SA\u00daDEEstudo de casos e situa\u00e7\u00f5es [&hellip;]<\/p>\n","protected":false},"author":47,"featured_media":19,"parent":0,"menu_order":0,"comment_status":"closed","ping_status":"closed","template":"","meta":{"footnotes":""},"class_list":["post-42","page","type-page","status-publish","has-post-thumbnail","hentry"],"_links":{"self":[{"href":"https:\/\/www.ufpb.br\/ppgmds\/wp-json\/wp\/v2\/pages\/42","targetHints":{"allow":["GET"]}}],"collection":[{"href":"https:\/\/www.ufpb.br\/ppgmds\/wp-json\/wp\/v2\/pages"}],"about":[{"href":"https:\/\/www.ufpb.br\/ppgmds\/wp-json\/wp\/v2\/types\/page"}],"author":[{"embeddable":true,"href":"https:\/\/www.ufpb.br\/ppgmds\/wp-json\/wp\/v2\/users\/47"}],"replies":[{"embeddable":true,"href":"https:\/\/www.ufpb.br\/ppgmds\/wp-json\/wp\/v2\/comments?post=42"}],"version-history":[{"count":5,"href":"https:\/\/www.ufpb.br\/ppgmds\/wp-json\/wp\/v2\/pages\/42\/revisions"}],"predecessor-version":[{"id":153,"href":"https:\/\/www.ufpb.br\/ppgmds\/wp-json\/wp\/v2\/pages\/42\/revisions\/153"}],"wp:featuredmedia":[{"embeddable":true,"href":"https:\/\/www.ufpb.br\/ppgmds\/wp-json\/wp\/v2\/media\/19"}],"wp:attachment":[{"href":"https:\/\/www.ufpb.br\/ppgmds\/wp-json\/wp\/v2\/media?parent=42"}],"curies":[{"name":"wp","href":"https:\/\/api.w.org\/{rel}","templated":true}]}}