{"id":53,"date":"2025-03-11T09:21:52","date_gmt":"2025-03-11T12:21:52","guid":{"rendered":"https:\/\/www.ufpb.br\/ppgmds\/?page_id=53"},"modified":"2026-02-03T11:18:55","modified_gmt":"2026-02-03T14:18:55","slug":"quem-somos","status":"publish","type":"page","link":"https:\/\/www.ufpb.br\/ppgmds\/quem-somos\/","title":{"rendered":"Quem Somos?"},"content":{"rendered":"\n<p><strong>Coordena\u00e7\u00e3o<\/strong><\/p>\n\n\n\n<div class=\"wp-block-media-text is-stacked-on-mobile\" style=\"grid-template-columns:17% auto\"><figure class=\"wp-block-media-text__media\"><img loading=\"lazy\" decoding=\"async\" width=\"500\" height=\"625\" src=\"https:\/\/www.ufpb.br\/ppgmds\/wp-content\/uploads\/sites\/79\/sites\/263\/2025\/05\/hemilio.png\" alt=\"\" class=\"wp-image-115 size-full\" srcset=\"https:\/\/www.ufpb.br\/ppgmds\/wp-content\/uploads\/sites\/79\/sites\/263\/2025\/05\/hemilio.png 500w, https:\/\/www.ufpb.br\/ppgmds\/wp-content\/uploads\/sites\/79\/sites\/263\/2025\/05\/hemilio-240x300.png 240w\" sizes=\"auto, (max-width: 500px) 100vw, 500px\" \/><\/figure><div class=\"wp-block-media-text__content\">\n<p><strong>Coordena\u00e7\u00e3o<\/strong><\/p>\n\n\n\n<p><a href=\"https:\/\/sigaa.ufpb.br\/sigaa\/public\/docente\/portal.jsf?siape=1643224\">Hem\u00edlio Fernandes Campos Coelho<\/a><\/p>\n\n\n\n<p><a href=\"https:\/\/buscatextual.cnpq.br\/buscatextual\/visualizacv.do?id=K4730732T2&amp;tokenCaptchar=03AFcWeA4vbTcdanwLliFmW0Zsj55yDBaQFwnbbpAuJNo6oZehpPNlwsZjJwsn2460E9JIKO0gTV3ewlHYg-IRfSroky047ERRZMk1ARNXnlL_S5PRKvtgDVXY0yAcv2WJy7u5DFf_Acu4-fUQEMghq-mvYF_g_ZOuYBMOHIro6yM2-pxju3SNBtKu9GQYNaT1G6_PdZ4X7keLQ7iF4ynlvaPjEzd31Evuv_e0ySIypG1nhuTUGG_VNXERJf2jd_2igD8hwzBVzFkyekd9j77JcCSNlPwdjLzfq7dSY1ADstKn2QMGLxIZB-0bH3vr921Dsw1Sm5ZRdkxeQ_mGvLQOQn8uQEC4bbbOGHskUgKqjoVfwRV-Kfv0c6u4SKbw65qodBRlgxF5OxOTvEq7Mh7b5Xk8-tzQ8vCKnvJNVCNQ9XdX6uAgvRbNiph1q3F8tDdmqG6V4LYBEDXND-1Vcyjtcxa_20vW-cW0NUKVkZa1I4oFyZYGzYsnK0ZK2z-gScwCy3ud2RxNiGtaR8qic_WkE3jIsvDg_xYPKpnbSDt91zhfDZQpq4hRNuKnRDSns6PyZeq4_H7zfdT0H8CYAypA_mG9qMGy1OaU1lMkzx_Ea8cn43W_K2I_6G2DW5WoJFFvPvx29YJQ5WK_WCgpgPlSl66Fq_ZlDfR4WtTOhS9VvUZp6rO68kZtAljvYsJo8n-kl2qDxkGsd2vvX7rRRKuAqaX1yTxKA8QlTSYcDlIdMHN0xqpEMXoFWWxk5Zue7HZXRe5YWkKvIImtnzwPpCT1cud7cI_LBtxLUKpriZWDfiJ9nxeNOcfM878x5z2GMj-qJ0sgmvkrmJfCVjLVxlgOQtbptsYGgJQ18wvsetrC6VnnZboeu8r09hLxB8qmdkuN3zs_JYRWxRyGHsj2gQoiuWNMz1QcSjOqhHzmS9wsZBvbloXjDSEPE3vXPL7fv6kYql7kj4I6Gqa8\">Lattes<\/a><\/p>\n<\/div><\/div>\n\n\n\n<div class=\"wp-block-media-text is-stacked-on-mobile\" style=\"grid-template-columns:17% auto\"><figure class=\"wp-block-media-text__media\"><img loading=\"lazy\" decoding=\"async\" width=\"639\" height=\"640\" src=\"http:\/\/www.ufpb.br\/ppgmds\/wp-content\/uploads\/sites\/79\/sites\/263\/2025\/09\/Suellen-Andrade.jpg\" alt=\"\" class=\"wp-image-354 size-full\" srcset=\"https:\/\/www.ufpb.br\/ppgmds\/wp-content\/uploads\/sites\/79\/sites\/263\/2025\/09\/Suellen-Andrade.jpg 639w, https:\/\/www.ufpb.br\/ppgmds\/wp-content\/uploads\/sites\/79\/sites\/263\/2025\/09\/Suellen-Andrade-300x300.jpg 300w, https:\/\/www.ufpb.br\/ppgmds\/wp-content\/uploads\/sites\/79\/sites\/263\/2025\/09\/Suellen-Andrade-150x150.jpg 150w\" sizes=\"auto, (max-width: 639px) 100vw, 639px\" \/><\/figure><div class=\"wp-block-media-text__content\">\n<p><strong>Vice &#8211; Coordena\u00e7\u00e3o<\/strong><\/p>\n\n\n\n<p><a href=\"https:\/\/sigaa.ufpb.br\/sigaa\/public\/docente\/portal.jsf?siape=3054906\">Suellen Mary Marinho dos Santos Andrade<\/a><\/p>\n\n\n\n<p><a href=\"https:\/\/buscatextual.cnpq.br\/buscatextual\/visualizacv.do?id=K4730732T2&amp;tokenCaptchar=03AFcWeA4vbTcdanwLliFmW0Zsj55yDBaQFwnbbpAuJNo6oZehpPNlwsZjJwsn2460E9JIKO0gTV3ewlHYg-IRfSroky047ERRZMk1ARNXnlL_S5PRKvtgDVXY0yAcv2WJy7u5DFf_Acu4-fUQEMghq-mvYF_g_ZOuYBMOHIro6yM2-pxju3SNBtKu9GQYNaT1G6_PdZ4X7keLQ7iF4ynlvaPjEzd31Evuv_e0ySIypG1nhuTUGG_VNXERJf2jd_2igD8hwzBVzFkyekd9j77JcCSNlPwdjLzfq7dSY1ADstKn2QMGLxIZB-0bH3vr921Dsw1Sm5ZRdkxeQ_mGvLQOQn8uQEC4bbbOGHskUgKqjoVfwRV-Kfv0c6u4SKbw65qodBRlgxF5OxOTvEq7Mh7b5Xk8-tzQ8vCKnvJNVCNQ9XdX6uAgvRbNiph1q3F8tDdmqG6V4LYBEDXND-1Vcyjtcxa_20vW-cW0NUKVkZa1I4oFyZYGzYsnK0ZK2z-gScwCy3ud2RxNiGtaR8qic_WkE3jIsvDg_xYPKpnbSDt91zhfDZQpq4hRNuKnRDSns6PyZeq4_H7zfdT0H8CYAypA_mG9qMGy1OaU1lMkzx_Ea8cn43W_K2I_6G2DW5WoJFFvPvx29YJQ5WK_WCgpgPlSl66Fq_ZlDfR4WtTOhS9VvUZp6rO68kZtAljvYsJo8n-kl2qDxkGsd2vvX7rRRKuAqaX1yTxKA8QlTSYcDlIdMHN0xqpEMXoFWWxk5Zue7HZXRe5YWkKvIImtnzwPpCT1cud7cI_LBtxLUKpriZWDfiJ9nxeNOcfM878x5z2GMj-qJ0sgmvkrmJfCVjLVxlgOQtbptsYGgJQ18wvsetrC6VnnZboeu8r09hLxB8qmdkuN3zs_JYRWxRyGHsj2gQoiuWNMz1QcSjOqhHzmS9wsZBvbloXjDSEPE3vXPL7fv6kYql7kj4I6Gqa8\"><a href=\"http:\/\/lattes.cnpq.br\/6437799927471735\" data-type=\"link\" data-id=\"http:\/\/lattes.cnpq.br\/6437799927471735\">Lattes<\/a><\/a><\/p>\n<\/div><\/div>\n\n\n\n<p><a href=\"https:\/\/sigaa.ufpb.br\/sigaa\/public\/programa\/alunos.jsf?lc=pt_BR&amp;id=1895\">Alunos ativos<\/a><\/p>\n\n\n\n<p><a href=\"https:\/\/sigaa.ufpb.br\/sigaa\/public\/programa\/equipe.jsf?lc=pt_BR&amp;id=1895\">Corpo Docente<\/a><\/p>\n\n\n\n<p><a href=\"https:\/\/sigaa.ufpb.br\/sigaa\/public\/programa\/turma.jsf?lc=pt_BR&amp;id=1895\">Turmas<\/a><\/p>\n\n\n\n<p>O Programa de P\u00f3s-Gradua\u00e7\u00e3o em Modelos de Decis\u00e3o e Sa\u00fade (PPGMDS), atualmente conceito 7 na CAPES, possui car\u00e1ter interdisciplinar, envolvendo \u00e1reas de Ci\u00eancias Exatas e de Sa\u00fade, constitu\u00eddo por docentes dos Departamentos de Estat\u00edstica, Inform\u00e1tica, Enfermagem Cl\u00ednica, Fisioterapia, Fisiologia e Patologia,Fonoaudiologia, Nutri\u00e7\u00e3o, Odontologia Social e Promo\u00e7\u00e3o da Sa\u00fade. Conta com um curso de Mestrado, aprovado pela CAPES em 2008, e um curso de Doutorado, autorizado no ano de 2009, tendo como \u00e1rea de concentra\u00e7\u00e3o Modelos de Decis\u00e3o e Sa\u00fade e duas linhas de pesquisa, a saber: Modelos de Decis\u00e3o (pesquisa sobre o processamento de informa\u00e7\u00f5es em v\u00e1rias \u00e1reas da Sa\u00fade, abrangendo a proposi\u00e7\u00e3o e o uso de modelos matem\u00e1ticos, estat\u00edsticos e computacionalmente inteligentes sob uma \u00f3tica de suporte a tomada de decis\u00e3o, desenvolvendo aplica\u00e7\u00f5es usando esses modelos) e Modelos em Sa\u00fade (estudo de casos e situa\u00e7\u00f5es na \u00e1rea de Sa\u00fade P\u00fablica, nas quais h\u00e1 a necessidade de tomada de decis\u00e3o sobre informa\u00e7\u00f5es e\/ou dados, sejam eles qualitativos ou quantitativos, assim como Pesquisa e utiliza\u00e7\u00e3o de modelos para a gest\u00e3o, an\u00e1lise e tomada de decis\u00e3o). Seus cursos de Mestrado e Doutorado buscam a forma\u00e7\u00e3o de profissionais mais voltados para a compreens\u00e3o e atua\u00e7\u00e3o na realidade brasileira, visando contribuir para a solu\u00e7\u00e3o dos principais problemas de sa\u00fade que afetam a popula\u00e7\u00e3o, tanto sob o ponto de vista da gest\u00e3o e aten\u00e7\u00e3o \u00e0 sa\u00fade, quanto no que se refere \u00e0 forma\u00e7\u00e3o dos trabalhadores deste campo e \u00e0 doc\u00eancia no ensino superior. O Programa realiza seu processo seletivo para ingresso anualmente.<\/p>\n","protected":false},"excerpt":{"rendered":"<p>Coordena\u00e7\u00e3o Coordena\u00e7\u00e3o Hem\u00edlio Fernandes Campos Coelho Lattes Vice &#8211; Coordena\u00e7\u00e3o Suellen Mary Marinho dos Santos [&hellip;]<\/p>\n","protected":false},"author":47,"featured_media":0,"parent":0,"menu_order":0,"comment_status":"closed","ping_status":"closed","template":"","meta":{"footnotes":""},"class_list":["post-53","page","type-page","status-publish","hentry"],"_links":{"self":[{"href":"https:\/\/www.ufpb.br\/ppgmds\/wp-json\/wp\/v2\/pages\/53","targetHints":{"allow":["GET"]}}],"collection":[{"href":"https:\/\/www.ufpb.br\/ppgmds\/wp-json\/wp\/v2\/pages"}],"about":[{"href":"https:\/\/www.ufpb.br\/ppgmds\/wp-json\/wp\/v2\/types\/page"}],"author":[{"embeddable":true,"href":"https:\/\/www.ufpb.br\/ppgmds\/wp-json\/wp\/v2\/users\/47"}],"replies":[{"embeddable":true,"href":"https:\/\/www.ufpb.br\/ppgmds\/wp-json\/wp\/v2\/comments?post=53"}],"version-history":[{"count":7,"href":"https:\/\/www.ufpb.br\/ppgmds\/wp-json\/wp\/v2\/pages\/53\/revisions"}],"predecessor-version":[{"id":676,"href":"https:\/\/www.ufpb.br\/ppgmds\/wp-json\/wp\/v2\/pages\/53\/revisions\/676"}],"wp:attachment":[{"href":"https:\/\/www.ufpb.br\/ppgmds\/wp-json\/wp\/v2\/media?parent=53"}],"curies":[{"name":"wp","href":"https:\/\/api.w.org\/{rel}","templated":true}]}}