{"id":55,"date":"2025-03-11T09:22:27","date_gmt":"2025-03-11T12:22:27","guid":{"rendered":"https:\/\/www.ufpb.br\/ppgmds\/?page_id=55"},"modified":"2026-05-06T15:16:55","modified_gmt":"2026-05-06T18:16:55","slug":"documentos","status":"publish","type":"page","link":"https:\/\/www.ufpb.br\/ppgmds\/documentos\/","title":{"rendered":"Documentos"},"content":{"rendered":"\n<p>Abaixo, seguem documentos (Formul\u00e1rios, Declara\u00e7\u00f5es, Manuais de Procedimentos) para uso de discentes e docentes ao longo do curso, al\u00e9m de Portarias e Resolu\u00e7\u00f5es emitidos no \u00e2mbito do PPGMDS.<\/p>\n\n\n\n<p><strong>Obs: caso tenha dificuldade em conseguir realizar o download de algum documento, certifique-se de usar o navegador Mozila para baixar o arquivo.<\/strong><\/p>\n\n\n\n<p><a href=\"https:\/\/www.ufpb.br\/ppgmds\/documentos-declaracoes\/\">Documentos &#8211; Declara\u00e7\u00f5es <\/a><br><a href=\"https:\/\/www.ufpb.br\/ppgmds\/documentos-requerimentos\/\">Documentos &#8211; Requerimentos <\/a><br><a href=\"https:\/\/www.ufpb.br\/ppgmds\/documentos-formularios\/\">Documentos &#8211; Formul\u00e1rios <\/a><br><a href=\"https:\/\/www.ufpb.br\/ppgmds\/documentos-relatorios\/\">Documentos &#8211; Relat\u00f3rios e Planos<\/a> <br><a href=\"https:\/\/www.ufpb.br\/ppgmds\/documentos-modelos\/\">Documentos &#8211; Modelos<\/a> <br><a href=\"https:\/\/www.ufpb.br\/ppgmds\/documentos-manuais\/\">Documentos &#8211; Manuais<\/a> <br><a href=\"https:\/\/www.ufpb.br\/ppgmds\/documentos-portarias\/\">Documentos &#8211; Portarias<\/a> <br><a href=\"https:\/\/www.ufpb.br\/ppgmds\/documentos-resolucoes\/\">Documentos &#8211; Resolu\u00e7\u00f5es<\/a><\/p>\n\n\n\n<p><\/p>\n","protected":false},"excerpt":{"rendered":"<p>Abaixo, seguem documentos (Formul\u00e1rios, Declara\u00e7\u00f5es, Manuais de Procedimentos) para uso de discentes e docentes ao [&hellip;]<\/p>\n","protected":false},"author":47,"featured_media":0,"parent":0,"menu_order":0,"comment_status":"closed","ping_status":"closed","template":"","meta":{"footnotes":""},"class_list":["post-55","page","type-page","status-publish","hentry"],"_links":{"self":[{"href":"https:\/\/www.ufpb.br\/ppgmds\/wp-json\/wp\/v2\/pages\/55","targetHints":{"allow":["GET"]}}],"collection":[{"href":"https:\/\/www.ufpb.br\/ppgmds\/wp-json\/wp\/v2\/pages"}],"about":[{"href":"https:\/\/www.ufpb.br\/ppgmds\/wp-json\/wp\/v2\/types\/page"}],"author":[{"embeddable":true,"href":"https:\/\/www.ufpb.br\/ppgmds\/wp-json\/wp\/v2\/users\/47"}],"replies":[{"embeddable":true,"href":"https:\/\/www.ufpb.br\/ppgmds\/wp-json\/wp\/v2\/comments?post=55"}],"version-history":[{"count":35,"href":"https:\/\/www.ufpb.br\/ppgmds\/wp-json\/wp\/v2\/pages\/55\/revisions"}],"predecessor-version":[{"id":957,"href":"https:\/\/www.ufpb.br\/ppgmds\/wp-json\/wp\/v2\/pages\/55\/revisions\/957"}],"wp:attachment":[{"href":"https:\/\/www.ufpb.br\/ppgmds\/wp-json\/wp\/v2\/media?parent=55"}],"curies":[{"name":"wp","href":"https:\/\/api.w.org\/{rel}","templated":true}]}}