{"id":61,"date":"2025-03-11T09:23:58","date_gmt":"2025-03-11T12:23:58","guid":{"rendered":"https:\/\/www.ufpb.br\/ppgmds\/?page_id=61"},"modified":"2025-09-24T13:54:42","modified_gmt":"2025-09-24T16:54:42","slug":"calendario","status":"publish","type":"page","link":"https:\/\/www.ufpb.br\/ppgmds\/calendario\/","title":{"rendered":"Calend\u00e1rio"},"content":{"rendered":"\n<ul class=\"wp-block-list\">\n<li><strong>2025.2 (Vigente)<\/strong><\/li>\n\n\n\n<li><strong>26\/06\/2025<\/strong><\/li>\n\n\n\n<li>IN\u00cdCIO MATR\u00cdCULA<\/li>\n\n\n\n<li><strong>02\/07\/2025<\/strong>\n<ul class=\"wp-block-list\">\n<li>FIM MATR\u00cdCULA<\/li>\n<\/ul>\n<\/li>\n\n\n\n<li><strong>03\/07\/2025<\/strong>\n<ul class=\"wp-block-list\">\n<li>IN\u00cdCIO PER\u00cdODO LETIVO<\/li>\n<\/ul>\n<\/li>\n\n\n\n<li><strong>17\/07\/2025<\/strong>\n<ul class=\"wp-block-list\">\n<li>IN\u00cdCIO TRANCAMENTO DE TURMAS<\/li>\n<\/ul>\n<\/li>\n\n\n\n<li><strong>28\/07\/2025<\/strong>\n<ul class=\"wp-block-list\">\n<li>FIM TRANCAMENTO DE TURMAS<\/li>\n<\/ul>\n<\/li>\n\n\n\n<li><strong>03\/08\/2025<\/strong>\n<ul class=\"wp-block-list\">\n<li>IN\u00cdCIO CONSOLIDA\u00c7\u00c3O PARCIAL DE TURMAS<\/li>\n<\/ul>\n<\/li>\n\n\n\n<li><strong>14\/09\/2025<\/strong>\n<ul class=\"wp-block-list\">\n<li>IN\u00cdCIO CONSOLIDA\u00c7\u00c3O TURMA<\/li>\n<\/ul>\n<\/li>\n\n\n\n<li><strong>19\/09\/2025<\/strong>\n<ul class=\"wp-block-list\">\n<li>FIM PER\u00cdODO LETIVO<\/li>\n\n\n\n<li>FIM CONSOLIDA\u00c7\u00c3O PARCIAL DE TURMAS<\/li>\n<\/ul>\n<\/li>\n\n\n\n<li><strong>26\/09\/2025<\/strong>\n<ul class=\"wp-block-list\">\n<li>FIM CONSOLIDA\u00c7\u00c3O TURMA<\/li>\n<\/ul>\n<\/li>\n<\/ul>\n","protected":false},"excerpt":{"rendered":"","protected":false},"author":47,"featured_media":0,"parent":0,"menu_order":0,"comment_status":"closed","ping_status":"closed","template":"","meta":{"footnotes":""},"class_list":["post-61","page","type-page","status-publish","hentry"],"_links":{"self":[{"href":"https:\/\/www.ufpb.br\/ppgmds\/wp-json\/wp\/v2\/pages\/61","targetHints":{"allow":["GET"]}}],"collection":[{"href":"https:\/\/www.ufpb.br\/ppgmds\/wp-json\/wp\/v2\/pages"}],"about":[{"href":"https:\/\/www.ufpb.br\/ppgmds\/wp-json\/wp\/v2\/types\/page"}],"author":[{"embeddable":true,"href":"https:\/\/www.ufpb.br\/ppgmds\/wp-json\/wp\/v2\/users\/47"}],"replies":[{"embeddable":true,"href":"https:\/\/www.ufpb.br\/ppgmds\/wp-json\/wp\/v2\/comments?post=61"}],"version-history":[{"count":2,"href":"https:\/\/www.ufpb.br\/ppgmds\/wp-json\/wp\/v2\/pages\/61\/revisions"}],"predecessor-version":[{"id":250,"href":"https:\/\/www.ufpb.br\/ppgmds\/wp-json\/wp\/v2\/pages\/61\/revisions\/250"}],"wp:attachment":[{"href":"https:\/\/www.ufpb.br\/ppgmds\/wp-json\/wp\/v2\/media?parent=61"}],"curies":[{"name":"wp","href":"https:\/\/api.w.org\/{rel}","templated":true}]}}