{"id":836,"date":"2026-04-13T13:41:52","date_gmt":"2026-04-13T16:41:52","guid":{"rendered":"https:\/\/www.ufpb.br\/ppgmds\/?page_id=836"},"modified":"2026-05-07T14:43:41","modified_gmt":"2026-05-07T17:43:41","slug":"documentos-declaracoes","status":"publish","type":"page","link":"https:\/\/www.ufpb.br\/ppgmds\/documentos-declaracoes\/","title":{"rendered":"Documentos &#8211; Declara\u00e7\u00f5es"},"content":{"rendered":"\n<div class=\"wp-block-file\"><a id=\"wp-block-file--media-ea526d89-ba5b-42bf-b783-c2e0b36fcb10\" href=\"http:\/\/www.ufpb.br\/ppgmds\/wp-content\/uploads\/sites\/79\/sites\/263\/2025\/09\/Declaracao-de-acumulos-CAPES.docx\">Declara\u00e7\u00e3o de ac\u00famulos -CAPES<\/a><a href=\"http:\/\/www.ufpb.br\/ppgmds\/wp-content\/uploads\/sites\/79\/sites\/263\/2025\/09\/Declaracao-de-acumulos-CAPES.docx\" class=\"wp-block-file__button wp-element-button\" download aria-describedby=\"wp-block-file--media-ea526d89-ba5b-42bf-b783-c2e0b36fcb10\">Baixar<\/a><\/div>\n\n\n\n<div class=\"wp-block-file\"><a id=\"wp-block-file--media-fa9582ae-a509-4300-912e-87290f95b81b\" href=\"http:\/\/www.ufpb.br\/ppgmds\/wp-content\/uploads\/sites\/79\/sites\/263\/2025\/09\/Declaracao-de-Anuencia-dos-Orientadores-para-acumulo-de-bolsa-com-atividade-complementacao-financeira.odt\">Declara\u00e7\u00e3o de Anu\u00eancia dos Orientadores para ac\u00famulo de bolsa com atividade &#8211; complementa\u00e7\u00e3o financeira<\/a><a href=\"http:\/\/www.ufpb.br\/ppgmds\/wp-content\/uploads\/sites\/79\/sites\/263\/2025\/09\/Declaracao-de-Anuencia-dos-Orientadores-para-acumulo-de-bolsa-com-atividade-complementacao-financeira.odt\" class=\"wp-block-file__button wp-element-button\" download aria-describedby=\"wp-block-file--media-fa9582ae-a509-4300-912e-87290f95b81b\">Baixar<\/a><\/div>\n\n\n\n<div class=\"wp-block-file\"><a id=\"wp-block-file--media-4dbbbfb7-17ba-4ad8-ba27-a208964f9439\" href=\"http:\/\/www.ufpb.br\/ppgmds\/wp-content\/uploads\/sites\/79\/sites\/263\/2025\/09\/Declaracao-de-Anuencia-dos-Orientadores-para-Dispensa-de-Estagio-Docencia.docx\">Declara\u00e7\u00e3o de Anu\u00eancia dos Orientadores para Dispensa de Est\u00e1gio Doc\u00eancia<\/a><a href=\"http:\/\/www.ufpb.br\/ppgmds\/wp-content\/uploads\/sites\/79\/sites\/263\/2025\/09\/Declaracao-de-Anuencia-dos-Orientadores-para-Dispensa-de-Estagio-Docencia.docx\" class=\"wp-block-file__button wp-element-button\" download aria-describedby=\"wp-block-file--media-4dbbbfb7-17ba-4ad8-ba27-a208964f9439\">Baixar<\/a><\/div>\n\n\n\n<div class=\"wp-block-file\"><a id=\"wp-block-file--media-2c1eb400-8264-4349-b549-d63135350845\" href=\"http:\/\/www.ufpb.br\/ppgmds\/wp-content\/uploads\/sites\/79\/sites\/263\/2025\/09\/Declaracao-de-Ausencia-de-Plagio-em-Trabalho-Final.odt\">Declara\u00e7\u00e3o de Aus\u00eancia de Pl\u00e1gio em Trabalho Final<\/a><a href=\"http:\/\/www.ufpb.br\/ppgmds\/wp-content\/uploads\/sites\/79\/sites\/263\/2025\/09\/Declaracao-de-Ausencia-de-Plagio-em-Trabalho-Final.odt\" class=\"wp-block-file__button wp-element-button\" download aria-describedby=\"wp-block-file--media-2c1eb400-8264-4349-b549-d63135350845\">Baixar<\/a><\/div>\n\n\n\n<div class=\"wp-block-file\"><a id=\"wp-block-file--media-e0e28ca1-6433-4334-b60d-7c34dcb1429b\" href=\"http:\/\/www.ufpb.br\/ppgmds\/wp-content\/uploads\/sites\/79\/sites\/263\/2025\/09\/Declaracao-de-Ausencia-de-vinculo-empregaticio.docx\">Declara\u00e7\u00e3o de Aus\u00eancia de v\u00ednculo empregat\u00edcio<\/a><a href=\"http:\/\/www.ufpb.br\/ppgmds\/wp-content\/uploads\/sites\/79\/sites\/263\/2025\/09\/Declaracao-de-Ausencia-de-vinculo-empregaticio.docx\" class=\"wp-block-file__button wp-element-button\" download aria-describedby=\"wp-block-file--media-e0e28ca1-6433-4334-b60d-7c34dcb1429b\">Baixar<\/a><\/div>\n\n\n\n<div class=\"wp-block-file\"><a id=\"wp-block-file--media-20c02ff6-b2d6-4b76-bee3-eb6af674fe94\" href=\"http:\/\/www.ufpb.br\/ppgmds\/wp-content\/uploads\/sites\/79\/sites\/263\/2025\/11\/Modelo-Carta-de-anuencia.-Declaracao-para-submissao-ao-Comite-de-Etica.docx\">(Modelo) Carta de anu\u00eancia. Declara\u00e7\u00e3o para submiss\u00e3o ao Comit\u00ea de \u00c9tica.<\/a><a href=\"http:\/\/www.ufpb.br\/ppgmds\/wp-content\/uploads\/sites\/79\/sites\/263\/2025\/11\/Modelo-Carta-de-anuencia.-Declaracao-para-submissao-ao-Comite-de-Etica.docx\" class=\"wp-block-file__button wp-element-button\" download aria-describedby=\"wp-block-file--media-20c02ff6-b2d6-4b76-bee3-eb6af674fe94\">Baixar<\/a><\/div>\n\n\n\n<div class=\"wp-block-file\"><a id=\"wp-block-file--media-d7f749ed-9030-4032-b6ba-6729720ed51f\" href=\"http:\/\/www.ufpb.br\/ppgmds\/wp-content\/uploads\/sites\/79\/sites\/263\/2025\/12\/Declaracao-de-Integridade_PPGMDS-3.docx\">Declara\u00e7\u00e3o de Integridade_PPGMDS (3)<\/a><a href=\"http:\/\/www.ufpb.br\/ppgmds\/wp-content\/uploads\/sites\/79\/sites\/263\/2025\/12\/Declaracao-de-Integridade_PPGMDS-3.docx\" class=\"wp-block-file__button wp-element-button\" download aria-describedby=\"wp-block-file--media-d7f749ed-9030-4032-b6ba-6729720ed51f\">Baixar<\/a><\/div>\n\n\n\n<div class=\"wp-block-file\"><a id=\"wp-block-file--media-8adb5295-bcd8-48d3-b5a7-dc2c4b6108ee\" href=\"http:\/\/www.ufpb.br\/ppgmds\/wp-content\/uploads\/sites\/79\/sites\/263\/2026\/03\/Anuencia.-Orientadores.-Aproveitamento-e-de-creditos-e-ou-disciplinas.docx\">Anu\u00eancia. Orientadores. Aproveitamento e de creditos e ou disciplinas.<\/a><a href=\"http:\/\/www.ufpb.br\/ppgmds\/wp-content\/uploads\/sites\/79\/sites\/263\/2026\/03\/Anuencia.-Orientadores.-Aproveitamento-e-de-creditos-e-ou-disciplinas.docx\" class=\"wp-block-file__button wp-element-button\" download aria-describedby=\"wp-block-file--media-8adb5295-bcd8-48d3-b5a7-dc2c4b6108ee\">Baixar<\/a><\/div>\n\n\n\n<div class=\"wp-block-file\"><a id=\"wp-block-file--media-2f7f116c-3ab7-4e18-90f2-99e222a67fb3\" href=\"http:\/\/www.ufpb.br\/ppgmds\/wp-content\/uploads\/sites\/79\/sites\/263\/2026\/05\/DECLARACAO-DE-NAO-ACUMULO-DE-BOLSA.docx\">DECLARA\u00c7\u00c3O DE N\u00c3O AC\u00daMULO DE BOLSA<\/a><a href=\"http:\/\/www.ufpb.br\/ppgmds\/wp-content\/uploads\/sites\/79\/sites\/263\/2026\/05\/DECLARACAO-DE-NAO-ACUMULO-DE-BOLSA.docx\" class=\"wp-block-file__button wp-element-button\" download aria-describedby=\"wp-block-file--media-2f7f116c-3ab7-4e18-90f2-99e222a67fb3\">Baixar<\/a><\/div>\n","protected":false},"excerpt":{"rendered":"","protected":false},"author":364,"featured_media":0,"parent":0,"menu_order":0,"comment_status":"closed","ping_status":"closed","template":"","meta":{"footnotes":""},"class_list":["post-836","page","type-page","status-publish","hentry"],"_links":{"self":[{"href":"https:\/\/www.ufpb.br\/ppgmds\/wp-json\/wp\/v2\/pages\/836","targetHints":{"allow":["GET"]}}],"collection":[{"href":"https:\/\/www.ufpb.br\/ppgmds\/wp-json\/wp\/v2\/pages"}],"about":[{"href":"https:\/\/www.ufpb.br\/ppgmds\/wp-json\/wp\/v2\/types\/page"}],"author":[{"embeddable":true,"href":"https:\/\/www.ufpb.br\/ppgmds\/wp-json\/wp\/v2\/users\/364"}],"replies":[{"embeddable":true,"href":"https:\/\/www.ufpb.br\/ppgmds\/wp-json\/wp\/v2\/comments?post=836"}],"version-history":[{"count":6,"href":"https:\/\/www.ufpb.br\/ppgmds\/wp-json\/wp\/v2\/pages\/836\/revisions"}],"predecessor-version":[{"id":969,"href":"https:\/\/www.ufpb.br\/ppgmds\/wp-json\/wp\/v2\/pages\/836\/revisions\/969"}],"wp:attachment":[{"href":"https:\/\/www.ufpb.br\/ppgmds\/wp-json\/wp\/v2\/media?parent=836"}],"curies":[{"name":"wp","href":"https:\/\/api.w.org\/{rel}","templated":true}]}}