{"id":838,"date":"2026-04-13T13:42:10","date_gmt":"2026-04-13T16:42:10","guid":{"rendered":"https:\/\/www.ufpb.br\/ppgmds\/?page_id=838"},"modified":"2026-04-28T08:05:22","modified_gmt":"2026-04-28T11:05:22","slug":"documentos-requerimentos","status":"publish","type":"page","link":"https:\/\/www.ufpb.br\/ppgmds\/documentos-requerimentos\/","title":{"rendered":"Documentos &#8211; Requerimentos"},"content":{"rendered":"\n<div class=\"wp-block-file\"><a id=\"wp-block-file--media-e3775957-e2c7-41cd-b88c-ab93c40f34fd\" href=\"http:\/\/www.ufpb.br\/ppgmds\/wp-content\/uploads\/sites\/79\/sites\/263\/2026\/01\/Requerimento_embargo.docx\">Requerimento_Embargo<\/a><a href=\"http:\/\/www.ufpb.br\/ppgmds\/wp-content\/uploads\/sites\/79\/sites\/263\/2026\/01\/Requerimento_embargo.docx\" class=\"wp-block-file__button wp-element-button\" download aria-describedby=\"wp-block-file--media-e3775957-e2c7-41cd-b88c-ab93c40f34fd\">Baixar<\/a><\/div>\n\n\n\n<div class=\"wp-block-file\"><a id=\"wp-block-file--media-9a116dd8-9823-4278-ab3f-eb09a0256687\" href=\"https:\/\/www.ufpb.br\/ppgmds\/wp-content\/uploads\/sites\/79\/sites\/263\/2026\/04\/requerimento_para_solicitaao_de_diploma.docx\">Requerimento &#8211; Diploma<\/a><a href=\"https:\/\/www.ufpb.br\/ppgmds\/wp-content\/uploads\/sites\/79\/sites\/263\/2026\/04\/requerimento_para_solicitaao_de_diploma.docx\" class=\"wp-block-file__button wp-element-button\" download aria-describedby=\"wp-block-file--media-9a116dd8-9823-4278-ab3f-eb09a0256687\">Baixar<\/a><\/div>\n\n\n\n<div class=\"wp-block-file\"><a id=\"wp-block-file--media-c1ca6c9b-1d62-4aef-9e9b-a623cae8598a\" href=\"http:\/\/www.ufpb.br\/ppgmds\/wp-content\/uploads\/sites\/79\/sites\/263\/2025\/09\/Requerimento-Complementacao-Financeira-Acumulo-com-bolsa-com-atividade.docx\">Requerimento &#8211; Complementa\u00e7\u00e3o Financeira &#8211; Ac\u00famulo com bolsa com atividade<\/a><a href=\"http:\/\/www.ufpb.br\/ppgmds\/wp-content\/uploads\/sites\/79\/sites\/263\/2025\/09\/Requerimento-Complementacao-Financeira-Acumulo-com-bolsa-com-atividade.docx\" class=\"wp-block-file__button wp-element-button\" download aria-describedby=\"wp-block-file--media-c1ca6c9b-1d62-4aef-9e9b-a623cae8598a\">Baixar<\/a><\/div>\n\n\n\n<p><\/p>\n","protected":false},"excerpt":{"rendered":"","protected":false},"author":364,"featured_media":0,"parent":0,"menu_order":0,"comment_status":"closed","ping_status":"closed","template":"","meta":{"footnotes":""},"class_list":["post-838","page","type-page","status-publish","hentry"],"_links":{"self":[{"href":"https:\/\/www.ufpb.br\/ppgmds\/wp-json\/wp\/v2\/pages\/838","targetHints":{"allow":["GET"]}}],"collection":[{"href":"https:\/\/www.ufpb.br\/ppgmds\/wp-json\/wp\/v2\/pages"}],"about":[{"href":"https:\/\/www.ufpb.br\/ppgmds\/wp-json\/wp\/v2\/types\/page"}],"author":[{"embeddable":true,"href":"https:\/\/www.ufpb.br\/ppgmds\/wp-json\/wp\/v2\/users\/364"}],"replies":[{"embeddable":true,"href":"https:\/\/www.ufpb.br\/ppgmds\/wp-json\/wp\/v2\/comments?post=838"}],"version-history":[{"count":3,"href":"https:\/\/www.ufpb.br\/ppgmds\/wp-json\/wp\/v2\/pages\/838\/revisions"}],"predecessor-version":[{"id":911,"href":"https:\/\/www.ufpb.br\/ppgmds\/wp-json\/wp\/v2\/pages\/838\/revisions\/911"}],"wp:attachment":[{"href":"https:\/\/www.ufpb.br\/ppgmds\/wp-json\/wp\/v2\/media?parent=838"}],"curies":[{"name":"wp","href":"https:\/\/api.w.org\/{rel}","templated":true}]}}