{"id":846,"date":"2026-04-13T13:43:09","date_gmt":"2026-04-13T16:43:09","guid":{"rendered":"https:\/\/www.ufpb.br\/ppgmds\/?page_id=846"},"modified":"2026-04-13T14:23:47","modified_gmt":"2026-04-13T17:23:47","slug":"documentos-manuais","status":"publish","type":"page","link":"https:\/\/www.ufpb.br\/ppgmds\/documentos-manuais\/","title":{"rendered":"Documentos &#8211; Manuais"},"content":{"rendered":"\n<div data-wp-interactive=\"core\/file\" class=\"wp-block-file\"><object data-wp-bind--hidden=\"!state.hasPdfPreview\" hidden class=\"wp-block-file__embed\" data=\"http:\/\/www.ufpb.br\/ppgmds\/wp-content\/uploads\/sites\/79\/sites\/263\/2025\/09\/Manual-Orientacoes-Pos-defesa-Homologacao-da-defesa-Expedicao-de-Diploma.pdf\" type=\"application\/pdf\" style=\"width:100%;height:200px\" aria-label=\"Incorporado de Manual - Orienta\u00e7\u00f5es P\u00f3s-defesa - Homologa\u00e7\u00e3o da defesa - Expedi\u00e7\u00e3o de Diploma.\"><\/object><a id=\"wp-block-file--media-14931e45-6dea-4f72-ab98-f07122636a9c\" href=\"http:\/\/www.ufpb.br\/ppgmds\/wp-content\/uploads\/sites\/79\/sites\/263\/2025\/09\/Manual-Orientacoes-Pos-defesa-Homologacao-da-defesa-Expedicao-de-Diploma.pdf\">Manual &#8211; Orienta\u00e7\u00f5es P\u00f3s-defesa &#8211; Homologa\u00e7\u00e3o da defesa &#8211; Expedi\u00e7\u00e3o de Diploma<\/a><a href=\"http:\/\/www.ufpb.br\/ppgmds\/wp-content\/uploads\/sites\/79\/sites\/263\/2025\/09\/Manual-Orientacoes-Pos-defesa-Homologacao-da-defesa-Expedicao-de-Diploma.pdf\" class=\"wp-block-file__button wp-element-button\" download aria-describedby=\"wp-block-file--media-14931e45-6dea-4f72-ab98-f07122636a9c\">Baixar<\/a><\/div>\n\n\n\n<div data-wp-interactive=\"core\/file\" class=\"wp-block-file\"><object data-wp-bind--hidden=\"!state.hasPdfPreview\" hidden class=\"wp-block-file__embed\" data=\"http:\/\/www.ufpb.br\/ppgmds\/wp-content\/uploads\/sites\/79\/sites\/263\/2025\/09\/Manual-Consulta-Qualis-e-Percentil-Scopus-de-Revista-ou-Artigo.pdf\" type=\"application\/pdf\" style=\"width:100%;height:200px\" aria-label=\"Incorporado de Manual - Consulta Qualis e Percentil Scopus de Revista ou Artigo.\"><\/object><a id=\"wp-block-file--media-2c816144-1b69-418b-99d8-87810c15a71b\" href=\"http:\/\/www.ufpb.br\/ppgmds\/wp-content\/uploads\/sites\/79\/sites\/263\/2025\/09\/Manual-Consulta-Qualis-e-Percentil-Scopus-de-Revista-ou-Artigo.pdf\">Manual &#8211; Consulta Qualis e Percentil Scopus de Revista ou Artigo<\/a><a href=\"http:\/\/www.ufpb.br\/ppgmds\/wp-content\/uploads\/sites\/79\/sites\/263\/2025\/09\/Manual-Consulta-Qualis-e-Percentil-Scopus-de-Revista-ou-Artigo.pdf\" class=\"wp-block-file__button wp-element-button\" download aria-describedby=\"wp-block-file--media-2c816144-1b69-418b-99d8-87810c15a71b\">Baixar<\/a><\/div>\n\n\n\n<div data-wp-interactive=\"core\/file\" class=\"wp-block-file\"><object data-wp-bind--hidden=\"!state.hasPdfPreview\" hidden class=\"wp-block-file__embed\" data=\"http:\/\/www.ufpb.br\/ppgmds\/wp-content\/uploads\/sites\/79\/sites\/263\/2025\/09\/Manual-Acesso-da-unidade-do-PPGMDS-no-SIPAC-DOCENTES.pdf\" type=\"application\/pdf\" style=\"width:100%;height:200px\" aria-label=\"Incorporado de Manual - Acesso da unidade do PPGMDS no SIPAC (DOCENTES).\"><\/object><a id=\"wp-block-file--media-086eacf5-fb17-4b4c-b69c-09092e88fb0b\" href=\"http:\/\/www.ufpb.br\/ppgmds\/wp-content\/uploads\/sites\/79\/sites\/263\/2025\/09\/Manual-Acesso-da-unidade-do-PPGMDS-no-SIPAC-DOCENTES.pdf\">Manual &#8211; Acesso da unidade do PPGMDS no SIPAC (DOCENTES)<\/a><a href=\"http:\/\/www.ufpb.br\/ppgmds\/wp-content\/uploads\/sites\/79\/sites\/263\/2025\/09\/Manual-Acesso-da-unidade-do-PPGMDS-no-SIPAC-DOCENTES.pdf\" class=\"wp-block-file__button wp-element-button\" download aria-describedby=\"wp-block-file--media-086eacf5-fb17-4b4c-b69c-09092e88fb0b\">Baixar<\/a><\/div>\n\n\n\n<div data-wp-interactive=\"core\/file\" class=\"wp-block-file\"><object data-wp-bind--hidden=\"!state.hasPdfPreview\" hidden class=\"wp-block-file__embed\" data=\"http:\/\/www.ufpb.br\/ppgmds\/wp-content\/uploads\/sites\/79\/sites\/263\/2025\/09\/Manual-Autodeposito-de-Tese-e-Dissertacao-via-SIGAA.pdf\" type=\"application\/pdf\" style=\"width:100%;height:200px\" aria-label=\"Incorporado de Manual - Autodep\u00f3sito de Tese e Disserta\u00e7\u00e3o via SIGAA.\"><\/object><a id=\"wp-block-file--media-f11eaae1-3991-47c8-b57c-4ed383953825\" href=\"http:\/\/www.ufpb.br\/ppgmds\/wp-content\/uploads\/sites\/79\/sites\/263\/2025\/09\/Manual-Autodeposito-de-Tese-e-Dissertacao-via-SIGAA.pdf\">Manual &#8211; Autodep\u00f3sito de Tese e Disserta\u00e7\u00e3o via SIGAA<\/a><a href=\"http:\/\/www.ufpb.br\/ppgmds\/wp-content\/uploads\/sites\/79\/sites\/263\/2025\/09\/Manual-Autodeposito-de-Tese-e-Dissertacao-via-SIGAA.pdf\" class=\"wp-block-file__button wp-element-button\" download aria-describedby=\"wp-block-file--media-f11eaae1-3991-47c8-b57c-4ed383953825\">Baixar<\/a><\/div>\n\n\n\n<div data-wp-interactive=\"core\/file\" class=\"wp-block-file\"><object data-wp-bind--hidden=\"!state.hasPdfPreview\" hidden class=\"wp-block-file__embed\" data=\"http:\/\/www.ufpb.br\/ppgmds\/wp-content\/uploads\/sites\/79\/sites\/263\/2025\/09\/Manual-Cadastro-de-discente-como-estagiario-docente-na-disciplina-no-SIGAA-DOCENTE.pdf\" type=\"application\/pdf\" style=\"width:100%;height:200px\" aria-label=\"Incorporado de Manual - Cadastro de discente como estagi\u00e1rio docente na disciplina no SIGAA (DOCENTE).\"><\/object><a id=\"wp-block-file--media-5f25f7a1-618e-4ff8-ad77-37ae1cb2dea0\" href=\"http:\/\/www.ufpb.br\/ppgmds\/wp-content\/uploads\/sites\/79\/sites\/263\/2025\/09\/Manual-Cadastro-de-discente-como-estagiario-docente-na-disciplina-no-SIGAA-DOCENTE.pdf\">Manual &#8211; Cadastro de discente como estagi\u00e1rio docente na disciplina no SIGAA (DOCENTE)<\/a><a href=\"http:\/\/www.ufpb.br\/ppgmds\/wp-content\/uploads\/sites\/79\/sites\/263\/2025\/09\/Manual-Cadastro-de-discente-como-estagiario-docente-na-disciplina-no-SIGAA-DOCENTE.pdf\" class=\"wp-block-file__button wp-element-button\" download aria-describedby=\"wp-block-file--media-5f25f7a1-618e-4ff8-ad77-37ae1cb2dea0\">Baixar<\/a><\/div>\n","protected":false},"excerpt":{"rendered":"","protected":false},"author":364,"featured_media":0,"parent":0,"menu_order":0,"comment_status":"closed","ping_status":"closed","template":"","meta":{"footnotes":""},"class_list":["post-846","page","type-page","status-publish","hentry"],"_links":{"self":[{"href":"https:\/\/www.ufpb.br\/ppgmds\/wp-json\/wp\/v2\/pages\/846","targetHints":{"allow":["GET"]}}],"collection":[{"href":"https:\/\/www.ufpb.br\/ppgmds\/wp-json\/wp\/v2\/pages"}],"about":[{"href":"https:\/\/www.ufpb.br\/ppgmds\/wp-json\/wp\/v2\/types\/page"}],"author":[{"embeddable":true,"href":"https:\/\/www.ufpb.br\/ppgmds\/wp-json\/wp\/v2\/users\/364"}],"replies":[{"embeddable":true,"href":"https:\/\/www.ufpb.br\/ppgmds\/wp-json\/wp\/v2\/comments?post=846"}],"version-history":[{"count":2,"href":"https:\/\/www.ufpb.br\/ppgmds\/wp-json\/wp\/v2\/pages\/846\/revisions"}],"predecessor-version":[{"id":864,"href":"https:\/\/www.ufpb.br\/ppgmds\/wp-json\/wp\/v2\/pages\/846\/revisions\/864"}],"wp:attachment":[{"href":"https:\/\/www.ufpb.br\/ppgmds\/wp-json\/wp\/v2\/media?parent=846"}],"curies":[{"name":"wp","href":"https:\/\/api.w.org\/{rel}","templated":true}]}}