{"id":848,"date":"2026-04-13T13:43:22","date_gmt":"2026-04-13T16:43:22","guid":{"rendered":"https:\/\/www.ufpb.br\/ppgmds\/?page_id=848"},"modified":"2026-05-06T07:53:16","modified_gmt":"2026-05-06T10:53:16","slug":"documentos-portarias","status":"publish","type":"page","link":"https:\/\/www.ufpb.br\/ppgmds\/documentos-portarias\/","title":{"rendered":"Documentos &#8211; Portarias"},"content":{"rendered":"\n<div data-wp-interactive=\"core\/file\" class=\"wp-block-file\"><object data-wp-bind--hidden=\"!state.hasPdfPreview\" hidden class=\"wp-block-file__embed\" data=\"http:\/\/www.ufpb.br\/ppgmds\/wp-content\/uploads\/sites\/79\/sites\/263\/2026\/04\/PORTARIA_N31_DE_31_DE_MARCO_DE_2026_-_COMISSAO_DE_AUTOAVALICAO.pdf\" type=\"application\/pdf\" style=\"width:100%;height:200px\" aria-label=\"Incorporado de Portaria. 31-2026. Institui nova Comiss\u00e3o de Autoavalia\u00e7\u00e3o do PPGMDS..\"><\/object><a id=\"wp-block-file--media-6adbf9e5-a02e-4227-835d-4eddc67709cd\" href=\"http:\/\/www.ufpb.br\/ppgmds\/wp-content\/uploads\/sites\/79\/sites\/263\/2026\/04\/PORTARIA_N31_DE_31_DE_MARCO_DE_2026_-_COMISSAO_DE_AUTOAVALICAO.pdf\">Portaria. 31-2026. Institui nova Comiss\u00e3o de Autoavalia\u00e7\u00e3o do PPGMDS.<\/a><a href=\"http:\/\/www.ufpb.br\/ppgmds\/wp-content\/uploads\/sites\/79\/sites\/263\/2026\/04\/PORTARIA_N31_DE_31_DE_MARCO_DE_2026_-_COMISSAO_DE_AUTOAVALICAO.pdf\" class=\"wp-block-file__button wp-element-button\" download aria-describedby=\"wp-block-file--media-6adbf9e5-a02e-4227-835d-4eddc67709cd\">Baixar<\/a><\/div>\n\n\n\n<div data-wp-interactive=\"core\/file\" class=\"wp-block-file\"><object data-wp-bind--hidden=\"!state.hasPdfPreview\" hidden class=\"wp-block-file__embed\" data=\"http:\/\/www.ufpb.br\/ppgmds\/wp-content\/uploads\/sites\/79\/sites\/263\/2025\/09\/Portaira._23-2025._Prmio_Lenilde_Duarte_de_S_de_Teses.pdf\" type=\"application\/pdf\" style=\"width:100%;height:200px\" aria-label=\"Incorporado de Portaira._23-2025._Prmio_Lenilde_Duarte_de_S_de_Teses..\"><\/object><a id=\"wp-block-file--media-1ff86149-d8d0-438f-9c32-f504f479da53\" href=\"http:\/\/www.ufpb.br\/ppgmds\/wp-content\/uploads\/sites\/79\/sites\/263\/2025\/09\/Portaira._23-2025._Prmio_Lenilde_Duarte_de_S_de_Teses.pdf\">Portaira._23-2025._Prmio_Lenilde_Duarte_de_S_de_Teses.<\/a><a href=\"http:\/\/www.ufpb.br\/ppgmds\/wp-content\/uploads\/sites\/79\/sites\/263\/2025\/09\/Portaira._23-2025._Prmio_Lenilde_Duarte_de_S_de_Teses.pdf\" class=\"wp-block-file__button wp-element-button\" download aria-describedby=\"wp-block-file--media-1ff86149-d8d0-438f-9c32-f504f479da53\">Baixar<\/a><\/div>\n\n\n\n<div data-wp-interactive=\"core\/file\" class=\"wp-block-file\"><object data-wp-bind--hidden=\"!state.hasPdfPreview\" hidden class=\"wp-block-file__embed\" data=\"http:\/\/www.ufpb.br\/ppgmds\/wp-content\/uploads\/sites\/79\/sites\/263\/2025\/09\/Portaria.-20-2025.-Comissao-Eleitoral.-Consulta-bienio-2025-2027.pdf\" type=\"application\/pdf\" style=\"width:100%;height:200px\" aria-label=\"Incorporado de Portaria. 20-2025. Comiss\u00e3o Eleitoral. Consulta bi\u00eanio 2025-2027..\"><\/object><a id=\"wp-block-file--media-78301d3f-90c8-4720-a5a0-7239cd516ebe\" href=\"http:\/\/www.ufpb.br\/ppgmds\/wp-content\/uploads\/sites\/79\/sites\/263\/2025\/09\/Portaria.-20-2025.-Comissao-Eleitoral.-Consulta-bienio-2025-2027.pdf\">Portaria. 20-2025. Comiss\u00e3o Eleitoral. Consulta bi\u00eanio 2025-2027.<\/a><a href=\"http:\/\/www.ufpb.br\/ppgmds\/wp-content\/uploads\/sites\/79\/sites\/263\/2025\/09\/Portaria.-20-2025.-Comissao-Eleitoral.-Consulta-bienio-2025-2027.pdf\" class=\"wp-block-file__button wp-element-button\" download aria-describedby=\"wp-block-file--media-78301d3f-90c8-4720-a5a0-7239cd516ebe\">Baixar<\/a><\/div>\n\n\n\n<div data-wp-interactive=\"core\/file\" class=\"wp-block-file\"><object data-wp-bind--hidden=\"!state.hasPdfPreview\" hidden class=\"wp-block-file__embed\" data=\"http:\/\/www.ufpb.br\/ppgmds\/wp-content\/uploads\/sites\/79\/sites\/263\/2025\/09\/Portaria.-18-2025.-Comissao-de-Processo-Seletivo-Alunos-Regulares-Ingresso-2026.pdf\" type=\"application\/pdf\" style=\"width:100%;height:200px\" aria-label=\"Incorporado de Portaria. 18-2025. Comiss\u00e3o de Processo Seletivo Alunos Regulares Ingresso 2026.\"><\/object><a id=\"wp-block-file--media-42f99db4-7950-49c2-b503-2bf49a6fbdd7\" href=\"http:\/\/www.ufpb.br\/ppgmds\/wp-content\/uploads\/sites\/79\/sites\/263\/2025\/09\/Portaria.-18-2025.-Comissao-de-Processo-Seletivo-Alunos-Regulares-Ingresso-2026.pdf\">Portaria. 18-2025. Comiss\u00e3o de Processo Seletivo Alunos Regulares Ingresso 2026<\/a><a href=\"http:\/\/www.ufpb.br\/ppgmds\/wp-content\/uploads\/sites\/79\/sites\/263\/2025\/09\/Portaria.-18-2025.-Comissao-de-Processo-Seletivo-Alunos-Regulares-Ingresso-2026.pdf\" class=\"wp-block-file__button wp-element-button\" download aria-describedby=\"wp-block-file--media-42f99db4-7950-49c2-b503-2bf49a6fbdd7\">Baixar<\/a><\/div>\n\n\n\n<div data-wp-interactive=\"core\/file\" class=\"wp-block-file\"><object data-wp-bind--hidden=\"!state.hasPdfPreview\" hidden class=\"wp-block-file__embed\" data=\"http:\/\/www.ufpb.br\/ppgmds\/wp-content\/uploads\/sites\/79\/sites\/263\/2025\/09\/Portaria.-15-2025.-Comissao-de-Regimento-Interno.pdf\" type=\"application\/pdf\" style=\"width:100%;height:200px\" aria-label=\"Incorporado de Portaria. 15-2025. Comiss\u00e3o de Regimento Interno.\"><\/object><a id=\"wp-block-file--media-f37116cc-f059-4aa8-8ac3-52ba3efef7d2\" href=\"http:\/\/www.ufpb.br\/ppgmds\/wp-content\/uploads\/sites\/79\/sites\/263\/2025\/09\/Portaria.-15-2025.-Comissao-de-Regimento-Interno.pdf\">Portaria. 15-2025. Comiss\u00e3o de Regimento Interno<\/a><a href=\"http:\/\/www.ufpb.br\/ppgmds\/wp-content\/uploads\/sites\/79\/sites\/263\/2025\/09\/Portaria.-15-2025.-Comissao-de-Regimento-Interno.pdf\" class=\"wp-block-file__button wp-element-button\" download aria-describedby=\"wp-block-file--media-f37116cc-f059-4aa8-8ac3-52ba3efef7d2\">Baixar<\/a><\/div>\n\n\n\n<div data-wp-interactive=\"core\/file\" class=\"wp-block-file\"><object data-wp-bind--hidden=\"!state.hasPdfPreview\" hidden class=\"wp-block-file__embed\" data=\"http:\/\/www.ufpb.br\/ppgmds\/wp-content\/uploads\/sites\/79\/sites\/263\/2025\/09\/Portaria.-22-2025.-Comissao-do-ResidPG-no-PPGMDS.pdf\" type=\"application\/pdf\" style=\"width:100%;height:200px\" aria-label=\"Incorporado de Portaria. 22-2025. Comiss\u00e3o do ResidPG no PPGMDS.\"><\/object><a id=\"wp-block-file--media-66cfac26-906f-462d-bca4-00be906891ec\" href=\"http:\/\/www.ufpb.br\/ppgmds\/wp-content\/uploads\/sites\/79\/sites\/263\/2025\/09\/Portaria.-22-2025.-Comissao-do-ResidPG-no-PPGMDS.pdf\">Portaria. 22-2025. Comiss\u00e3o do ResidPG no PPGMDS<\/a><a href=\"http:\/\/www.ufpb.br\/ppgmds\/wp-content\/uploads\/sites\/79\/sites\/263\/2025\/09\/Portaria.-22-2025.-Comissao-do-ResidPG-no-PPGMDS.pdf\" class=\"wp-block-file__button wp-element-button\" download aria-describedby=\"wp-block-file--media-66cfac26-906f-462d-bca4-00be906891ec\">Baixar<\/a><\/div>\n\n\n\n<p><\/p>\n\n\n\n<p><\/p>\n\n\n\n<p><\/p>\n\n\n\n<p><\/p>\n\n\n\n<p><\/p>\n\n\n\n<div class=\"wp-block-file has-white-background-color has-background\"><a id=\"wp-block-file--media-79f17a08-5358-4f0e-b888-f897711eec3a\" href=\"https:\/\/www.ufpb.br\/ppgmds\/wp-content\/uploads\/sites\/79\/sites\/263\/2026\/05\/Portaria_N_32_de_04_de_Maio_de_2026_-_Comisso_Bolsas-3-2.pdf\">Portaria. 32-2026. Comiss\u00e3o de Bolsas<\/a><a href=\"https:\/\/www.ufpb.br\/ppgmds\/wp-content\/uploads\/sites\/79\/sites\/263\/2026\/05\/Portaria_N_32_de_04_de_Maio_de_2026_-_Comisso_Bolsas-3-2.pdf\" class=\"wp-block-file__button wp-element-button\" download aria-describedby=\"wp-block-file--media-79f17a08-5358-4f0e-b888-f897711eec3a\">Baixar<\/a><\/div>\n\n\n\n<div data-wp-interactive=\"core\/file\" class=\"wp-block-file\"><object data-wp-bind--hidden=\"!state.hasPdfPreview\" hidden class=\"wp-block-file__embed\" data=\"http:\/\/www.ufpb.br\/ppgmds\/wp-content\/uploads\/sites\/79\/sites\/263\/2025\/09\/Portaria.-16.-2025.-Premio-CAPES-de-Tese-2025.pdf\" type=\"application\/pdf\" style=\"width:100%;height:200px\" aria-label=\"Incorporado de Portaria. 16.-2025. Pr\u00eamio CAPES de Tese 2025.\"><\/object><a id=\"wp-block-file--media-a46174c0-3b7e-4a3c-a3b2-f96a870415bb\" href=\"http:\/\/www.ufpb.br\/ppgmds\/wp-content\/uploads\/sites\/79\/sites\/263\/2025\/09\/Portaria.-16.-2025.-Premio-CAPES-de-Tese-2025.pdf\">Portaria. 16.-2025. Pr\u00eamio CAPES de Tese 2025<\/a><a href=\"http:\/\/www.ufpb.br\/ppgmds\/wp-content\/uploads\/sites\/79\/sites\/263\/2025\/09\/Portaria.-16.-2025.-Premio-CAPES-de-Tese-2025.pdf\" class=\"wp-block-file__button wp-element-button\" download aria-describedby=\"wp-block-file--media-a46174c0-3b7e-4a3c-a3b2-f96a870415bb\">Baixar<\/a><\/div>\n\n\n\n<div data-wp-interactive=\"core\/file\" class=\"wp-block-file\"><object data-wp-bind--hidden=\"!state.hasPdfPreview\" hidden class=\"wp-block-file__embed\" data=\"http:\/\/www.ufpb.br\/ppgmds\/wp-content\/uploads\/sites\/79\/sites\/263\/2025\/09\/Portaria.-09-2023.-Comissao-de-Acompanhamento-Discente.pdf\" type=\"application\/pdf\" style=\"width:100%;height:200px\" aria-label=\"Incorporado de Portaria. 09-2023. Comiss\u00e3o de Acompanhamento Discente..\"><\/object><a id=\"wp-block-file--media-954f1edb-8bf0-4490-9dab-c418e8eb5750\" href=\"http:\/\/www.ufpb.br\/ppgmds\/wp-content\/uploads\/sites\/79\/sites\/263\/2025\/09\/Portaria.-09-2023.-Comissao-de-Acompanhamento-Discente.pdf\">Portaria. 09-2023. Comiss\u00e3o de Acompanhamento Discente.<\/a><a href=\"http:\/\/www.ufpb.br\/ppgmds\/wp-content\/uploads\/sites\/79\/sites\/263\/2025\/09\/Portaria.-09-2023.-Comissao-de-Acompanhamento-Discente.pdf\" class=\"wp-block-file__button wp-element-button\" download aria-describedby=\"wp-block-file--media-954f1edb-8bf0-4490-9dab-c418e8eb5750\">Baixar<\/a><\/div>\n\n\n\n<div data-wp-interactive=\"core\/file\" class=\"wp-block-file\"><object data-wp-bind--hidden=\"!state.hasPdfPreview\" hidden class=\"wp-block-file__embed\" data=\"http:\/\/www.ufpb.br\/ppgmds\/wp-content\/uploads\/sites\/79\/sites\/263\/2025\/09\/Portaria.-12-2024.-Comissao-de-Credenciamento-e-Recredenciamento.pdf\" type=\"application\/pdf\" style=\"width:100%;height:200px\" aria-label=\"Incorporado de Portaria. 12-2024. Comiss\u00e3o de Credenciamento e Recredenciamento.\"><\/object><a id=\"wp-block-file--media-0f802ff6-f86c-4abf-9b64-dd4d6f6989e8\" href=\"http:\/\/www.ufpb.br\/ppgmds\/wp-content\/uploads\/sites\/79\/sites\/263\/2025\/09\/Portaria.-12-2024.-Comissao-de-Credenciamento-e-Recredenciamento.pdf\">Portaria. 12-2024. Comiss\u00e3o de Credenciamento e Recredenciamento<\/a><a href=\"http:\/\/www.ufpb.br\/ppgmds\/wp-content\/uploads\/sites\/79\/sites\/263\/2025\/09\/Portaria.-12-2024.-Comissao-de-Credenciamento-e-Recredenciamento.pdf\" class=\"wp-block-file__button wp-element-button\" download aria-describedby=\"wp-block-file--media-0f802ff6-f86c-4abf-9b64-dd4d6f6989e8\">Baixar<\/a><\/div>\n\n\n\n<div data-wp-interactive=\"core\/file\" class=\"wp-block-file\"><object data-wp-bind--hidden=\"!state.hasPdfPreview\" hidden class=\"wp-block-file__embed\" data=\"http:\/\/www.ufpb.br\/ppgmds\/wp-content\/uploads\/sites\/79\/sites\/263\/2026\/04\/Portaria.-Reitoria.-21-2025.-Comissao-Institucional-de-Heteroidentificacao.pdf\" type=\"application\/pdf\" style=\"width:100%;height:200px\" aria-label=\"Incorporado de Portaria. Reitoria. 21- 2025. Comiss\u00e3o Institucional de Heteroidentifica\u00e7\u00e3o..\"><\/object><a id=\"wp-block-file--media-897b8816-3f0e-441a-b637-6d36c7db7f4b\" href=\"http:\/\/www.ufpb.br\/ppgmds\/wp-content\/uploads\/sites\/79\/sites\/263\/2026\/04\/Portaria.-Reitoria.-21-2025.-Comissao-Institucional-de-Heteroidentificacao.pdf\">Portaria. Reitoria. 21- 2025. Comiss\u00e3o Institucional de Heteroidentifica\u00e7\u00e3o.<\/a><a href=\"http:\/\/www.ufpb.br\/ppgmds\/wp-content\/uploads\/sites\/79\/sites\/263\/2026\/04\/Portaria.-Reitoria.-21-2025.-Comissao-Institucional-de-Heteroidentificacao.pdf\" class=\"wp-block-file__button wp-element-button\" download aria-describedby=\"wp-block-file--media-897b8816-3f0e-441a-b637-6d36c7db7f4b\">Baixar<\/a><\/div>\n\n\n\n<div data-wp-interactive=\"core\/file\" class=\"wp-block-file\"><object data-wp-bind--hidden=\"!state.hasPdfPreview\" hidden class=\"wp-block-file__embed\" data=\"http:\/\/www.ufpb.br\/ppgmds\/wp-content\/uploads\/sites\/79\/sites\/263\/2025\/09\/Portaria.-14-2024.-Comissao-de-Internacionalizacao.pdf\" type=\"application\/pdf\" style=\"width:100%;height:200px\" aria-label=\"Incorporado de Portaria. 14-2024. Comiss\u00e3o de Internacionaliza\u00e7\u00e3o.\"><\/object><a id=\"wp-block-file--media-2594701f-41ae-40e7-8020-5ae10b2e296d\" href=\"http:\/\/www.ufpb.br\/ppgmds\/wp-content\/uploads\/sites\/79\/sites\/263\/2025\/09\/Portaria.-14-2024.-Comissao-de-Internacionalizacao.pdf\">Portaria. 14-2024. Comiss\u00e3o de Internacionaliza\u00e7\u00e3o<\/a><a href=\"http:\/\/www.ufpb.br\/ppgmds\/wp-content\/uploads\/sites\/79\/sites\/263\/2025\/09\/Portaria.-14-2024.-Comissao-de-Internacionalizacao.pdf\" class=\"wp-block-file__button wp-element-button\" download aria-describedby=\"wp-block-file--media-2594701f-41ae-40e7-8020-5ae10b2e296d\">Baixar<\/a><\/div>\n\n\n\n<div data-wp-interactive=\"core\/file\" class=\"wp-block-file\"><object data-wp-bind--hidden=\"!state.hasPdfPreview\" hidden class=\"wp-block-file__embed\" data=\"http:\/\/www.ufpb.br\/ppgmds\/wp-content\/uploads\/sites\/79\/sites\/263\/2026\/04\/Portaria.-Capes.-282-2024.-Programa-Institucional-de-Pos-Doutorado-PIPD.pdf\" type=\"application\/pdf\" style=\"width:100%;height:200px\" aria-label=\"Incorporado de Portaria. Capes. 282 - 2024. Programa Institucional de P\u00f3s-Doutorado - PIPD..\"><\/object><a id=\"wp-block-file--media-6a814cf3-57ab-4900-8f3f-6a3f83a6768a\" href=\"http:\/\/www.ufpb.br\/ppgmds\/wp-content\/uploads\/sites\/79\/sites\/263\/2026\/04\/Portaria.-Capes.-282-2024.-Programa-Institucional-de-Pos-Doutorado-PIPD.pdf\">Portaria. Capes. 282 &#8211; 2024. Programa Institucional de P\u00f3s-Doutorado &#8211; PIPD.<\/a><a href=\"http:\/\/www.ufpb.br\/ppgmds\/wp-content\/uploads\/sites\/79\/sites\/263\/2026\/04\/Portaria.-Capes.-282-2024.-Programa-Institucional-de-Pos-Doutorado-PIPD.pdf\" class=\"wp-block-file__button wp-element-button\" download aria-describedby=\"wp-block-file--media-6a814cf3-57ab-4900-8f3f-6a3f83a6768a\">Baixar<\/a><\/div>\n\n\n\n<div data-wp-interactive=\"core\/file\" class=\"wp-block-file\"><object data-wp-bind--hidden=\"!state.hasPdfPreview\" hidden class=\"wp-block-file__embed\" data=\"http:\/\/www.ufpb.br\/ppgmds\/wp-content\/uploads\/sites\/79\/sites\/263\/2026\/04\/Portaria.-Capes.-318-2024.-Altera-artigos-da-Portaria-CAPES-282-2024-Programa-Institucional-de-Pos-Doutorado-PIPD.pdf\" type=\"application\/pdf\" style=\"width:100%;height:200px\" aria-label=\"Incorporado de Portaria. Capes. 318 - 2024. Altera artigos da Portaria CAPES 282 - 2024 - Programa Institucional de P\u00f3s-Doutorado - PIPD..\"><\/object><a id=\"wp-block-file--media-9ccddeb5-6197-4770-82bc-eb7cc051ec2a\" href=\"http:\/\/www.ufpb.br\/ppgmds\/wp-content\/uploads\/sites\/79\/sites\/263\/2026\/04\/Portaria.-Capes.-318-2024.-Altera-artigos-da-Portaria-CAPES-282-2024-Programa-Institucional-de-Pos-Doutorado-PIPD.pdf\">Portaria. Capes. 318 &#8211; 2024. Altera artigos da Portaria CAPES 282 &#8211; 2024 &#8211; Programa Institucional de P\u00f3s-Doutorado &#8211; PIPD.<\/a><a href=\"http:\/\/www.ufpb.br\/ppgmds\/wp-content\/uploads\/sites\/79\/sites\/263\/2026\/04\/Portaria.-Capes.-318-2024.-Altera-artigos-da-Portaria-CAPES-282-2024-Programa-Institucional-de-Pos-Doutorado-PIPD.pdf\" class=\"wp-block-file__button wp-element-button\" download aria-describedby=\"wp-block-file--media-9ccddeb5-6197-4770-82bc-eb7cc051ec2a\">Baixar<\/a><\/div>\n\n\n\n<div data-wp-interactive=\"core\/file\" class=\"wp-block-file\"><object data-wp-bind--hidden=\"!state.hasPdfPreview\" hidden class=\"wp-block-file__embed\" data=\"http:\/\/www.ufpb.br\/ppgmds\/wp-content\/uploads\/sites\/79\/sites\/263\/2025\/09\/Portaria.-08-2023.-Comissao-de-Comunicacao.pdf\" type=\"application\/pdf\" style=\"width:100%;height:200px\" aria-label=\"Incorporado de Portaria. 08-2023. Comiss\u00e3o de Comunica\u00e7\u00e3o.\"><\/object><a id=\"wp-block-file--media-03ee092a-7dd0-4870-bae3-23c41efb3ae5\" href=\"http:\/\/www.ufpb.br\/ppgmds\/wp-content\/uploads\/sites\/79\/sites\/263\/2025\/09\/Portaria.-08-2023.-Comissao-de-Comunicacao.pdf\">Portaria. 08-2023. Comiss\u00e3o de Comunica\u00e7\u00e3o<\/a><a href=\"http:\/\/www.ufpb.br\/ppgmds\/wp-content\/uploads\/sites\/79\/sites\/263\/2025\/09\/Portaria.-08-2023.-Comissao-de-Comunicacao.pdf\" class=\"wp-block-file__button wp-element-button\" download aria-describedby=\"wp-block-file--media-03ee092a-7dd0-4870-bae3-23c41efb3ae5\">Baixar<\/a><\/div>\n\n\n\n<p><\/p>\n\n\n\n<p><\/p>\n\n\n\n<div data-wp-interactive=\"core\/file\" class=\"wp-block-file\"><object data-wp-bind--hidden=\"!state.hasPdfPreview\" hidden class=\"wp-block-file__embed\" data=\"http:\/\/www.ufpb.br\/ppgmds\/wp-content\/uploads\/sites\/79\/sites\/263\/2025\/09\/Portaria.-06-2023.-Comissao-de-Processo-Seletivo-Pos-Doutorado.pdf\" type=\"application\/pdf\" style=\"width:100%;height:200px\" aria-label=\"Incorporado de Portaria. 06-2023. Comiss\u00e3o de Processo Seletivo P\u00f3s-Doutorado.\"><\/object><a id=\"wp-block-file--media-eaa8c39c-b867-430f-8fce-29c7854456d9\" href=\"http:\/\/www.ufpb.br\/ppgmds\/wp-content\/uploads\/sites\/79\/sites\/263\/2025\/09\/Portaria.-06-2023.-Comissao-de-Processo-Seletivo-Pos-Doutorado.pdf\">Portaria. 06-2023. Comiss\u00e3o de Processo Seletivo P\u00f3s-Doutorado<\/a><a href=\"http:\/\/www.ufpb.br\/ppgmds\/wp-content\/uploads\/sites\/79\/sites\/263\/2025\/09\/Portaria.-06-2023.-Comissao-de-Processo-Seletivo-Pos-Doutorado.pdf\" class=\"wp-block-file__button wp-element-button\" download aria-describedby=\"wp-block-file--media-eaa8c39c-b867-430f-8fce-29c7854456d9\">Baixar<\/a><\/div>\n\n\n\n<div data-wp-interactive=\"core\/file\" class=\"wp-block-file\"><object data-wp-bind--hidden=\"!state.hasPdfPreview\" hidden class=\"wp-block-file__embed\" data=\"http:\/\/www.ufpb.br\/ppgmds\/wp-content\/uploads\/sites\/79\/sites\/263\/2025\/09\/Portaria.-05-2023.-Comissao-de-Estagio-Docencia.pdf\" type=\"application\/pdf\" style=\"width:100%;height:200px\" aria-label=\"Incorporado de Portaria. 05-2023. Comiss\u00e3o de Est\u00e1gio Doc\u00eancia.\"><\/object><a id=\"wp-block-file--media-e59ec6b1-9e38-4ee9-af23-1e2424737c08\" href=\"http:\/\/www.ufpb.br\/ppgmds\/wp-content\/uploads\/sites\/79\/sites\/263\/2025\/09\/Portaria.-05-2023.-Comissao-de-Estagio-Docencia.pdf\">Portaria. 05-2023. Comiss\u00e3o de Est\u00e1gio Doc\u00eancia<\/a><a href=\"http:\/\/www.ufpb.br\/ppgmds\/wp-content\/uploads\/sites\/79\/sites\/263\/2025\/09\/Portaria.-05-2023.-Comissao-de-Estagio-Docencia.pdf\" class=\"wp-block-file__button wp-element-button\" download aria-describedby=\"wp-block-file--media-e59ec6b1-9e38-4ee9-af23-1e2424737c08\">Baixar<\/a><\/div>\n\n\n\n<div data-wp-interactive=\"core\/file\" class=\"wp-block-file\"><object data-wp-bind--hidden=\"!state.hasPdfPreview\" hidden class=\"wp-block-file__embed\" data=\"http:\/\/www.ufpb.br\/ppgmds\/wp-content\/uploads\/sites\/79\/sites\/263\/2025\/09\/Portaria.-02-2024.-Premio-CAPES-de-Tese-2024.pdf\" type=\"application\/pdf\" style=\"width:100%;height:200px\" aria-label=\"Incorporado de Portaria. 02-2024. Pr\u00eamio CAPES de Tese 2024.\"><\/object><a id=\"wp-block-file--media-cd10058b-175f-4da6-bb01-ea2902a16df6\" href=\"http:\/\/www.ufpb.br\/ppgmds\/wp-content\/uploads\/sites\/79\/sites\/263\/2025\/09\/Portaria.-02-2024.-Premio-CAPES-de-Tese-2024.pdf\">Portaria. 02-2024. Pr\u00eamio CAPES de Tese 2024<\/a><a href=\"http:\/\/www.ufpb.br\/ppgmds\/wp-content\/uploads\/sites\/79\/sites\/263\/2025\/09\/Portaria.-02-2024.-Premio-CAPES-de-Tese-2024.pdf\" class=\"wp-block-file__button wp-element-button\" download aria-describedby=\"wp-block-file--media-cd10058b-175f-4da6-bb01-ea2902a16df6\">Baixar<\/a><\/div>\n\n\n\n<div data-wp-interactive=\"core\/file\" class=\"wp-block-file\"><object data-wp-bind--hidden=\"!state.hasPdfPreview\" hidden class=\"wp-block-file__embed\" data=\"http:\/\/www.ufpb.br\/ppgmds\/wp-content\/uploads\/sites\/79\/sites\/263\/2026\/04\/PORTARIA_N30_DE_31_DE_MARODE_2026_-_DISSOLVE_COMISSO_DE_AUTOAVALIAO_1.pdf\" type=\"application\/pdf\" style=\"width:100%;height:200px\" aria-label=\"Incorporado de Portaria. 30-2026. Destitui anterior Comiss\u00e3o de Autoavalia\u00e7\u00e3o do PPGMDS (Portaria 04-2023)..\"><\/object><a id=\"wp-block-file--media-694c0068-4585-4fae-9ed0-4234a1158934\" href=\"http:\/\/www.ufpb.br\/ppgmds\/wp-content\/uploads\/sites\/79\/sites\/263\/2026\/04\/PORTARIA_N30_DE_31_DE_MARODE_2026_-_DISSOLVE_COMISSO_DE_AUTOAVALIAO_1.pdf\">Portaria. 30-2026. Destitui anterior Comiss\u00e3o de Autoavalia\u00e7\u00e3o do PPGMDS (Portaria 04-2023).<\/a><a href=\"http:\/\/www.ufpb.br\/ppgmds\/wp-content\/uploads\/sites\/79\/sites\/263\/2026\/04\/PORTARIA_N30_DE_31_DE_MARODE_2026_-_DISSOLVE_COMISSO_DE_AUTOAVALIAO_1.pdf\" class=\"wp-block-file__button wp-element-button\" download aria-describedby=\"wp-block-file--media-694c0068-4585-4fae-9ed0-4234a1158934\">Baixar<\/a><\/div>\n\n\n\n<div data-wp-interactive=\"core\/file\" class=\"wp-block-file\"><object data-wp-bind--hidden=\"!state.hasPdfPreview\" hidden class=\"wp-block-file__embed\" data=\"http:\/\/www.ufpb.br\/ppgmds\/wp-content\/uploads\/sites\/79\/sites\/263\/2025\/09\/Portaria.-02-2023.-Comissao-de-Gestao-de-Recursos-PROEX.pdf\" type=\"application\/pdf\" style=\"width:100%;height:200px\" aria-label=\"Incorporado de Portaria. 02-2023. Comiss\u00e3o de Gest\u00e3o de Recursos PROEX.\"><\/object><a id=\"wp-block-file--media-fbb319a5-38d4-4459-8ebc-c0e0a8d03783\" href=\"http:\/\/www.ufpb.br\/ppgmds\/wp-content\/uploads\/sites\/79\/sites\/263\/2025\/09\/Portaria.-02-2023.-Comissao-de-Gestao-de-Recursos-PROEX.pdf\">Portaria. 02-2023. Comiss\u00e3o de Gest\u00e3o de Recursos PROEX<\/a><a href=\"http:\/\/www.ufpb.br\/ppgmds\/wp-content\/uploads\/sites\/79\/sites\/263\/2025\/09\/Portaria.-02-2023.-Comissao-de-Gestao-de-Recursos-PROEX.pdf\" class=\"wp-block-file__button wp-element-button\" download aria-describedby=\"wp-block-file--media-fbb319a5-38d4-4459-8ebc-c0e0a8d03783\">Baixar<\/a><\/div>\n\n\n\n<div data-wp-interactive=\"core\/file\" class=\"wp-block-file\"><object data-wp-bind--hidden=\"!state.hasPdfPreview\" hidden class=\"wp-block-file__embed\" data=\"http:\/\/www.ufpb.br\/ppgmds\/wp-content\/uploads\/sites\/79\/sites\/263\/2025\/09\/Portaria.-133-2023.-CAPES.-Permissao-de-acumulo-de-bolsa-com-atividade-remunerada-1.pdf\" type=\"application\/pdf\" style=\"width:100%;height:200px\" aria-label=\"Incorporado de Portaria. 133-2023. CAPES. Permiss\u00e3o de ac\u00famulo de bolsa com atividade remunerada..\"><\/object><a id=\"wp-block-file--media-1fe364d0-96bf-4e79-8b3d-d90cbc8e9b83\" href=\"http:\/\/www.ufpb.br\/ppgmds\/wp-content\/uploads\/sites\/79\/sites\/263\/2025\/09\/Portaria.-133-2023.-CAPES.-Permissao-de-acumulo-de-bolsa-com-atividade-remunerada-1.pdf\">Portaria. 133-2023. CAPES. Permiss\u00e3o de ac\u00famulo de bolsa com atividade remunerada.<\/a><a href=\"http:\/\/www.ufpb.br\/ppgmds\/wp-content\/uploads\/sites\/79\/sites\/263\/2025\/09\/Portaria.-133-2023.-CAPES.-Permissao-de-acumulo-de-bolsa-com-atividade-remunerada-1.pdf\" class=\"wp-block-file__button wp-element-button\" download aria-describedby=\"wp-block-file--media-1fe364d0-96bf-4e79-8b3d-d90cbc8e9b83\">Baixar<\/a><\/div>\n\n\n\n<p><\/p>\n","protected":false},"excerpt":{"rendered":"","protected":false},"author":364,"featured_media":0,"parent":0,"menu_order":0,"comment_status":"closed","ping_status":"closed","template":"","meta":{"footnotes":""},"class_list":["post-848","page","type-page","status-publish","hentry"],"_links":{"self":[{"href":"https:\/\/www.ufpb.br\/ppgmds\/wp-json\/wp\/v2\/pages\/848","targetHints":{"allow":["GET"]}}],"collection":[{"href":"https:\/\/www.ufpb.br\/ppgmds\/wp-json\/wp\/v2\/pages"}],"about":[{"href":"https:\/\/www.ufpb.br\/ppgmds\/wp-json\/wp\/v2\/types\/page"}],"author":[{"embeddable":true,"href":"https:\/\/www.ufpb.br\/ppgmds\/wp-json\/wp\/v2\/users\/364"}],"replies":[{"embeddable":true,"href":"https:\/\/www.ufpb.br\/ppgmds\/wp-json\/wp\/v2\/comments?post=848"}],"version-history":[{"count":7,"href":"https:\/\/www.ufpb.br\/ppgmds\/wp-json\/wp\/v2\/pages\/848\/revisions"}],"predecessor-version":[{"id":938,"href":"https:\/\/www.ufpb.br\/ppgmds\/wp-json\/wp\/v2\/pages\/848\/revisions\/938"}],"wp:attachment":[{"href":"https:\/\/www.ufpb.br\/ppgmds\/wp-json\/wp\/v2\/media?parent=848"}],"curies":[{"name":"wp","href":"https:\/\/api.w.org\/{rel}","templated":true}]}}