{"id":850,"date":"2026-04-13T13:43:42","date_gmt":"2026-04-13T16:43:42","guid":{"rendered":"https:\/\/www.ufpb.br\/ppgmds\/?page_id=850"},"modified":"2026-04-28T13:02:04","modified_gmt":"2026-04-28T16:02:04","slug":"documentos-resolucoes","status":"publish","type":"page","link":"https:\/\/www.ufpb.br\/ppgmds\/documentos-resolucoes\/","title":{"rendered":"Documentos &#8211; Resolu\u00e7\u00f5es"},"content":{"rendered":"\n<div data-wp-interactive=\"core\/file\" class=\"wp-block-file\"><object data-wp-bind--hidden=\"!state.hasPdfPreview\" hidden class=\"wp-block-file__embed\" data=\"http:\/\/www.ufpb.br\/ppgmds\/wp-content\/uploads\/sites\/79\/sites\/263\/2026\/04\/Resolucao.-CONSEPE-52-2014-e-33-2021.-Normas-gerais-para-o-desenvolvimento-do-estagio-pos-doutoral-ou-pos-doutoramento-no-ambito-da-Universidade-Federal-da-Paraiba.-Pos-doc.pdf\" type=\"application\/pdf\" style=\"width:100%;height:200px\" aria-label=\"Incorporado de Resolu\u00e7\u00e3o. CONSEPE 52-2014 e 33-2021. Normas gerais para o desenvolvimento do est\u00e1gio p\u00f3s-doutoral ou p\u00f3s doutoramento no \u00e2mbito da Universidade Federal da Para\u00edba. P\u00f3s-doc..\"><\/object><a id=\"wp-block-file--media-a3bc0728-5a72-42ad-9ee8-3230cc3e2e4e\" href=\"http:\/\/www.ufpb.br\/ppgmds\/wp-content\/uploads\/sites\/79\/sites\/263\/2026\/04\/Resolucao.-CONSEPE-52-2014-e-33-2021.-Normas-gerais-para-o-desenvolvimento-do-estagio-pos-doutoral-ou-pos-doutoramento-no-ambito-da-Universidade-Federal-da-Paraiba.-Pos-doc.pdf\">Resolu\u00e7\u00e3o. CONSEPE 52-2014 e 33-2021. Normas gerais para o desenvolvimento do est\u00e1gio p\u00f3s-doutoral ou p\u00f3s doutoramento no \u00e2mbito da Universidade Federal da Para\u00edba. P\u00f3s-doc.<\/a><a href=\"http:\/\/www.ufpb.br\/ppgmds\/wp-content\/uploads\/sites\/79\/sites\/263\/2026\/04\/Resolucao.-CONSEPE-52-2014-e-33-2021.-Normas-gerais-para-o-desenvolvimento-do-estagio-pos-doutoral-ou-pos-doutoramento-no-ambito-da-Universidade-Federal-da-Paraiba.-Pos-doc.pdf\" class=\"wp-block-file__button wp-element-button\" download aria-describedby=\"wp-block-file--media-a3bc0728-5a72-42ad-9ee8-3230cc3e2e4e\">Baixar<\/a><\/div>\n\n\n\n<div data-wp-interactive=\"core\/file\" class=\"wp-block-file\"><object data-wp-bind--hidden=\"!state.hasPdfPreview\" hidden class=\"wp-block-file__embed\" data=\"http:\/\/www.ufpb.br\/ppgmds\/wp-content\/uploads\/sites\/79\/sites\/263\/2026\/04\/Resolucao.-CONSEPE.-02-2026.-Novo-Regulamento-de-Estagio-Docencia.pdf\" type=\"application\/pdf\" style=\"width:100%;height:200px\" aria-label=\"Incorporado de Resolu\u00e7\u00e3o. CONSEPE. 02 - 2026. Novo Regulamento de Est\u00e1gio Doc\u00eancia..\"><\/object><a id=\"wp-block-file--media-e0afde46-c38a-4bc7-8a56-e09973626af2\" href=\"http:\/\/www.ufpb.br\/ppgmds\/wp-content\/uploads\/sites\/79\/sites\/263\/2026\/04\/Resolucao.-CONSEPE.-02-2026.-Novo-Regulamento-de-Estagio-Docencia.pdf\">Resolu\u00e7\u00e3o. CONSEPE. 02 &#8211; 2026. Novo Regulamento de Est\u00e1gio Doc\u00eancia.<\/a><a href=\"http:\/\/www.ufpb.br\/ppgmds\/wp-content\/uploads\/sites\/79\/sites\/263\/2026\/04\/Resolucao.-CONSEPE.-02-2026.-Novo-Regulamento-de-Estagio-Docencia.pdf\" class=\"wp-block-file__button wp-element-button\" download aria-describedby=\"wp-block-file--media-e0afde46-c38a-4bc7-8a56-e09973626af2\">Baixar<\/a><\/div>\n\n\n\n<div data-wp-interactive=\"core\/file\" class=\"wp-block-file\"><object data-wp-bind--hidden=\"!state.hasPdfPreview\" hidden class=\"wp-block-file__embed\" data=\"http:\/\/www.ufpb.br\/ppgmds\/wp-content\/uploads\/sites\/79\/sites\/263\/2026\/04\/Resolucao.-Consepe.-26-2025.-Altera-artigos-da-Resolucao-Consepe-54-2025-Regulamento-Geral-da-Pos-na-UFPB.pdf\" type=\"application\/pdf\" style=\"width:100%;height:200px\" aria-label=\"Incorporado de Resolu\u00e7\u00e3o. Consepe. 26-2025. Altera artigos da Resolu\u00e7\u00e3o Consepe 54-2025 Regulamento Geral da P\u00f3s na UFPB..\"><\/object><a id=\"wp-block-file--media-e5252b6c-e201-4924-baaf-ef21a76553ea\" href=\"http:\/\/www.ufpb.br\/ppgmds\/wp-content\/uploads\/sites\/79\/sites\/263\/2026\/04\/Resolucao.-Consepe.-26-2025.-Altera-artigos-da-Resolucao-Consepe-54-2025-Regulamento-Geral-da-Pos-na-UFPB.pdf\">Resolu\u00e7\u00e3o. Consepe. 26-2025. Altera artigos da Resolu\u00e7\u00e3o Consepe 54-2025 Regulamento Geral da P\u00f3s na UFPB.<\/a><a href=\"http:\/\/www.ufpb.br\/ppgmds\/wp-content\/uploads\/sites\/79\/sites\/263\/2026\/04\/Resolucao.-Consepe.-26-2025.-Altera-artigos-da-Resolucao-Consepe-54-2025-Regulamento-Geral-da-Pos-na-UFPB.pdf\" class=\"wp-block-file__button wp-element-button\" download aria-describedby=\"wp-block-file--media-e5252b6c-e201-4924-baaf-ef21a76553ea\">Baixar<\/a><\/div>\n\n\n\n<div data-wp-interactive=\"core\/file\" class=\"wp-block-file\"><object data-wp-bind--hidden=\"!state.hasPdfPreview\" hidden class=\"wp-block-file__embed\" data=\"http:\/\/www.ufpb.br\/ppgmds\/wp-content\/uploads\/sites\/79\/sites\/263\/2026\/04\/Resolucao.-CONSEPE.-33-2021.-Estagio-Pos-doutoral.-Pos-doutorado.pdf\" type=\"application\/pdf\" style=\"width:100%;height:200px\" aria-label=\"Incorporado de Resolu\u00e7\u00e3o. CONSEPE. 33-2021. Est\u00e1gio P\u00f3s-doutoral. P\u00f3s-doutorado..\"><\/object><a id=\"wp-block-file--media-09b8e5e5-3795-43a6-8e8d-d798c946344d\" href=\"http:\/\/www.ufpb.br\/ppgmds\/wp-content\/uploads\/sites\/79\/sites\/263\/2026\/04\/Resolucao.-CONSEPE.-33-2021.-Estagio-Pos-doutoral.-Pos-doutorado.pdf\">Resolu\u00e7\u00e3o. CONSEPE. 33-2021. Est\u00e1gio P\u00f3s-doutoral. P\u00f3s-doutorado.<\/a><a href=\"http:\/\/www.ufpb.br\/ppgmds\/wp-content\/uploads\/sites\/79\/sites\/263\/2026\/04\/Resolucao.-CONSEPE.-33-2021.-Estagio-Pos-doutoral.-Pos-doutorado.pdf\" class=\"wp-block-file__button wp-element-button\" download aria-describedby=\"wp-block-file--media-09b8e5e5-3795-43a6-8e8d-d798c946344d\">Baixar<\/a><\/div>\n\n\n\n<div data-wp-interactive=\"core\/file\" class=\"wp-block-file\"><object data-wp-bind--hidden=\"!state.hasPdfPreview\" hidden class=\"wp-block-file__embed\" data=\"http:\/\/www.ufpb.br\/ppgmds\/wp-content\/uploads\/sites\/79\/sites\/263\/2026\/04\/Resolucao.-CONSEPE.-13-2021.-Programa-Institucional-de-Auxilio-a-discente-de-pos-graduacao.pdf\" type=\"application\/pdf\" style=\"width:100%;height:200px\" aria-label=\"Incorporado de Resolu\u00e7\u00e3o. CONSEPE. 13-2021. Programa Institucional de Aux\u00edlio a discente de p\u00f3s-gradua\u00e7\u00e3o..\"><\/object><a id=\"wp-block-file--media-5747b12f-16f1-4219-8f74-6920812ca578\" href=\"http:\/\/www.ufpb.br\/ppgmds\/wp-content\/uploads\/sites\/79\/sites\/263\/2026\/04\/Resolucao.-CONSEPE.-13-2021.-Programa-Institucional-de-Auxilio-a-discente-de-pos-graduacao.pdf\">Resolu\u00e7\u00e3o. CONSEPE. 13-2021. Programa Institucional de Aux\u00edlio a discente de p\u00f3s-gradua\u00e7\u00e3o.<\/a><a href=\"http:\/\/www.ufpb.br\/ppgmds\/wp-content\/uploads\/sites\/79\/sites\/263\/2026\/04\/Resolucao.-CONSEPE.-13-2021.-Programa-Institucional-de-Auxilio-a-discente-de-pos-graduacao.pdf\" class=\"wp-block-file__button wp-element-button\" download aria-describedby=\"wp-block-file--media-5747b12f-16f1-4219-8f74-6920812ca578\">Baixar<\/a><\/div>\n\n\n\n<div data-wp-interactive=\"core\/file\" class=\"wp-block-file\"><object data-wp-bind--hidden=\"!state.hasPdfPreview\" hidden class=\"wp-block-file__embed\" data=\"http:\/\/www.ufpb.br\/ppgmds\/wp-content\/uploads\/sites\/79\/sites\/263\/2026\/04\/Resolucao.Consepe.10-2025.-Politica-de-melhoria-e-processos-de-autoavaliacao-e-planejamento-institucional-na-Pos-Graduacao.pdf\" type=\"application\/pdf\" style=\"width:100%;height:200px\" aria-label=\"Incorporado de Resolu\u00e7\u00e3o.Consepe.10-2025. Pol\u00edtica de melhoria e processos de autoavalia\u00e7\u00e3o e planejamento institucional na P\u00f3s-Gradua\u00e7\u00e3o..\"><\/object><a id=\"wp-block-file--media-535231de-292a-44d8-9bdc-cd8060fed16c\" href=\"http:\/\/www.ufpb.br\/ppgmds\/wp-content\/uploads\/sites\/79\/sites\/263\/2026\/04\/Resolucao.Consepe.10-2025.-Politica-de-melhoria-e-processos-de-autoavaliacao-e-planejamento-institucional-na-Pos-Graduacao.pdf\">Resolu\u00e7\u00e3o.Consepe.10-2025. Pol\u00edtica de melhoria e processos de autoavalia\u00e7\u00e3o e planejamento institucional na P\u00f3s-Gradua\u00e7\u00e3o.<\/a><a href=\"http:\/\/www.ufpb.br\/ppgmds\/wp-content\/uploads\/sites\/79\/sites\/263\/2026\/04\/Resolucao.Consepe.10-2025.-Politica-de-melhoria-e-processos-de-autoavaliacao-e-planejamento-institucional-na-Pos-Graduacao.pdf\" class=\"wp-block-file__button wp-element-button\" download aria-describedby=\"wp-block-file--media-535231de-292a-44d8-9bdc-cd8060fed16c\">Baixar<\/a><\/div>\n\n\n\n<div data-wp-interactive=\"core\/file\" class=\"wp-block-file\"><object data-wp-bind--hidden=\"!state.hasPdfPreview\" hidden class=\"wp-block-file__embed\" data=\"http:\/\/www.ufpb.br\/ppgmds\/wp-content\/uploads\/sites\/79\/sites\/263\/2025\/09\/Resolucao.-CONSEPE.-06-2024.-Normas-da-UFPB-para-acumulo-de-bolsas-com-atividade-remunerada.pdf\" type=\"application\/pdf\" style=\"width:100%;height:200px\" aria-label=\"Incorporado de Resolu\u00e7\u00e3o. CONSEPE. 06-2024. Normas da UFPB para ac\u00famulo de bolsas com atividade remunerada.\"><\/object><a id=\"wp-block-file--media-0c833083-25e1-4e5a-9842-78fb0ed74ee1\" href=\"http:\/\/www.ufpb.br\/ppgmds\/wp-content\/uploads\/sites\/79\/sites\/263\/2025\/09\/Resolucao.-CONSEPE.-06-2024.-Normas-da-UFPB-para-acumulo-de-bolsas-com-atividade-remunerada.pdf\">Resolu\u00e7\u00e3o. CONSEPE. 06-2024. Normas da UFPB para ac\u00famulo de bolsas com atividade remunerada<\/a><a href=\"http:\/\/www.ufpb.br\/ppgmds\/wp-content\/uploads\/sites\/79\/sites\/263\/2025\/09\/Resolucao.-CONSEPE.-06-2024.-Normas-da-UFPB-para-acumulo-de-bolsas-com-atividade-remunerada.pdf\" class=\"wp-block-file__button wp-element-button\" download aria-describedby=\"wp-block-file--media-0c833083-25e1-4e5a-9842-78fb0ed74ee1\">Baixar<\/a><\/div>\n\n\n\n<div data-wp-interactive=\"core\/file\" class=\"wp-block-file\"><object data-wp-bind--hidden=\"!state.hasPdfPreview\" hidden class=\"wp-block-file__embed\" data=\"http:\/\/www.ufpb.br\/ppgmds\/wp-content\/uploads\/sites\/79\/sites\/263\/2026\/02\/RESOLUCAO-N\u00b0-02_2025-PPGMDS-RESIDPG.pdf\" type=\"application\/pdf\" style=\"width:100%;height:200px\" aria-label=\"Incorporado de .RESOLU\u00c7\u00c3O N\u00b0 02_2025 PPGMDS - RESIDPG.\"><\/object><a id=\"wp-block-file--media-c681b744-f260-43b2-aba6-d635e59410d1\" href=\"http:\/\/www.ufpb.br\/ppgmds\/wp-content\/uploads\/sites\/79\/sites\/263\/2026\/02\/RESOLUCAO-N\u00b0-02_2025-PPGMDS-RESIDPG.pdf\">.RESOLU\u00c7\u00c3O N\u00b0 02_2025 PPGMDS &#8211; RESIDPG<\/a><a href=\"http:\/\/www.ufpb.br\/ppgmds\/wp-content\/uploads\/sites\/79\/sites\/263\/2026\/02\/RESOLUCAO-N\u00b0-02_2025-PPGMDS-RESIDPG.pdf\" class=\"wp-block-file__button wp-element-button\" download aria-describedby=\"wp-block-file--media-c681b744-f260-43b2-aba6-d635e59410d1\">Baixar<\/a><\/div>\n\n\n\n<div data-wp-interactive=\"core\/file\" class=\"wp-block-file\"><object data-wp-bind--hidden=\"!state.hasPdfPreview\" hidden class=\"wp-block-file__embed\" data=\"http:\/\/www.ufpb.br\/ppgmds\/wp-content\/uploads\/sites\/79\/sites\/263\/2025\/09\/Resolucao.-CONSEPE.-52-2015.-Regulamento-PPGMDS.pdf\" type=\"application\/pdf\" style=\"width:100%;height:200px\" aria-label=\"Incorporado de Resolu\u00e7\u00e3o. CONSEPE. 52-2015. Regulamento PPGMDS.\"><\/object><a id=\"wp-block-file--media-b42f5fc5-c10b-4679-93ad-7bc888dcd4a0\" href=\"http:\/\/www.ufpb.br\/ppgmds\/wp-content\/uploads\/sites\/79\/sites\/263\/2025\/09\/Resolucao.-CONSEPE.-52-2015.-Regulamento-PPGMDS.pdf\">Resolu\u00e7\u00e3o. CONSEPE. 52-2015. Regulamento PPGMDS<\/a><a href=\"http:\/\/www.ufpb.br\/ppgmds\/wp-content\/uploads\/sites\/79\/sites\/263\/2025\/09\/Resolucao.-CONSEPE.-52-2015.-Regulamento-PPGMDS.pdf\" class=\"wp-block-file__button wp-element-button\" download aria-describedby=\"wp-block-file--media-b42f5fc5-c10b-4679-93ad-7bc888dcd4a0\">Baixar<\/a><\/div>\n\n\n\n<div data-wp-interactive=\"core\/file\" class=\"wp-block-file\"><object data-wp-bind--hidden=\"!state.hasPdfPreview\" hidden class=\"wp-block-file__embed\" data=\"http:\/\/www.ufpb.br\/ppgmds\/wp-content\/uploads\/sites\/79\/sites\/263\/2025\/09\/Resolucao.-CONSEPE.-58-2016.-Acoes-afirmativas-na-UFPB.pdf\" type=\"application\/pdf\" style=\"width:100%;height:200px\" aria-label=\"Incorporado de Resolu\u00e7\u00e3o. CONSEPE. 58-2016. A\u00e7\u00f5es afirmativas na UFPB..\"><\/object><a id=\"wp-block-file--media-7a27380c-0037-444f-941d-14b5db9c9195\" href=\"http:\/\/www.ufpb.br\/ppgmds\/wp-content\/uploads\/sites\/79\/sites\/263\/2025\/09\/Resolucao.-CONSEPE.-58-2016.-Acoes-afirmativas-na-UFPB.pdf\">Resolu\u00e7\u00e3o. CONSEPE. 58-2016. A\u00e7\u00f5es afirmativas na UFPB.<\/a><a href=\"http:\/\/www.ufpb.br\/ppgmds\/wp-content\/uploads\/sites\/79\/sites\/263\/2025\/09\/Resolucao.-CONSEPE.-58-2016.-Acoes-afirmativas-na-UFPB.pdf\" class=\"wp-block-file__button wp-element-button\" download aria-describedby=\"wp-block-file--media-7a27380c-0037-444f-941d-14b5db9c9195\">Baixar<\/a><\/div>\n\n\n\n<div data-wp-interactive=\"core\/file\" class=\"wp-block-file\"><object data-wp-bind--hidden=\"!state.hasPdfPreview\" hidden class=\"wp-block-file__embed\" data=\"http:\/\/www.ufpb.br\/ppgmds\/wp-content\/uploads\/sites\/79\/sites\/263\/2025\/09\/Resolucao.-01-2024.-Normas-de-credenciamento-e-recredenciamento-no-Programa-Docentes-1.pdf\" type=\"application\/pdf\" style=\"width:100%;height:200px\" aria-label=\"Incorporado de Resolu\u00e7\u00e3o. 01-2024. Normas de credenciamento e recredenciamento no Programa (Docentes).\"><\/object><a id=\"wp-block-file--media-f8622164-5de0-4844-9e22-0bcfccd11899\" href=\"http:\/\/www.ufpb.br\/ppgmds\/wp-content\/uploads\/sites\/79\/sites\/263\/2025\/09\/Resolucao.-01-2024.-Normas-de-credenciamento-e-recredenciamento-no-Programa-Docentes-1.pdf\">Resolu\u00e7\u00e3o. 01-2024. Normas de credenciamento e recredenciamento no Programa (Docentes)<\/a><a href=\"http:\/\/www.ufpb.br\/ppgmds\/wp-content\/uploads\/sites\/79\/sites\/263\/2025\/09\/Resolucao.-01-2024.-Normas-de-credenciamento-e-recredenciamento-no-Programa-Docentes-1.pdf\" class=\"wp-block-file__button wp-element-button\" download aria-describedby=\"wp-block-file--media-f8622164-5de0-4844-9e22-0bcfccd11899\">Baixar<\/a><\/div>\n\n\n\n<div data-wp-interactive=\"core\/file\" class=\"wp-block-file\"><object data-wp-bind--hidden=\"!state.hasPdfPreview\" hidden class=\"wp-block-file__embed\" data=\"http:\/\/www.ufpb.br\/ppgmds\/wp-content\/uploads\/sites\/79\/sites\/263\/2025\/09\/Resolucao.-01-2022.-Revistas-Predatorias-periodicos-de-baixa-confiabilidade.pdf\" type=\"application\/pdf\" style=\"width:100%;height:200px\" aria-label=\"Incorporado de Resolu\u00e7\u00e3o. 01-2022. Revistas Predat\u00f3rias (peri\u00f3dicos de baixa confiabilidade).\"><\/object><a id=\"wp-block-file--media-2b66b03a-ed66-4bc4-bb86-c111c76b524f\" href=\"http:\/\/www.ufpb.br\/ppgmds\/wp-content\/uploads\/sites\/79\/sites\/263\/2025\/09\/Resolucao.-01-2022.-Revistas-Predatorias-periodicos-de-baixa-confiabilidade.pdf\">Resolu\u00e7\u00e3o. 01-2022. Revistas Predat\u00f3rias (peri\u00f3dicos de baixa confiabilidade)<\/a><a href=\"http:\/\/www.ufpb.br\/ppgmds\/wp-content\/uploads\/sites\/79\/sites\/263\/2025\/09\/Resolucao.-01-2022.-Revistas-Predatorias-periodicos-de-baixa-confiabilidade.pdf\" class=\"wp-block-file__button wp-element-button\" download aria-describedby=\"wp-block-file--media-2b66b03a-ed66-4bc4-bb86-c111c76b524f\">Baixar<\/a><\/div>\n\n\n\n<div data-wp-interactive=\"core\/file\" class=\"wp-block-file\"><object data-wp-bind--hidden=\"!state.hasPdfPreview\" hidden class=\"wp-block-file__embed\" data=\"http:\/\/www.ufpb.br\/ppgmds\/wp-content\/uploads\/sites\/79\/sites\/263\/2025\/09\/Resolucao.-CONSEPE.-54-2024.-Regulamento-Geral-da-Pos-Graduacao-na-UFPB.pdf\" type=\"application\/pdf\" style=\"width:100%;height:200px\" aria-label=\"Incorporado de Resolu\u00e7\u00e3o. CONSEPE. 54-2024. Regulamento Geral da P\u00f3s-Gradua\u00e7\u00e3o na UFPB.\"><\/object><a id=\"wp-block-file--media-8b2d2a76-d54b-4910-b01d-d0240b4ba2ba\" href=\"http:\/\/www.ufpb.br\/ppgmds\/wp-content\/uploads\/sites\/79\/sites\/263\/2025\/09\/Resolucao.-CONSEPE.-54-2024.-Regulamento-Geral-da-Pos-Graduacao-na-UFPB.pdf\">Resolu\u00e7\u00e3o. CONSEPE. 54-2024. Regulamento Geral da P\u00f3s-Gradua\u00e7\u00e3o na UFPB<\/a><a href=\"http:\/\/www.ufpb.br\/ppgmds\/wp-content\/uploads\/sites\/79\/sites\/263\/2025\/09\/Resolucao.-CONSEPE.-54-2024.-Regulamento-Geral-da-Pos-Graduacao-na-UFPB.pdf\" class=\"wp-block-file__button wp-element-button\" download aria-describedby=\"wp-block-file--media-8b2d2a76-d54b-4910-b01d-d0240b4ba2ba\">Baixar<\/a><\/div>\n\n\n\n<div data-wp-interactive=\"core\/file\" class=\"wp-block-file\"><object data-wp-bind--hidden=\"!state.hasPdfPreview\" hidden class=\"wp-block-file__embed\" data=\"http:\/\/www.ufpb.br\/ppgmds\/wp-content\/uploads\/sites\/79\/sites\/263\/2025\/09\/Resolucao.-01-2025.-Concessao-de-Bolsas-no-PPGMDS-1.pdf\" type=\"application\/pdf\" style=\"width:100%;height:200px\" aria-label=\"Incorporado de Resolu\u00e7\u00e3o. 01-2025. Concess\u00e3o de Bolsas no PPGMDS..\"><\/object><a id=\"wp-block-file--media-db565d48-f24b-4cc9-bfc8-0c8a28114c99\" href=\"http:\/\/www.ufpb.br\/ppgmds\/wp-content\/uploads\/sites\/79\/sites\/263\/2025\/09\/Resolucao.-01-2025.-Concessao-de-Bolsas-no-PPGMDS-1.pdf\">Resolu\u00e7\u00e3o. 01-2025. Concess\u00e3o de Bolsas no PPGMDS.<\/a><a href=\"http:\/\/www.ufpb.br\/ppgmds\/wp-content\/uploads\/sites\/79\/sites\/263\/2025\/09\/Resolucao.-01-2025.-Concessao-de-Bolsas-no-PPGMDS-1.pdf\" class=\"wp-block-file__button wp-element-button\" download aria-describedby=\"wp-block-file--media-db565d48-f24b-4cc9-bfc8-0c8a28114c99\">Baixar<\/a><\/div>\n","protected":false},"excerpt":{"rendered":"","protected":false},"author":364,"featured_media":0,"parent":0,"menu_order":0,"comment_status":"closed","ping_status":"closed","template":"","meta":{"footnotes":""},"class_list":["post-850","page","type-page","status-publish","hentry"],"_links":{"self":[{"href":"https:\/\/www.ufpb.br\/ppgmds\/wp-json\/wp\/v2\/pages\/850","targetHints":{"allow":["GET"]}}],"collection":[{"href":"https:\/\/www.ufpb.br\/ppgmds\/wp-json\/wp\/v2\/pages"}],"about":[{"href":"https:\/\/www.ufpb.br\/ppgmds\/wp-json\/wp\/v2\/types\/page"}],"author":[{"embeddable":true,"href":"https:\/\/www.ufpb.br\/ppgmds\/wp-json\/wp\/v2\/users\/364"}],"replies":[{"embeddable":true,"href":"https:\/\/www.ufpb.br\/ppgmds\/wp-json\/wp\/v2\/comments?post=850"}],"version-history":[{"count":4,"href":"https:\/\/www.ufpb.br\/ppgmds\/wp-json\/wp\/v2\/pages\/850\/revisions"}],"predecessor-version":[{"id":917,"href":"https:\/\/www.ufpb.br\/ppgmds\/wp-json\/wp\/v2\/pages\/850\/revisions\/917"}],"wp:attachment":[{"href":"https:\/\/www.ufpb.br\/ppgmds\/wp-json\/wp\/v2\/media?parent=850"}],"curies":[{"name":"wp","href":"https:\/\/api.w.org\/{rel}","templated":true}]}}