{"id":108,"date":"2024-12-30T12:18:44","date_gmt":"2024-12-30T15:18:44","guid":{"rendered":"https:\/\/www.ufpb.br\/recredenciamento\/?page_id=108"},"modified":"2025-02-18T14:35:50","modified_gmt":"2025-02-18T17:35:50","slug":"estruturas-dos-gts","status":"publish","type":"page","link":"https:\/\/www.ufpb.br\/recredenciamento\/estruturas-dos-gts\/","title":{"rendered":"Estruturas dos GTs"},"content":{"rendered":"\n<figure class=\"wp-block-image size-large\"><img loading=\"lazy\" decoding=\"async\" width=\"1024\" height=\"594\" src=\"http:\/\/www.ufpb.br\/recredenciamento\/wp-content\/uploads\/sites\/79\/sites\/247\/2025\/01\/1024-Biblioteca5-1024x594.png\" alt=\"\" class=\"wp-image-243\" srcset=\"https:\/\/www.ufpb.br\/recredenciamento\/wp-content\/uploads\/sites\/79\/sites\/247\/2025\/01\/1024-Biblioteca5-1024x594.png 1024w, https:\/\/www.ufpb.br\/recredenciamento\/wp-content\/uploads\/sites\/79\/sites\/247\/2025\/01\/1024-Biblioteca5-300x174.png 300w, https:\/\/www.ufpb.br\/recredenciamento\/wp-content\/uploads\/sites\/79\/sites\/247\/2025\/01\/1024-Biblioteca5-768x445.png 768w, https:\/\/www.ufpb.br\/recredenciamento\/wp-content\/uploads\/sites\/79\/sites\/247\/2025\/01\/1024-Biblioteca5.png 1373w\" sizes=\"auto, (max-width: 1024px) 100vw, 1024px\" \/><figcaption class=\"wp-element-caption\">Biblioteca Central &#8211; Campus I &#8211; Jo\u00e3o Pessoa (Foto: Gustavo Ribeiro)<\/figcaption><\/figure>\n\n\n\n<p><\/p>\n\n\n\n<p>Os Grupos de Trabalho (GTs) foram organizados tendo em vista a necessidade de coleta sistematizada das evid\u00eancias para o processo de avalia\u00e7\u00e3o do Recredenciamento Institucional.<\/p>\n\n\n\n<p>Cada GT tem um coordenador, designado por portaria assinada pela Reitora Terezinha Domiciano, os quais trabalham diretamente com o Procurador Educacional Institucional (PI), prof. Hildebrando Di\u00f3genes, para o bom andamento do fluxo de trabalho, o respeito aos cronogramas e a consolida\u00e7\u00e3o precisa das informa\u00e7\u00f5es solicitadas.<\/p>\n\n\n\n<p>A estrutura \u00e9 composta de 6 GTs, respons\u00e1veis por itens espec\u00edficos do instrumento de coleta de informa\u00e7\u00f5es, que trabalham atrav\u00e9s de um organograma em rede, mediado por um aplicativo de gest\u00e3o e fluxo de trabalho (Trello), a partir do qual todos os dados s\u00e3o sistematizados sob a coordena\u00e7\u00e3o ativa do Procurador Institucional.<\/p>\n\n\n\n<p><\/p>\n","protected":false},"excerpt":{"rendered":"<p>Os Grupos de Trabalho (GTs) foram organizados tendo em vista a necessidade de coleta sistematizada das evid\u00eancias para o processo de avalia\u00e7\u00e3o do Recredenciamento Institucional. Cada GT tem um coordenador, designado por portaria assinada pela Reitora Terezinha Domiciano, os quais trabalham diretamente com o Procurador Educacional Institucional (PI), prof. Hildebrando Di\u00f3genes, para o bom andamento [&hellip;]<\/p>\n","protected":false},"author":63,"featured_media":0,"parent":0,"menu_order":0,"comment_status":"closed","ping_status":"closed","template":"","meta":{"footnotes":""},"class_list":["post-108","page","type-page","status-publish","hentry"],"_links":{"self":[{"href":"https:\/\/www.ufpb.br\/recredenciamento\/wp-json\/wp\/v2\/pages\/108","targetHints":{"allow":["GET"]}}],"collection":[{"href":"https:\/\/www.ufpb.br\/recredenciamento\/wp-json\/wp\/v2\/pages"}],"about":[{"href":"https:\/\/www.ufpb.br\/recredenciamento\/wp-json\/wp\/v2\/types\/page"}],"author":[{"embeddable":true,"href":"https:\/\/www.ufpb.br\/recredenciamento\/wp-json\/wp\/v2\/users\/63"}],"replies":[{"embeddable":true,"href":"https:\/\/www.ufpb.br\/recredenciamento\/wp-json\/wp\/v2\/comments?post=108"}],"version-history":[{"count":7,"href":"https:\/\/www.ufpb.br\/recredenciamento\/wp-json\/wp\/v2\/pages\/108\/revisions"}],"predecessor-version":[{"id":290,"href":"https:\/\/www.ufpb.br\/recredenciamento\/wp-json\/wp\/v2\/pages\/108\/revisions\/290"}],"wp:attachment":[{"href":"https:\/\/www.ufpb.br\/recredenciamento\/wp-json\/wp\/v2\/media?parent=108"}],"curies":[{"name":"wp","href":"https:\/\/api.w.org\/{rel}","templated":true}]}}