{"id":110,"date":"2024-12-30T12:19:02","date_gmt":"2024-12-30T15:19:02","guid":{"rendered":"https:\/\/www.ufpb.br\/recredenciamento\/?page_id=110"},"modified":"2025-02-18T14:37:10","modified_gmt":"2025-02-18T17:37:10","slug":"membros-atuais","status":"publish","type":"page","link":"https:\/\/www.ufpb.br\/recredenciamento\/membros-atuais\/","title":{"rendered":"Membros Atuais"},"content":{"rendered":"\n<figure class=\"wp-block-image size-large\"><img loading=\"lazy\" decoding=\"async\" width=\"1024\" height=\"768\" src=\"http:\/\/www.ufpb.br\/recredenciamento\/wp-content\/uploads\/sites\/79\/sites\/247\/2025\/01\/Drone-Campus-Areia-05.09.2024-Foto-Gustavo-Ribeiro-Aerea-19-1024x768.jpg\" alt=\"\" class=\"wp-image-234\" srcset=\"https:\/\/www.ufpb.br\/recredenciamento\/wp-content\/uploads\/sites\/79\/sites\/247\/2025\/01\/Drone-Campus-Areia-05.09.2024-Foto-Gustavo-Ribeiro-Aerea-19-1024x768.jpg 1024w, https:\/\/www.ufpb.br\/recredenciamento\/wp-content\/uploads\/sites\/79\/sites\/247\/2025\/01\/Drone-Campus-Areia-05.09.2024-Foto-Gustavo-Ribeiro-Aerea-19-300x225.jpg 300w, https:\/\/www.ufpb.br\/recredenciamento\/wp-content\/uploads\/sites\/79\/sites\/247\/2025\/01\/Drone-Campus-Areia-05.09.2024-Foto-Gustavo-Ribeiro-Aerea-19-768x576.jpg 768w, https:\/\/www.ufpb.br\/recredenciamento\/wp-content\/uploads\/sites\/79\/sites\/247\/2025\/01\/Drone-Campus-Areia-05.09.2024-Foto-Gustavo-Ribeiro-Aerea-19-1536x1152.jpg 1536w, https:\/\/www.ufpb.br\/recredenciamento\/wp-content\/uploads\/sites\/79\/sites\/247\/2025\/01\/Drone-Campus-Areia-05.09.2024-Foto-Gustavo-Ribeiro-Aerea-19-2048x1536.jpg 2048w\" sizes=\"auto, (max-width: 1024px) 100vw, 1024px\" \/><figcaption class=\"wp-element-caption\">Campus II &#8211; Areia (Foto: Gustavo Ribeiro)<\/figcaption><\/figure>\n\n\n\n<p><strong>Procurador Educacional Institucional<\/strong> (PI): Hildebrando Jos\u00e9 Farkat Di\u00f3genes<\/p>\n\n\n\n<p><\/p>\n\n\n\n<hr class=\"wp-block-separator has-alpha-channel-opacity\" \/>\n\n\n\n<p><strong>GT 01<\/strong> &#8211; Coordenador: Jos\u00e9 Mancinelli Ledo do Nascimento (Coordenador da CPA). <\/p>\n\n\n\n<p>Componentes: <\/p>\n\n\n\n<ul class=\"wp-block-list\">\n<li>Gabinete da Reitora<\/li>\n\n\n\n<li>Comiss\u00e3o Pr\u00f3pria de Avalia\u00e7\u00e3o (CPA)<\/li>\n\n\n\n<li>Secretaria Geral das Assessorias (SGA)<\/li>\n\n\n\n<li>Secretaria dos \u00d3rg\u00e3os Deliberativos da Administra\u00e7\u00e3o Superior (SODS)<\/li>\n<\/ul>\n\n\n\n<hr class=\"wp-block-separator has-alpha-channel-opacity\" \/>\n\n\n\n<p><strong>GT 02<\/strong> &#8211; Coordenadora: Ana Cl\u00e1udia da Silva Rodrigues (Pr\u00f3-Reitora de Gradua\u00e7\u00e3o)<\/p>\n\n\n\n<p>Componentes: <\/p>\n\n\n\n<ul class=\"wp-block-list\">\n<li>Pr\u00f3-Reitoria de Gradua\u00e7\u00e3o (PRG)<\/li>\n\n\n\n<li>Pr\u00f3-Reitoria de P\u00f3s-Gradua\u00e7\u00e3o (PRPG)<\/li>\n\n\n\n<li>Pr\u00f3-Reitoria de Pesquisa (Propesq)<\/li>\n\n\n\n<li>Superintend\u00eancia de Educa\u00e7\u00e3o a Dist\u00e2ncia (Sead)<\/li>\n\n\n\n<li>Superintend\u00eancia de Ensino B\u00e1sico, T\u00e9cnico e Tecnol\u00f3gico (SEBTT)<\/li>\n<\/ul>\n\n\n\n<hr class=\"wp-block-separator has-alpha-channel-opacity\" \/>\n\n\n\n<p><strong>GT 03 <\/strong>&#8211; Coordenador: Anielson Barbosa da Silva (Pr\u00f3-Reitor de Planejamento e Desenvolvimento)<\/p>\n\n\n\n<p>Componentes:<\/p>\n\n\n\n<ul class=\"wp-block-list\">\n<li>Pr\u00f3-Reitoria de Planejamento e Desenvolvimento (Proplan)<\/li>\n\n\n\n<li>Pr\u00f3-Reitoria de Administra\u00e7\u00e3o (PRA)<\/li>\n\n\n\n<li>Pr\u00f3-Reitoria de Gest\u00e3o de Pessoas (Progep)<\/li>\n\n\n\n<li>Ag\u00eancia UFPB de Coopera\u00e7\u00e3o Internacional (ACI)<\/li>\n\n\n\n<li>Ag\u00eancia UFPB de Inova\u00e7\u00e3o Tecnol\u00f3gica (Inova)<\/li>\n<\/ul>\n\n\n\n<hr class=\"wp-block-separator has-alpha-channel-opacity\" \/>\n\n\n\n<p><strong>GT 04<\/strong> &#8211; Coordenadora: Bernardina Maria Juvenal Freire de Oliveira (Pr\u00f3-Reitora de Extens\u00e3o)<\/p>\n\n\n\n<p>Componentes:<\/p>\n\n\n\n<ul class=\"wp-block-list\">\n<li>Pr\u00f3-Reitoria de Extens\u00e3o (Proex)<\/li>\n\n\n\n<li>Pr\u00f3-Reitoria de Assist\u00eancia e Promo\u00e7\u00e3o ao Estudante (Prape)<\/li>\n\n\n\n<li>Superintend\u00eancia do Hospital Universit\u00e1rio (HU)<\/li>\n<\/ul>\n\n\n\n<hr class=\"wp-block-separator has-alpha-channel-opacity\" \/>\n\n\n\n<p><strong>GT 05<\/strong> &#8211; Coordenador: Ant\u00f4nio da Silva Sobrinho J\u00fanior (Superintendente de Infraestrutura)<\/p>\n\n\n\n<p>Componentes:<\/p>\n\n\n\n<ul class=\"wp-block-list\">\n<li>Superintend\u00eancia de Infraestrutura (Sinfra)<\/li>\n\n\n\n<li>Superintend\u00eancia de Servi\u00e7os Gerais (SSG)<\/li>\n\n\n\n<li>Superintend\u00eancia de Seguran\u00e7a Institucional (SSI)<\/li>\n\n\n\n<li>Superintend\u00eancia de Log\u00edstica de Transporte (SULT)<\/li>\n\n\n\n<li>Superintend\u00eancia de Or\u00e7amento e Finan\u00e7as (SOF)<\/li>\n<\/ul>\n\n\n\n<hr class=\"wp-block-separator has-alpha-channel-opacity\" \/>\n\n\n\n<p><strong>GT 06 <\/strong>&#8211; Coordenador: Marcel Vieira Barreto Silva (Assessor de Comunica\u00e7\u00e3o)<\/p>\n\n\n\n<p>Componentes: <\/p>\n\n\n\n<ul class=\"wp-block-list\">\n<li>Assessoria de Comunica\u00e7\u00e3o (Ascom)<\/li>\n\n\n\n<li>Superintend\u00eancia de Comunica\u00e7\u00e3o Social (SCS)<\/li>\n\n\n\n<li>Superintend\u00eancia de Tecnologia da Informa\u00e7\u00e3o (STI)<\/li>\n\n\n\n<li>Biblioteca Central (BC)<\/li>\n<\/ul>\n\n\n\n<hr class=\"wp-block-separator has-alpha-channel-opacity\" \/>\n\n\n\n<p><\/p>\n","protected":false},"excerpt":{"rendered":"<p>Procurador Educacional Institucional (PI): Hildebrando Jos\u00e9 Farkat Di\u00f3genes GT 01 &#8211; Coordenador: Jos\u00e9 Mancinelli Ledo do Nascimento (Coordenador da CPA). Componentes: GT 02 &#8211; Coordenadora: Ana Cl\u00e1udia da Silva Rodrigues (Pr\u00f3-Reitora de Gradua\u00e7\u00e3o) Componentes: GT 03 &#8211; Coordenador: Anielson Barbosa da Silva (Pr\u00f3-Reitor de Planejamento e Desenvolvimento) Componentes: GT 04 &#8211; Coordenadora: Bernardina Maria Juvenal [&hellip;]<\/p>\n","protected":false},"author":63,"featured_media":0,"parent":0,"menu_order":0,"comment_status":"closed","ping_status":"closed","template":"","meta":{"footnotes":""},"class_list":["post-110","page","type-page","status-publish","hentry"],"_links":{"self":[{"href":"https:\/\/www.ufpb.br\/recredenciamento\/wp-json\/wp\/v2\/pages\/110","targetHints":{"allow":["GET"]}}],"collection":[{"href":"https:\/\/www.ufpb.br\/recredenciamento\/wp-json\/wp\/v2\/pages"}],"about":[{"href":"https:\/\/www.ufpb.br\/recredenciamento\/wp-json\/wp\/v2\/types\/page"}],"author":[{"embeddable":true,"href":"https:\/\/www.ufpb.br\/recredenciamento\/wp-json\/wp\/v2\/users\/63"}],"replies":[{"embeddable":true,"href":"https:\/\/www.ufpb.br\/recredenciamento\/wp-json\/wp\/v2\/comments?post=110"}],"version-history":[{"count":3,"href":"https:\/\/www.ufpb.br\/recredenciamento\/wp-json\/wp\/v2\/pages\/110\/revisions"}],"predecessor-version":[{"id":292,"href":"https:\/\/www.ufpb.br\/recredenciamento\/wp-json\/wp\/v2\/pages\/110\/revisions\/292"}],"wp:attachment":[{"href":"https:\/\/www.ufpb.br\/recredenciamento\/wp-json\/wp\/v2\/media?parent=110"}],"curies":[{"name":"wp","href":"https:\/\/api.w.org\/{rel}","templated":true}]}}