{"id":136,"date":"2024-12-30T12:24:44","date_gmt":"2024-12-30T15:24:44","guid":{"rendered":"https:\/\/www.ufpb.br\/recredenciamento\/?page_id=136"},"modified":"2025-02-20T12:13:08","modified_gmt":"2025-02-20T15:13:08","slug":"manuais-e-guias-do-processo","status":"publish","type":"page","link":"https:\/\/www.ufpb.br\/recredenciamento\/manuais-e-guias-do-processo\/","title":{"rendered":"Manuais e Guias do Processo"},"content":{"rendered":"\n<p>1 &#8211; <a href=\"https:\/\/drive.ufpb.br\/s\/TfCHbQ6Z6E45HBb\">Manual para institui\u00e7\u00f5es de educa\u00e7\u00e3o superior e cursos de gradua\u00e7\u00e3o em fluxo de avalia\u00e7\u00e3o externa in loco do sistema nacional de avalia\u00e7\u00e3o da educa\u00e7\u00e3o superior<\/a><br><br>2 &#8211; <a href=\"https:\/\/drive.ufpb.br\/s\/xroGESNKHymajJR\">Instrumento de avalia\u00e7\u00e3o institucional externa &#8211; presencial e a dist\u00e2ncia<\/a><br><br>3 &#8211; <a href=\"https:\/\/drive.ufpb.br\/s\/P3YEHXpbxbSZzN8\">Gloss\u00e1rio dos instrumentos de avalia\u00e7\u00e3o externa<\/a><br><br>4 &#8211; <a href=\"https:\/\/drive.ufpb.br\/s\/Wic4jckygMHyG75\">Manual para preenchimento de processos de Recredenciamento de IES<\/a><\/p>\n\n\n\n<p>5 &#8211; <a href=\"https:\/\/youtu.be\/EqcBXisncrU?si=Twtj86hmm7JZKxu2\">Produ\u00e7\u00e3o, Dissemina\u00e7\u00e3o e Arquivo da Educa\u00e7\u00e3o | Inep<\/a><br><br>6 &#8211; <a href=\"https:\/\/www.youtube.com\/watch?v=k24ncXUCgbs\">Conhe\u00e7a o Inep | Filme Institucional<\/a><\/p>\n\n\n\n<p><\/p>\n","protected":false},"excerpt":{"rendered":"<p>1 &#8211; Manual para institui\u00e7\u00f5es de educa\u00e7\u00e3o superior e cursos de gradua\u00e7\u00e3o em fluxo de avalia\u00e7\u00e3o externa in loco do sistema nacional de avalia\u00e7\u00e3o da educa\u00e7\u00e3o superior 2 &#8211; Instrumento de avalia\u00e7\u00e3o institucional externa &#8211; presencial e a dist\u00e2ncia 3 &#8211; Gloss\u00e1rio dos instrumentos de avalia\u00e7\u00e3o externa 4 &#8211; Manual para preenchimento de processos de [&hellip;]<\/p>\n","protected":false},"author":63,"featured_media":11,"parent":0,"menu_order":0,"comment_status":"closed","ping_status":"closed","template":"","meta":{"footnotes":""},"class_list":["post-136","page","type-page","status-publish","has-post-thumbnail","hentry"],"_links":{"self":[{"href":"https:\/\/www.ufpb.br\/recredenciamento\/wp-json\/wp\/v2\/pages\/136","targetHints":{"allow":["GET"]}}],"collection":[{"href":"https:\/\/www.ufpb.br\/recredenciamento\/wp-json\/wp\/v2\/pages"}],"about":[{"href":"https:\/\/www.ufpb.br\/recredenciamento\/wp-json\/wp\/v2\/types\/page"}],"author":[{"embeddable":true,"href":"https:\/\/www.ufpb.br\/recredenciamento\/wp-json\/wp\/v2\/users\/63"}],"replies":[{"embeddable":true,"href":"https:\/\/www.ufpb.br\/recredenciamento\/wp-json\/wp\/v2\/comments?post=136"}],"version-history":[{"count":3,"href":"https:\/\/www.ufpb.br\/recredenciamento\/wp-json\/wp\/v2\/pages\/136\/revisions"}],"predecessor-version":[{"id":215,"href":"https:\/\/www.ufpb.br\/recredenciamento\/wp-json\/wp\/v2\/pages\/136\/revisions\/215"}],"wp:featuredmedia":[{"embeddable":true,"href":"https:\/\/www.ufpb.br\/recredenciamento\/wp-json\/wp\/v2\/media\/11"}],"wp:attachment":[{"href":"https:\/\/www.ufpb.br\/recredenciamento\/wp-json\/wp\/v2\/media?parent=136"}],"curies":[{"name":"wp","href":"https:\/\/api.w.org\/{rel}","templated":true}]}}