{"id":57,"date":"2024-12-27T16:28:57","date_gmt":"2024-12-27T19:28:57","guid":{"rendered":"https:\/\/www.ufpb.br\/recredenciamento\/?page_id=57"},"modified":"2025-02-20T12:08:10","modified_gmt":"2025-02-20T15:08:10","slug":"apresentacao","status":"publish","type":"page","link":"https:\/\/www.ufpb.br\/recredenciamento\/apresentacao\/","title":{"rendered":"Apresenta\u00e7\u00e3o"},"content":{"rendered":"\n<figure class=\"wp-block-image size-full\"><img loading=\"lazy\" decoding=\"async\" width=\"996\" height=\"503\" src=\"http:\/\/www.ufpb.br\/recredenciamento\/wp-content\/uploads\/sites\/79\/sites\/247\/2025\/02\/SITE-PRINCIPAL.png\" alt=\"\" class=\"wp-image-300\" srcset=\"https:\/\/www.ufpb.br\/recredenciamento\/wp-content\/uploads\/sites\/79\/sites\/247\/2025\/02\/SITE-PRINCIPAL.png 996w, https:\/\/www.ufpb.br\/recredenciamento\/wp-content\/uploads\/sites\/79\/sites\/247\/2025\/02\/SITE-PRINCIPAL-300x152.png 300w, https:\/\/www.ufpb.br\/recredenciamento\/wp-content\/uploads\/sites\/79\/sites\/247\/2025\/02\/SITE-PRINCIPAL-768x388.png 768w\" sizes=\"auto, (max-width: 996px) 100vw, 996px\" \/><\/figure>\n\n\n\n<p>Bem-vindo ao site oficial do processo de Recredenciamento Institucional da Universidade Federal da Para\u00edba (UFPB). Este espa\u00e7o foi criado para informar a comunidade universit\u00e1ria e a sociedade sobre as etapas, objetivos e resultados desse importante processo. Aqui voc\u00ea encontra informa\u00e7\u00f5es detalhadas sobre o cronograma, grupos de trabalho, legisla\u00e7\u00e3o e muito mais.<\/p>\n\n\n\n<p><\/p>\n","protected":false},"excerpt":{"rendered":"<p>Campus I &#8211; Jo\u00e3o Pessoa (Foto: Gustavo Ribeiro)<\/p>\n","protected":false},"author":63,"featured_media":300,"parent":0,"menu_order":0,"comment_status":"closed","ping_status":"closed","template":"","meta":{"footnotes":""},"class_list":["post-57","page","type-page","status-publish","has-post-thumbnail","hentry"],"_links":{"self":[{"href":"https:\/\/www.ufpb.br\/recredenciamento\/wp-json\/wp\/v2\/pages\/57","targetHints":{"allow":["GET"]}}],"collection":[{"href":"https:\/\/www.ufpb.br\/recredenciamento\/wp-json\/wp\/v2\/pages"}],"about":[{"href":"https:\/\/www.ufpb.br\/recredenciamento\/wp-json\/wp\/v2\/types\/page"}],"author":[{"embeddable":true,"href":"https:\/\/www.ufpb.br\/recredenciamento\/wp-json\/wp\/v2\/users\/63"}],"replies":[{"embeddable":true,"href":"https:\/\/www.ufpb.br\/recredenciamento\/wp-json\/wp\/v2\/comments?post=57"}],"version-history":[{"count":14,"href":"https:\/\/www.ufpb.br\/recredenciamento\/wp-json\/wp\/v2\/pages\/57\/revisions"}],"predecessor-version":[{"id":314,"href":"https:\/\/www.ufpb.br\/recredenciamento\/wp-json\/wp\/v2\/pages\/57\/revisions\/314"}],"wp:featuredmedia":[{"embeddable":true,"href":"https:\/\/www.ufpb.br\/recredenciamento\/wp-json\/wp\/v2\/media\/300"}],"wp:attachment":[{"href":"https:\/\/www.ufpb.br\/recredenciamento\/wp-json\/wp\/v2\/media?parent=57"}],"curies":[{"name":"wp","href":"https:\/\/api.w.org\/{rel}","templated":true}]}}