{"id":83,"date":"2024-12-30T12:03:01","date_gmt":"2024-12-30T15:03:01","guid":{"rendered":"https:\/\/www.ufpb.br\/recredenciamento\/?page_id=83"},"modified":"2025-01-14T09:24:12","modified_gmt":"2025-01-14T12:24:12","slug":"destaques-do-processo-atual","status":"publish","type":"page","link":"https:\/\/www.ufpb.br\/recredenciamento\/destaques-do-processo-atual\/","title":{"rendered":"Destaques do Processo Atual"},"content":{"rendered":"\n<figure class=\"wp-block-image size-large\"><img loading=\"lazy\" decoding=\"async\" width=\"1024\" height=\"683\" src=\"http:\/\/www.ufpb.br\/recredenciamento\/wp-content\/uploads\/sites\/79\/sites\/247\/2025\/01\/Campus-Areia-06.12.2023-Foto-Gustavo-Ribeiro-18-1024x683.jpg\" alt=\"\" class=\"wp-image-238\" srcset=\"https:\/\/www.ufpb.br\/recredenciamento\/wp-content\/uploads\/sites\/79\/sites\/247\/2025\/01\/Campus-Areia-06.12.2023-Foto-Gustavo-Ribeiro-18-1024x683.jpg 1024w, https:\/\/www.ufpb.br\/recredenciamento\/wp-content\/uploads\/sites\/79\/sites\/247\/2025\/01\/Campus-Areia-06.12.2023-Foto-Gustavo-Ribeiro-18-300x200.jpg 300w, https:\/\/www.ufpb.br\/recredenciamento\/wp-content\/uploads\/sites\/79\/sites\/247\/2025\/01\/Campus-Areia-06.12.2023-Foto-Gustavo-Ribeiro-18-768x512.jpg 768w, https:\/\/www.ufpb.br\/recredenciamento\/wp-content\/uploads\/sites\/79\/sites\/247\/2025\/01\/Campus-Areia-06.12.2023-Foto-Gustavo-Ribeiro-18-1536x1024.jpg 1536w, https:\/\/www.ufpb.br\/recredenciamento\/wp-content\/uploads\/sites\/79\/sites\/247\/2025\/01\/Campus-Areia-06.12.2023-Foto-Gustavo-Ribeiro-18-2048x1365.jpg 2048w, https:\/\/www.ufpb.br\/recredenciamento\/wp-content\/uploads\/sites\/79\/sites\/247\/2025\/01\/Campus-Areia-06.12.2023-Foto-Gustavo-Ribeiro-18-272x182.jpg 272w\" sizes=\"auto, (max-width: 1024px) 100vw, 1024px\" \/><figcaption class=\"wp-element-caption\">Campus II &#8211; Areia (Foto: Gustavo Ribeiro)<\/figcaption><\/figure>\n\n\n\n<p>O novo processo de Recredenciamento Institucional da UFPB est\u00e1 em andamento, com foco em consolidar o reconhecimento da universidade como refer\u00eancia em excel\u00eancia acad\u00eamica. Desde 2011, a UFPB n\u00e3o passava por esse tipo de avalia\u00e7\u00e3o, tornando esta nova etapa ainda mais significativa. Entre os principais desafios est\u00e3o a integra\u00e7\u00e3o das diversas dimens\u00f5es da avalia\u00e7\u00e3o institucional, a adequa\u00e7\u00e3o \u00e0s diretrizes atualizadas do MEC e a constru\u00e7\u00e3o de uma universidade mais inclusiva e inovadora.<\/p>\n\n\n\n<p>Este \u00e9 um momento crucial de reflex\u00e3o e planejamento, visando alinhar os objetivos da UFPB \u00e0s demandas nacionais por qualidade no ensino superior, com a meta de atingir o conceito m\u00e1ximo no IGC (5). Atualmente, a UFPB possui o conceito 4, o que reflete um desempenho positivo, mas que pode ser ampliado.<\/p>\n\n\n\n<p>Com uma abordagem participativa, os grupos de trabalho est\u00e3o reunindo contribui\u00e7\u00f5es de toda a comunidade acad\u00eamica. A atual gest\u00e3o tamb\u00e9m est\u00e1 empenhada em fortalecer os pilares acad\u00eamicos e administrativos que sustentam o compromisso da universidade com a sociedade.<\/p>\n\n\n\n<p><\/p>\n","protected":false},"excerpt":{"rendered":"<p>O novo processo de Recredenciamento Institucional da UFPB est\u00e1 em andamento, com foco em consolidar o reconhecimento da universidade como refer\u00eancia em excel\u00eancia acad\u00eamica. Desde 2011, a UFPB n\u00e3o passava por esse tipo de avalia\u00e7\u00e3o, tornando esta nova etapa ainda mais significativa. Entre os principais desafios est\u00e3o a integra\u00e7\u00e3o das diversas dimens\u00f5es da avalia\u00e7\u00e3o institucional, [&hellip;]<\/p>\n","protected":false},"author":63,"featured_media":0,"parent":0,"menu_order":0,"comment_status":"closed","ping_status":"closed","template":"","meta":{"footnotes":""},"class_list":["post-83","page","type-page","status-publish","hentry"],"_links":{"self":[{"href":"https:\/\/www.ufpb.br\/recredenciamento\/wp-json\/wp\/v2\/pages\/83","targetHints":{"allow":["GET"]}}],"collection":[{"href":"https:\/\/www.ufpb.br\/recredenciamento\/wp-json\/wp\/v2\/pages"}],"about":[{"href":"https:\/\/www.ufpb.br\/recredenciamento\/wp-json\/wp\/v2\/types\/page"}],"author":[{"embeddable":true,"href":"https:\/\/www.ufpb.br\/recredenciamento\/wp-json\/wp\/v2\/users\/63"}],"replies":[{"embeddable":true,"href":"https:\/\/www.ufpb.br\/recredenciamento\/wp-json\/wp\/v2\/comments?post=83"}],"version-history":[{"count":6,"href":"https:\/\/www.ufpb.br\/recredenciamento\/wp-json\/wp\/v2\/pages\/83\/revisions"}],"predecessor-version":[{"id":253,"href":"https:\/\/www.ufpb.br\/recredenciamento\/wp-json\/wp\/v2\/pages\/83\/revisions\/253"}],"wp:attachment":[{"href":"https:\/\/www.ufpb.br\/recredenciamento\/wp-json\/wp\/v2\/media?parent=83"}],"curies":[{"name":"wp","href":"https:\/\/api.w.org\/{rel}","templated":true}]}}