{"id":90,"date":"2024-12-30T12:04:29","date_gmt":"2024-12-30T15:04:29","guid":{"rendered":"https:\/\/www.ufpb.br\/recredenciamento\/?page_id=90"},"modified":"2025-01-14T09:25:38","modified_gmt":"2025-01-14T12:25:38","slug":"importancia-para-ufpb","status":"publish","type":"page","link":"https:\/\/www.ufpb.br\/recredenciamento\/importancia-para-ufpb\/","title":{"rendered":"Import\u00e2ncia para UFPB"},"content":{"rendered":"\n<figure class=\"wp-block-image size-large\"><img loading=\"lazy\" decoding=\"async\" width=\"1024\" height=\"683\" src=\"http:\/\/www.ufpb.br\/recredenciamento\/wp-content\/uploads\/sites\/79\/sites\/247\/2025\/01\/Campus-Rio-Tinto-04.12.2023-Foto-Gustavo-Ribeiro-11-1024x683.jpg\" alt=\"\" class=\"wp-image-232\" srcset=\"https:\/\/www.ufpb.br\/recredenciamento\/wp-content\/uploads\/sites\/79\/sites\/247\/2025\/01\/Campus-Rio-Tinto-04.12.2023-Foto-Gustavo-Ribeiro-11-1024x683.jpg 1024w, https:\/\/www.ufpb.br\/recredenciamento\/wp-content\/uploads\/sites\/79\/sites\/247\/2025\/01\/Campus-Rio-Tinto-04.12.2023-Foto-Gustavo-Ribeiro-11-300x200.jpg 300w, https:\/\/www.ufpb.br\/recredenciamento\/wp-content\/uploads\/sites\/79\/sites\/247\/2025\/01\/Campus-Rio-Tinto-04.12.2023-Foto-Gustavo-Ribeiro-11-768x512.jpg 768w, https:\/\/www.ufpb.br\/recredenciamento\/wp-content\/uploads\/sites\/79\/sites\/247\/2025\/01\/Campus-Rio-Tinto-04.12.2023-Foto-Gustavo-Ribeiro-11-1536x1024.jpg 1536w, https:\/\/www.ufpb.br\/recredenciamento\/wp-content\/uploads\/sites\/79\/sites\/247\/2025\/01\/Campus-Rio-Tinto-04.12.2023-Foto-Gustavo-Ribeiro-11-272x182.jpg 272w\" sizes=\"auto, (max-width: 1024px) 100vw, 1024px\" \/><figcaption class=\"wp-element-caption\">Campus IV &#8211; Rio Tinto  (Foto: Gustavo Ribeiro)<\/figcaption><\/figure>\n\n\n\n<p><\/p>\n\n\n\n<p>O Recredenciamento Institucional \u00e9 uma oportunidade \u00fanica para a UFPB reafirmar seu papel como refer\u00eancia em educa\u00e7\u00e3o superior. Atrav\u00e9s deste processo, a universidade busca consolidar os avan\u00e7os obtidos no ciclo avaliativo e planejar novas estrat\u00e9gias para o futuro da universidade.<\/p>\n\n\n\n<p>Sob a lideran\u00e7a da atual gest\u00e3o, a UFPB est\u00e1 comprometida em implementar a\u00e7\u00f5es que <strong>promovam a inclus\u00e3o, a sustentabilidade e a inova\u00e7\u00e3o<\/strong>. Este momento tamb\u00e9m permite uma reflex\u00e3o profunda sobre os desafios enfrentados e as metas desejadas, com o objetivo de construir uma universidade mais conectada \u00e0s necessidades da sociedade.<\/p>\n","protected":false},"excerpt":{"rendered":"<p>O Recredenciamento Institucional \u00e9 uma oportunidade \u00fanica para a UFPB reafirmar seu papel como refer\u00eancia em educa\u00e7\u00e3o superior. Atrav\u00e9s deste processo, a universidade busca consolidar os avan\u00e7os obtidos no ciclo avaliativo e planejar novas estrat\u00e9gias para o futuro da universidade. Sob a lideran\u00e7a da atual gest\u00e3o, a UFPB est\u00e1 comprometida em implementar a\u00e7\u00f5es que promovam [&hellip;]<\/p>\n","protected":false},"author":63,"featured_media":0,"parent":0,"menu_order":0,"comment_status":"closed","ping_status":"closed","template":"","meta":{"footnotes":""},"class_list":["post-90","page","type-page","status-publish","hentry"],"_links":{"self":[{"href":"https:\/\/www.ufpb.br\/recredenciamento\/wp-json\/wp\/v2\/pages\/90","targetHints":{"allow":["GET"]}}],"collection":[{"href":"https:\/\/www.ufpb.br\/recredenciamento\/wp-json\/wp\/v2\/pages"}],"about":[{"href":"https:\/\/www.ufpb.br\/recredenciamento\/wp-json\/wp\/v2\/types\/page"}],"author":[{"embeddable":true,"href":"https:\/\/www.ufpb.br\/recredenciamento\/wp-json\/wp\/v2\/users\/63"}],"replies":[{"embeddable":true,"href":"https:\/\/www.ufpb.br\/recredenciamento\/wp-json\/wp\/v2\/comments?post=90"}],"version-history":[{"count":3,"href":"https:\/\/www.ufpb.br\/recredenciamento\/wp-json\/wp\/v2\/pages\/90\/revisions"}],"predecessor-version":[{"id":255,"href":"https:\/\/www.ufpb.br\/recredenciamento\/wp-json\/wp\/v2\/pages\/90\/revisions\/255"}],"wp:attachment":[{"href":"https:\/\/www.ufpb.br\/recredenciamento\/wp-json\/wp\/v2\/media?parent=90"}],"curies":[{"name":"wp","href":"https:\/\/api.w.org\/{rel}","templated":true}]}}