{"id":92,"date":"2024-12-30T12:04:47","date_gmt":"2024-12-30T15:04:47","guid":{"rendered":"https:\/\/www.ufpb.br\/recredenciamento\/?page_id=92"},"modified":"2025-01-14T09:26:19","modified_gmt":"2025-01-14T12:26:19","slug":"cronograma-do-processo-atual","status":"publish","type":"page","link":"https:\/\/www.ufpb.br\/recredenciamento\/cronograma-do-processo-atual\/","title":{"rendered":"Cronograma do Processo Atual"},"content":{"rendered":"\n<figure class=\"wp-block-image size-large\"><img loading=\"lazy\" decoding=\"async\" width=\"1024\" height=\"565\" src=\"http:\/\/www.ufpb.br\/recredenciamento\/wp-content\/uploads\/sites\/79\/sites\/247\/2025\/01\/1024-CPTETS-1024x565.png\" alt=\"\" class=\"wp-image-242\" srcset=\"https:\/\/www.ufpb.br\/recredenciamento\/wp-content\/uploads\/sites\/79\/sites\/247\/2025\/01\/1024-CPTETS-1024x565.png 1024w, https:\/\/www.ufpb.br\/recredenciamento\/wp-content\/uploads\/sites\/79\/sites\/247\/2025\/01\/1024-CPTETS-300x166.png 300w, https:\/\/www.ufpb.br\/recredenciamento\/wp-content\/uploads\/sites\/79\/sites\/247\/2025\/01\/1024-CPTETS-768x424.png 768w, https:\/\/www.ufpb.br\/recredenciamento\/wp-content\/uploads\/sites\/79\/sites\/247\/2025\/01\/1024-CPTETS-1536x848.png 1536w, https:\/\/www.ufpb.br\/recredenciamento\/wp-content\/uploads\/sites\/79\/sites\/247\/2025\/01\/1024-CPTETS.png 1660w\" sizes=\"auto, (max-width: 1024px) 100vw, 1024px\" \/><figcaption class=\"wp-element-caption\">Centro Profissional e Tecnol\u00f3gico &#8211; Escola T\u00e9cnica de Sa\u00fade da UFPB (Foto: Gustavo Ribeiro)<\/figcaption><\/figure>\n\n\n\n<p><\/p>\n\n\n\n<ul class=\"wp-block-list\">\n<li><strong>Dezembro de 2024:<\/strong> Forma\u00e7\u00e3o dos Grupos de Trabalho<\/li>\n\n\n\n<li><strong>Janeiro de<\/strong> <strong>2025:<\/strong> Abertura do Processo de Recredenciamento Institucional (Formul\u00e1rio Eletr\u00f4nico 01)<\/li>\n\n\n\n<li><strong>Fevereiro de 2025:<\/strong> Compila\u00e7\u00e3o dos dados e evid\u00eancias para preenchimento do instrumento de avalia\u00e7\u00e3o (50 indicadores)<\/li>\n\n\n\n<li><strong>At\u00e9 Junho de 2025 (previs\u00e3o):<\/strong> Visita<em> In-loco<\/em> &#8211; Comiss\u00e3o de Avalia\u00e7\u00e3o<\/li>\n\n\n\n<li><strong>At\u00e9 Dezembro 2025:<\/strong> Resultado final (estimativa baseada nos prazos recentes dos processos de avalia\u00e7\u00e3o de curso).<\/li>\n<\/ul>\n\n\n\n<p><\/p>\n\n\n\n<p><\/p>\n","protected":false},"excerpt":{"rendered":"","protected":false},"author":63,"featured_media":0,"parent":0,"menu_order":0,"comment_status":"closed","ping_status":"closed","template":"","meta":{"footnotes":""},"class_list":["post-92","page","type-page","status-publish","hentry"],"_links":{"self":[{"href":"https:\/\/www.ufpb.br\/recredenciamento\/wp-json\/wp\/v2\/pages\/92","targetHints":{"allow":["GET"]}}],"collection":[{"href":"https:\/\/www.ufpb.br\/recredenciamento\/wp-json\/wp\/v2\/pages"}],"about":[{"href":"https:\/\/www.ufpb.br\/recredenciamento\/wp-json\/wp\/v2\/types\/page"}],"author":[{"embeddable":true,"href":"https:\/\/www.ufpb.br\/recredenciamento\/wp-json\/wp\/v2\/users\/63"}],"replies":[{"embeddable":true,"href":"https:\/\/www.ufpb.br\/recredenciamento\/wp-json\/wp\/v2\/comments?post=92"}],"version-history":[{"count":5,"href":"https:\/\/www.ufpb.br\/recredenciamento\/wp-json\/wp\/v2\/pages\/92\/revisions"}],"predecessor-version":[{"id":256,"href":"https:\/\/www.ufpb.br\/recredenciamento\/wp-json\/wp\/v2\/pages\/92\/revisions\/256"}],"wp:attachment":[{"href":"https:\/\/www.ufpb.br\/recredenciamento\/wp-json\/wp\/v2\/media?parent=92"}],"curies":[{"name":"wp","href":"https:\/\/api.w.org\/{rel}","templated":true}]}}