{"id":24,"date":"2025-01-28T20:39:20","date_gmt":"2025-01-28T23:39:20","guid":{"rendered":"https:\/\/www.ufpb.br\/sebtt\/?page_id=24"},"modified":"2025-11-26T10:46:12","modified_gmt":"2025-11-26T13:46:12","slug":"legislacao-ebtt","status":"publish","type":"page","link":"https:\/\/www.ufpb.br\/sebtt\/legislacao-ebtt\/","title":{"rendered":"Legisla\u00e7\u00e3o EBTT"},"content":{"rendered":"\n<hr class=\"wp-block-separator aligncenter has-alpha-channel-opacity\" \/>\n\n\n\n<p class=\"has-text-align-left\">A<strong>&nbsp;Superintend\u00eancia do Ensino B\u00e1sico, T\u00e9cnico e Tecnol\u00f3gico (SEBTT),&nbsp;<\/strong>direciona unidades vinculadas a partir de termos oficiais e legais que guiam nacionalmente a educa\u00e7\u00e3o.<\/p>\n\n\n\n<p>Abaixo s\u00e3o divulgadas informa\u00e7\u00f5es referentes a legislatura do SEBTT e suas unidades:<\/p>\n\n\n\n<h3 class=\"wp-block-heading has-medium-font-size\">Legisla\u00e7\u00f5es Nacionais<\/h3>\n\n\n\n<hr class=\"wp-block-separator has-alpha-channel-opacity\" \/>\n\n\n\n<p><a href=\"http:\/\/www.planalto.gov.br\/ccivil_03\/Leis\/L9394.htm\" target=\"_blank\" rel=\"noreferrer noopener\">Lei N\u00ba 9.394 &#8211; Estabelece&nbsp;as Diretrizes e Bases da Educa\u00e7\u00e3o Nacional (LDB)<\/a> <\/p>\n\n\n\n<hr class=\"wp-block-separator has-alpha-channel-opacity\" \/>\n\n\n\n<p><a href=\"http:\/\/www.planalto.gov.br\/ccivil_03\/_Ato2011-2014\/2014\/Lei\/L13005.htm\" target=\"_blank\" rel=\"noreferrer noopener\">Lei N\u00ba 13.005 &#8211; Plano Nacional de Educa\u00e7\u00e3o (PNE)<\/a><\/p>\n\n\n\n<hr class=\"wp-block-separator has-alpha-channel-opacity\" \/>\n\n\n\n<p><a href=\"http:\/\/www.planalto.gov.br\/ccivil_03\/_ato2011-2014\/2012\/lei\/l12772.htm\">Lei N\u00ba 12.772 &#8211; Plano de Carreira e Cargos de Magist\u00e9rio do Ensino B\u00e1sico, T\u00e9cnico e Tecnol\u00f3gico e sobre o Plano de Carreiras de Magist\u00e9rio do Ensino B\u00e1sico Federal<\/a><\/p>\n\n\n\n<hr class=\"wp-block-separator has-alpha-channel-opacity\" \/>\n\n\n\n<p><a href=\"https:\/\/www.planalto.gov.br\/ccivil_03\/_ato2015-2018\/2015\/lei\/l13146.htm\">Lei N\u00ba 13.146 &#8211; Estatuto da Pessoa com Defici\u00eancia<\/a><\/p>\n\n\n\n<hr class=\"wp-block-separator has-alpha-channel-opacity\" \/>\n\n\n\n<p><a href=\"https:\/\/www.gov.br\/mec\/pt-br\/media\/portaria_750_30072024.pdf\" data-type=\"link\" data-id=\"https:\/\/www.gov.br\/mec\/pt-br\/media\/portaria_750_30072024.pdf\">Portaria N\u00b0 750, de 30 de julho de 2024 &#8211; Revoga a Portaria MEC n\u00ba 983, de 18 de novembro de 2020, que estabelece diretrizes para a regulamenta\u00e7\u00e3o das atividades docentes no \u00e2mbito da Rede Federal de Educa\u00e7\u00e3o Profissional, Cient\u00edfica e Tecnol\u00f3gica.<\/a><\/p>\n\n\n\n<hr class=\"wp-block-separator has-alpha-channel-opacity\" \/>\n\n\n\n<p><a href=\"https:\/\/www.planalto.gov.br\/ccivil_03\/_ato2007-2010\/2008\/lei\/l11892.htm\">Lei N\u00ba 11.892 &#8211; Institui a&nbsp;Rede Federal de Educa\u00e7\u00e3o Profissional, Cient\u00edfica e Tecnol\u00f3gica, e cria os Institutos Federais de Educa\u00e7\u00e3o, Ci\u00eancia e Tecnologia<\/a><\/p>\n\n\n\n<hr class=\"wp-block-separator has-alpha-channel-opacity\" \/>\n\n\n\n<p><a href=\"https:\/\/www.planalto.gov.br\/ccivil_03\/_ato2007-2010\/2008\/lei\/l11784.htm\">Lei N\u00ba 11.784, de 22 de Setembro de 2008<\/a><\/p>\n\n\n\n<hr class=\"wp-block-separator has-alpha-channel-opacity\" \/>\n\n\n\n<p><a href=\"https:\/\/www.in.gov.br\/web\/dou\/-\/portaria-mec-n-797-de-25-de-novembro-de-2025-671044483\">PORTARIA MEC N\u00ba 797, DE 25 DE NOVEMBRO DE 2025 &#8211; Altera a Portaria MEC n\u00ba 959, de 27 de setembro de 2013, que estabelece as diretrizes e normas gerais para o funcionamento dos Col\u00e9gios de Aplica\u00e7\u00e3o vinculados \u00e0s Universidades Federais<\/a><\/p>\n\n\n\n<h3 class=\"wp-block-heading has-medium-font-size\">Resolu\u00e7\u00f5es<\/h3>\n\n\n\n<h2 class=\"wp-block-heading has-medium-font-size\"><div class=\"linha-header\">Consuni<\/div><\/h2>\n\n\n\n<hr class=\"wp-block-separator has-alpha-channel-opacity\" \/>\n\n\n\n<p><a href=\"http:\/\/plone.ufpb.br\/sebtt\/contents\/documentos\/Runi16_2018.pdf\">Resolu\u00e7\u00e3o N\u00ba 16\/2018&nbsp; &#8211;&nbsp;Cria a Superintend\u00eancia de Ensino B\u00e1sico T\u00e9cnico e Tecnol\u00f3gico (SEBTT) da Universidade Federal da Para\u00edba e d\u00e1 outras provid\u00eancias.<\/a><\/p>\n\n\n\n<hr class=\"wp-block-separator has-alpha-channel-opacity\" \/>\n\n\n\n<p><a href=\"http:\/\/plone.ufpb.br\/sebtt\/contents\/documentos\/regimentosebtt.pdf\">Resolu\u00e7\u00e3o N\u00ba 35\/2018 &#8211; Regimento da Superintend\u00eancia do Ensino B\u00e1sico, T\u00e9cnico e Tecnol\u00f3gico &#8211; UFPB<\/a><\/p>\n\n\n\n<h2 class=\"wp-block-heading has-medium-font-size\"><div class=\"linha-header\">Consepe<\/div><\/h2>\n\n\n\n<hr class=\"wp-block-separator has-alpha-channel-opacity\" \/>\n\n\n\n<p><a href=\"http:\/\/plone.ufpb.br\/sebtt\/contents\/documentos\/Rsep07_2017.pdf\">Resolu\u00e7\u00e3o&nbsp;N\u00ba 07\/2017 &#8211;&nbsp;Regulamenta as condi\u00e7\u00f5es de contrata\u00e7\u00e3o e o Processo Seletivo de Professor Substituto do Magist\u00e9rio Superior e EBTT na Universidade Federal da Para\u00edba.<\/a><\/p>\n\n\n\n<hr class=\"wp-block-separator has-alpha-channel-opacity\" \/>\n\n\n\n<p><a href=\"http:\/\/plone.ufpb.br\/sebtt\/contents\/documentos\/Rsep44_2014.pdf\">Resolu\u00e7\u00e3o N\u00ba 44\/2014 &#8211;&nbsp;Estabelece os crit\u00e9rios para promo\u00e7\u00e3o \u00e0 classe de titular dos docentes da Universidade Federal da Para\u00edba (UFPB), na Carreira de Magist\u00e9rio do Ensino B\u00e1sico T\u00e9cnico e Tecnol\u00f3gico (EBTT).<\/a><\/p>\n\n\n\n<hr class=\"wp-block-separator has-alpha-channel-opacity\" \/>\n\n\n\n<p><a href=\"https:\/\/sig-arq.ufpb.br\/arquivos\/20241510528fbb6432241ccecbe0facd1\/Resoluo_Consepe_n_14.2024.pdf\" data-type=\"link\" data-id=\"https:\/\/sig-arq.ufpb.br\/arquivos\/20241510528fbb6432241ccecbe0facd1\/Resoluo_Consepe_n_14.2024.pdf\">Resolu\u00e7\u00e3o N\u00b0 14\/2024 &#8211; Estabelece crit\u00e9rios para distribui\u00e7\u00e3o de encargos ao pessoal da carreira de Magist\u00e9rio de Ensino B\u00e1sico, T\u00e9cnico e Tecnol\u00f3gico (EBTT), na UFPB, e regulamenta o Plano e o Relat\u00f3rio Individual Docente.<\/a><\/p>\n\n\n\n<hr class=\"wp-block-separator has-alpha-channel-opacity\" \/>\n\n\n\n<p><a href=\"https:\/\/www.ets.ufpb.br\/pdf\/Documentos\/SecGeral\/Resolucao%2005%202019%20CONSEPE.pdf\" data-type=\"link\" data-id=\"https:\/\/www.ets.ufpb.br\/pdf\/Documentos\/SecGeral\/Resolucao%2005%202019%20CONSEPE.pdf\">Resolu\u00e7\u00e3o CONSEPE N. 05\/2019 &#8211; Disp\u00f5e sobre normas para progress\u00e3o funcional e promo\u00e7\u00e3o dos Docentes do Magist\u00e9rio da Educa\u00e7\u00e3o B\u00e1sica, T\u00e9cnica e Tecnol\u00f3gica da UFPB<\/a><\/p>\n\n\n\n<p><\/p>\n\n\n\n<p class=\"has-medium-font-size\"><strong>CNE<\/strong><\/p>\n\n\n\n<hr class=\"wp-block-separator has-alpha-channel-opacity\" \/>\n\n\n\n<p><a href=\"https:\/\/abmes.org.br\/arquivos\/legislacoes\/Resolucao-cne-cp-001-2021-01-05.pdf\" data-type=\"link\" data-id=\"https:\/\/abmes.org.br\/arquivos\/legislacoes\/Resolucao-cne-cp-001-2021-01-05.pdf\">RESOLU\u00c7\u00c3O CNE\/CP N\u00ba 1, DE 5 DE JANEIRO DE 2021 &#8211; Define as Diretrizes Curriculares Nacionais Gerais para a Educa\u00e7\u00e3o Profissional e Tecnol\u00f3gica.<\/a><\/p>\n\n\n\n<hr class=\"wp-block-separator has-alpha-channel-opacity\" \/>\n\n\n\n<p><a href=\"http:\/\/www.abmes.org.br\/arquivos\/legislacoes\/Resolucao-ceb-006-2025-07-17.pdf\" data-type=\"link\" data-id=\"http:\/\/www.abmes.org.br\/arquivos\/legislacoes\/Resolucao-ceb-006-2025-07-17.pdf\">RESOLU\u00c7\u00c3O CNE\/CEB N\u00ba 6, DE 17 DE JULHO DE 2025 &#8211; Altera\u00e7\u00e3o da Resolu\u00e7\u00e3o CNE\/CEB n\u00ba 3, de 8 de abril de 2025, que instituiu as Diretrizes Operacionais para a Educa\u00e7\u00e3o de Jovens e Adultos &#8211; EJA.<\/a><\/p>\n\n\n\n<hr class=\"wp-block-separator has-alpha-channel-opacity\" \/>\n\n\n\n<p><a href=\"https:\/\/www.gov.br\/mec\/pt-br\/cne\/2025\/abril\/rceb003_25.pdf\" data-type=\"link\" data-id=\"https:\/\/www.gov.br\/mec\/pt-br\/cne\/2025\/abril\/rceb003_25.pdf\">RESOLU\u00c7\u00c3O CNE\/CEB N\u00ba 3, DE 8 DE ABRIL DE 2025 () (*) &#8211; Institui as Diretrizes Operacionais Nacionais para a Educa\u00e7\u00e3o de Jovens e Adultos \u2013 EJA<\/a><\/p>\n\n\n\n<h2 class=\"wp-block-heading has-medium-font-size\"><div class=\"linha-header\">Guias de Cursos<\/div><\/h2>\n\n\n\n<hr class=\"wp-block-separator has-alpha-channel-opacity\" \/>\n\n\n\n<p><a href=\"http:\/\/cnct.mec.gov.br\/cnct-api\/catalogopdf\">Cat\u00e1logo Nacional de Cursos T\u00e9cnicos (CNCT)<\/a><\/p>\n\n\n\n<hr class=\"wp-block-separator has-alpha-channel-opacity\" \/>\n\n\n\n<p><a href=\"http:\/\/portal.mec.gov.br\/index.php?option=com_docman&amp;view=download&amp;alias=41261-guia-pronatec-de-cursos-fic-2016-pdf&amp;category_slug=maio-2016-pdf&amp;Itemid=30192\">Guia Pronatec de cursos FIC (2016)<\/a><\/p>\n\n\n\n<hr class=\"wp-block-separator has-alpha-channel-opacity\" \/>\n\n\n\n<p><\/p>\n","protected":false},"excerpt":{"rendered":"<p>A&nbsp;Superintend\u00eancia do Ensino B\u00e1sico, T\u00e9cnico e Tecnol\u00f3gico (SEBTT),&nbsp;direciona unidades vinculadas a partir de termos oficiais [&hellip;]<\/p>\n","protected":false},"author":47,"featured_media":0,"parent":0,"menu_order":0,"comment_status":"closed","ping_status":"closed","template":"","meta":{"footnotes":""},"class_list":["post-24","page","type-page","status-publish","hentry"],"_links":{"self":[{"href":"https:\/\/www.ufpb.br\/sebtt\/wp-json\/wp\/v2\/pages\/24","targetHints":{"allow":["GET"]}}],"collection":[{"href":"https:\/\/www.ufpb.br\/sebtt\/wp-json\/wp\/v2\/pages"}],"about":[{"href":"https:\/\/www.ufpb.br\/sebtt\/wp-json\/wp\/v2\/types\/page"}],"author":[{"embeddable":true,"href":"https:\/\/www.ufpb.br\/sebtt\/wp-json\/wp\/v2\/users\/47"}],"replies":[{"embeddable":true,"href":"https:\/\/www.ufpb.br\/sebtt\/wp-json\/wp\/v2\/comments?post=24"}],"version-history":[{"count":8,"href":"https:\/\/www.ufpb.br\/sebtt\/wp-json\/wp\/v2\/pages\/24\/revisions"}],"predecessor-version":[{"id":365,"href":"https:\/\/www.ufpb.br\/sebtt\/wp-json\/wp\/v2\/pages\/24\/revisions\/365"}],"wp:attachment":[{"href":"https:\/\/www.ufpb.br\/sebtt\/wp-json\/wp\/v2\/media?parent=24"}],"curies":[{"name":"wp","href":"https:\/\/api.w.org\/{rel}","templated":true}]}}