{"id":304,"date":"2025-10-14T10:08:09","date_gmt":"2025-10-14T13:08:09","guid":{"rendered":"https:\/\/www.ufpb.br\/sebtt\/?page_id=304"},"modified":"2025-10-24T10:40:56","modified_gmt":"2025-10-24T13:40:56","slug":"carta-de-servico-ao-usuario","status":"publish","type":"page","link":"https:\/\/www.ufpb.br\/sebtt\/carta-de-servico-ao-usuario\/","title":{"rendered":"Carta de Servi\u00e7o ao Usu\u00e1rio"},"content":{"rendered":"\n<p>Torna-se p\u00fablica a Carta de Servi\u00e7o ao Usu\u00e1rio da Superintend\u00eancia de Ensino B\u00e1sico, T\u00e9cnico e Tecnol\u00f3gico, um instrumento de transpar\u00eancia e di\u00e1logo com a comunidade. Por meio dela, buscamos aproximar o cidad\u00e3o dos servi\u00e7os oferecidos, esclarecer direitos, deveres e compromissos, al\u00e9m de reafirmar o compromisso da Superintend\u00eancia com a qualidade e a melhoria cont\u00ednua no atendimento \u00e0 sociedade. <\/p>\n\n\n\n<p>Confira os links r\u00e1pidos:<\/p>\n\n\n\n<div class=\"wp-block-columns is-layout-flex wp-container-core-columns-is-layout-9d6595d7 wp-block-columns-is-layout-flex\">\n<div class=\"wp-block-column is-layout-flow wp-block-column-is-layout-flow\">\n<div class=\"wp-block-columns is-layout-flex wp-container-core-columns-is-layout-9d6595d7 wp-block-columns-is-layout-flex\">\n<div class=\"wp-block-column is-layout-flow wp-block-column-is-layout-flow\">\n<figure class=\"wp-block-image size-large\"><a href=\"https:\/\/xn--cartadeserviosebtt-jvb.my.canva.site\/equipe\"><img decoding=\"async\" src=\"https:\/\/www.ufpb.br\/sebtt\/wp-content\/uploads\/sites\/79\/sites\/249\/2025\/10\/1-3-1024x1024.png\" alt=\"\" class=\"wp-image-347\" \/><\/a><\/figure>\n<\/div>\n<\/div>\n<\/div>\n\n\n\n<div class=\"wp-block-column is-layout-flow wp-block-column-is-layout-flow\">\n<div class=\"wp-block-columns is-layout-flex wp-container-core-columns-is-layout-9d6595d7 wp-block-columns-is-layout-flex\">\n<div class=\"wp-block-column is-layout-flow wp-block-column-is-layout-flow\">\n<figure class=\"wp-block-image size-large\"><a href=\"https:\/\/xn--cartadeserviosebtt-jvb.my.canva.site\/apresentao\"><img decoding=\"async\" src=\"https:\/\/www.ufpb.br\/sebtt\/wp-content\/uploads\/sites\/79\/sites\/249\/2025\/10\/2-4-1024x1024.png\" alt=\"\" class=\"wp-image-350\" \/><\/a><\/figure>\n<\/div>\n<\/div>\n<\/div>\n\n\n\n<div class=\"wp-block-column is-layout-flow wp-block-column-is-layout-flow\">\n<div class=\"wp-block-columns is-layout-flex wp-container-core-columns-is-layout-9d6595d7 wp-block-columns-is-layout-flex\">\n<div class=\"wp-block-column is-layout-flow wp-block-column-is-layout-flow\">\n<figure class=\"wp-block-image size-large\"><a href=\"https:\/\/xn--cartadeserviosebtt-jvb.my.canva.site\/organograma\"><img decoding=\"async\" src=\"https:\/\/www.ufpb.br\/sebtt\/wp-content\/uploads\/sites\/79\/sites\/249\/2025\/10\/3-2-1024x1024.png\" alt=\"\" class=\"wp-image-351\" \/><\/a><\/figure>\n<\/div>\n<\/div>\n<\/div>\n<\/div>\n\n\n\n<div class=\"wp-block-columns is-layout-flex wp-container-core-columns-is-layout-9d6595d7 wp-block-columns-is-layout-flex\">\n<div class=\"wp-block-column is-layout-flow wp-block-column-is-layout-flow\">\n<figure class=\"wp-block-image size-large\"><a href=\"https:\/\/xn--cartadeserviosebtt-jvb.my.canva.site\/atendimento\"><img loading=\"lazy\" decoding=\"async\" width=\"1024\" height=\"1024\" src=\"http:\/\/www.ufpb.br\/sebtt\/wp-content\/uploads\/sites\/79\/sites\/249\/2025\/10\/4-1-1024x1024.png\" alt=\"\" class=\"wp-image-340\" srcset=\"https:\/\/www.ufpb.br\/sebtt\/wp-content\/uploads\/sites\/79\/sites\/249\/2025\/10\/4-1-1024x1024.png 1024w, https:\/\/www.ufpb.br\/sebtt\/wp-content\/uploads\/sites\/79\/sites\/249\/2025\/10\/4-1-300x300.png 300w, https:\/\/www.ufpb.br\/sebtt\/wp-content\/uploads\/sites\/79\/sites\/249\/2025\/10\/4-1-150x150.png 150w, https:\/\/www.ufpb.br\/sebtt\/wp-content\/uploads\/sites\/79\/sites\/249\/2025\/10\/4-1-768x768.png 768w, https:\/\/www.ufpb.br\/sebtt\/wp-content\/uploads\/sites\/79\/sites\/249\/2025\/10\/4-1.png 1080w\" sizes=\"auto, (max-width: 1024px) 100vw, 1024px\" \/><\/a><\/figure>\n<\/div>\n\n\n\n<div class=\"wp-block-column is-layout-flow wp-block-column-is-layout-flow\">\n<figure class=\"wp-block-image size-large\"><a href=\"https:\/\/xn--cartadeserviosebtt-jvb.my.canva.site\/localizao\"><img decoding=\"async\" src=\"https:\/\/www.ufpb.br\/sebtt\/wp-content\/uploads\/sites\/79\/sites\/249\/2025\/10\/5-3-1024x1024.png\" alt=\"\" class=\"wp-image-353\" \/><\/a><\/figure>\n<\/div>\n\n\n\n<div class=\"wp-block-column is-layout-flow wp-block-column-is-layout-flow\">\n<figure class=\"wp-block-image size-large\"><a href=\"https:\/\/xn--cartadeserviosebtt-jvb.my.canva.site\/superintendncia\"><img decoding=\"async\" src=\"https:\/\/www.ufpb.br\/sebtt\/wp-content\/uploads\/sites\/79\/sites\/249\/2025\/10\/6-2-1024x1024.png\" alt=\"\" class=\"wp-image-354\" \/><\/a><\/figure>\n<\/div>\n<\/div>\n\n\n\n<div class=\"wp-block-columns is-layout-flex wp-container-core-columns-is-layout-9d6595d7 wp-block-columns-is-layout-flex\">\n<div class=\"wp-block-column is-layout-flow wp-block-column-is-layout-flow\">\n<figure class=\"wp-block-image size-large\"><a href=\"https:\/\/xn--cartadeserviosebtt-jvb.my.canva.site\/conselho-ebtt\"><img loading=\"lazy\" decoding=\"async\" width=\"1024\" height=\"1024\" src=\"http:\/\/www.ufpb.br\/sebtt\/wp-content\/uploads\/sites\/79\/sites\/249\/2025\/10\/7-1-1024x1024.png\" alt=\"\" class=\"wp-image-343\" srcset=\"https:\/\/www.ufpb.br\/sebtt\/wp-content\/uploads\/sites\/79\/sites\/249\/2025\/10\/7-1-1024x1024.png 1024w, https:\/\/www.ufpb.br\/sebtt\/wp-content\/uploads\/sites\/79\/sites\/249\/2025\/10\/7-1-300x300.png 300w, https:\/\/www.ufpb.br\/sebtt\/wp-content\/uploads\/sites\/79\/sites\/249\/2025\/10\/7-1-150x150.png 150w, https:\/\/www.ufpb.br\/sebtt\/wp-content\/uploads\/sites\/79\/sites\/249\/2025\/10\/7-1-768x768.png 768w, https:\/\/www.ufpb.br\/sebtt\/wp-content\/uploads\/sites\/79\/sites\/249\/2025\/10\/7-1.png 1080w\" sizes=\"auto, (max-width: 1024px) 100vw, 1024px\" \/><\/a><\/figure>\n<\/div>\n\n\n\n<div class=\"wp-block-column is-layout-flow wp-block-column-is-layout-flow\">\n<figure class=\"wp-block-image size-large\"><a href=\"https:\/\/xn--cartadeserviosebtt-jvb.my.canva.site\/secretaria-executiva\"><img loading=\"lazy\" decoding=\"async\" width=\"1024\" height=\"1024\" src=\"http:\/\/www.ufpb.br\/sebtt\/wp-content\/uploads\/sites\/79\/sites\/249\/2025\/10\/8-1-1024x1024.png\" alt=\"\" class=\"wp-image-344\" srcset=\"https:\/\/www.ufpb.br\/sebtt\/wp-content\/uploads\/sites\/79\/sites\/249\/2025\/10\/8-1-1024x1024.png 1024w, https:\/\/www.ufpb.br\/sebtt\/wp-content\/uploads\/sites\/79\/sites\/249\/2025\/10\/8-1-300x300.png 300w, https:\/\/www.ufpb.br\/sebtt\/wp-content\/uploads\/sites\/79\/sites\/249\/2025\/10\/8-1-150x150.png 150w, https:\/\/www.ufpb.br\/sebtt\/wp-content\/uploads\/sites\/79\/sites\/249\/2025\/10\/8-1-768x768.png 768w, https:\/\/www.ufpb.br\/sebtt\/wp-content\/uploads\/sites\/79\/sites\/249\/2025\/10\/8-1.png 1080w\" sizes=\"auto, (max-width: 1024px) 100vw, 1024px\" \/><\/a><\/figure>\n<\/div>\n\n\n\n<div class=\"wp-block-column is-layout-flow wp-block-column-is-layout-flow\">\n<figure class=\"wp-block-image size-large\"><a href=\"https:\/\/xn--cartadeserviosebtt-jvb.my.canva.site\/contato\"><img decoding=\"async\" src=\"http:\/\/www.ufpb.br\/sebtt\/wp-content\/uploads\/sites\/79\/sites\/249\/2025\/10\/9-1-1024x1024.png\" alt=\"\" class=\"wp-image-345\" \/><\/a><\/figure>\n<\/div>\n<\/div>\n\n\n\n<div class=\"wp-block-columns is-layout-flex wp-container-core-columns-is-layout-9d6595d7 wp-block-columns-is-layout-flex\">\n<div class=\"wp-block-column is-layout-flow wp-block-column-is-layout-flow\"><\/div>\n\n\n\n<div class=\"wp-block-column is-layout-flow wp-block-column-is-layout-flow\">\n<figure class=\"wp-block-image size-large\"><a href=\"http:\/\/www.ufpb.br\/sebtt\/wp-content\/uploads\/sites\/79\/sites\/249\/2025\/10\/CartaDeServicoSEBTT.pdf\"><img loading=\"lazy\" decoding=\"async\" width=\"1024\" height=\"1024\" src=\"https:\/\/www.ufpb.br\/sebtt\/wp-content\/uploads\/sites\/79\/sites\/249\/2025\/10\/2-1-1024x1024.png\" alt=\"\" class=\"wp-image-322\" srcset=\"https:\/\/www.ufpb.br\/sebtt\/wp-content\/uploads\/sites\/79\/sites\/249\/2025\/10\/2-1-1024x1024.png 1024w, https:\/\/www.ufpb.br\/sebtt\/wp-content\/uploads\/sites\/79\/sites\/249\/2025\/10\/2-1-300x300.png 300w, https:\/\/www.ufpb.br\/sebtt\/wp-content\/uploads\/sites\/79\/sites\/249\/2025\/10\/2-1-150x150.png 150w, https:\/\/www.ufpb.br\/sebtt\/wp-content\/uploads\/sites\/79\/sites\/249\/2025\/10\/2-1-768x768.png 768w, https:\/\/www.ufpb.br\/sebtt\/wp-content\/uploads\/sites\/79\/sites\/249\/2025\/10\/2-1.png 1080w\" sizes=\"auto, (max-width: 1024px) 100vw, 1024px\" \/><\/a><\/figure>\n<\/div>\n\n\n\n<div class=\"wp-block-column is-layout-flow wp-block-column-is-layout-flow\"><\/div>\n<\/div>\n\n\n\n<div class=\"wp-block-columns is-layout-flex wp-container-core-columns-is-layout-9d6595d7 wp-block-columns-is-layout-flex\">\n<div class=\"wp-block-column is-layout-flow wp-block-column-is-layout-flow\"><\/div>\n\n\n\n<div class=\"wp-block-column is-layout-flow wp-block-column-is-layout-flow\">\n<figure class=\"wp-block-image size-large\"><a href=\"https:\/\/xn--cartadeserviosebtt-jvb.my.canva.site\/\"><img loading=\"lazy\" decoding=\"async\" width=\"1024\" height=\"1024\" src=\"http:\/\/www.ufpb.br\/sebtt\/wp-content\/uploads\/sites\/79\/sites\/249\/2025\/10\/1-1-1024x1024.png\" alt=\"\" class=\"wp-image-321\" srcset=\"https:\/\/www.ufpb.br\/sebtt\/wp-content\/uploads\/sites\/79\/sites\/249\/2025\/10\/1-1-1024x1024.png 1024w, https:\/\/www.ufpb.br\/sebtt\/wp-content\/uploads\/sites\/79\/sites\/249\/2025\/10\/1-1-300x300.png 300w, https:\/\/www.ufpb.br\/sebtt\/wp-content\/uploads\/sites\/79\/sites\/249\/2025\/10\/1-1-150x150.png 150w, https:\/\/www.ufpb.br\/sebtt\/wp-content\/uploads\/sites\/79\/sites\/249\/2025\/10\/1-1-768x768.png 768w, https:\/\/www.ufpb.br\/sebtt\/wp-content\/uploads\/sites\/79\/sites\/249\/2025\/10\/1-1.png 1080w\" sizes=\"auto, (max-width: 1024px) 100vw, 1024px\" \/><\/a><\/figure>\n<\/div>\n\n\n\n<div class=\"wp-block-column is-layout-flow wp-block-column-is-layout-flow\"><\/div>\n<\/div>\n","protected":false},"excerpt":{"rendered":"<p>Torna-se p\u00fablica a Carta de Servi\u00e7o ao Usu\u00e1rio da Superintend\u00eancia de Ensino B\u00e1sico, T\u00e9cnico e [&hellip;]<\/p>\n","protected":false},"author":196,"featured_media":0,"parent":0,"menu_order":0,"comment_status":"closed","ping_status":"closed","template":"","meta":{"footnotes":""},"class_list":["post-304","page","type-page","status-publish","hentry"],"_links":{"self":[{"href":"https:\/\/www.ufpb.br\/sebtt\/wp-json\/wp\/v2\/pages\/304","targetHints":{"allow":["GET"]}}],"collection":[{"href":"https:\/\/www.ufpb.br\/sebtt\/wp-json\/wp\/v2\/pages"}],"about":[{"href":"https:\/\/www.ufpb.br\/sebtt\/wp-json\/wp\/v2\/types\/page"}],"author":[{"embeddable":true,"href":"https:\/\/www.ufpb.br\/sebtt\/wp-json\/wp\/v2\/users\/196"}],"replies":[{"embeddable":true,"href":"https:\/\/www.ufpb.br\/sebtt\/wp-json\/wp\/v2\/comments?post=304"}],"version-history":[{"count":5,"href":"https:\/\/www.ufpb.br\/sebtt\/wp-json\/wp\/v2\/pages\/304\/revisions"}],"predecessor-version":[{"id":355,"href":"https:\/\/www.ufpb.br\/sebtt\/wp-json\/wp\/v2\/pages\/304\/revisions\/355"}],"wp:attachment":[{"href":"https:\/\/www.ufpb.br\/sebtt\/wp-json\/wp\/v2\/media?parent=304"}],"curies":[{"name":"wp","href":"https:\/\/api.w.org\/{rel}","templated":true}]}}