{"id":32,"date":"2025-01-28T20:43:33","date_gmt":"2025-01-28T23:43:33","guid":{"rendered":"https:\/\/www.ufpb.br\/sebtt\/?page_id=32"},"modified":"2025-09-26T09:20:07","modified_gmt":"2025-09-26T12:20:07","slug":"publicacoes","status":"publish","type":"page","link":"https:\/\/www.ufpb.br\/sebtt\/publicacoes\/","title":{"rendered":"Publica\u00e7\u00f5es"},"content":{"rendered":"\n<hr class=\"wp-block-separator has-alpha-channel-opacity\" \/>\n\n\n\n<p><\/p>\n\n\n\n<div class=\"wp-block-columns is-layout-flex wp-container-core-columns-is-layout-9d6595d7 wp-block-columns-is-layout-flex\">\n<div class=\"wp-block-column is-layout-flow wp-block-column-is-layout-flow\">\n<figure class=\"wp-block-image size-full\"><img loading=\"lazy\" decoding=\"async\" width=\"593\" height=\"837\" src=\"https:\/\/www.ufpb.br\/sebtt\/wp-content\/uploads\/sites\/79\/sites\/249\/2025\/09\/CapaAnaisForum.png\" alt=\"\" class=\"wp-image-289\" srcset=\"https:\/\/www.ufpb.br\/sebtt\/wp-content\/uploads\/sites\/79\/sites\/249\/2025\/09\/CapaAnaisForum.png 593w, https:\/\/www.ufpb.br\/sebtt\/wp-content\/uploads\/sites\/79\/sites\/249\/2025\/09\/CapaAnaisForum-213x300.png 213w\" sizes=\"auto, (max-width: 593px) 100vw, 593px\" \/><\/figure>\n<\/div>\n\n\n\n<div class=\"wp-block-column is-layout-flow wp-block-column-is-layout-flow\">\n<p style=\"font-size:15px\"><strong><a href=\"https:\/\/www.ufpb.br\/sebtt\/wp-content\/uploads\/sites\/79\/sites\/249\/2025\/09\/Anais-Forum-EBTT.pdf\" data-type=\"attachment\" data-id=\"287\">ANAIS &#8211;&nbsp;I F\u00d3RUM DO ENSINO B\u00c1SICO, T\u00c9CNICO E TECNOL\u00d3GICO DA UNIVERSIDADE FEDERAL DA PARA\u00cdBA<\/a><\/strong><\/p>\n\n\n\n<p style=\"font-size:15px\">O I F\u00f3rum do Ensino B\u00e1sico, T\u00e9cnico e Tecnol\u00f3gico, promovido pela Superintend\u00eancia do Ensino B\u00e1sico, T\u00e9cnico e Tecnol\u00f3gico da UFPB, reuniu a comunidade acad\u00eamica e escolar para divulgar e socializar projetos e a\u00e7\u00f5es de ensino, pesquisa, extens\u00e3o, inova\u00e7\u00e3o e gest\u00e3o desenvolvidos pelo Centro Profissional e Tecnol\u00f3gico &#8211; Escola T\u00e9cnica de Sa\u00fade, pelo Col\u00e9gio Agr\u00edcola Vidal de Negreiros e pelo Col\u00e9gio de Aplica\u00e7\u00e3o. O evento possibilitou o compartilhamento de saberes e experi\u00eancias entre estudantes, docentes e t\u00e9cnicos-administrativos, fortalecendo redes de colabora\u00e7\u00e3o e ampliando o di\u00e1logo entre as Escolas EBTT, a gest\u00e3o superior da UFPB e a sociedade. Os anais publicados em formato digital re\u00fanem resumos que evidenciam o potencial das pr\u00e1ticas realizadas em 2019, democratizando o acesso ao conhecimento produzido e reafirmando o compromisso social da Universidade em promover a difus\u00e3o de saberes e contribuir para processos de transforma\u00e7\u00e3o social.<\/p>\n<\/div>\n<\/div>\n\n\n\n<p><\/p>\n","protected":false},"excerpt":{"rendered":"<p>ANAIS &#8211;&nbsp;I F\u00d3RUM DO ENSINO B\u00c1SICO, T\u00c9CNICO E TECNOL\u00d3GICO DA UNIVERSIDADE FEDERAL DA PARA\u00cdBA O [&hellip;]<\/p>\n","protected":false},"author":47,"featured_media":0,"parent":0,"menu_order":0,"comment_status":"closed","ping_status":"closed","template":"","meta":{"footnotes":""},"class_list":["post-32","page","type-page","status-publish","hentry"],"_links":{"self":[{"href":"https:\/\/www.ufpb.br\/sebtt\/wp-json\/wp\/v2\/pages\/32","targetHints":{"allow":["GET"]}}],"collection":[{"href":"https:\/\/www.ufpb.br\/sebtt\/wp-json\/wp\/v2\/pages"}],"about":[{"href":"https:\/\/www.ufpb.br\/sebtt\/wp-json\/wp\/v2\/types\/page"}],"author":[{"embeddable":true,"href":"https:\/\/www.ufpb.br\/sebtt\/wp-json\/wp\/v2\/users\/47"}],"replies":[{"embeddable":true,"href":"https:\/\/www.ufpb.br\/sebtt\/wp-json\/wp\/v2\/comments?post=32"}],"version-history":[{"count":7,"href":"https:\/\/www.ufpb.br\/sebtt\/wp-json\/wp\/v2\/pages\/32\/revisions"}],"predecessor-version":[{"id":298,"href":"https:\/\/www.ufpb.br\/sebtt\/wp-json\/wp\/v2\/pages\/32\/revisions\/298"}],"wp:attachment":[{"href":"https:\/\/www.ufpb.br\/sebtt\/wp-json\/wp\/v2\/media?parent=32"}],"curies":[{"name":"wp","href":"https:\/\/api.w.org\/{rel}","templated":true}]}}