{"id":327,"date":"2025-10-16T08:01:43","date_gmt":"2025-10-16T11:01:43","guid":{"rendered":"https:\/\/www.ufpb.br\/sebtt\/?page_id=327"},"modified":"2025-10-16T08:01:46","modified_gmt":"2025-10-16T11:01:46","slug":"consultas-publicas","status":"publish","type":"page","link":"https:\/\/www.ufpb.br\/sebtt\/consultas-publicas\/","title":{"rendered":"Consultas P\u00fablicas"},"content":{"rendered":"\n<div class=\"wp-block-columns is-layout-flex wp-container-core-columns-is-layout-9d6595d7 wp-block-columns-is-layout-flex\">\n<div class=\"wp-block-column is-layout-flow wp-block-column-is-layout-flow\">\n<p>A Superintend\u00eancia de Ensino B\u00e1sico, T\u00e9cnico e Tecnol\u00f3gico (SEBTT) disponibiliza este espa\u00e7o para promover a participa\u00e7\u00e3o da comunidade acad\u00eamica e da sociedade nas decis\u00f5es relacionadas \u00e0s pol\u00edticas, programas e a\u00e7\u00f5es desenvolvidas no \u00e2mbito do ensino b\u00e1sico, t\u00e9cnico e tecnol\u00f3gico da UFPB.<\/p>\n\n\n\n<p>Por meio das consultas p\u00fablicas, buscamos garantir transpar\u00eancia, di\u00e1logo e constru\u00e7\u00e3o coletiva, permitindo que estudantes, servidores e demais cidad\u00e3os contribuam com sugest\u00f5es e manifesta\u00e7\u00f5es sobre temas relevantes \u00e0 gest\u00e3o educacional.<\/p>\n<\/div>\n\n\n\n<div class=\"wp-block-column is-layout-flow wp-block-column-is-layout-flow\">\n<figure class=\"wp-block-image size-large is-style-default\"><img loading=\"lazy\" decoding=\"async\" width=\"1024\" height=\"1024\" src=\"https:\/\/www.ufpb.br\/sebtt\/wp-content\/uploads\/sites\/79\/sites\/249\/2025\/10\/ConsultasPublicasSebtt-1024x1024.png\" alt=\"\" class=\"wp-image-328\" srcset=\"https:\/\/www.ufpb.br\/sebtt\/wp-content\/uploads\/sites\/79\/sites\/249\/2025\/10\/ConsultasPublicasSebtt-1024x1024.png 1024w, https:\/\/www.ufpb.br\/sebtt\/wp-content\/uploads\/sites\/79\/sites\/249\/2025\/10\/ConsultasPublicasSebtt-300x300.png 300w, https:\/\/www.ufpb.br\/sebtt\/wp-content\/uploads\/sites\/79\/sites\/249\/2025\/10\/ConsultasPublicasSebtt-150x150.png 150w, https:\/\/www.ufpb.br\/sebtt\/wp-content\/uploads\/sites\/79\/sites\/249\/2025\/10\/ConsultasPublicasSebtt-768x768.png 768w, https:\/\/www.ufpb.br\/sebtt\/wp-content\/uploads\/sites\/79\/sites\/249\/2025\/10\/ConsultasPublicasSebtt.png 1080w\" sizes=\"auto, (max-width: 1024px) 100vw, 1024px\" \/><\/figure>\n<\/div>\n<\/div>\n\n\n\n<p><\/p>\n\n\n\n<hr class=\"wp-block-separator has-alpha-channel-opacity\" \/>\n\n\n\n<p><\/p>\n\n\n\n<div class=\"wp-block-columns is-layout-flex wp-container-core-columns-is-layout-9d6595d7 wp-block-columns-is-layout-flex\">\n<div class=\"wp-block-column is-layout-flow wp-block-column-is-layout-flow\">\n<figure class=\"wp-block-image size-large\"><img loading=\"lazy\" decoding=\"async\" width=\"1024\" height=\"1024\" src=\"http:\/\/www.ufpb.br\/sebtt\/wp-content\/uploads\/sites\/79\/sites\/249\/2025\/07\/QR-Code-2-1024x1024.png\" alt=\"\" class=\"wp-image-143\" srcset=\"https:\/\/www.ufpb.br\/sebtt\/wp-content\/uploads\/sites\/79\/sites\/249\/2025\/07\/QR-Code-2-1024x1024.png 1024w, https:\/\/www.ufpb.br\/sebtt\/wp-content\/uploads\/sites\/79\/sites\/249\/2025\/07\/QR-Code-2-300x300.png 300w, https:\/\/www.ufpb.br\/sebtt\/wp-content\/uploads\/sites\/79\/sites\/249\/2025\/07\/QR-Code-2-150x150.png 150w, https:\/\/www.ufpb.br\/sebtt\/wp-content\/uploads\/sites\/79\/sites\/249\/2025\/07\/QR-Code-2-768x768.png 768w, https:\/\/www.ufpb.br\/sebtt\/wp-content\/uploads\/sites\/79\/sites\/249\/2025\/07\/QR-Code-2.png 1080w\" sizes=\"auto, (max-width: 1024px) 100vw, 1024px\" \/><\/figure>\n\n\n\n<figure class=\"wp-block-image size-large is-resized\"><img loading=\"lazy\" decoding=\"async\" width=\"1024\" height=\"1024\" src=\"https:\/\/www.ufpb.br\/sebtt\/wp-content\/uploads\/sites\/79\/sites\/249\/2025\/10\/ConsultasPublicasSebtt-1-1024x1024.png\" alt=\"\" class=\"wp-image-329\" style=\"width:191px;height:auto\" srcset=\"https:\/\/www.ufpb.br\/sebtt\/wp-content\/uploads\/sites\/79\/sites\/249\/2025\/10\/ConsultasPublicasSebtt-1-1024x1024.png 1024w, https:\/\/www.ufpb.br\/sebtt\/wp-content\/uploads\/sites\/79\/sites\/249\/2025\/10\/ConsultasPublicasSebtt-1-300x300.png 300w, https:\/\/www.ufpb.br\/sebtt\/wp-content\/uploads\/sites\/79\/sites\/249\/2025\/10\/ConsultasPublicasSebtt-1-150x150.png 150w, https:\/\/www.ufpb.br\/sebtt\/wp-content\/uploads\/sites\/79\/sites\/249\/2025\/10\/ConsultasPublicasSebtt-1-768x768.png 768w, https:\/\/www.ufpb.br\/sebtt\/wp-content\/uploads\/sites\/79\/sites\/249\/2025\/10\/ConsultasPublicasSebtt-1.png 1080w\" sizes=\"auto, (max-width: 1024px) 100vw, 1024px\" \/><\/figure>\n<\/div>\n\n\n\n<div class=\"wp-block-column is-layout-flow wp-block-column-is-layout-flow\">\n<div class=\"wp-block-columns is-layout-flex wp-container-core-columns-is-layout-9d6595d7 wp-block-columns-is-layout-flex\">\n<div class=\"wp-block-column is-layout-flow wp-block-column-is-layout-flow\">\n<p class=\"has-medium-font-size\"><strong><a href=\"https:\/\/forms.gle\/yQY71pjxRfMoaS8h6\">Proposta de minuta sobre a utiliza\u00e7\u00e3o de dispositivos digitais nas Escolas Vinculadas ofertantes da Educa\u00e7\u00e3o B\u00e1sica, no \u00e2mbito da Universidade Federal da Para\u00edba<\/a><\/strong><\/p>\n\n\n\n<p>A Superintend\u00eancia do Ensino B\u00e1sico, T\u00e9cnico e Tecnol\u00f3gico (SEBTT), atendendo ao preconizado na Decreto n\u00ba 15.100\/2025, vem por meio de consulta p\u00fablica convidar a comunidade acad\u00eamica do EBTT\/UFPB a contribuir com sugest\u00f5es para a constru\u00e7\u00e3o da resolu\u00e7\u00e3o que regulamenta a utiliza\u00e7\u00e3o de smartphones nas depend\u00eancias das escolas vinculadas da UFPB.<br>De 28 de julho a 4 de agosto de 2025, usando o recursos de comunica\u00e7\u00e3o online, a SEBTT coletar\u00e1 sugest\u00f5es de estudantes, docentes, t\u00e9cnicos, pais e gestores sobre a proposta de minuta de resolu\u00e7\u00e3o.<\/p>\n\n\n\n<p><\/p>\n<\/div>\n<\/div>\n<\/div>\n<\/div>\n\n\n\n<p><\/p>\n","protected":false},"excerpt":{"rendered":"<p>A Superintend\u00eancia de Ensino B\u00e1sico, T\u00e9cnico e Tecnol\u00f3gico (SEBTT) disponibiliza este espa\u00e7o para promover a [&hellip;]<\/p>\n","protected":false},"author":196,"featured_media":0,"parent":0,"menu_order":0,"comment_status":"closed","ping_status":"closed","template":"","meta":{"footnotes":""},"class_list":["post-327","page","type-page","status-publish","hentry"],"_links":{"self":[{"href":"https:\/\/www.ufpb.br\/sebtt\/wp-json\/wp\/v2\/pages\/327","targetHints":{"allow":["GET"]}}],"collection":[{"href":"https:\/\/www.ufpb.br\/sebtt\/wp-json\/wp\/v2\/pages"}],"about":[{"href":"https:\/\/www.ufpb.br\/sebtt\/wp-json\/wp\/v2\/types\/page"}],"author":[{"embeddable":true,"href":"https:\/\/www.ufpb.br\/sebtt\/wp-json\/wp\/v2\/users\/196"}],"replies":[{"embeddable":true,"href":"https:\/\/www.ufpb.br\/sebtt\/wp-json\/wp\/v2\/comments?post=327"}],"version-history":[{"count":1,"href":"https:\/\/www.ufpb.br\/sebtt\/wp-json\/wp\/v2\/pages\/327\/revisions"}],"predecessor-version":[{"id":330,"href":"https:\/\/www.ufpb.br\/sebtt\/wp-json\/wp\/v2\/pages\/327\/revisions\/330"}],"wp:attachment":[{"href":"https:\/\/www.ufpb.br\/sebtt\/wp-json\/wp\/v2\/media?parent=327"}],"curies":[{"name":"wp","href":"https:\/\/api.w.org\/{rel}","templated":true}]}}