{"id":34,"date":"2025-01-28T20:44:23","date_gmt":"2025-01-28T23:44:23","guid":{"rendered":"https:\/\/www.ufpb.br\/sebtt\/?page_id=34"},"modified":"2025-10-16T08:19:25","modified_gmt":"2025-10-16T11:19:25","slug":"equipe","status":"publish","type":"page","link":"https:\/\/www.ufpb.br\/sebtt\/equipe\/","title":{"rendered":"Equipe\u00a0"},"content":{"rendered":"\n<hr class=\"wp-block-separator has-alpha-channel-opacity\" \/>\n\n\n\n<p><strong>SUPERINTENDENTE<\/strong>&nbsp;<\/p>\n\n\n\n<p>Prof. Dra. \u00cdris Braz da Silva Ara\u00fajo<\/p>\n\n\n\n<p>Forma\u00e7\u00e3o: Doutora em Ci\u00eancia e Tecnologia de Alimentos<\/p>\n\n\n\n<p>Hor\u00e1rio: Segunda \u00e0 Sexta, das 7h \u00e0s 11h e 13h \u00e0s 17h<\/p>\n\n\n\n<p>E-mail: iris.braz@academico.ufpb.br<\/p>\n\n\n\n<hr class=\"wp-block-separator has-alpha-channel-opacity\" \/>\n\n\n\n<p><strong>PEDAGOGA<\/strong><\/p>\n\n\n\n<p>Jana\u00edna Lima Luna Rodrigues<\/p>\n\n\n\n<p>Forma\u00e7\u00e3o: Mestra em Educa\u00e7\u00e3o<\/p>\n\n\n\n<p>Hor\u00e1rio: Segunda \u00e0 Sexta, das 7h \u00e0s 12h e 13h \u00e0s 16h<\/p>\n\n\n\n<p>E-mail: janinhaslima@gmail.com<\/p>\n\n\n\n<hr class=\"wp-block-separator has-alpha-channel-opacity\" \/>\n\n\n\n<p><strong>PEDAGOGA<\/strong><\/p>\n\n\n\n<p>Samara Queiroga Borges Gomes da Costa<\/p>\n\n\n\n<p>Forma\u00e7\u00e3o: Mestra em Educa\u00e7\u00e3o<\/p>\n\n\n\n<p>Hor\u00e1rio: Segunda \u00e0 Sexta, das 7h \u00e0s 11h e 12h \u00e0s 16h<\/p>\n\n\n\n<p>E-mail: samara@reitoria.ufpb.br<\/p>\n\n\n\n<hr class=\"wp-block-separator has-alpha-channel-opacity\" \/>\n\n\n\n<p><strong>ESTAGI\u00c1RIA<\/strong><\/p>\n\n\n\n<p>Julia Maria Calixto Silva<\/p>\n\n\n\n<p>Forma\u00e7\u00e3o: Graduanda em Comunica\u00e7\u00e3o em M\u00eddias Digitais<\/p>\n\n\n\n<p>Hor\u00e1rio: Segunda \u00e0 Sexta, das 8h \u00e0s 12h<\/p>\n\n\n\n<p>E-mail: julia.calixto@academico.ufpb.br<\/p>\n\n\n\n<p><\/p>\n","protected":false},"excerpt":{"rendered":"<p>SUPERINTENDENTE&nbsp; Prof. Dra. \u00cdris Braz da Silva Ara\u00fajo Forma\u00e7\u00e3o: Doutora em Ci\u00eancia e Tecnologia de [&hellip;]<\/p>\n","protected":false},"author":47,"featured_media":0,"parent":0,"menu_order":0,"comment_status":"closed","ping_status":"closed","template":"","meta":{"footnotes":""},"class_list":["post-34","page","type-page","status-publish","hentry"],"_links":{"self":[{"href":"https:\/\/www.ufpb.br\/sebtt\/wp-json\/wp\/v2\/pages\/34","targetHints":{"allow":["GET"]}}],"collection":[{"href":"https:\/\/www.ufpb.br\/sebtt\/wp-json\/wp\/v2\/pages"}],"about":[{"href":"https:\/\/www.ufpb.br\/sebtt\/wp-json\/wp\/v2\/types\/page"}],"author":[{"embeddable":true,"href":"https:\/\/www.ufpb.br\/sebtt\/wp-json\/wp\/v2\/users\/47"}],"replies":[{"embeddable":true,"href":"https:\/\/www.ufpb.br\/sebtt\/wp-json\/wp\/v2\/comments?post=34"}],"version-history":[{"count":6,"href":"https:\/\/www.ufpb.br\/sebtt\/wp-json\/wp\/v2\/pages\/34\/revisions"}],"predecessor-version":[{"id":331,"href":"https:\/\/www.ufpb.br\/sebtt\/wp-json\/wp\/v2\/pages\/34\/revisions\/331"}],"wp:attachment":[{"href":"https:\/\/www.ufpb.br\/sebtt\/wp-json\/wp\/v2\/media?parent=34"}],"curies":[{"name":"wp","href":"https:\/\/api.w.org\/{rel}","templated":true}]}}