{"id":46,"date":"2025-01-28T21:01:59","date_gmt":"2025-01-29T00:01:59","guid":{"rendered":"https:\/\/www.ufpb.br\/sebtt\/?page_id=46"},"modified":"2025-03-18T16:25:15","modified_gmt":"2025-03-18T19:25:15","slug":"noticias","status":"publish","type":"page","link":"https:\/\/www.ufpb.br\/sebtt\/noticias\/","title":{"rendered":"Not\u00edcias"},"content":{"rendered":"\n<p class=\"has-black-color has-text-color has-link-color has-large-font-size wp-elements-f95bf7d371b3060a71afb1e17baf6679\"><strong>UFPB realiza o I Workshop das a\u00e7\u00f5es EBTT<\/strong> <strong>promovido pela SEBTT<\/strong><\/p>\n\n\n\n<p>O evento in\u00e9dito para a categoria EBTT ocorreu no dia 06 de fevereiro, com a presen\u00e7a das gest\u00f5es das Escolas Vinculadas \u00e0 UFPB.<\/p>\n\n\n\n<figure class=\"wp-block-image size-large\"><img decoding=\"async\" src=\"https:\/\/www.ufpb.br\/ufpb\/contents\/direto-da-reitoria\/ufpb-realiza-o-i-workshop-das-acoes-ebtt-e-reune-gestores-de-todas-as-escolas-vinculadas\/plantao-psicologico-na-ufpb-sera-retomado-na-proxima-quarta-15-2025-02-12t175519-092.jpg\" alt=\"\" \/><\/figure>\n\n\n\n<p>Fonte: Ascom\/UFPB.<\/p>\n\n\n\n<p>Clique <a href=\"https:\/\/www.ufpb.br\/ufpb\/contents\/direto-da-reitoria\/ufpb-realiza-o-i-workshop-das-acoes-ebtt-e-reune-gestores-de-todas-as-escolas-vinculadas\">aqui<\/a> para acessar a mat\u00e9ria completa.<\/p>\n","protected":false},"excerpt":{"rendered":"<p>UFPB realiza o I Workshop das a\u00e7\u00f5es EBTT promovido pela SEBTT O evento in\u00e9dito para [&hellip;]<\/p>\n","protected":false},"author":47,"featured_media":82,"parent":0,"menu_order":0,"comment_status":"closed","ping_status":"closed","template":"","meta":{"footnotes":""},"class_list":["post-46","page","type-page","status-publish","has-post-thumbnail","hentry"],"_links":{"self":[{"href":"https:\/\/www.ufpb.br\/sebtt\/wp-json\/wp\/v2\/pages\/46","targetHints":{"allow":["GET"]}}],"collection":[{"href":"https:\/\/www.ufpb.br\/sebtt\/wp-json\/wp\/v2\/pages"}],"about":[{"href":"https:\/\/www.ufpb.br\/sebtt\/wp-json\/wp\/v2\/types\/page"}],"author":[{"embeddable":true,"href":"https:\/\/www.ufpb.br\/sebtt\/wp-json\/wp\/v2\/users\/47"}],"replies":[{"embeddable":true,"href":"https:\/\/www.ufpb.br\/sebtt\/wp-json\/wp\/v2\/comments?post=46"}],"version-history":[{"count":3,"href":"https:\/\/www.ufpb.br\/sebtt\/wp-json\/wp\/v2\/pages\/46\/revisions"}],"predecessor-version":[{"id":97,"href":"https:\/\/www.ufpb.br\/sebtt\/wp-json\/wp\/v2\/pages\/46\/revisions\/97"}],"wp:featuredmedia":[{"embeddable":true,"href":"https:\/\/www.ufpb.br\/sebtt\/wp-json\/wp\/v2\/media\/82"}],"wp:attachment":[{"href":"https:\/\/www.ufpb.br\/sebtt\/wp-json\/wp\/v2\/media?parent=46"}],"curies":[{"name":"wp","href":"https:\/\/api.w.org\/{rel}","templated":true}]}}