{"id":55,"date":"2025-01-28T21:04:48","date_gmt":"2025-01-29T00:04:48","guid":{"rendered":"https:\/\/www.ufpb.br\/sebtt\/?page_id=55"},"modified":"2025-11-13T09:13:58","modified_gmt":"2025-11-13T12:13:58","slug":"escola-de-educacao-basica","status":"publish","type":"page","link":"https:\/\/www.ufpb.br\/sebtt\/escola-de-educacao-basica\/","title":{"rendered":"Col\u00e9gio de Aplica\u00e7\u00e3o &#8211; EBas"},"content":{"rendered":"\n<div class=\"wp-block-columns is-layout-flex wp-container-core-columns-is-layout-9d6595d7 wp-block-columns-is-layout-flex\">\n<div class=\"wp-block-column is-layout-flow wp-block-column-is-layout-flow\">\n<hr class=\"wp-block-separator has-alpha-channel-opacity\" \/>\n\n\n\n<p><\/p>\n\n\n\n<div class=\"wp-block-columns is-layout-flex wp-container-core-columns-is-layout-9d6595d7 wp-block-columns-is-layout-flex\">\n<div class=\"wp-block-column is-layout-flow wp-block-column-is-layout-flow\">\n<p>O Col\u00e9gio de Aplica\u00e7\u00e3o da UFPB, anteriormente Escola de Educa\u00e7\u00e3o B\u00e1sica (EEBAS),&nbsp;foi fundado em 1988 e se tornou oficialmente Col\u00e9gio de Aplica\u00e7\u00e3o em 2022. Localizado no Campus I, o col\u00e9gio \u00e9 uma unidade de educa\u00e7\u00e3o b\u00e1sica vinculada ao Centro de Educa\u00e7\u00e3o da UFPB e serve como laborat\u00f3rio para os cursos de pedagogia e licenciaturas da universidade.<\/p>\n\n\n\n<p>O Col\u00e9gio de Aplica\u00e7\u00e3o oferece ensino p\u00fablico e de qualidade para educa\u00e7\u00e3o infantil e fundamental I, desenvolvendo atividades de pesquisa e extens\u00e3o sempre com foco em inova\u00e7\u00f5es pedag\u00f3gicas.<\/p>\n<\/div>\n\n\n\n<div class=\"wp-block-column is-layout-flow wp-block-column-is-layout-flow\">\n<figure class=\"wp-block-image size-full\"><img loading=\"lazy\" decoding=\"async\" width=\"310\" height=\"307\" src=\"https:\/\/www.ufpb.br\/sebtt\/wp-content\/uploads\/sites\/79\/sites\/249\/2025\/09\/LogoEBAS.png\" alt=\"\" class=\"wp-image-248\" srcset=\"https:\/\/www.ufpb.br\/sebtt\/wp-content\/uploads\/sites\/79\/sites\/249\/2025\/09\/LogoEBAS.png 310w, https:\/\/www.ufpb.br\/sebtt\/wp-content\/uploads\/sites\/79\/sites\/249\/2025\/09\/LogoEBAS-300x297.png 300w, https:\/\/www.ufpb.br\/sebtt\/wp-content\/uploads\/sites\/79\/sites\/249\/2025\/09\/LogoEBAS-150x150.png 150w\" sizes=\"auto, (max-width: 310px) 100vw, 310px\" \/><\/figure>\n<\/div>\n<\/div>\n\n\n\n<p><\/p>\n<\/div>\n<\/div>\n\n\n\n<hr class=\"wp-block-separator has-alpha-channel-opacity\" \/>\n\n\n\n<p><strong>EEBAS INFORMANTE<\/strong><\/p>\n\n\n\n<div class=\"wp-block-columns is-layout-flex wp-container-core-columns-is-layout-9d6595d7 wp-block-columns-is-layout-flex\">\n<div class=\"wp-block-column is-layout-flow wp-block-column-is-layout-flow\">\n<figure class=\"wp-block-image size-large is-style-rounded\"><a href=\"https:\/\/www.ufpb.br\/sebtt\/wp-content\/uploads\/sites\/79\/sites\/249\/2025\/09\/Calendario-Letivo-2025.pdf\"><img loading=\"lazy\" decoding=\"async\" width=\"1024\" height=\"439\" src=\"https:\/\/www.ufpb.br\/sebtt\/wp-content\/uploads\/sites\/79\/sites\/249\/2025\/08\/12-1024x439.png\" alt=\"\" class=\"wp-image-180\" srcset=\"https:\/\/www.ufpb.br\/sebtt\/wp-content\/uploads\/sites\/79\/sites\/249\/2025\/08\/12-1024x439.png 1024w, https:\/\/www.ufpb.br\/sebtt\/wp-content\/uploads\/sites\/79\/sites\/249\/2025\/08\/12-300x129.png 300w, https:\/\/www.ufpb.br\/sebtt\/wp-content\/uploads\/sites\/79\/sites\/249\/2025\/08\/12-768x329.png 768w, https:\/\/www.ufpb.br\/sebtt\/wp-content\/uploads\/sites\/79\/sites\/249\/2025\/08\/12-1536x658.png 1536w, https:\/\/www.ufpb.br\/sebtt\/wp-content\/uploads\/sites\/79\/sites\/249\/2025\/08\/12-2048x878.png 2048w\" sizes=\"auto, (max-width: 1024px) 100vw, 1024px\" \/><\/a><\/figure>\n<\/div>\n\n\n\n<div class=\"wp-block-column is-layout-flow wp-block-column-is-layout-flow\">\n<figure class=\"wp-block-image size-large is-style-rounded\"><a href=\"https:\/\/www.instagram.com\/colegiodeaplicacao_ebas_ufpb\/\"><img loading=\"lazy\" decoding=\"async\" width=\"1024\" height=\"439\" src=\"https:\/\/www.ufpb.br\/sebtt\/wp-content\/uploads\/sites\/79\/sites\/249\/2025\/08\/13-1024x439.png\" alt=\"\" class=\"wp-image-181\" srcset=\"https:\/\/www.ufpb.br\/sebtt\/wp-content\/uploads\/sites\/79\/sites\/249\/2025\/08\/13-1024x439.png 1024w, https:\/\/www.ufpb.br\/sebtt\/wp-content\/uploads\/sites\/79\/sites\/249\/2025\/08\/13-300x129.png 300w, https:\/\/www.ufpb.br\/sebtt\/wp-content\/uploads\/sites\/79\/sites\/249\/2025\/08\/13-768x329.png 768w, https:\/\/www.ufpb.br\/sebtt\/wp-content\/uploads\/sites\/79\/sites\/249\/2025\/08\/13-1536x658.png 1536w, https:\/\/www.ufpb.br\/sebtt\/wp-content\/uploads\/sites\/79\/sites\/249\/2025\/08\/13-2048x878.png 2048w\" sizes=\"auto, (max-width: 1024px) 100vw, 1024px\" \/><\/a><\/figure>\n<\/div>\n<\/div>\n\n\n\n<div class=\"wp-block-columns is-layout-flex wp-container-core-columns-is-layout-9d6595d7 wp-block-columns-is-layout-flex\">\n<div class=\"wp-block-column is-layout-flow wp-block-column-is-layout-flow\"><\/div>\n\n\n\n<div class=\"wp-block-column is-layout-flow wp-block-column-is-layout-flow\"><\/div>\n<\/div>\n\n\n\n<div class=\"wp-block-columns is-layout-flex wp-container-core-columns-is-layout-9d6595d7 wp-block-columns-is-layout-flex\">\n<div class=\"wp-block-column is-layout-flow wp-block-column-is-layout-flow\">\n<figure class=\"wp-block-image size-large is-style-rounded\"><a href=\"https:\/\/www.ce.ufpb.br\/eebas\"><img loading=\"lazy\" decoding=\"async\" width=\"1024\" height=\"439\" src=\"https:\/\/www.ufpb.br\/sebtt\/wp-content\/uploads\/sites\/79\/sites\/249\/2025\/08\/14-1024x439.png\" alt=\"\" class=\"wp-image-182\" srcset=\"https:\/\/www.ufpb.br\/sebtt\/wp-content\/uploads\/sites\/79\/sites\/249\/2025\/08\/14-1024x439.png 1024w, https:\/\/www.ufpb.br\/sebtt\/wp-content\/uploads\/sites\/79\/sites\/249\/2025\/08\/14-300x129.png 300w, https:\/\/www.ufpb.br\/sebtt\/wp-content\/uploads\/sites\/79\/sites\/249\/2025\/08\/14-768x329.png 768w, https:\/\/www.ufpb.br\/sebtt\/wp-content\/uploads\/sites\/79\/sites\/249\/2025\/08\/14-1536x658.png 1536w, https:\/\/www.ufpb.br\/sebtt\/wp-content\/uploads\/sites\/79\/sites\/249\/2025\/08\/14-2048x878.png 2048w\" sizes=\"auto, (max-width: 1024px) 100vw, 1024px\" \/><\/a><\/figure>\n<\/div>\n\n\n\n<div class=\"wp-block-column is-layout-flow wp-block-column-is-layout-flow\">\n<figure class=\"wp-block-image size-large is-style-rounded\"><a href=\"https:\/\/photos.app.goo.gl\/mESTTXs4x2XmHk4a6\"><img loading=\"lazy\" decoding=\"async\" width=\"1024\" height=\"439\" src=\"https:\/\/www.ufpb.br\/sebtt\/wp-content\/uploads\/sites\/79\/sites\/249\/2025\/08\/15-1024x439.png\" alt=\"\" class=\"wp-image-183\" srcset=\"https:\/\/www.ufpb.br\/sebtt\/wp-content\/uploads\/sites\/79\/sites\/249\/2025\/08\/15-1024x439.png 1024w, https:\/\/www.ufpb.br\/sebtt\/wp-content\/uploads\/sites\/79\/sites\/249\/2025\/08\/15-300x129.png 300w, https:\/\/www.ufpb.br\/sebtt\/wp-content\/uploads\/sites\/79\/sites\/249\/2025\/08\/15-768x329.png 768w, https:\/\/www.ufpb.br\/sebtt\/wp-content\/uploads\/sites\/79\/sites\/249\/2025\/08\/15-1536x658.png 1536w, https:\/\/www.ufpb.br\/sebtt\/wp-content\/uploads\/sites\/79\/sites\/249\/2025\/08\/15-2048x878.png 2048w\" sizes=\"auto, (max-width: 1024px) 100vw, 1024px\" \/><\/a><\/figure>\n<\/div>\n<\/div>\n\n\n\n<div class=\"wp-block-columns is-layout-flex wp-container-core-columns-is-layout-9d6595d7 wp-block-columns-is-layout-flex\">\n<div class=\"wp-block-column is-layout-flow wp-block-column-is-layout-flow\"><\/div>\n\n\n\n<div class=\"wp-block-column is-layout-flow wp-block-column-is-layout-flow\"><\/div>\n<\/div>\n\n\n\n<hr class=\"wp-block-separator has-alpha-channel-opacity\" \/>\n\n\n\n<p><strong>COORDENADORA GERAL<\/strong><\/p>\n\n\n\n<p>Em\u00edlia Cristina Ferreira de Barros<\/p>\n\n\n\n<p>Forma\u00e7\u00e3o: Doutora em Educa\u00e7\u00e3o<\/p>\n\n\n\n<p>E-mail: emilia.barros@academico.ufpb.br<\/p>\n\n\n\n<hr class=\"wp-block-separator has-alpha-channel-opacity\" \/>\n\n\n\n<p><strong>COORDENADORA ADJUNTA<\/strong><\/p>\n\n\n\n<p>Danieli D&#8217; Aguiar Cruzetta<\/p>\n\n\n\n<p>Forma\u00e7\u00e3o: Doutora em Educa\u00e7\u00e3o<\/p>\n\n\n\n<p>E-mail: eebas@ce.ufpb.br<\/p>\n\n\n\n<hr class=\"wp-block-separator has-alpha-channel-opacity\" \/>\n\n\n\n<p><strong>CHEFE DE DEPARTAMENTO<\/strong><\/p>\n\n\n\n<p>Arilu Cavalcante Pequeno<\/p>\n\n\n\n<p>Forma\u00e7\u00e3o: Doutora em Educa\u00e7\u00e3o<\/p>\n\n\n\n<p>E-mail: arilucavalcante@gmail.com<\/p>\n","protected":false},"excerpt":{"rendered":"<p>O Col\u00e9gio de Aplica\u00e7\u00e3o da UFPB, anteriormente Escola de Educa\u00e7\u00e3o B\u00e1sica (EEBAS),&nbsp;foi fundado em 1988 [&hellip;]<\/p>\n","protected":false},"author":47,"featured_media":149,"parent":0,"menu_order":0,"comment_status":"closed","ping_status":"closed","template":"","meta":{"footnotes":""},"class_list":["post-55","page","type-page","status-publish","has-post-thumbnail","hentry"],"_links":{"self":[{"href":"https:\/\/www.ufpb.br\/sebtt\/wp-json\/wp\/v2\/pages\/55","targetHints":{"allow":["GET"]}}],"collection":[{"href":"https:\/\/www.ufpb.br\/sebtt\/wp-json\/wp\/v2\/pages"}],"about":[{"href":"https:\/\/www.ufpb.br\/sebtt\/wp-json\/wp\/v2\/types\/page"}],"author":[{"embeddable":true,"href":"https:\/\/www.ufpb.br\/sebtt\/wp-json\/wp\/v2\/users\/47"}],"replies":[{"embeddable":true,"href":"https:\/\/www.ufpb.br\/sebtt\/wp-json\/wp\/v2\/comments?post=55"}],"version-history":[{"count":12,"href":"https:\/\/www.ufpb.br\/sebtt\/wp-json\/wp\/v2\/pages\/55\/revisions"}],"predecessor-version":[{"id":363,"href":"https:\/\/www.ufpb.br\/sebtt\/wp-json\/wp\/v2\/pages\/55\/revisions\/363"}],"wp:featuredmedia":[{"embeddable":true,"href":"https:\/\/www.ufpb.br\/sebtt\/wp-json\/wp\/v2\/media\/149"}],"wp:attachment":[{"href":"https:\/\/www.ufpb.br\/sebtt\/wp-json\/wp\/v2\/media?parent=55"}],"curies":[{"name":"wp","href":"https:\/\/api.w.org\/{rel}","templated":true}]}}