{"id":118,"date":"2023-10-02T13:13:17","date_gmt":"2023-10-02T13:13:17","guid":{"rendered":"https:\/\/www.ufpb.br\/semp\/?page_id=118"},"modified":"2023-12-04T16:36:22","modified_gmt":"2023-12-04T16:36:22","slug":"minicursos","status":"publish","type":"page","link":"https:\/\/www.ufpb.br\/semp\/minicursos\/","title":{"rendered":"MINICURSOS"},"content":{"rendered":"<p><strong>5 de dezembro (16h00-18h00) \u2013 Audit\u00f3rio do CE <\/strong>(Centro de Educa\u00e7\u00e3o)<\/p>\n<p><strong>6 de dezembro (16h00-18h00) &#8211; Audit\u00f3rio do CA <\/strong>(Central de Aulas)<\/p>\n<p><em>As provas acerca da exist\u00eancia de Deus<\/em><\/p>\n<p>Prof. Dr. Anderson D&#8217;Arc Ferreira (UFPB)<\/p>\n<p>_____________________________________________________________<\/p>\n<p><strong>6 de dezembro (16h00-18h00) \u2013 Audit\u00f3rio da SEAD <\/strong>(Secretaria de Educa\u00e7\u00e3o \u00e0 Dist\u00e2ncia &#8211; em frente ao estacionamento da Reitoria)<\/p>\n<p><em>Residualidade a paraibana: uma reflex\u00e3o local da teoria na an\u00e1lise liter\u00e1ria<\/em><\/p>\n<p>Prof. Dr. Juan Ignacio Jurado Centuri\u00f3n (UFPB) e Doutoranda Gilberia F. Alves Diniz (UFPB)<\/p>\n<p>______________________________________________________________<\/p>\n","protected":false},"excerpt":{"rendered":"<p>5 de dezembro (16h00-18h00) \u2013 Audit\u00f3rio do CE (Centro de Educa\u00e7\u00e3o) 6 de dezembro (16h00-18h00) &#8211; Audit\u00f3rio do CA (Central de Aulas) As provas acerca da exist\u00eancia de Deus Prof. Dr. Anderson D&#8217;Arc Ferreira (UFPB) _____________________________________________________________ 6 de dezembro (16h00-18h00) \u2013 Audit\u00f3rio da SEAD (Secretaria de Educa\u00e7\u00e3o \u00e0 Dist\u00e2ncia &#8211; em frente ao estacionamento da [&hellip;]<\/p>\n","protected":false},"author":59,"featured_media":0,"parent":0,"menu_order":0,"comment_status":"closed","ping_status":"closed","template":"","meta":{"footnotes":""},"class_list":["post-118","page","type-page","status-publish","hentry","post"],"_links":{"self":[{"href":"https:\/\/www.ufpb.br\/semp\/wp-json\/wp\/v2\/pages\/118","targetHints":{"allow":["GET"]}}],"collection":[{"href":"https:\/\/www.ufpb.br\/semp\/wp-json\/wp\/v2\/pages"}],"about":[{"href":"https:\/\/www.ufpb.br\/semp\/wp-json\/wp\/v2\/types\/page"}],"author":[{"embeddable":true,"href":"https:\/\/www.ufpb.br\/semp\/wp-json\/wp\/v2\/users\/59"}],"replies":[{"embeddable":true,"href":"https:\/\/www.ufpb.br\/semp\/wp-json\/wp\/v2\/comments?post=118"}],"version-history":[{"count":10,"href":"https:\/\/www.ufpb.br\/semp\/wp-json\/wp\/v2\/pages\/118\/revisions"}],"predecessor-version":[{"id":235,"href":"https:\/\/www.ufpb.br\/semp\/wp-json\/wp\/v2\/pages\/118\/revisions\/235"}],"wp:attachment":[{"href":"https:\/\/www.ufpb.br\/semp\/wp-json\/wp\/v2\/media?parent=118"}],"curies":[{"name":"wp","href":"https:\/\/api.w.org\/{rel}","templated":true}]}}