{"id":14,"date":"2023-07-31T12:31:11","date_gmt":"2023-07-31T12:31:11","guid":{"rendered":"https:\/\/www.ufpb.br\/semp\/?page_id=14"},"modified":"2023-11-06T18:31:48","modified_gmt":"2023-11-06T18:31:48","slug":"inscricoes","status":"publish","type":"page","link":"https:\/\/www.ufpb.br\/semp\/inscricoes\/","title":{"rendered":"INSCRI\u00c7\u00d5ES"},"content":{"rendered":"<p class=\"western\" lang=\"fr-FR\"><span style=\"font-family: Cambria, serif;\">Inscri\u00e7\u00e3o com apresenta\u00e7\u00e3o de trabalho:<\/span><\/p>\n<ul>\n<li class=\"western\" lang=\"fr-FR\"><span style=\"font-family: Cambria, serif;\">Para essa modalidade, as inscri\u00e7\u00f5es ocorrem at\u00e9 o dia <strong>20 de outubro<\/strong> de 2023.<\/span><\/li>\n<li class=\"western\" lang=\"fr-FR\"><span style=\"font-family: Cambria, serif;\">Podem apresentar trabalhos, docentes, discentes de P\u00f3s-Gradua\u00e7\u00e3o, bolsistas PIBIC ou graduados\/graduadas com orientador\/a, pesquisadoras e pesquisadores independentes. <\/span><\/li>\n<li class=\"western\" lang=\"fr-FR\"><span style=\"font-family: Cambria, serif;\">Participantes devem anexar ao formul\u00e1rio de inscri\u00e7\u00e3o um resumo de 10 a 20 linhas, contendo t\u00edtulo e palavras-chave. O formul\u00e1rio e o resumo devem ser enviados ao seguinte endere\u00e7o eletr\u00f4nico: <\/span><span style=\"color: #0000ff;\"><u><a href=\"mailto:grupochristinedepizan@gmail.com\"><span style=\"font-family: Cambria, serif;\">grupochristinedepizan@gmail.com<\/span><\/a><\/u><\/span><span style=\"font-family: Cambria, serif;\"> ou atrav\u00e9s do site <\/span><span style=\"color: #0000ff;\"><u><a href=\"http:\/\/www.grupochristinedepizan.com.br\/\"><span style=\"font-family: Cambria, serif;\">www.grupochristinedepizan.com.br<\/span><\/a><\/u><\/span><\/li>\n<li lang=\"fr-FR\"><a href=\"https:\/\/drive.google.com\/drive\/u\/0\/folders\/1wN0A4yFwHYkLOaBbg4FTjKMFBdeZrReh\">FICHA DE INSCRI\u00c7\u00c3O<\/a><\/li>\n<\/ul>\n<p class=\"western\" lang=\"fr-FR\"><span style=\"font-family: Cambria, serif;\">A inscri\u00e7\u00e3o de ouvinte com certificado pode ser realizada at\u00e9 <strong>15 de novembro<\/strong> pelo e-mail: <\/span><span style=\"color: #0000ff;\"><u><a href=\"mailto:grupochristinedepizan@gmail.com\"><span style=\"font-family: Cambria, serif;\">grupochristinedepizan@gmail.com<\/span><\/a><\/u><\/span><\/p>\n","protected":false},"excerpt":{"rendered":"<p>Inscri\u00e7\u00e3o com apresenta\u00e7\u00e3o de trabalho: Para essa modalidade, as inscri\u00e7\u00f5es ocorrem at\u00e9 o dia 20 de outubro de 2023. Podem apresentar trabalhos, docentes, discentes de P\u00f3s-Gradua\u00e7\u00e3o, bolsistas PIBIC ou graduados\/graduadas com orientador\/a, pesquisadoras e pesquisadores independentes. Participantes devem anexar ao formul\u00e1rio de inscri\u00e7\u00e3o um resumo de 10 a 20 linhas, contendo t\u00edtulo e palavras-chave. O [&hellip;]<\/p>\n","protected":false},"author":21,"featured_media":0,"parent":0,"menu_order":0,"comment_status":"closed","ping_status":"closed","template":"","meta":{"footnotes":""},"class_list":["post-14","page","type-page","status-publish","hentry","post"],"_links":{"self":[{"href":"https:\/\/www.ufpb.br\/semp\/wp-json\/wp\/v2\/pages\/14","targetHints":{"allow":["GET"]}}],"collection":[{"href":"https:\/\/www.ufpb.br\/semp\/wp-json\/wp\/v2\/pages"}],"about":[{"href":"https:\/\/www.ufpb.br\/semp\/wp-json\/wp\/v2\/types\/page"}],"author":[{"embeddable":true,"href":"https:\/\/www.ufpb.br\/semp\/wp-json\/wp\/v2\/users\/21"}],"replies":[{"embeddable":true,"href":"https:\/\/www.ufpb.br\/semp\/wp-json\/wp\/v2\/comments?post=14"}],"version-history":[{"count":5,"href":"https:\/\/www.ufpb.br\/semp\/wp-json\/wp\/v2\/pages\/14\/revisions"}],"predecessor-version":[{"id":178,"href":"https:\/\/www.ufpb.br\/semp\/wp-json\/wp\/v2\/pages\/14\/revisions\/178"}],"wp:attachment":[{"href":"https:\/\/www.ufpb.br\/semp\/wp-json\/wp\/v2\/media?parent=14"}],"curies":[{"name":"wp","href":"https:\/\/api.w.org\/{rel}","templated":true}]}}