{"id":143,"date":"2023-11-06T15:35:11","date_gmt":"2023-11-06T15:35:11","guid":{"rendered":"https:\/\/www.ufpb.br\/semp\/?page_id=143"},"modified":"2023-11-28T18:57:27","modified_gmt":"2023-11-28T18:57:27","slug":"programacao-comunicacoes","status":"publish","type":"page","link":"https:\/\/www.ufpb.br\/semp\/programacao-comunicacoes\/","title":{"rendered":"PROGRAMA\u00c7\u00c3O (COMUNICA\u00c7\u00d5ES)"},"content":{"rendered":"\n<p class=\"has-text-align-center\"><strong>06\/12\/2023<\/strong><\/p>\n\n\n\n<p class=\"has-text-align-center\">14h00-16h00<\/p>\n\n\n\n<figure class=\"wp-block-table\"><table><tbody><tr><td>Sess\u00e3o 1&nbsp;&#8211; <strong>A obra de Christine de Pizan: perspectivas liter\u00e1rias e filos\u00f3ficas<\/strong> &nbsp; <br>Coordenadora: Profa. Dra. Ana Miriam Wuensch (UnB)<br><strong>Audit\u00f3rio do CA<\/strong> (Central de Aulas-Bloco C)<\/td><\/tr><tr><td><strong>A Cidade das Damas como espa\u00e7o de cuidado e cura<\/strong><br>Aylanne Sousa Vaz (UnB\/Grupo Christine de Pizan)<br><br><strong>Uma An\u00e1lise da Auto-Representa\u00e7\u00e3o de Christine de Pizan em A Cidade Das Damas<\/strong> Gizelda Ferreira do Nascimento Lima (UEPB\/Grupo Christine de Pizan)<br><br><strong>As damas de Christine: Um olhar decolonial sobre a condi\u00e7\u00e3o feminina e a escrita de si<\/strong><br>Yasmin de Andrade Alves (UFPB\/Grupo Christine de Pizan) e Aniely Walesca Oliveira Santiago (UFPB\/Grupo Christine de Pizan)<br><br><strong>Safo de Pizan<\/strong><br>Vanessa Di Giorno Costa (UnB\/Grupo Christine de Pizan)<br><br><strong>Dido na Cidade das Damas<\/strong><br>Aline Cristina de Souza Santos (UFPB) e Priscila Carvalho de Almeida Rodopiano (UFPB)<br><br><strong>A fala insubmissa em <em>Cidade das Damas<\/em> de Christine de Pizan<\/strong><br>Vict\u00f3ria Pereira Vasconcelos de Abreu (UFC\/Residualidades)<\/td><\/tr><\/tbody><\/table><\/figure>\n\n\n\n<p><\/p>\n\n\n\n<figure class=\"wp-block-table\"><table><tbody><tr><td>Sess\u00e3o 2 &#8211; <strong>Literatura medieval ib\u00e9rica: modalidades e performances<\/strong><br>Coordenador: Profa. Dra. Elizabeth Dias (UFC)<br><strong>Audit\u00f3rio da SEAD<\/strong> (Secretaria de Educa\u00e7\u00e3o \u00e0 Dist\u00e2ncia &#8211; em frente ao estacionamento da Reitoria)<\/td><\/tr><tr><td><strong>An\u00e1lise da figura feminina nas cantigas de Santa Maria e de amigo: Uma perspectiva social<\/strong><br>Maria Clara Alves de Castro (UFC\/Residualidades)<br><br><strong>O modo Sirv\u00eantes e a poesia insubmissa de Arievaldo Viana: Res\u00edduo medieval no \u00e2mbito da cordel\u00edstica de tem\u00e1tica social<\/strong><br>Jo\u00e3o Ot\u00e1vio Costa Martins Mota (UFC\/Residualidades)<br><br><strong>A poesia dos romances Ib\u00e9ricos: Seu car\u00e1ter tradicional, perform\u00e1tico e tentativas de defini\u00e7\u00e3o<\/strong><br>Carlos Henrique Peixoto de Oliveira (UFC\/Residualidades)<br><br><strong>O papel das personagens religiosas na com\u00e9dia vicentina: Um di\u00e1logo com a espiritualidade medieval<\/strong><br>Karla Thamiris do Nascimento Costa (UFC\/Residualidades)<br><br><strong>As adapta\u00e7\u00f5es audiovisuais de obras medievais: um estudo sobre a residualidade entre a performance medieval e a fic\u00e7\u00e3o moderna<\/strong><br>Luana Moreira Rodrigues (UFC\/Residualidades) \u00a0<\/td><\/tr><\/tbody><\/table><\/figure>\n\n\n\n<p>_________________________________________________________________________________________________________<\/p>\n\n\n\n<p class=\"has-text-align-center\"><strong>07\/12\/2023<\/strong><\/p>\n\n\n\n<p class=\"has-text-align-center\">14h00-16h00<\/p>\n\n\n\n<figure class=\"wp-block-table\"><table><tbody><tr><td>Sess\u00e3o 3 &#8211; <strong>Neomedievalismo<\/strong><br>Coordenador: Prof. Dr. Felipe Augusto Ribeiro (UFPE)<br><strong>Audit\u00f3rio 411<\/strong> (Centro de Ci\u00eancias Humanas, Letras e Artes)<\/td><\/tr><tr><td><strong>Medievalismo e Nacionalismo em O Significado da Bruxaria (1959) de Gerald Gardner<\/strong><br>Janyne Barreto Figueiredo (UFPE)<br><br><strong>Neomedievalismos na internet: Um estudo sobre as representa\u00e7\u00f5es da rainha Urraca I (1081-1126) nos softwares sociais (2010-2022)<\/strong><br>Lu\u00edsa Vilas Boas dos Santos (UFS\/Dominium)<br><br><strong>O contra-ataque dos homens medievais brasileiros: Usos e desusos da hist\u00f3ria medieval pela extrema-direita na internet brasileira (2018-2022)<\/strong><br>Tha\u00eds Monique Costa Moura (UFS\/Dominium)<br><br><strong>Os Arqu\u00e9tipos Medievalizantes da historiografia francesa (c. 1870-1945) e a g\u00eanese da ideia de Europa integrada<\/strong><br>Andr\u00e9 Ricardo da Silva Melo (UPE\/Mata Norte)<br><br><strong>Isso \u00e9 um castelo? Ecos do Medievalismo em constru\u00e7\u00e3o na cidade de Alian\u00e7a-PE<\/strong> <br>J\u00f4natas Jos\u00e9 da Silva (UPE\/Mata Norte)<br><br><strong>Iluminogravura: Res\u00edduos culturais e est\u00e9ticos do medievo europeu na poesia gr\u00e1fica suassuniana<\/strong><br>Maria Eduarda Paulino Pinto (UFC\/Residualidades) &nbsp;<\/td><\/tr><\/tbody><\/table><\/figure>\n\n\n\n<p><\/p>\n\n\n\n<figure class=\"wp-block-table\"><table><tbody><tr><td>Sess\u00e3o 4 &#8211; <strong>Neotrovadorismo na po\u00e9tica contempor\u00e2nea: <\/strong> <strong>as trovadoras de ontem e de hoje<\/strong><br>Coordenadora: Profa. Dra. Paloma Oliveira (UFPB)<br><strong>Sala de reuni\u00f5es<\/strong> <strong>do CCHLA<\/strong> (Centro de Ci\u00eancias Humanas, Letras e Artes)<\/td><\/tr><tr><td><strong>O conceito de <em>M\u00e1tria<\/em> e sua presen\u00e7a nos escritos neotrovadorescos de Nat\u00e1lia Correia<\/strong><br>Amanda Maranh\u00e3o de Souza (UFPB\/Grupo Christine de Pizan)<br><br><strong>O lirismo neotrovadoresco das cantigas de amigo galego-portuguesas: As resson\u00e2ncias medievais em Nat\u00e1lia Correia e os atravessamentos do sujeito l\u00edrico<\/strong> <br>An\u00e1lia Sofia Cordeiro de Lima Gomes (SEPB\/Grupo Christine de Pizan)<br><br><strong>A simbologia da primavera nas cantigas de amigo de Nat\u00e1lia Correia<\/strong><br>Joana Antonino da S. Rodrigues (UFPB\/Grupo Christine de Pizan)<br><br><strong>Performance intemporal: O polimento est\u00e9tico das Trobairitz na poesia de Marly Vasconcelos<\/strong><br>Ana Carolina de Sena Rocha (UFPB)<\/td><\/tr><\/tbody><\/table><\/figure>\n\n\n\n<p><\/p>\n\n\n\n<figure class=\"wp-block-table\"><table><tbody><tr><td>Sess\u00e3o 5 &#8211; <strong>Biografias, representa\u00e7\u00f5es e din\u00e2micas de poder na Idade M\u00e9dia<\/strong> &nbsp; <br>Coordenadora: Profa. Dra. Cl\u00e1udia Brochado (UnB)<br><strong>Audit\u00f3rio do CE<\/strong> (Centro de Educa\u00e7\u00e3o)<\/td><\/tr><tr><td><strong>O passar do pincel aqui e acol\u00e1: a representa\u00e7\u00e3o das mulheres presentes no escrito de Makurano Soshi por Sei Sh\u014dnagon<br><\/strong>Ana Luiza Rom\u00e3o Braz (UFPB)<br><br><strong>Os Santos Eunucos Bizantinos e o Paradigma da castra\u00e7\u00e3o: Reflex\u00f5es sobre hagiografias queer<\/strong><br>Silvio Romero Tavares Neiva Coelho (UFPE\/LEOM)<br><br><strong>A mem\u00f3ria envolta na biografia de Bar Sauma e Mar Marcos<\/strong><br>Jo\u00e3o Vitor Santos Rocha (UFPE)<br><br><strong>&#8220;Como uma encarna\u00e7\u00e3o de Atenas\u201d: \u00c0s din\u00e2micas de poder das mulheres Bizantinas numa an\u00e1lise da Alex\u00edada de Ana Comnena \u00e0 luz do Queenship<\/strong><br>Sabrina Esp\u00edndola Santos (UPE\/Garanhuns)<br><br><strong>A caracteriza\u00e7\u00e3o da imperatriz Teodora e Antonina em <em>Hist\u00f3ria Secreta<\/em><\/strong><br>Aylla Maria Alves dos Santos (UFS\/Dominium)<br><br><strong>Anna Comnena (1083-1153), a Alex\u00edada e a escrita da Hist\u00f3ria na Idade M\u00e9dia: concep\u00e7\u00f5es a partir de Biz\u00e2ncio<\/strong><br>Cassiano Celestino de Jesus (UFBA) \u00a0<\/td><\/tr><\/tbody><\/table><\/figure>\n\n\n\n<p><\/p>\n\n\n\n<figure class=\"wp-block-table\"><table><tbody><tr><td>Sess\u00e3o 6 <strong>&#8211;<\/strong> <strong>Imagin\u00e1rio medieval: Literatura e Hist\u00f3ria<\/strong><br>Coordenadora: Profa. Dra. Fernanda Cardoso (UECE)<br><strong>Audit\u00f3rio 412 <\/strong>(Centro de Ci\u00eancias Humanas, Letras e Artes)<\/td><\/tr><tr><td><strong>Cervos, Planta\u00e7\u00f5es e Territorializa\u00e7\u00f5es: Gest of Robyn Hode e a Domina\u00e7\u00e3o das Florestas na Inglaterra Medieval<\/strong><br>Vitor Nunes da Silva (UFS\/Dominium)<br><br><strong>Como se constr\u00f3i o car\u00e1ter pedag\u00f3gico do Amor Cort\u00eas? Representa\u00e7\u00e3o e mem\u00f3ria em Andr\u00e9 Capel\u00e3o<\/strong><br>Beatriz Gambini C. de Ara\u00fajo (UERJ)<br><br><strong>Existia cultura pol\u00edtica na Idade M\u00e9dia? Um debate por meio do al\u00e9m-t\u00famulo da Vis\u00e3o de T\u00fandalo (1149) e Divina Com\u00e9dia (1304-1321)<\/strong><br>Ricardo Marques de Jesus (UEMA\/Brathair)<br><br><strong>As rotas da seda de um mundo pluric\u00eantrico descritas por um viajante<\/strong> <strong>ingl\u00eas do s\u00e9culo XIV<\/strong><br>Victor Medeiros Garcia (UFPB\/Gradalis)<br><br><strong>Jornada de uma escrita devota: a perspectiva da Literatura Arturiana n\u2019 A<\/strong> <strong>Demanda do Santo Graal<\/strong><br>Ana Paula de Oliveira Costa (UEMA\/Brathair) &nbsp;<\/td><\/tr><\/tbody><\/table><\/figure>\n\n\n\n<p class=\"has-text-align-center\"><strong>07\/12\/2023<\/strong><\/p>\n\n\n\n<p class=\"has-text-align-center\">16h00-18h00<\/p>\n\n\n\n<figure class=\"wp-block-table\"><table><tbody><tr><td>Sess\u00e3o 7 &#8211; <strong>Ensino e pesquisa em Idade M\u00e9dia (Global) no Brasil:<\/strong> <strong>descolonizando saberes<\/strong> <br>Coordenador: Prof. Dr. Bruno Gon\u00e7alves Alvaro (UFS)<br><strong>Audit\u00f3rio 411<\/strong> (Centro de Ci\u00eancias Humanas, Letras e Artes)<\/td><\/tr><tr><td><strong>O conceito de Idade M\u00e9dia em livros did\u00e1ticos do PNLD 2024<\/strong><br>Jo\u00e3o Henrique Borba Vilar (UFPB)<br><br><strong>A Idade M\u00e9dia Global no Brasil: um guia bibliogr\u00e1fico<\/strong><br>Lucicleiton Ferreira da Silva (UFPB\/Gradalis)<br><br><strong>O impacto da Idade M\u00e9dia Global na historiografia brasileira<\/strong><br>Nathalia Marques Bandeira (UFPB\/Gradalis)<br><br><strong>O Ensino de Hist\u00f3ria da \u00c1frica no Medievo: a constru\u00e7\u00e3o de novos olhares sobre a Hist\u00f3ria da \u00c1frica<\/strong><br>Aline Fernanda dos Santos de Oliveira Silva (UPE\/Garanhuns)<br><br><strong>Tra\u00e7os evidentes de uma figura violenta? Eir\u00edkr bl\u00f3\u00f0\u00f8x (Machado Sangrento) e a representa\u00e7\u00e3o da viol\u00eancia nas documenta\u00e7\u00f5es medievais<br><\/strong>Caio de Amorim F\u00e9o (UFF)<br><br><strong>Herdeiras de uma heran\u00e7a pecaminosa: representa\u00e7\u00f5es educativas femininas nas iluminuras <em>Les Tr\u00e8s Riches Heures<\/em> <em>du duc de Berry<\/em><\/strong><br>Ant\u00f4nio Carlos Nascimento da Silva Neto (UEMA\/Brathair)<br><\/td><\/tr><\/tbody><\/table><\/figure>\n\n\n\n<p><\/p>\n\n\n\n<figure class=\"wp-block-table\"><table><tbody><tr><td>Sess\u00e3o 8 &#8211; <strong>Ramon Llull<\/strong><br>Coordenador: Prof. Dr. Guilherme Queiroz de Souza (UFPB)<br><strong>Sala de reuni\u00f5es do CCHLA<\/strong> (Centro de Ci\u00eancias Humanas, Letras e Artes)<\/td><\/tr><tr><td><strong>A religiosidade na forma\u00e7\u00e3o do \u201ceu\u201d e do \u201coutro\u201d no Livro da Ordem de Cavalaria, de Ramon Llull<\/strong><br>Luma Fernanda Soares (UEMA\/Brathair)<br><br><strong>Representa\u00e7\u00e3o e historiografia nos document\u00e1rios sobre Ramon Llull: A fase pr\u00e9 \u201cAny&nbsp; Llull\u201d (2015-2016)<\/strong><br>Maristella da Silva Xavier (UFPB\/Gradalis)<br><br><strong>Representa\u00e7\u00e3o e historiografia nos document\u00e1rios sobre Ramon Llull: A fase pr\u00e9 \u201cAny Llull\u201d (1982-2007)<\/strong><br>M\u00e1rcio Vin\u00edcius Medeiros de Santana (UFPB\/Gradalis) &nbsp;<\/td><\/tr><\/tbody><\/table><\/figure>\n\n\n\n<p><\/p>\n\n\n\n<figure class=\"wp-block-table\"><table><tbody><tr><td>Sess\u00e3o 9 &#8211;&nbsp;<strong>Escrita de si na Idade M\u00e9dia<\/strong><br>Coordenadora: Profa. Dra. Maria Graciele Lima (UFPB)<br><strong>Audit\u00f3rio 412<\/strong> (Centro de Ci\u00eancias Humanas, Letras e Artes)<\/td><\/tr><tr><td><strong>A escrita de si no pr\u00f3logo de autoria feminina m\u00edstica: Teresa d\u2019\u00c1vila, um di\u00e1logo para a sobreviv\u00eancia<\/strong><br>Rafaela de Souza Viana (UFPB)<br><br><strong>A escrita m\u00edstica e filos\u00f3fica de Porete e de Pizan<\/strong><br>Maria Eduarda Gon\u00e7alves Ludgero (UnB) e Vin\u00edcius Moraes Costa (UnB)<br><br><strong>A verticaliza\u00e7\u00e3o do entendimento na m\u00edstica de Marguerite Porete: Uma influ\u00eancia do dualismo em Plat\u00e3o<\/strong><br>Daniel Eduardo da Silva (SEPB\/Grupo Christine de Pizan)<br><br><strong>A dicotomia Ave e Eva: A representa\u00e7\u00e3o de boas e m\u00e1s crist\u00e3s n\u2019a demanda do Santo Graal<\/strong><br>Bruna Danielle Mendes Lobato Melonio (UEMA\/Brathair)<br><br><strong>Uma importante fonte para o estudo de um evangelho ap\u00f3crifo: a suposta<\/strong> <strong>correspond\u00eancia de Jer\u00f4nimo de Estrid\u00e3o no evangelho do Pseudo-Mateus (s\u00e9culo VII)<\/strong><br>Claudio Kuievinny Duarte (UFPB\/Gradalis)<\/td><\/tr><\/tbody><\/table><\/figure>\n\n\n\n<p><\/p>\n\n\n\n<figure class=\"wp-block-table\"><table><tbody><tr><td>Sess\u00e3o 10 &#8211; <strong>Narrar o Outro: cr\u00f4nicas, literatura de viagem, contos, lais, reescrita de mitos cl\u00e1ssicos na Idade M\u00e9dia<\/strong><br>Coordenador: Prof. Dr. Juan Ignacio Jurado Centurion Lopez (UFPB)<br><strong>Audit\u00f3rio do CE<\/strong> (Centro de Educa\u00e7\u00e3o)<\/td><\/tr><tr><td><strong>Entre Mouros e Crist\u00e3os: Sequestros, Bruxedos e \u00d3dios no Romance da Tradi\u00e7\u00e3o Oral Ib\u00e9rica<\/strong><br>Leonildo Cerqueira Miranda (UFERSA\/UFC\/Residualidades)<br><br><strong>Di\u00e1logos hipertextuais e residuais entre Juan Manuel e a tradi\u00e7\u00e3o oriental<\/strong><br>Gilb\u00e9ria Felipe Alves Diniz (UFPB)<br><br><strong>Mito e ideologia em um di\u00e1logo intercultural entre o Velho e Novo Mundo: Uma breve an\u00e1lise sobre as releituras das narrativas cl\u00e1ssicas e medievais na Am\u00e9rica colonial<\/strong><br>Niery Pereira Trajano (UFPB)<br><br><strong>Como a descoberta da Am\u00e9rica iniciou uma nova ordem mundial<\/strong><br>Mariana Caetano Alc\u00e2ntara (UFPB)<br><br><strong>O Discurso Colombino e a Incipiente Constru\u00e7\u00e3o do Imagin\u00e1rio Colonial: Entre o Texto e o Pretexto<\/strong><br>Ana Cleide de Queiroz Barreto (UFPB)<br><br><strong>Francisco Su\u00e1rez e Diego Mas: Uma querela metaf\u00edsica no s\u00e9culo XVI<\/strong><br>Adriel Lucas de Vasconcelos Chaves (UFPB)<br><\/td><\/tr><\/tbody><\/table><\/figure>\n","protected":false},"excerpt":{"rendered":"<p>06\/12\/2023 14h00-16h00 Sess\u00e3o 1&nbsp;&#8211; A obra de Christine de Pizan: perspectivas liter\u00e1rias e filos\u00f3ficas &nbsp; Coordenadora: Profa. Dra. Ana Miriam Wuensch (UnB)Audit\u00f3rio do CA (Central de Aulas-Bloco C) A Cidade das Damas como espa\u00e7o de cuidado e curaAylanne Sousa Vaz (UnB\/Grupo Christine de Pizan) Uma An\u00e1lise da Auto-Representa\u00e7\u00e3o de Christine de Pizan em A Cidade [&hellip;]<\/p>\n","protected":false},"author":59,"featured_media":0,"parent":0,"menu_order":0,"comment_status":"closed","ping_status":"closed","template":"","meta":{"footnotes":""},"class_list":["post-143","page","type-page","status-publish","hentry","post"],"_links":{"self":[{"href":"https:\/\/www.ufpb.br\/semp\/wp-json\/wp\/v2\/pages\/143","targetHints":{"allow":["GET"]}}],"collection":[{"href":"https:\/\/www.ufpb.br\/semp\/wp-json\/wp\/v2\/pages"}],"about":[{"href":"https:\/\/www.ufpb.br\/semp\/wp-json\/wp\/v2\/types\/page"}],"author":[{"embeddable":true,"href":"https:\/\/www.ufpb.br\/semp\/wp-json\/wp\/v2\/users\/59"}],"replies":[{"embeddable":true,"href":"https:\/\/www.ufpb.br\/semp\/wp-json\/wp\/v2\/comments?post=143"}],"version-history":[{"count":29,"href":"https:\/\/www.ufpb.br\/semp\/wp-json\/wp\/v2\/pages\/143\/revisions"}],"predecessor-version":[{"id":216,"href":"https:\/\/www.ufpb.br\/semp\/wp-json\/wp\/v2\/pages\/143\/revisions\/216"}],"wp:attachment":[{"href":"https:\/\/www.ufpb.br\/semp\/wp-json\/wp\/v2\/media?parent=143"}],"curies":[{"name":"wp","href":"https:\/\/api.w.org\/{rel}","templated":true}]}}