{"id":2,"date":"2023-07-31T12:05:10","date_gmt":"2023-07-31T12:05:10","guid":{"rendered":"https:\/\/www.ufpb.br\/semp\/?page_id=2"},"modified":"2024-04-30T18:08:36","modified_gmt":"2024-04-30T18:08:36","slug":"sample-page","status":"publish","type":"page","link":"https:\/\/www.ufpb.br\/semp\/sample-page\/","title":{"rendered":"BOAS VINDAS"},"content":{"rendered":"\n<p class=\"has-text-align-left\">Com satisfa\u00e7\u00e3o, a Comiss\u00e3o Organizadora do <em><strong>VII Semin\u00e1rio de Estudos Medievais na Para\u00edba<\/strong>. Narrar a vida: Representa\u00e7\u00f5es de si e do Outro<\/em> anuncia os sete eixos tem\u00e1ticos e as primeiras informa\u00e7\u00f5es sobre o evento que ser\u00e1 realizado na Universidade Federal da Para\u00edba, em Jo\u00e3o Pessoa-PB, entre os dias 05 e 07 de dezembro de 2023.<\/p>\n\n\n\n<p class=\"has-text-align-left\"><mark style=\"background-color:rgba(0, 0, 0, 0)\" class=\"has-inline-color has-black-color\">O SEMP \u00e9 um evento promovido pelo <a href=\"https:\/\/grupochristinedepizan.com.br\/\">Grupo Christine de Pizan<\/a>, vinculado ao CNPq e \u00e0 linha de pesquisa Estudos Cl\u00e1ssicos e Medievais do PPGL\/UFPB, em parceria com outros grupos de pesquisa na \u00e1rea dos estudos medievais no Brasil. Desde 2019, a comiss\u00e3o organizadora do evento \u00e9 coordenada tamb\u00e9m pelo <a href=\"https:\/\/www.instagram.com\/gradalisufpb\/\">Gradalis<\/a>, grupo de pesquisa vinculado ao CNPq e ao Departamento de Hist\u00f3ria da UFPB.<\/mark><\/p>\n\n\n\n<p class=\"has-text-align-left\">O objetivo do evento \u00e9 estimular o debate multidisciplinar e interinstitucional sobre o per\u00edodo medieval em torno de eixos tem\u00e1ticos pr\u00e9-estabelecidos, buscando o interc\u00e2mbio de ideias, parcerias acad\u00eamicas entre grupos de pesquisas, entre pesquisadoras e pesquisadores de diversas \u00e1reas do conhecimento que acreditam na import\u00e2ncia de avan\u00e7ar na desconstru\u00e7\u00e3o de uma Idade M\u00e9dia obscurantista, de extrema decad\u00eancia e misoginia, atrav\u00e9s de investiga\u00e7\u00f5es de fontes ainda pouco exploradas, como \u00e9 o caso de obras escritas por mulheres.<\/p>\n\n\n\n<p>> Siga a p\u00e1gina do evento no <a href=\"https:\/\/instagram.com\/vii_semp?igshid=NzZlODBkYWE4Ng==\" target=\"_blank\" rel=\"noreferrer noopener\">Instagram<\/a>.<\/p>\n\n\n\n<p><strong>CHAMADA PARA PUBLICA\u00c7\u00c3O<\/strong> &#8211; DOSSI\u00ca &#8211; <strong>REVISTA GRAPHOS<\/strong><br><br><strong>NARRAR A VIDA: REPRESENTA\u00c7\u00d5ES DE SI E DO OUTRO<br><\/strong><br><em>O presente dossi\u00ea, resultado das apresenta\u00e7\u00f5es realizadas durante o VII Semin\u00e1rio de Estudos medievais, realizado na Universidade Federal de Para\u00edba entre os dias 5 e 7 de dezembro de 2023 se justifica pela necessidade de trazer um olhar multidisciplinar com o objeto de vislumbrar al\u00e9m da dita historia e das suas representa\u00e7\u00f5es \u201coficiais\u201d atrav\u00e9s da literatura medieval. Por meio dessas Representa\u00e7\u00f5es de si e do outro podemos repensar sobre determinados lugares-comuns que conformam o imagin\u00e1rio e o relegam a um erroneamente denominado como per\u00edodo das \u201ctrevas\u201d O objetivo do dossi\u00ea \u00e9 estimular o debate multidisciplinar e interinstitucional sobre o per\u00edodo medieval em torno de eixos tem\u00e1ticos pr\u00e9 estabelecidos, buscando o interc\u00e2mbio de ideias, parcerias acad\u00e9micas entre grupos de pesquisas, entre pesquisadoras e pesquisadores de diversas \u00e1reas do conhecimento que acreditam na import\u00e2ncia de avan\u00e7ar na desconstru\u00e7\u00e3o de uma Idade M\u00e9dia obscurantista, de extrema decad\u00eancia e misoginia, atrav\u00e9s de investiga\u00e7\u00f5es de fontes ainda pouco exploradas, como \u00e9 o caso de obras escritas por mulheres. Ser\u00e3o acolhidos textos que discutam tem\u00e1ticas relevantes as diversas tem\u00e1ticas propostas pelo evento: Escritas de si na Idade M\u00e9dia : Autobiografias, correspond\u00eancias, mem\u00f3rias, confiss\u00f5es, autofic\u00e7\u00e3o, biografar: Hagiografias, vidas de Cristo, vidas de trovadores e trobairitz, biografias, narrar o Outro: cr\u00f4nicas, literatura de viagem, contos, lais, reescrita de mitos cl\u00e1ssicos na Idade M\u00e9dia, o eu e o outro na tradu\u00e7\u00e3o de textos cl\u00e1ssicos e medievais, a obra de Christine de Pizan: textos autobiogr\u00e1ficos, biografias, reescrita de mitos cl\u00e1ssicos, diteis, Performance, musicaliza\u00e7\u00e3o e teatraliza\u00e7\u00e3o da vida: Mist\u00e9rios, Milagres, Cantigas de Santa Maria, Personagens do teatro vicentino, A(u)tores medievais e suas representa\u00e7\u00f5es textuais e iconogr\u00e1ficas A fim de agregar e divulgar as produ\u00e7\u00f5es e debates a respeito do tema em diferentes l\u00ednguas (portugu\u00eas, franc\u00eas, ingl\u00eas e espanhol). Tamb\u00e9m ser\u00e3o aceitos trabalhos que dialoguem com o medievo atrav\u00e9s de representa\u00e7\u00f5es realizadas em outros perdidos posteriores da nossa historia por meio de teorias como a intertextualidade, a residualidade, entre outras poss\u00edveis. Vis\u00f5es como a proposta pelo neo-medievalismo ou o novo medievalismo tamb\u00e9m ser\u00e3o bem-vindas.<br><\/em><br><strong>PRAZOS:<br><\/strong>Per\u00edodo de submiss\u00e3o de artigos: de 01\/03 a 30\/08\/2024.<br>Per\u00edodo previsto para publica\u00e7\u00e3o: segundo semestre de 2024.<br><br><strong>Condi\u00e7\u00f5es para submiss\u00e3o dispon\u00edveis em:<br><\/strong><a href=\"https:\/\/periodicos.ufpb.br\/index.php\/graphos\/about\/submissions\n\">https:\/\/periodicos.ufpb.br\/index.php\/graphos\/about\/submissions<br><\/a><br><strong>ORGANIZADORES DO DOSSI\u00ca;<br><\/strong>PROFA. DRA. LUCIANA CALADO (PPGL\/ UFPB),<br>PROF. DR. JUAN IGNACIO JURADO CENTURI\u00d3N LOPEZ (PPGL\/UFPB)<\/p>\n\n\n\n<p><\/p>\n","protected":false},"excerpt":{"rendered":"<p>Com satisfa\u00e7\u00e3o, a Comiss\u00e3o Organizadora do VII Semin\u00e1rio de Estudos Medievais na Para\u00edba. Narrar a vida: Representa\u00e7\u00f5es de si e do Outro anuncia os sete eixos tem\u00e1ticos e as primeiras informa\u00e7\u00f5es sobre o evento que ser\u00e1 realizado na Universidade Federal da Para\u00edba, em Jo\u00e3o Pessoa-PB, entre os dias 05 e 07 de dezembro de 2023. [&hellip;]<\/p>\n","protected":false},"author":21,"featured_media":0,"parent":0,"menu_order":0,"comment_status":"closed","ping_status":"open","template":"","meta":{"footnotes":""},"class_list":["post-2","page","type-page","status-publish","hentry","post"],"_links":{"self":[{"href":"https:\/\/www.ufpb.br\/semp\/wp-json\/wp\/v2\/pages\/2","targetHints":{"allow":["GET"]}}],"collection":[{"href":"https:\/\/www.ufpb.br\/semp\/wp-json\/wp\/v2\/pages"}],"about":[{"href":"https:\/\/www.ufpb.br\/semp\/wp-json\/wp\/v2\/types\/page"}],"author":[{"embeddable":true,"href":"https:\/\/www.ufpb.br\/semp\/wp-json\/wp\/v2\/users\/21"}],"replies":[{"embeddable":true,"href":"https:\/\/www.ufpb.br\/semp\/wp-json\/wp\/v2\/comments?post=2"}],"version-history":[{"count":9,"href":"https:\/\/www.ufpb.br\/semp\/wp-json\/wp\/v2\/pages\/2\/revisions"}],"predecessor-version":[{"id":242,"href":"https:\/\/www.ufpb.br\/semp\/wp-json\/wp\/v2\/pages\/2\/revisions\/242"}],"wp:attachment":[{"href":"https:\/\/www.ufpb.br\/semp\/wp-json\/wp\/v2\/media?parent=2"}],"curies":[{"name":"wp","href":"https:\/\/api.w.org\/{rel}","templated":true}]}}