{"id":221,"date":"2023-11-28T19:08:32","date_gmt":"2023-11-28T19:08:32","guid":{"rendered":"https:\/\/www.ufpb.br\/semp\/?page_id=221"},"modified":"2023-11-28T23:08:01","modified_gmt":"2023-11-28T23:08:01","slug":"dicas-de-hospedagem","status":"publish","type":"page","link":"https:\/\/www.ufpb.br\/semp\/dicas-de-hospedagem\/","title":{"rendered":"DICAS DE HOSPEDAGEM"},"content":{"rendered":"\n<p>Os hot\u00e9is e pousadas de Jo\u00e3o Pessoa se concentram principalmente na regi\u00e3o da orla (Mana\u00edra, Tamba\u00fa e Cabo Branco). De l\u00e1 at\u00e9 a UFPB, s\u00e3o 15 minutos de autom\u00f3vel. Seguem algumas sugest\u00f5es para hospedagem:<\/p>\n\n\n\n<ul class=\"wp-block-list\">\n<li><a href=\"https:\/\/www.booking.com\/Share-fNj5aJ\">Hotel do Mar Tamba\u00fa<\/a><br><\/li>\n\n\n\n<li><a href=\"https:\/\/www.booking.com\/Share-gd3MJj\">Pousada Boi Bumb\u00e1 Praia<\/a><br><\/li>\n\n\n\n<li><a href=\"https:\/\/www.booking.com\/Share-ac4v0J\">Littoral Express<\/a><br><\/li>\n\n\n\n<li><a href=\"https:\/\/www.booking.com\/Share-Rl3kC4j\">VOA Ambassador Flat<\/a><br><\/li>\n\n\n\n<li><a href=\"https:\/\/www.booking.com\/Share-vf5VBz\">Tambau Beach Hotel<\/a><br><\/li>\n\n\n\n<li><a href=\"https:\/\/www.booking.com\/Share-A9Ocok\">Anjos Praia Hotel<\/a><br><\/li>\n\n\n\n<li><a href=\"https:\/\/www.booking.com\/Share-cP7za1\">One Hotel<\/a><\/li>\n<\/ul>\n","protected":false},"excerpt":{"rendered":"<p>Os hot\u00e9is e pousadas de Jo\u00e3o Pessoa se concentram principalmente na regi\u00e3o da orla (Mana\u00edra, Tamba\u00fa e Cabo Branco). De l\u00e1 at\u00e9 a UFPB, s\u00e3o 15 minutos de autom\u00f3vel. Seguem algumas sugest\u00f5es para hospedagem:<\/p>\n","protected":false},"author":59,"featured_media":0,"parent":0,"menu_order":0,"comment_status":"closed","ping_status":"closed","template":"","meta":{"footnotes":""},"class_list":["post-221","page","type-page","status-publish","hentry","post"],"_links":{"self":[{"href":"https:\/\/www.ufpb.br\/semp\/wp-json\/wp\/v2\/pages\/221","targetHints":{"allow":["GET"]}}],"collection":[{"href":"https:\/\/www.ufpb.br\/semp\/wp-json\/wp\/v2\/pages"}],"about":[{"href":"https:\/\/www.ufpb.br\/semp\/wp-json\/wp\/v2\/types\/page"}],"author":[{"embeddable":true,"href":"https:\/\/www.ufpb.br\/semp\/wp-json\/wp\/v2\/users\/59"}],"replies":[{"embeddable":true,"href":"https:\/\/www.ufpb.br\/semp\/wp-json\/wp\/v2\/comments?post=221"}],"version-history":[{"count":6,"href":"https:\/\/www.ufpb.br\/semp\/wp-json\/wp\/v2\/pages\/221\/revisions"}],"predecessor-version":[{"id":229,"href":"https:\/\/www.ufpb.br\/semp\/wp-json\/wp\/v2\/pages\/221\/revisions\/229"}],"wp:attachment":[{"href":"https:\/\/www.ufpb.br\/semp\/wp-json\/wp\/v2\/media?parent=221"}],"curies":[{"name":"wp","href":"https:\/\/api.w.org\/{rel}","templated":true}]}}