{"id":70,"date":"2023-09-13T14:06:32","date_gmt":"2023-09-13T14:06:32","guid":{"rendered":"https:\/\/www.ufpb.br\/semp\/?page_id=70"},"modified":"2023-12-04T16:41:21","modified_gmt":"2023-12-04T16:41:21","slug":"programacao","status":"publish","type":"page","link":"https:\/\/www.ufpb.br\/semp\/programacao\/","title":{"rendered":"PROGRAMA\u00c7\u00c3O (MESAS-REDONDAS)"},"content":{"rendered":"\n<p class=\"has-text-align-center\"><\/p>\n\n\n\n<p class=\"has-text-align-center\"><strong><mark style=\"background-color:rgba(0, 0, 0, 0)\" class=\"has-inline-color has-black-color\">5 DE DEZEMBRO<\/mark><\/strong><\/p>\n\n\n\n<figure class=\"wp-block-table\"><table><tbody><tr><td><strong>CONFER\u00caNCIA DE ABERTURA<\/strong> (09h00) &#8211; <strong>Audit\u00f3rio do CE<\/strong> (Centro de Educa\u00e7\u00e3o)<br><br>Julia R\u00fcthemann (EHESS-CRH, Fran\u00e7a) \u2013 <em>Le \u00ab Je \u00bb f\u00e9minin chez Christine de Pizan et Hadewijch d\u2019Anvers<\/em><br><\/td><\/tr><\/tbody><\/table><figcaption class=\"wp-element-caption\"><br><\/figcaption><\/figure>\n\n\n\n<figure class=\"wp-block-table\"><table><tbody><tr><td><strong>Mesa 1 &#8211; <em>Grupo Christine de Pizan. Escritoras medievais na Querelle des femmes<\/em><\/strong> (10h00-12h00) &#8211; <strong>Audit\u00f3rio do CE<\/strong> (Centro de Educa\u00e7\u00e3o)<br><br><strong>Coordena\u00e7\u00e3o:<\/strong> Guilherme Queiroz (UFPB)<br><br>Ana Miriam Wuensch (UnB) \u2013 <em>A <\/em>Cidade das Damas<em> como medicina da alma<br><\/em><br>Cl\u00e1udia Brochado (UnB) \u2013 <em>Qual a surpresa? Ou como Teresa de Cartagena contesta o espanto pela qualidade de seu livro e com isso entra na batalha da querela das mulheres<\/em> &nbsp; <br><br>Luciana Calado Deplagne (UFPB) \u2013 Le Diti\u00e9 de Jeanne D\u00b4Arc (1429): um poema \u00e9pico de Christine de Pizan e a <em>\u201cquerelle des femmes\u201d<\/em> &nbsp;<br><\/td><\/tr><\/tbody><\/table><figcaption class=\"wp-element-caption\"><br><\/figcaption><\/figure>\n\n\n\n<figure class=\"wp-block-table\"><table><tbody><tr><td><strong>&nbsp;(14h00-16h00) &#8211; Audit\u00f3rio do CE<\/strong> (Centro de Educa\u00e7\u00e3o)<br><br>Oficina: <em>Introdu\u00e7\u00e3o \u00e0 Paleografia<\/em><br>Josinaldo Sousa de Queiroz (UEPB) <strong>&nbsp;<\/strong><br><\/td><\/tr><\/tbody><\/table><figcaption class=\"wp-element-caption\"><br><\/figcaption><\/figure>\n\n\n\n<figure class=\"wp-block-table\"><table><tbody><tr><td><strong>\u00a0(16h00-18h00) &#8211; Audit\u00f3rio do CE<\/strong> (Centro de Educa\u00e7\u00e3o)<br><br>Minicurso: <em>As provas acerca da exist\u00eancia de Deus<\/em><br>Ministrante: Anderson D\u2019Arc Ferreira (Departamento de Filosofia \u2013 CCHLA \u2013 UFPB)<br><\/td><\/tr><\/tbody><\/table><figcaption class=\"wp-element-caption\"><br><\/figcaption><\/figure>\n\n\n\n<figure class=\"wp-block-table\"><table><tbody><tr><td><strong>Sess\u00e3o de abertura<\/strong> (18h30-19h30) &#8211; <strong>Audit\u00f3rio do CE<\/strong> (Centro de Educa\u00e7\u00e3o)<br><br>Coordena\u00e7\u00e3o do PPGL, PPGH, Comiss\u00e3o organizadora <br><br>Apresenta\u00e7\u00f5es musicais:<br>&#8211; <strong>Grupo Iamak\u00e1 (UFPB)<\/strong>: Conan Mendes (ala\u00fade renascentista) e Christiane (Canto l\u00edrico)<br>&#8211; <strong>Grupo Verso de Boca (UFC)<\/strong><br><\/td><\/tr><\/tbody><\/table><figcaption class=\"wp-element-caption\"><br>_________________________________________________________________________________________________________<br><\/figcaption><\/figure>\n\n\n\n<p class=\"has-text-align-center\"><strong>6 DE DEZEMBRO<\/strong><\/p>\n\n\n\n<figure class=\"wp-block-table\"><table><tbody><tr><td><strong>Mesa 2 &#8211; Narrar a si e aos outros: cr\u00f4nicas e ensino de Hist\u00f3ria Medieval<\/strong> (9h00-10h30)<strong> &#8211; <\/strong>Audit\u00f3rio da SEAD (Secretaria de Educa\u00e7\u00e3o \u00e0 Dist\u00e2ncia &#8211; em frente ao estacionamento da Reitoria)<br><br><strong>Coordena\u00e7\u00e3o: <\/strong>Bruno \u00c1lvaro (UFS) &nbsp;<br><br>Bruno \u00c1lvaro (UFS) \u2013 <em>A guerra senhorial na Chronica Adefonsi Imperatoris<\/em><br><br>Felipe Ribeiro (UFPE) \u2013 <em>Narrar a si e aos outros: as cr\u00f4nicas e a etnografia na tradi\u00e7\u00e3o historiogr\u00e1fica de Montecassino (s\u00e9culos VIII-XII)<\/em><br><br>Renan Birro (UPE\/Mata Norte) \u2013 <em>Idade MediAR: um estudo de caso sobre o uso de realidade aumentada no Ensino de Hist\u00f3ria Medieval<\/em> &nbsp;<\/td><\/tr><\/tbody><\/table><figcaption class=\"wp-element-caption\"><br><\/figcaption><\/figure>\n\n\n\n<figure class=\"wp-block-table\"><table><tbody><tr><td><strong>Mesa 3 \u2013 Tradu\u00e7\u00e3o de textos medievais&nbsp;<\/strong> (9h00-10h30)<strong> &#8211; <\/strong>Audit\u00f3rio do PAPGEF (Programa de P\u00f3s-Gradua\u00e7\u00e3o em Educa\u00e7\u00e3o F\u00edsica e Fisioterapia &#8211; em frente ao estacionamento da Reitoria)<br><br><strong>Coordena\u00e7\u00e3o: <\/strong>Karine Simoni (UFSC)<br><br>Karine Simoni (UFSC) \u2013 <em>Poetas e legisladoras: leituras de vidas e tradu\u00e7\u00f5es poss\u00edveis das escritas de mulheres da pen\u00ednsula it\u00e1lica (s\u00e9culos XIII e XIV)<\/em><br><br>Carmem Druciak (UFBA) \u2013 <em>A tradu\u00e7\u00e3o como \u201ccontinuidade da vida\u201d das Cent Ballades de Christine de Pizan<\/em><br><\/td><\/tr><\/tbody><\/table><\/figure>\n\n\n\n<p><\/p>\n\n\n\n<figure class=\"wp-block-table\"><table><tbody><tr><td><strong>Mesa 4 \u2013 Tradu\u00e7\u00e3o de textos cl\u00e1ssicos&nbsp;<\/strong> (10h30-12h00) <strong>\u2013 <\/strong>Audit\u00f3rio da SEAD (Secretaria de Educa\u00e7\u00e3o \u00e0 Dist\u00e2ncia &#8211; em frente ao estacionamento da Reitoria)<strong>&nbsp;<\/strong> <br><br><strong>Coordena\u00e7\u00e3o: <\/strong>Marco Val\u00e9rio Colonnelli (UFPB)<br><br>Marco Val\u00e9rio Colonnelli (UFPB) \u2013 <em>Tradu\u00e7\u00e3o para o ensino de l\u00edngua grega: est\u00e1gios tradut\u00f3rios<\/em><br><br>Willy Paredes (UFPB) \u2013 <em>Tradu\u00e7\u00e3o e ensino do Latim<\/em><br><br>Priscilla Gontijo (UFPB) \u2013<em> Tradu\u00e7\u00e3o coletiva: contribui\u00e7\u00f5es de uma historiadora<\/em><\/td><\/tr><\/tbody><\/table><figcaption class=\"wp-element-caption\"><br><\/figcaption><\/figure>\n\n\n\n<figure class=\"wp-block-table\"><table><tbody><tr><td><strong>Mesa 5 \u2013 O eu e o outro na tradu\u00e7\u00e3o de textos medievais<\/strong> (10h30-12h00)<strong> \u2013 <\/strong>Audit\u00f3rio do PAPGEF (Programa de P\u00f3s-Gradua\u00e7\u00e3o em Educa\u00e7\u00e3o F\u00edsica e Fisioterapia- em frente ao estacionamento da Reitoria)<br><br><strong>Coordena\u00e7\u00e3o: <\/strong>Fernanda Cardoso (UECE)<br><br>Fernanda Cardoso (UECE) \u2013 <em>As Revela\u00e7\u00f5es de Juliana de Norwich no Brasil: an\u00e1lise comparada de tr\u00eas tradu\u00e7\u00f5es para a l\u00edngua portuguesa<\/em><br><br>Yuri Carib\u00e9 (UFPE) \u2013 <em>Presen\u00e7a queer na literatura medieval irlandesa: tradu\u00e7\u00e3o do microconto N\u00edall Frassach\u2019s Act of Thruth<\/em><br><\/td><\/tr><\/tbody><\/table><figcaption class=\"wp-element-caption\"><br><\/figcaption><\/figure>\n\n\n\n<figure class=\"wp-block-table\"><table><tbody><tr><td><strong>Comunica\u00e7\u00f5es (14h00-15h30) &#8211; <\/strong>Audit\u00f3rio do CA (Central de aulas) e Audit\u00f3rio da SEAD (Secretaria de Educa\u00e7\u00e3o \u00e0 Dist\u00e2ncia &#8211; em frente ao estacionamento da Reitoria)<br><\/td><\/tr><\/tbody><\/table><figcaption class=\"wp-element-caption\"><br><\/figcaption><\/figure>\n\n\n\n<figure class=\"wp-block-table\"><table><tbody><tr><td>Minicursos:<strong> (16h00-18h00)<\/strong><br><br>Audit\u00f3rio do CA (Central de aulas)<br><strong>As provas acerca da exist\u00eancia de Deus<\/strong><br>Ministrante: Anderson D\u2019Arc Ferreira (Departamento de Filosofia \u2013 CCHLA \u2013 UFPB)<br><br>Audit\u00f3rio da SEAD (Secretaria de Educa\u00e7\u00e3o \u00e0 Dist\u00e2ncia &#8211; em frente ao estacionamento da Reitoria)<br><strong>Residualidade a paraibana: uma reflex\u00e3o local da teoria na an\u00e1lise liter\u00e1ria<\/strong><br>Ministrantes: Juan Ignacio Jurado Centuri\u00f3n (UFPB) e Gilberia F. Alves Diniz (UFPB)<br><\/td><\/tr><\/tbody><\/table><figcaption class=\"wp-element-caption\"><br>_________________________________________________________________________________________________________<br><\/figcaption><\/figure>\n\n\n\n<p class=\"has-text-align-center\"><strong>7 DE DEZEMBRO<\/strong><\/p>\n\n\n\n<figure class=\"wp-block-table\"><table><tbody><tr><td><strong>Mesa 6 \u2013 Imagens e representa\u00e7\u00f5es<\/strong> (9h00-10h30)<strong> &#8211; Audit\u00f3rio 411 <\/strong>&#8211; CCHLA (Centro de Ci\u00eancias Humanas, Letras e Artes)<br><br><strong>Coordena\u00e7\u00e3o: <\/strong>Guilherme Queiroz (UFPB)<br><br>Adriana Zierer (UEMA\/Brathair) \u2013 <em>As imagens mentais e visuais do Diabo na grelha do Inferno na Vis\u00e3o de T\u00fandalo<\/em><br><br>Solange Oliveira (UEMA\/Brathair) \u2013 <em>Narrar o p\u00f3s-vida: o anjo como guia, protetor e guardi\u00e3o da alma na Vis\u00e3o de T\u00fandal<\/em>o<br><br>Guilherme Queiroz (UFPB) \u2013 <em>Jo, Ramon Llull (2016): document\u00e1rio, historiografia e representa\u00e7\u00e3o<\/em><br><\/td><\/tr><\/tbody><\/table><figcaption class=\"wp-element-caption\"><br><\/figcaption><\/figure>\n\n\n\n<figure class=\"wp-block-table\"><table><tbody><tr><td><strong>Mesa 7 \u2013 Residualidade e Literatura ib\u00e9rica medieval<\/strong> (9h00-10h30)<strong> &#8211; Audit\u00f3rio 412 <\/strong>&#8211; CCHLA (Centro de Ci\u00eancias Humanas, Letras e Artes)<br><br><strong>Coordena\u00e7\u00e3o: <\/strong>Juan Pablo Mart\u00edn Rodrigues (UFPE)<br><br>Juan Pablo Mart\u00edn Rodrigues (UFPE) \u2013 <em>Literatura de Viagens: g\u00eanero de g\u00eaneros, da Idade M\u00e9dia \u00e0 Constru\u00e7\u00e3o da Modernidade<\/em><br><br>Roberto Pontes (UFC) \u2013 <em>Residualidades medievais brasileiras<\/em><br><br>Tito Barros Leal (Uva-Ce) \u2013 <em>Res\u00edduos tardo-medievais ib\u00e9ricos nos cantares de Dona Militana: uma leitura gen\u00e9tica sobre duas vers\u00f5es do \u201cromance Dona Branca\u201d <\/em>&nbsp;<br><\/td><\/tr><\/tbody><\/table><figcaption class=\"wp-element-caption\"><br><\/figcaption><\/figure>\n\n\n\n<figure class=\"wp-block-table\"><table><tbody><tr><td><strong>Mesa 8 \u2013 A(u)tores medievais e suas representa\u00e7\u00f5es textuais e iconogr\u00e1ficas<\/strong> (10h30-12h00)<strong> &#8211; Audit\u00f3rio 412 &#8211;<\/strong> CCHLA (Centro de Ci\u00eancias Humanas, Letras e Artes)<br><br><strong>Coordena\u00e7\u00e3o: <\/strong>Juan Ignacio Centuri\u00f3n (UFPB)<br><br>Raquel Parmegiani (UFAL) \u2013 <em>Os animais nas iluminuras do Coment\u00e1rio ao Apocalipse do Beato de Liebana &#8211; C\u00f3dice de Lorv\u00e3o<\/em><br><br>Bruno Uchoa (UFPE) \u2013 <em>Os monges e os n\u00f4mades do deserto: aspectos do estere\u00f3tipo do sarraceno no discurso mon\u00e1stico pr\u00e9-isl\u00e2mico<\/em><br><br>Juan Ignacio Jurado Centuri\u00f3n (UFPB) \u2013 <em>Historiografias do outro: as cr\u00f4nicas etnogr\u00e1ficas americanas<\/em> (s\u00e9culo XVI) <strong>&nbsp;<\/strong><br><\/td><\/tr><\/tbody><\/table><figcaption class=\"wp-element-caption\"><br><\/figcaption><\/figure>\n\n\n\n<figure class=\"wp-block-table\"><table><tbody><tr><td><strong>Mesa 9 \u2013<\/strong> <strong>Autoridade feminina na Idade M\u00e9dia<\/strong> (10h30-12h00)<strong> \u2013 Audit\u00f3rio 411<\/strong> &#8211; CCHLA (Centro de Ci\u00eancias Humanas, Letras e Artes)&nbsp; <br><br><strong>Coordena\u00e7\u00e3o:<\/strong> Maria Graciele de Lima (UFPB)<br><br>Maria Graciele de Lima (UFPB) \u2013 <em>Aspectos de uma teopo\u00e9tica n\u00b4<\/em>O Di\u00e1logo<em> de Catarina de Sena<\/em><br><br>Isabela Albuquerque (UPE\/Garanhuns) \u2013 <em>Rainhas do Norte Global: queenship no Alto Medievo em perspectiva comparada<\/em> &nbsp;<br><\/td><\/tr><\/tbody><\/table><figcaption class=\"wp-element-caption\"><br><\/figcaption><\/figure>\n\n\n\n<figure class=\"wp-block-table\"><table><tbody><tr><td><strong>Comunica\u00e7\u00f5es (14h00-15h30) &#8211; <\/strong>Audit\u00f3rio 411, Audit\u00f3rio 412, Audit\u00f3rio do CE, Sala 407, Sala 504 e Sala de reuni\u00f5es do CCHLA<br><\/td><\/tr><\/tbody><\/table><\/figure>\n\n\n\n<p><\/p>\n\n\n\n<figure class=\"wp-block-table\"><table><tbody><tr><td><\/td><\/tr><\/tbody><\/table><\/figure>\n\n\n\n<figure class=\"wp-block-table\"><table><tbody><tr><td><strong>CONFER\u00caNCIA DE ENCERRAMENTO<\/strong> (18h00) &#8211; <strong>Audit\u00f3rio 411<\/strong> &#8211; CCHLA (Centro de Ci\u00eancias Humanas, Letras e Artes)<br><br>Renata Cristina Nascimento (UFJ-UEG-PUC) \u2013 <em>Narrar o sagrado: o desafio hagiogr\u00e1fico<\/em> &nbsp; <br><\/td><\/tr><\/tbody><\/table><\/figure>\n","protected":false},"excerpt":{"rendered":"<p>5 DE DEZEMBRO CONFER\u00caNCIA DE ABERTURA (09h00) &#8211; Audit\u00f3rio do CE (Centro de Educa\u00e7\u00e3o) Julia R\u00fcthemann (EHESS-CRH, Fran\u00e7a) \u2013 Le \u00ab Je \u00bb f\u00e9minin chez Christine de Pizan et Hadewijch d\u2019Anvers Mesa 1 &#8211; Grupo Christine de Pizan. Escritoras medievais na Querelle des femmes (10h00-12h00) &#8211; Audit\u00f3rio do CE (Centro de Educa\u00e7\u00e3o) Coordena\u00e7\u00e3o: Guilherme Queiroz [&hellip;]<\/p>\n","protected":false},"author":59,"featured_media":0,"parent":0,"menu_order":0,"comment_status":"closed","ping_status":"closed","template":"","meta":{"footnotes":""},"class_list":["post-70","page","type-page","status-publish","hentry","post"],"_links":{"self":[{"href":"https:\/\/www.ufpb.br\/semp\/wp-json\/wp\/v2\/pages\/70","targetHints":{"allow":["GET"]}}],"collection":[{"href":"https:\/\/www.ufpb.br\/semp\/wp-json\/wp\/v2\/pages"}],"about":[{"href":"https:\/\/www.ufpb.br\/semp\/wp-json\/wp\/v2\/types\/page"}],"author":[{"embeddable":true,"href":"https:\/\/www.ufpb.br\/semp\/wp-json\/wp\/v2\/users\/59"}],"replies":[{"embeddable":true,"href":"https:\/\/www.ufpb.br\/semp\/wp-json\/wp\/v2\/comments?post=70"}],"version-history":[{"count":36,"href":"https:\/\/www.ufpb.br\/semp\/wp-json\/wp\/v2\/pages\/70\/revisions"}],"predecessor-version":[{"id":236,"href":"https:\/\/www.ufpb.br\/semp\/wp-json\/wp\/v2\/pages\/70\/revisions\/236"}],"wp:attachment":[{"href":"https:\/\/www.ufpb.br\/semp\/wp-json\/wp\/v2\/media?parent=70"}],"curies":[{"name":"wp","href":"https:\/\/api.w.org\/{rel}","templated":true}]}}