{"id":22,"date":"2024-04-10T23:40:10","date_gmt":"2024-04-11T02:40:10","guid":{"rendered":"https:\/\/www.ufpb.br\/serea25\/?page_id=22"},"modified":"2025-05-24T19:12:46","modified_gmt":"2025-05-24T22:12:46","slug":"serea","status":"publish","type":"page","link":"https:\/\/www.ufpb.br\/serea25\/serea\/","title":{"rendered":"Bem-vindos"},"content":{"rendered":"\n<p class=\"has-medium-font-size\"><\/p>\n\n\n\n<p style=\"font-size:16px\"><mark style=\"background-color:#ffffff\" class=\"has-inline-color has-black-color\">A Universidade Federal da Para\u00edba (UFPB\/Brasil) e o Laborat\u00f3rio de Efici\u00eancia Energ\u00e9tica e Hidr\u00e1ulica em Saneamento (LENHS\/UFPB) t\u00eam o prazer de convid\u00e1-lo a participar do <strong>XVIII Congresso Iberoamericano de Sistemas de Abastecimento de \u00c1gua, Drenagem e Irriga\u00e7\u00e3o (SEREA 2025)<\/strong>, que ser\u00e1 realizado de 3 a 7 de novembro de 2025, na cidade de Jo\u00e3o Pessoa, Para\u00edba, Brasil.<\/mark><\/p>\n\n\n\n<p style=\"font-size:16px\"><mark style=\"background-color:#ffffff\" class=\"has-inline-color has-black-color\">O SEREA \u00e9 realizado bianualmente e tem como principal objetivo reunir pesquisadores e profissionais da comunidade ibero-americana que atuam nas \u00e1reas de abastecimento de \u00e1gua, saneamento e irriga\u00e7\u00e3o. A programa\u00e7\u00e3o do evento incluir\u00e1&nbsp;<strong>confer\u00eancias especiais<\/strong>&nbsp;e&nbsp;<strong>sess\u00f5es t\u00e9cnicas<\/strong>&nbsp;focadas nos principais desafios enfrentados atualmente por gestores e t\u00e9cnicos. Os temas do SEREA 2025 s\u00e3o:<\/mark><\/p>\n\n\n\n<p><\/p>\n\n\n\n<ul class=\"wp-block-list\">\n<li style=\"font-size:16px\">Problemas atuais de drenagem urbana frente \u00e0s mudan\u00e7as clim\u00e1ticas.<\/li>\n\n\n\n<li style=\"font-size:16px\">Reabilita\u00e7\u00e3o de sistemas de distribui\u00e7\u00e3o de \u00e1gua e de drenagem.<\/li>\n\n\n\n<li style=\"font-size:16px\">Modelagem e an\u00e1lise de sistemas, incluindo transit\u00f3rios hidr\u00e1ulicos.<\/li>\n\n\n\n<li style=\"font-size:16px\">Planejamento, governan\u00e7a e gest\u00e3o de infraestruturas e recursos h\u00eddricos.<\/li>\n\n\n\n<li style=\"font-size:16px\">Uso eficiente da \u00e1gua e energia em sistemas de distribui\u00e7\u00e3o de \u00e1gua.<\/li>\n\n\n\n<li style=\"font-size:16px\">Automa\u00e7\u00e3o e controle, intelig\u00eancia artificial e sistemas de informa\u00e7\u00f5es geogr\u00e1ficas.<\/li>\n\n\n\n<li style=\"font-size:16px\">Aproveitamento de \u00e1guas residu\u00e1rias e tecnologias de dessaliniza\u00e7\u00e3o.<\/li>\n\n\n\n<li style=\"font-size:16px\">Integra\u00e7\u00e3o de energias renov\u00e1veis e recupera\u00e7\u00e3o de energia.<\/li>\n<\/ul>\n\n\n\n<p style=\"font-size:16px\"><mark style=\"background-color:#ffffff\" class=\"has-inline-color has-black-color\">Os idiomas do congresso ser\u00e3o Portugu\u00eas e Espanhol.<\/mark><\/p>\n\n\n\n<p style=\"font-size:16px\"><mark style=\"background-color:#ffffff\" class=\"has-inline-color has-black-color\">Esperamos a sua participa\u00e7\u00e3o no SEREA 2025, um momento \u00fanico para compartilhar conhecimentos, fortalecer parcerias e contribuir para os avan\u00e7os no setor. Desde j\u00e1, agradecemos pela submiss\u00e3o de trabalhos e esperamos por voc\u00ea em Jo\u00e3o Pessoa, uma das cidades mais acolhedoras e encantadoras do Brasil.<\/mark><\/p>\n\n\n\n<p style=\"font-size:16px\"><strong><mark style=\"background-color:#ffffff\" class=\"has-inline-color has-black-color\">Nos vemos em Jo\u00e3o Pessoa!<\/mark><\/strong><\/p>\n","protected":false},"excerpt":{"rendered":"<p>A Universidade Federal da Para\u00edba (UFPB\/Brasil) e o Laborat\u00f3rio de Efici\u00eancia Energ\u00e9tica e Hidr\u00e1ulica em [&hellip;]<\/p>\n","protected":false},"author":52,"featured_media":0,"parent":0,"menu_order":0,"comment_status":"closed","ping_status":"closed","template":"","meta":{"footnotes":""},"class_list":["post-22","page","type-page","status-publish","hentry"],"_links":{"self":[{"href":"https:\/\/www.ufpb.br\/serea25\/wp-json\/wp\/v2\/pages\/22","targetHints":{"allow":["GET"]}}],"collection":[{"href":"https:\/\/www.ufpb.br\/serea25\/wp-json\/wp\/v2\/pages"}],"about":[{"href":"https:\/\/www.ufpb.br\/serea25\/wp-json\/wp\/v2\/types\/page"}],"author":[{"embeddable":true,"href":"https:\/\/www.ufpb.br\/serea25\/wp-json\/wp\/v2\/users\/52"}],"replies":[{"embeddable":true,"href":"https:\/\/www.ufpb.br\/serea25\/wp-json\/wp\/v2\/comments?post=22"}],"version-history":[{"count":30,"href":"https:\/\/www.ufpb.br\/serea25\/wp-json\/wp\/v2\/pages\/22\/revisions"}],"predecessor-version":[{"id":604,"href":"https:\/\/www.ufpb.br\/serea25\/wp-json\/wp\/v2\/pages\/22\/revisions\/604"}],"wp:attachment":[{"href":"https:\/\/www.ufpb.br\/serea25\/wp-json\/wp\/v2\/media?parent=22"}],"curies":[{"name":"wp","href":"https:\/\/api.w.org\/{rel}","templated":true}]}}