{"id":322,"date":"2024-06-25T10:12:45","date_gmt":"2024-06-25T13:12:45","guid":{"rendered":"https:\/\/www.ufpb.br\/serea25\/?page_id=322"},"modified":"2025-10-03T14:05:11","modified_gmt":"2025-10-03T17:05:11","slug":"comite-organizador","status":"publish","type":"page","link":"https:\/\/www.ufpb.br\/serea25\/comite-organizador\/","title":{"rendered":"Comit\u00ea Organizador"},"content":{"rendered":"\n<p style=\"font-size:16px\"><strong>Presidente:<\/strong><\/p>\n\n\n\n<ul class=\"wp-block-list\">\n<li style=\"font-size:16px\">Juan Moises Mauricio Villanueva &#8211; Universidade Federal da Para\u00edba, Brasil<\/li>\n<\/ul>\n\n\n\n<p style=\"font-size:16px\"><strong>Vice-Presidente<\/strong>:<\/p>\n\n\n\n<ul class=\"wp-block-list\">\n<li style=\"font-size:16px\">Heber Pimentel Gomes &#8211; Universidade Federal da Para\u00edba, Brasil<\/li>\n<\/ul>\n\n\n\n<p style=\"font-size:16px\"><strong>Membros da Comiss\u00e3o Organizadora Local <\/strong><\/p>\n\n\n\n<ul class=\"wp-block-list\">\n<li style=\"font-size:16px\">Albanise Barbosa Marinho &#8211; Universidade Federal da Para\u00edba, Brasil<\/li>\n\n\n\n<li style=\"font-size:16px\">Altamar Alencar Cardoso &#8211; Companhia de \u00c1gua e Esgotos da Para\u00edba, Brasil<\/li>\n\n\n\n<li style=\"font-size:16px\">Ana Cl\u00e1udia Fernandes Medeiros Braga &#8211; Universidade Federal da Para\u00edba, Brasil<\/li>\n\n\n\n<li style=\"font-size:16px\">Saulo de Tarso Marques Bezerra &#8211; Universidade Federal de Pernambuco, Brasil<\/li>\n\n\n\n<li style=\"font-size:16px\">Maria Clara Ribeiro Vila\u00e7a &#8211; Universidade Federal da Para\u00edba, Brasil<\/li>\n\n\n\n<li style=\"font-size:16px\">Sansara L\u00facio Ribeiro Barbosa &#8211; Universidade Federal da Para\u00edba, Brasil<\/li>\n<\/ul>\n\n\n\n<p style=\"font-size:16px\"><strong>Comit\u00ea Cient\u00edfico <\/strong><\/p>\n\n\n\n<ul class=\"wp-block-list\">\n<li style=\"font-size:16px\">Saulo de Tarso Marques Bezerra &#8211; Universidade Federal de Pernambuco, Brasil (Presidente)<\/li>\n\n\n\n<li style=\"font-size:16px\">Adriano Rolim da Paz \u2013 Universidade Federal da Para\u00edba, Brasil<\/li>\n\n\n\n<li style=\"font-size:16px\">Albanise Barbosa Marinho \u2013 Universidade Federal da Para\u00edba, Brasil<\/li>\n\n\n\n<li style=\"font-size:16px\">Ana Cl\u00e1udia Fernandes Braga \u2013 Universidade Federal da Para\u00edba, Brasil<\/li>\n\n\n\n<li style=\"font-size:16px\">Anderson Luiz Ribeiro de Paiva \u2013 Universidade Federal de Pernambuco, Brasil<\/li>\n\n\n\n<li style=\"font-size:16px\">Ant\u00f3nio Canat\u00e1rio Duarte \u2013 Instituto Polit\u00e9cnico de Castelo Branco, Portugal<\/li>\n\n\n\n<li style=\"font-size:16px\">Benjam\u00edn Lara Ledesma \u2013 Universidad Michoacana de San Nicol\u00e1s de Hidalgo, M\u00e9xico<\/li>\n\n\n\n<li style=\"font-size:16px\">Bruno Melo Brentan \u2013 Universidade Federal de Minas Gerais, Brasil<\/li>\n\n\n\n<li style=\"font-size:16px\">Carlos de Oliveira Galv\u00e3o \u2013 Universidade Federal de Campina Grande, Brasil<\/li>\n\n\n\n<li style=\"font-size:16px\">Cristiano das Neves Almeida \u2013 Universidade Federal da Para\u00edba, Brasil<\/li>\n\n\n\n<li style=\"font-size:16px\">Daniel Mora Meli\u00e1 \u2013 Universitat Polit\u00e8cnica de Val\u00e8ncia, Espa\u00f1a<\/li>\n\n\n\n<li style=\"font-size:16px\">Davi de Carvalho Diniz Melo \u2013 Universidade Federal da Para\u00edba, Brasil<\/li>\n\n\n\n<li style=\"font-size:16px\">D\u00eddia Isabel Cameira Covas \u2013 Instituto Superior T\u00e9cnico, Portugal<\/li>\n\n\n\n<li style=\"font-size:16px\">Elisangela Maria Rodrigues Rocha \u2013 Universidade Federal da Para\u00edba, Brasil<\/li>\n\n\n\n<li style=\"font-size:16px\">F\u00e1bio Ver\u00edssimo Gon\u00e7alves \u2013 Universidade Federal de Mato Grosso do Sul, Brasil<\/li>\n\n\n\n<li style=\"font-size:16px\">F. Javier Mart\u00ednez Solano \u2013 Universidad Polit\u00e9cnica de Valencia, Espa\u00f1a<\/li>\n\n\n\n<li style=\"font-size:16px\">Gerald Norbert Souza da Silva \u2013 Universidade Federal da Para\u00edba, Brasil<\/li>\n\n\n\n<li style=\"font-size:16px\">Gilson Barbosa Athayde Junior \u2013 Universidade Federal da Para\u00edba, Brasil<\/li>\n\n\n\n<li style=\"font-size:16px\">Gustavo Barbosa Lima da Silva \u2013 Universidade Federal da Para\u00edba, Brasil<\/li>\n\n\n\n<li style=\"font-size:16px\">Gustavo Meirelles Lima \u2013 Universidade Federal de Minas Gerais, Brasil<\/li>\n\n\n\n<li style=\"font-size:16px\">Heber Pimentel Gomes \u2013 Universidade Federal da Para\u00edba, Brasil<\/li>\n\n\n\n<li style=\"font-size:16px\">Helena Ramos \u2013 Instituto Superior T\u00e9cnico, Portugal<\/li>\n\n\n\n<li style=\"font-size:16px\">Jimmy Henry Gutierrez Bahamondes \u2013 Universidad de Talca, Chile<\/li>\n\n\n\n<li style=\"font-size:16px\">Jorge Garc\u00eda Morillo \u2013 Universidad de C\u00f3rdoba, Espa\u00f1a<\/li>\n\n\n\n<li style=\"font-size:16px\">Jose Roberto Gon\u00e7alves de Azevedo \u2013 Universidade Federal de Pernambuco, Brasil<\/li>\n\n\n\n<li style=\"font-size:16px\">Juan Guillermo Saldarriaga Valderrama \u2013 Universidad dos Andes, Colombia<\/li>\n\n\n\n<li style=\"font-size:16px\">Juan Moises Mauricio Villanueva \u2013 Universidade Federal da Para\u00edba, Brasil<\/li>\n\n\n\n<li style=\"font-size:16px\">Leonardo Vieira Soares \u2013 Universidade Federal da Para\u00edba, Brasil<\/li>\n\n\n\n<li style=\"font-size:16px\">Marcia Maria Rios Ribeiro \u2013 Universidade Federal de Campina Grande, Brasil<\/li>\n\n\n\n<li style=\"font-size:16px\">Marco Aur\u00e9lio Holanda de Castro \u2013 Universidade Federal do Cear\u00e1, Brasil<\/li>\n\n\n\n<li style=\"font-size:16px\">Maria Mercedes Gamboa Medina \u2013 Universidade de S\u00e3o Paulo, Brasil<\/li>\n\n\n\n<li style=\"font-size:16px\">Marta Cabral \u2013 Instituto Superior T\u00e9cnico, Portugal<\/li>\n\n\n\n<li style=\"font-size:16px\">Mauricio Dai Pr\u00e1 \u2013 Universidade Federal do Rio Grande do Sul, Brasil<\/li>\n\n\n\n<li style=\"font-size:16px\">Nelson Carri\u00e7o \u2013 Instituto Polit\u00e9cnico de Set\u00fabal, Portugal<\/li>\n\n\n\n<li style=\"font-size:16px\">Pedro L. Iglesias Rey \u2013 Universidad Polit\u00e9cnica de Valencia, Espa\u00f1a<\/li>\n\n\n\n<li style=\"font-size:16px\">P. Amparo Lopez Jim\u00e9nez \u2013 Universidad Polit\u00e9cnica de Valencia, Espa\u00f1a<\/li>\n\n\n\n<li style=\"font-size:16px\">Pilar Montesinos Barrios \u2013 Universidad de C\u00f3rdoba, Espa\u00f1a<\/li>\n\n\n\n<li style=\"font-size:16px\">Thiago Cabral Nepomuceno \u2013 Universidade Federal Rural de Pernambuco, Brasil<\/li>\n\n\n\n<li style=\"font-size:16px\">Vicente de Paulo Silva \u2013 Universidade Federal Rural de Pernambuco, Brasil<\/li>\n\n\n\n<li style=\"font-size:16px\">Vicente Samuel Fuertes Miquel \u2013 Universidad Polit\u00e9cnica de Valencia, Espa\u00f1a<\/li>\n<\/ul>\n\n\n\n<p><\/p>\n","protected":false},"excerpt":{"rendered":"<p>Presidente: Vice-Presidente: Membros da Comiss\u00e3o Organizadora Local Comit\u00ea Cient\u00edfico<\/p>\n","protected":false},"author":63,"featured_media":0,"parent":0,"menu_order":0,"comment_status":"closed","ping_status":"closed","template":"","meta":{"footnotes":""},"class_list":["post-322","page","type-page","status-publish","hentry"],"_links":{"self":[{"href":"https:\/\/www.ufpb.br\/serea25\/wp-json\/wp\/v2\/pages\/322","targetHints":{"allow":["GET"]}}],"collection":[{"href":"https:\/\/www.ufpb.br\/serea25\/wp-json\/wp\/v2\/pages"}],"about":[{"href":"https:\/\/www.ufpb.br\/serea25\/wp-json\/wp\/v2\/types\/page"}],"author":[{"embeddable":true,"href":"https:\/\/www.ufpb.br\/serea25\/wp-json\/wp\/v2\/users\/63"}],"replies":[{"embeddable":true,"href":"https:\/\/www.ufpb.br\/serea25\/wp-json\/wp\/v2\/comments?post=322"}],"version-history":[{"count":21,"href":"https:\/\/www.ufpb.br\/serea25\/wp-json\/wp\/v2\/pages\/322\/revisions"}],"predecessor-version":[{"id":684,"href":"https:\/\/www.ufpb.br\/serea25\/wp-json\/wp\/v2\/pages\/322\/revisions\/684"}],"wp:attachment":[{"href":"https:\/\/www.ufpb.br\/serea25\/wp-json\/wp\/v2\/media?parent=322"}],"curies":[{"name":"wp","href":"https:\/\/api.w.org\/{rel}","templated":true}]}}