{"id":48,"date":"2024-04-24T23:16:30","date_gmt":"2024-04-25T02:16:30","guid":{"rendered":"https:\/\/www.ufpb.br\/serea25\/?page_id=48"},"modified":"2025-05-24T19:18:49","modified_gmt":"2025-05-24T22:18:49","slug":"contato","status":"publish","type":"page","link":"https:\/\/www.ufpb.br\/serea25\/contato\/","title":{"rendered":"Local do Evento"},"content":{"rendered":"\n<p style=\"font-size:16px\"><strong>Littoral Hotel &#8211; Jo\u00e3o Pessoa, Para\u00edba, Brasil<\/strong><\/p>\n\n\n\n<p style=\"font-size:16px\">O Littoral Hotel possui uma localiza\u00e7\u00e3o privilegiada, \u00e0 beira da praia de Cabo Branco, um dos cart\u00f5es-postais de Jo\u00e3o Pessoa. Al\u00e9m disso, o hotel est\u00e1 situado pr\u00f3ximo a uma variedade de restaurantes, bares e pontos tur\u00edsticos.<\/p>\n\n\n\n<p style=\"font-size:16px\">Contato para fazer diretamente reservas de hospedagens no Littotal Hotel:  Cesar   <strong>+55(83)99988-7239<\/strong>   (<em>whatsapp<\/em>)<\/p>\n\n\n\n<p style=\"font-size:16px\">Website do Hotel: <a href=\"https:\/\/www.littoral.com.br\/littoral-hotel\">https:\/\/www.littoral.com.br\/littoral-hotel<\/a> | <a href=\"https:\/\/www.booking.com\/index.pt-br.html?aid=2311236;label=pt-br-booking-desktop-9_uvqir24qvA6x6xGiDvCQS652796015463:pl:ta:p1:p2:ac:ap:neg:fi:tikwd-65526620:lp1001622:li:dec:dm;ws=&amp;gad_source=1&amp;gad_campaignid=19655507274&amp;gbraid=0AAAAAD_Ls1L7vDVBZrD--iIp3w7SCetY6&amp;gclid=Cj0KCQjw_dbABhC5ARIsAAh2Z-QWeLcjSXg0-ukvohouoLUKgaAn8cgR3fe9t9_a9-xYp2RxDkxTgIkaAndzEALw_wcB\" target=\"_blank\" rel=\"noreferrer noopener\">Booking<\/a><\/p>\n\n\n\n<figure class=\"wp-block-image size-full\"><img loading=\"lazy\" decoding=\"async\" width=\"700\" height=\"396\" src=\"https:\/\/www.ufpb.br\/serea25\/wp-content\/uploads\/sites\/103\/sites\/152\/2024\/06\/fachada.jpg\" alt=\"\" class=\"wp-image-288\" srcset=\"https:\/\/www.ufpb.br\/serea25\/wp-content\/uploads\/sites\/103\/sites\/152\/2024\/06\/fachada.jpg 700w, https:\/\/www.ufpb.br\/serea25\/wp-content\/uploads\/sites\/103\/sites\/152\/2024\/06\/fachada-300x170.jpg 300w\" sizes=\"auto, (max-width: 700px) 100vw, 700px\" \/><\/figure>\n\n\n\n<figure class=\"wp-block-image size-large is-resized\"><img loading=\"lazy\" decoding=\"async\" width=\"1024\" height=\"576\" src=\"https:\/\/www.ufpb.br\/serea25\/wp-content\/uploads\/sites\/103\/sites\/152\/2024\/06\/foto-aerea-da-praia-do-1024x576.jpg\" alt=\"\" class=\"wp-image-289\" style=\"width:702px;height:auto\" srcset=\"https:\/\/www.ufpb.br\/serea25\/wp-content\/uploads\/sites\/103\/sites\/152\/2024\/06\/foto-aerea-da-praia-do-1024x576.jpg 1024w, https:\/\/www.ufpb.br\/serea25\/wp-content\/uploads\/sites\/103\/sites\/152\/2024\/06\/foto-aerea-da-praia-do-300x169.jpg 300w, https:\/\/www.ufpb.br\/serea25\/wp-content\/uploads\/sites\/103\/sites\/152\/2024\/06\/foto-aerea-da-praia-do-768x432.jpg 768w, https:\/\/www.ufpb.br\/serea25\/wp-content\/uploads\/sites\/103\/sites\/152\/2024\/06\/foto-aerea-da-praia-do.jpg 1200w\" sizes=\"auto, (max-width: 1024px) 100vw, 1024px\" \/><\/figure>\n","protected":false},"excerpt":{"rendered":"<p>Littoral Hotel &#8211; Jo\u00e3o Pessoa, Para\u00edba, Brasil O Littoral Hotel possui uma localiza\u00e7\u00e3o privilegiada, \u00e0 [&hellip;]<\/p>\n","protected":false},"author":52,"featured_media":0,"parent":0,"menu_order":0,"comment_status":"closed","ping_status":"closed","template":"","meta":{"footnotes":""},"class_list":["post-48","page","type-page","status-publish","hentry"],"_links":{"self":[{"href":"https:\/\/www.ufpb.br\/serea25\/wp-json\/wp\/v2\/pages\/48","targetHints":{"allow":["GET"]}}],"collection":[{"href":"https:\/\/www.ufpb.br\/serea25\/wp-json\/wp\/v2\/pages"}],"about":[{"href":"https:\/\/www.ufpb.br\/serea25\/wp-json\/wp\/v2\/types\/page"}],"author":[{"embeddable":true,"href":"https:\/\/www.ufpb.br\/serea25\/wp-json\/wp\/v2\/users\/52"}],"replies":[{"embeddable":true,"href":"https:\/\/www.ufpb.br\/serea25\/wp-json\/wp\/v2\/comments?post=48"}],"version-history":[{"count":17,"href":"https:\/\/www.ufpb.br\/serea25\/wp-json\/wp\/v2\/pages\/48\/revisions"}],"predecessor-version":[{"id":611,"href":"https:\/\/www.ufpb.br\/serea25\/wp-json\/wp\/v2\/pages\/48\/revisions\/611"}],"wp:attachment":[{"href":"https:\/\/www.ufpb.br\/serea25\/wp-json\/wp\/v2\/media?parent=48"}],"curies":[{"name":"wp","href":"https:\/\/api.w.org\/{rel}","templated":true}]}}