{"id":14,"date":"2025-01-30T18:31:43","date_gmt":"2025-01-30T21:31:43","guid":{"rendered":"https:\/\/www.ufpb.br\/sinfra\/?page_id=14"},"modified":"2025-02-27T13:46:25","modified_gmt":"2025-02-27T16:46:25","slug":"quem-somos","status":"publish","type":"page","link":"https:\/\/www.ufpb.br\/sinfra\/quem-somos\/","title":{"rendered":"Quem somos?"},"content":{"rendered":"\n<p>&nbsp;Superintend\u00eancia de Infraestrutura \u2013 SINFRA \u00e9 um \u00f3rg\u00e3o suplementar da Reitoria respons\u00e1vel pelo gerenciamento da execu\u00e7\u00e3o das atividades de infraestrutura da Universidade Federal da Para\u00edba \u2013 UFPB. A estrutura funcional da SINFRA est\u00e1 estabelecida assim, com suas respectivas chefias:<\/p>\n\n\n\n<p><strong>I \u2013 Superintend\u00eancia;<\/strong><\/p>\n\n\n\n<p>Eng.&nbsp;Ant\u00f4nio da Silva Sobrinho J\u00fanior<\/p>\n\n\n\n<p><strong>II \u2013 Secretaria;<\/strong><\/p>\n\n\n\n<p>Nelson Jorge Santiago<\/p>\n\n\n\n<p>Andr\u00e9a Mariana de G\u00f3es Martins Dumaresq<\/p>\n\n\n\n<p><strong>V \u2013 Ger\u00eancia de Projetos de Edifica\u00e7\u00f5es;<\/strong><\/p>\n\n\n\n<p>Eng.&nbsp;Francisco Pereira da Silva J\u00fanior<\/p>\n\n\n\n<p><strong>VI \u2013 Ger\u00eancia de Or\u00e7amentos de Obras;<\/strong><\/p>\n\n\n\n<p> Eng. Marcus Vin\u00edcius Mesquita Beltr\u00e3o Filho<\/p>\n\n\n\n<p><strong>VII \u2013 Ger\u00eancia de Fiscaliza\u00e7\u00e3o de Obras;<\/strong><\/p>\n\n\n\n<p> Eng.&nbsp;Valkisfran Lira de Brito<\/p>\n\n\n\n<p><strong>VIII \u2013 Ger\u00eancia de Manuten\u00e7\u00e3o e Equipamentos;<\/strong><\/p>\n\n\n\n<p> Eng. Hudney Guilherme Machado de Hollanda<\/p>\n\n\n\n<p><strong>X \u2013 Ger\u00eancia de Almoxarifado, Cadastro e Patrim\u00f4nio Setorial;<\/strong><\/p>\n\n\n\n<p> Ant\u00f4nio Em\u00eddio da Nobrega Neto<\/p>\n\n\n\n<p><strong>XI \u2013 Ger\u00eancia de Meio Ambiente;<\/strong><\/p>\n\n\n\n<p> Eng. Kenny Rogers da Silva Henriques<\/p>\n\n\n\n<p><strong>XII \u2013 Ger\u00eancia de Eletricidade.<\/strong><\/p>\n\n\n\n<p>Eng. Thenison Viana Souza<\/p>\n\n\n\n<p><strong>Organograma<\/strong><\/p>\n\n\n\n<p>A hierarquia horizontalizada da SINFRA auxilia no desenvolvimento motivacional de nossos servidores tornando-os mais participativos e protagonistas de decis\u00f5es nas perspectivas locais e amplas.<\/p>\n\n\n\n<figure class=\"wp-block-image size-large\"><img loading=\"lazy\" decoding=\"async\" width=\"1024\" height=\"304\" src=\"http:\/\/www.ufpb.br\/sinfra\/wp-content\/uploads\/sites\/79\/sites\/250\/2025\/01\/organograma_sinfra-1024x304.jpg\" alt=\"\" class=\"wp-image-15\" srcset=\"https:\/\/www.ufpb.br\/sinfra\/wp-content\/uploads\/sites\/79\/sites\/250\/2025\/01\/organograma_sinfra-1024x304.jpg 1024w, https:\/\/www.ufpb.br\/sinfra\/wp-content\/uploads\/sites\/79\/sites\/250\/2025\/01\/organograma_sinfra-300x89.jpg 300w, https:\/\/www.ufpb.br\/sinfra\/wp-content\/uploads\/sites\/79\/sites\/250\/2025\/01\/organograma_sinfra-768x228.jpg 768w, https:\/\/www.ufpb.br\/sinfra\/wp-content\/uploads\/sites\/79\/sites\/250\/2025\/01\/organograma_sinfra.jpg 1035w\" sizes=\"auto, (max-width: 1024px) 100vw, 1024px\" \/><\/figure>\n\n\n\n<p><\/p>\n\n\n\n<p><a href=\"https:\/\/drive.ufpb.br\/s\/K3npCw8Aa3KpXkK\" data-type=\"link\" data-id=\"https:\/\/drive.ufpb.br\/s\/K3npCw8Aa3KpXkK\">RESOLU\u00c7\u00c3O N\u00ba 03\/2019 Consuni &#8211; Cria\u00e7\u00e3o SINFRA<\/a><\/p>\n\n\n\n<p><\/p>\n","protected":false},"excerpt":{"rendered":"<p>&nbsp;Superintend\u00eancia de Infraestrutura \u2013 SINFRA \u00e9 um \u00f3rg\u00e3o suplementar da Reitoria respons\u00e1vel pelo gerenciamento da execu\u00e7\u00e3o das atividades de infraestrutura da Universidade Federal da Para\u00edba \u2013 UFPB. A estrutura funcional da SINFRA est\u00e1 estabelecida assim, com suas respectivas chefias: I \u2013 Superintend\u00eancia; Eng.&nbsp;Ant\u00f4nio da Silva Sobrinho J\u00fanior II \u2013 Secretaria; Nelson Jorge Santiago Andr\u00e9a Mariana [&hellip;]<\/p>\n","protected":false},"author":47,"featured_media":0,"parent":0,"menu_order":0,"comment_status":"closed","ping_status":"closed","template":"","meta":{"footnotes":""},"class_list":["post-14","page","type-page","status-publish","hentry"],"_links":{"self":[{"href":"https:\/\/www.ufpb.br\/sinfra\/wp-json\/wp\/v2\/pages\/14","targetHints":{"allow":["GET"]}}],"collection":[{"href":"https:\/\/www.ufpb.br\/sinfra\/wp-json\/wp\/v2\/pages"}],"about":[{"href":"https:\/\/www.ufpb.br\/sinfra\/wp-json\/wp\/v2\/types\/page"}],"author":[{"embeddable":true,"href":"https:\/\/www.ufpb.br\/sinfra\/wp-json\/wp\/v2\/users\/47"}],"replies":[{"embeddable":true,"href":"https:\/\/www.ufpb.br\/sinfra\/wp-json\/wp\/v2\/comments?post=14"}],"version-history":[{"count":8,"href":"https:\/\/www.ufpb.br\/sinfra\/wp-json\/wp\/v2\/pages\/14\/revisions"}],"predecessor-version":[{"id":161,"href":"https:\/\/www.ufpb.br\/sinfra\/wp-json\/wp\/v2\/pages\/14\/revisions\/161"}],"wp:attachment":[{"href":"https:\/\/www.ufpb.br\/sinfra\/wp-json\/wp\/v2\/media?parent=14"}],"curies":[{"name":"wp","href":"https:\/\/api.w.org\/{rel}","templated":true}]}}