{"id":17,"date":"2025-01-30T18:32:37","date_gmt":"2025-01-30T21:32:37","guid":{"rendered":"https:\/\/www.ufpb.br\/sinfra\/?page_id=17"},"modified":"2025-02-09T22:09:56","modified_gmt":"2025-02-10T01:09:56","slug":"secretaria","status":"publish","type":"page","link":"https:\/\/www.ufpb.br\/sinfra\/secretaria\/","title":{"rendered":"Secretaria"},"content":{"rendered":"\n<p>A Secretaria \u00e9 respons\u00e1vel pelos servi\u00e7os de apoio administrativo.<\/p>\n\n\n\n<p>S\u00e3o atribui\u00e7\u00f5es da Secretaria da SINFRA:<br>I \u2013 registrar e controlar as atividades dos servidores;<br>II \u2013 inserir e acompanhar dados nos sistemas de informa\u00e7\u00e3o e de gest\u00e3o;<br>III \u2013 planejar a aquisi\u00e7\u00e3o e manter dispon\u00edveis materiais de consumo e equipamentos da SINFRA;<br>IV \u2013 controlar o protocolo, a tramita\u00e7\u00e3o interna, a distribui\u00e7\u00e3o e a expedi\u00e7\u00e3o e o arquivo de<br>processos;<br>V \u2013 monitorar o preenchimento das informa\u00e7\u00f5es nos Sistemas Integrados de Gest\u00e3o da UFPB, nos<br>sistemas de controle interno e externo e demais sistemas do Governo Federal;<br>VI \u2013 auxiliar o Superintendente de Infraestrutura na gest\u00e3o da informa\u00e7\u00e3o, gest\u00e3o or\u00e7ament\u00e1ria e<br>demais atribui\u00e7\u00f5es;<br>VII \u2013 manter atualizado o portal de informa\u00e7\u00f5es da SINFRA na p\u00e1gina da UFPB;<br>VIII \u2013 contribuir para a elabora\u00e7\u00e3o de indicadores internos da SINFRA;<br>IX \u2013 contribuir para a elabora\u00e7\u00e3o do Plano de Desenvolvimento Institucional (PDI) da UFPB;<br>X \u2013 contribuir para a elabora\u00e7\u00e3o do Relat\u00f3rio de Gest\u00e3o (RG) Anual da UFPB;<br>XI \u2013 assessorar a SINFRA na defini\u00e7\u00e3o de metas anuais;<br>XII \u2013 acompanhar o processo de avalia\u00e7\u00e3o da SINFRA;<br>XIII \u2013 contribuir para a sistematiza\u00e7\u00e3o de indicadores de desempenho institucional da SINFRA;<br>XIV \u2013 coletar e sistematizar dados necess\u00e1rios para a tomada de decis\u00f5es da SINFRA;<br>XV \u2013 desempenhar outras atividades inerentes \u00e0s suas fun\u00e7\u00f5es, ainda que n\u00e3o especificadas neste<br>artigo, e desde que determinadas por autoridade competente.<\/p>\n","protected":false},"excerpt":{"rendered":"<p>A Secretaria \u00e9 respons\u00e1vel pelos servi\u00e7os de apoio administrativo. S\u00e3o atribui\u00e7\u00f5es da Secretaria da SINFRA:I \u2013 registrar e controlar as atividades dos servidores;II \u2013 inserir e acompanhar dados nos sistemas de informa\u00e7\u00e3o e de gest\u00e3o;III \u2013 planejar a aquisi\u00e7\u00e3o e manter dispon\u00edveis materiais de consumo e equipamentos da SINFRA;IV \u2013 controlar o protocolo, a tramita\u00e7\u00e3o [&hellip;]<\/p>\n","protected":false},"author":47,"featured_media":0,"parent":0,"menu_order":0,"comment_status":"closed","ping_status":"closed","template":"","meta":{"footnotes":""},"class_list":["post-17","page","type-page","status-publish","hentry"],"_links":{"self":[{"href":"https:\/\/www.ufpb.br\/sinfra\/wp-json\/wp\/v2\/pages\/17","targetHints":{"allow":["GET"]}}],"collection":[{"href":"https:\/\/www.ufpb.br\/sinfra\/wp-json\/wp\/v2\/pages"}],"about":[{"href":"https:\/\/www.ufpb.br\/sinfra\/wp-json\/wp\/v2\/types\/page"}],"author":[{"embeddable":true,"href":"https:\/\/www.ufpb.br\/sinfra\/wp-json\/wp\/v2\/users\/47"}],"replies":[{"embeddable":true,"href":"https:\/\/www.ufpb.br\/sinfra\/wp-json\/wp\/v2\/comments?post=17"}],"version-history":[{"count":1,"href":"https:\/\/www.ufpb.br\/sinfra\/wp-json\/wp\/v2\/pages\/17\/revisions"}],"predecessor-version":[{"id":18,"href":"https:\/\/www.ufpb.br\/sinfra\/wp-json\/wp\/v2\/pages\/17\/revisions\/18"}],"wp:attachment":[{"href":"https:\/\/www.ufpb.br\/sinfra\/wp-json\/wp\/v2\/media?parent=17"}],"curies":[{"name":"wp","href":"https:\/\/api.w.org\/{rel}","templated":true}]}}