{"id":19,"date":"2025-01-30T18:33:04","date_gmt":"2025-01-30T21:33:04","guid":{"rendered":"https:\/\/www.ufpb.br\/sinfra\/?page_id=19"},"modified":"2025-02-09T22:09:55","modified_gmt":"2025-02-10T01:09:55","slug":"gerencias","status":"publish","type":"page","link":"https:\/\/www.ufpb.br\/sinfra\/gerencias\/","title":{"rendered":"Ger\u00eancias"},"content":{"rendered":"\n<p><strong>&nbsp;<a href=\"http:\/\/plone.ufpb.br\/sinfra\/contents\/paginas\/gerencia-de-planejamento-e-acompanhamento-dos-servicos-de-infraestrutura\">Ger\u00eancia de Planejamento e Acompanhamento dos Servi\u00e7os de Infraestrutura &#8211; GPASI<\/a><\/strong><\/p>\n\n\n\n<p><strong>Ger\u00eancia de Planejamento Urbano &#8211; GPU<\/strong><\/p>\n\n\n\n<p><strong><a href=\"http:\/\/plone.ufpb.br\/sinfra\/contents\/paginas\/gerencia-de-projetos-de-edificacoes\">Ger\u00eancia de Projetos e Edifica\u00e7\u00f5es &#8211; GPE<\/a><\/strong><\/p>\n\n\n\n<p><strong>Ger\u00eancia de Or\u00e7amentos de Obras &#8211; GO<\/strong><\/p>\n\n\n\n<p><strong>Ger\u00eancia de Fiscaliza\u00e7\u00e3o de Obras &#8211; GFO<\/strong><\/p>\n\n\n\n<p><strong><a href=\"http:\/\/plone.ufpb.br\/sinfra\/contents\/paginas\/gerencia-de-manutencao-e-equipamentos\">Ger\u00eancia de Manuten\u00e7\u00e3o e Equipamentos &#8211; GME<\/a><\/strong><\/p>\n\n\n\n<p><strong>Ger\u00eancia de Conformidade &#8211; GC<\/strong><\/p>\n\n\n\n<p><strong>Ger\u00eancia de Almoxarifado, Cadastro e Patrim\u00f4nio Setorial &#8211; GAPS<\/strong><\/p>\n\n\n\n<p><strong><a href=\"http:\/\/plone.ufpb.br\/sinfra\/contents\/paginas\/gerencia-de-meio-ambiente\">Ger\u00eancia de Meio Ambiente &#8211; GMA<\/a><\/strong><\/p>\n\n\n\n<p><strong><a href=\"http:\/\/plone.ufpb.br\/sinfra\/contents\/paginas\/gerencia-de-eletricidade\">Ger\u00eancia de Eletricidade&nbsp;&#8211; GE<\/a><\/strong><\/p>\n","protected":false},"excerpt":{"rendered":"<p>&nbsp;Ger\u00eancia de Planejamento e Acompanhamento dos Servi\u00e7os de Infraestrutura &#8211; GPASI Ger\u00eancia de Planejamento Urbano &#8211; GPU Ger\u00eancia de Projetos e Edifica\u00e7\u00f5es &#8211; GPE Ger\u00eancia de Or\u00e7amentos de Obras &#8211; GO Ger\u00eancia de Fiscaliza\u00e7\u00e3o de Obras &#8211; GFO Ger\u00eancia de Manuten\u00e7\u00e3o e Equipamentos &#8211; GME Ger\u00eancia de Conformidade &#8211; GC Ger\u00eancia de Almoxarifado, Cadastro e [&hellip;]<\/p>\n","protected":false},"author":47,"featured_media":0,"parent":0,"menu_order":0,"comment_status":"closed","ping_status":"closed","template":"","meta":{"footnotes":""},"class_list":["post-19","page","type-page","status-publish","hentry"],"_links":{"self":[{"href":"https:\/\/www.ufpb.br\/sinfra\/wp-json\/wp\/v2\/pages\/19","targetHints":{"allow":["GET"]}}],"collection":[{"href":"https:\/\/www.ufpb.br\/sinfra\/wp-json\/wp\/v2\/pages"}],"about":[{"href":"https:\/\/www.ufpb.br\/sinfra\/wp-json\/wp\/v2\/types\/page"}],"author":[{"embeddable":true,"href":"https:\/\/www.ufpb.br\/sinfra\/wp-json\/wp\/v2\/users\/47"}],"replies":[{"embeddable":true,"href":"https:\/\/www.ufpb.br\/sinfra\/wp-json\/wp\/v2\/comments?post=19"}],"version-history":[{"count":2,"href":"https:\/\/www.ufpb.br\/sinfra\/wp-json\/wp\/v2\/pages\/19\/revisions"}],"predecessor-version":[{"id":100,"href":"https:\/\/www.ufpb.br\/sinfra\/wp-json\/wp\/v2\/pages\/19\/revisions\/100"}],"wp:attachment":[{"href":"https:\/\/www.ufpb.br\/sinfra\/wp-json\/wp\/v2\/media?parent=19"}],"curies":[{"name":"wp","href":"https:\/\/api.w.org\/{rel}","templated":true}]}}