{"id":21,"date":"2025-01-30T18:34:19","date_gmt":"2025-01-30T21:34:19","guid":{"rendered":"https:\/\/www.ufpb.br\/sinfra\/?page_id=21"},"modified":"2025-02-09T22:09:56","modified_gmt":"2025-02-10T01:09:56","slug":"servicos","status":"publish","type":"page","link":"https:\/\/www.ufpb.br\/sinfra\/servicos\/","title":{"rendered":"Servi\u00e7os"},"content":{"rendered":"\n<p>Os servi\u00e7os ofertados pela SINFRA podem ser conhecidos e demandados atrav\u00e9s do menu&nbsp;<strong>Requisi\u00e7\u00f5es<\/strong>&nbsp;no Portal Administrativo do SIPAC (Figura 1). Para designar servidor para operar tal funcionalidade, basta que o chefe da unidade envie of\u00edcio com tal indica\u00e7\u00e3o para a nossa superintend\u00eancia.<\/p>\n\n\n\n<figure class=\"wp-block-image size-full\"><img loading=\"lazy\" decoding=\"async\" width=\"424\" height=\"196\" src=\"http:\/\/www.ufpb.br\/sinfra\/wp-content\/uploads\/sites\/79\/sites\/250\/2025\/01\/requisicoes.png\" alt=\"\" class=\"wp-image-22\" srcset=\"https:\/\/www.ufpb.br\/sinfra\/wp-content\/uploads\/sites\/79\/sites\/250\/2025\/01\/requisicoes.png 424w, https:\/\/www.ufpb.br\/sinfra\/wp-content\/uploads\/sites\/79\/sites\/250\/2025\/01\/requisicoes-300x139.png 300w\" sizes=\"auto, (max-width: 424px) 100vw, 424px\" \/><\/figure>\n\n\n\n<p>Figura 1 &#8211; Acesso ao menu Requisi\u00e7\u00f5es &#8211; Portal Administrativo<\/p>\n\n\n\n<p>No momento, est\u00e3o liberadas as demandas Manuten\u00e7\u00e3o e Parecer T\u00e9cnico\/Avalia\u00e7\u00e3o.&nbsp;<\/p>\n\n\n\n<p>Pelo menu Manuten\u00e7\u00e3o, por exemplo, \u00e9 poss\u00edvel escolher por categoria do servi\u00e7o (Figura 2) como Constru\u00e7\u00e3o Civil, Instala\u00e7\u00f5es El\u00e9tricas, Instala\u00e7\u00f5es Hidr\u00e1ulicas e Sanit\u00e1rias, M\u00e1quinas e Equipamentos, Marcenaria e Telefonia e dentro de cada uma dessas escolher a op\u00e7\u00e3o que melhor define a necessidade do demandante.<\/p>\n\n\n\n<figure class=\"wp-block-image size-full\"><img loading=\"lazy\" decoding=\"async\" width=\"995\" height=\"433\" src=\"http:\/\/www.ufpb.br\/sinfra\/wp-content\/uploads\/sites\/79\/sites\/250\/2025\/01\/tipos.png\" alt=\"\" class=\"wp-image-23\" srcset=\"https:\/\/www.ufpb.br\/sinfra\/wp-content\/uploads\/sites\/79\/sites\/250\/2025\/01\/tipos.png 995w, https:\/\/www.ufpb.br\/sinfra\/wp-content\/uploads\/sites\/79\/sites\/250\/2025\/01\/tipos-300x131.png 300w, https:\/\/www.ufpb.br\/sinfra\/wp-content\/uploads\/sites\/79\/sites\/250\/2025\/01\/tipos-768x334.png 768w\" sizes=\"auto, (max-width: 995px) 100vw, 995px\" \/><\/figure>\n\n\n\n<p>Figura 2 &#8211; Tipologia do servi\u00e7o &#8211; Manuten\u00e7\u00e3o<\/p>\n\n\n\n<p><strong>Para mais informa\u00e7\u00f5es:<\/strong><\/p>\n\n\n\n<p><a href=\"https:\/\/www.ufpb.br\/sinfra\/contents\/paginas\/gerencia-de-manutencao-e-equipamentos\" target=\"_blank\" rel=\"noreferrer noopener\">Ger\u00eancia de Manuten\u00e7\u00e3o e Equipamentos<\/a><\/p>\n","protected":false},"excerpt":{"rendered":"<p>Os servi\u00e7os ofertados pela SINFRA podem ser conhecidos e demandados atrav\u00e9s do menu&nbsp;Requisi\u00e7\u00f5es&nbsp;no Portal Administrativo do SIPAC (Figura 1). Para designar servidor para operar tal funcionalidade, basta que o chefe da unidade envie of\u00edcio com tal indica\u00e7\u00e3o para a nossa superintend\u00eancia. Figura 1 &#8211; Acesso ao menu Requisi\u00e7\u00f5es &#8211; Portal Administrativo No momento, est\u00e3o liberadas [&hellip;]<\/p>\n","protected":false},"author":47,"featured_media":0,"parent":0,"menu_order":0,"comment_status":"closed","ping_status":"closed","template":"","meta":{"footnotes":""},"class_list":["post-21","page","type-page","status-publish","hentry"],"_links":{"self":[{"href":"https:\/\/www.ufpb.br\/sinfra\/wp-json\/wp\/v2\/pages\/21","targetHints":{"allow":["GET"]}}],"collection":[{"href":"https:\/\/www.ufpb.br\/sinfra\/wp-json\/wp\/v2\/pages"}],"about":[{"href":"https:\/\/www.ufpb.br\/sinfra\/wp-json\/wp\/v2\/types\/page"}],"author":[{"embeddable":true,"href":"https:\/\/www.ufpb.br\/sinfra\/wp-json\/wp\/v2\/users\/47"}],"replies":[{"embeddable":true,"href":"https:\/\/www.ufpb.br\/sinfra\/wp-json\/wp\/v2\/comments?post=21"}],"version-history":[{"count":1,"href":"https:\/\/www.ufpb.br\/sinfra\/wp-json\/wp\/v2\/pages\/21\/revisions"}],"predecessor-version":[{"id":24,"href":"https:\/\/www.ufpb.br\/sinfra\/wp-json\/wp\/v2\/pages\/21\/revisions\/24"}],"wp:attachment":[{"href":"https:\/\/www.ufpb.br\/sinfra\/wp-json\/wp\/v2\/media?parent=21"}],"curies":[{"name":"wp","href":"https:\/\/api.w.org\/{rel}","templated":true}]}}