{"id":25,"date":"2025-01-30T18:34:54","date_gmt":"2025-01-30T21:34:54","guid":{"rendered":"https:\/\/www.ufpb.br\/sinfra\/?page_id=25"},"modified":"2025-02-09T22:09:55","modified_gmt":"2025-02-10T01:09:55","slug":"contatos","status":"publish","type":"page","link":"https:\/\/www.ufpb.br\/sinfra\/contatos\/","title":{"rendered":"Contatos"},"content":{"rendered":"\n<figure class=\"wp-block-table\"><table class=\"has-fixed-layout\"><thead><tr><td><strong>Local<\/strong><\/td><td><strong>E-mail<\/strong><\/td><td><strong>Telefone<\/strong><\/td><\/tr><\/thead><tbody><tr><td>Recep\u00e7\u00e3o<\/td><td>secretaria@sinfra.ufpb.br<\/td><td>(83) 3216 7168<\/td><\/tr><tr><td>Secretaria da SINFRA<\/td><td>secretaria@sinfra.ufpb.br<\/td><td>(83)&nbsp;3216 7871<\/td><\/tr><tr><td>Superintend\u00eancia de Infraestrutura<\/td><td>sobrinho.junior@sinfra.ufpb.br<\/td><td><\/td><\/tr><tr><td>Ger\u00eancia de Projetos de Edifica\u00e7\u00f5es<\/td><td>fjunior@sinfra.ufpb.br<\/td><td>(83) 3216 7193<\/td><\/tr><tr><td>Ger\u00eancia de Or\u00e7amentos de Obras<\/td><td>mvfilho@sinfra.ufpb.br<\/td><td>(83) 3216 7193<\/td><\/tr><tr><td>Ger\u00eancia de Fiscaliza\u00e7\u00e3o de Obras;<\/td><td>brito@sinfra.ufpb.br<\/td><td>(83) 3216 7267<\/td><\/tr><tr><td>Ger\u00eancia de Manuten\u00e7\u00e3o e Equipamentos<\/td><td>manutencao@sinfra.ufpb.br<\/td><td>(83) 3216 7661<\/td><\/tr><tr><td>Ger\u00eancia de Almoxarifado, Cadastro e Patrim\u00f4nio Setorial<\/td><td>almoxarifado@sinfra.ufpb.br<\/td><td>(83)&nbsp;3216 7318<\/td><\/tr><tr><td>Ger\u00eancia de Meio Ambiente<\/td><td>gma@sinfra.ufpb.br<\/td><td>(83) 3216 7193<\/td><\/tr><tr><td>Ger\u00eancia de Eletricidade<\/td><td><\/td><td>(83) 3216 7198<\/td><\/tr><\/tbody><\/table><\/figure>\n","protected":false},"excerpt":{"rendered":"<p>Local E-mail Telefone Recep\u00e7\u00e3o secretaria@sinfra.ufpb.br (83) 3216 7168 Secretaria da SINFRA secretaria@sinfra.ufpb.br (83)&nbsp;3216 7871 Superintend\u00eancia de Infraestrutura sobrinho.junior@sinfra.ufpb.br Ger\u00eancia de Projetos de Edifica\u00e7\u00f5es fjunior@sinfra.ufpb.br (83) 3216 7193 Ger\u00eancia de Or\u00e7amentos de Obras mvfilho@sinfra.ufpb.br (83) 3216 7193 Ger\u00eancia de Fiscaliza\u00e7\u00e3o de Obras; brito@sinfra.ufpb.br (83) 3216 7267 Ger\u00eancia de Manuten\u00e7\u00e3o e Equipamentos manutencao@sinfra.ufpb.br (83) 3216 7661 Ger\u00eancia [&hellip;]<\/p>\n","protected":false},"author":47,"featured_media":0,"parent":0,"menu_order":0,"comment_status":"closed","ping_status":"closed","template":"","meta":{"footnotes":""},"class_list":["post-25","page","type-page","status-publish","hentry"],"_links":{"self":[{"href":"https:\/\/www.ufpb.br\/sinfra\/wp-json\/wp\/v2\/pages\/25","targetHints":{"allow":["GET"]}}],"collection":[{"href":"https:\/\/www.ufpb.br\/sinfra\/wp-json\/wp\/v2\/pages"}],"about":[{"href":"https:\/\/www.ufpb.br\/sinfra\/wp-json\/wp\/v2\/types\/page"}],"author":[{"embeddable":true,"href":"https:\/\/www.ufpb.br\/sinfra\/wp-json\/wp\/v2\/users\/47"}],"replies":[{"embeddable":true,"href":"https:\/\/www.ufpb.br\/sinfra\/wp-json\/wp\/v2\/comments?post=25"}],"version-history":[{"count":1,"href":"https:\/\/www.ufpb.br\/sinfra\/wp-json\/wp\/v2\/pages\/25\/revisions"}],"predecessor-version":[{"id":26,"href":"https:\/\/www.ufpb.br\/sinfra\/wp-json\/wp\/v2\/pages\/25\/revisions\/26"}],"wp:attachment":[{"href":"https:\/\/www.ufpb.br\/sinfra\/wp-json\/wp\/v2\/media?parent=25"}],"curies":[{"name":"wp","href":"https:\/\/api.w.org\/{rel}","templated":true}]}}