{"id":27,"date":"2025-01-30T18:35:23","date_gmt":"2025-01-30T21:35:23","guid":{"rendered":"https:\/\/www.ufpb.br\/sinfra\/?page_id=27"},"modified":"2025-05-22T12:35:10","modified_gmt":"2025-05-22T15:35:10","slug":"contratos","status":"publish","type":"page","link":"https:\/\/www.ufpb.br\/sinfra\/contratos\/","title":{"rendered":"Contratos"},"content":{"rendered":"\n<p>Contratos Administrativos que est\u00e3o sob a gest\u00e3o e a fiscaliza\u00e7\u00e3o da Superintend\u00eancia de Infraestrutura &#8211; SINFRA<\/p>\n\n\n\n<p>A Superintend\u00eancia de Infraestrutura &#8211; SINFRA \u00e9 respons\u00e1vel pela gest\u00e3o e fiscaliza\u00e7\u00e3o de 02 contratos administrativos com fornecimento de m\u00e3o-de-obra exclusiva, os quais est\u00e3o discriminados a seguir:<\/p>\n\n\n\n<p><strong>Contrato UFPB\/SOF n\u00ba 004\/2023<\/strong><\/p>\n\n\n\n<p>Objeto:&nbsp;Presta\u00e7\u00e3o de servi\u00e7os comuns de manuten\u00e7\u00f5es prediais, el\u00e9trica, equipamentos e de telefonia, com m\u00e3o de obra em regime de dedica\u00e7\u00e3o exclusiva, visando atender servi\u00e7os emergenciais com equipe \u00e0 disposi\u00e7\u00e3o, para pronto atendimento das requisi\u00e7\u00f5es de manuten\u00e7\u00e3o do m\u00f3dulo de infraestrutura do SIPAC, das unidades imobili\u00e1rias no \u00e2mbito da Universidade Federal da Para\u00edba, Campus I e IV.<\/p>\n\n\n\n<p>Lista de Colaboradores (Rela\u00e7\u00e3o por Quadrimestre):\u00a0<a href=\"https:\/\/docs.google.com\/spreadsheets\/d\/116IMsOp4QQLKYWt0yFpJ_Q0Xwu23Au9P\/edit?usp=sharing&amp;ouid=110522218631897984770&amp;rtpof=true&amp;sd=true\" target=\"_blank\" rel=\"noreferrer noopener\">CLIQUE AQUI PARA VISUALIZAR<\/a><\/p>\n\n\n\n<p><strong>Contrato UFPB\/SOF n\u00ba 005\/2023<\/strong><\/p>\n\n\n\n<p>Objeto:&nbsp;Presta\u00e7\u00e3o de servi\u00e7os comuns de manuten\u00e7\u00f5es prediais, el\u00e9trica, equipamentos e de telefonia, com m\u00e3o de obra em regime de dedica\u00e7\u00e3o exclusiva, visando atender servi\u00e7os emergenciais com equipe \u00e0 disposi\u00e7\u00e3o, para pronto atendimento das requisi\u00e7\u00f5es de manuten\u00e7\u00e3o do m\u00f3dulo de infraestrutura do SIPAC, das unidades imobili\u00e1rias no \u00e2mbito da Universidade Federal da Para\u00edba, Campus II e III.<\/p>\n\n\n\n<p>Lista de Colaboradores (Rela\u00e7\u00e3o por Quadrimestre):\u00a0<a href=\"https:\/\/docs.google.com\/spreadsheets\/d\/1ZAo_C_76fPoQ7sxtxxwPbttM3Ki9Nx-F\/edit?gid=65155544#gid=65155544\" target=\"_blank\" rel=\"noreferrer noopener\">CLIQUE AQUI PARA VISUALIZAR<\/a><\/p>\n\n\n\n<p><\/p>\n","protected":false},"excerpt":{"rendered":"<p>Contratos Administrativos que est\u00e3o sob a gest\u00e3o e a fiscaliza\u00e7\u00e3o da Superintend\u00eancia de Infraestrutura &#8211; SINFRA A Superintend\u00eancia de Infraestrutura &#8211; SINFRA \u00e9 respons\u00e1vel pela gest\u00e3o e fiscaliza\u00e7\u00e3o de 02 contratos administrativos com fornecimento de m\u00e3o-de-obra exclusiva, os quais est\u00e3o discriminados a seguir: Contrato UFPB\/SOF n\u00ba 004\/2023 Objeto:&nbsp;Presta\u00e7\u00e3o de servi\u00e7os comuns de manuten\u00e7\u00f5es prediais, el\u00e9trica, [&hellip;]<\/p>\n","protected":false},"author":47,"featured_media":0,"parent":0,"menu_order":0,"comment_status":"closed","ping_status":"closed","template":"","meta":{"footnotes":""},"class_list":["post-27","page","type-page","status-publish","hentry"],"_links":{"self":[{"href":"https:\/\/www.ufpb.br\/sinfra\/wp-json\/wp\/v2\/pages\/27","targetHints":{"allow":["GET"]}}],"collection":[{"href":"https:\/\/www.ufpb.br\/sinfra\/wp-json\/wp\/v2\/pages"}],"about":[{"href":"https:\/\/www.ufpb.br\/sinfra\/wp-json\/wp\/v2\/types\/page"}],"author":[{"embeddable":true,"href":"https:\/\/www.ufpb.br\/sinfra\/wp-json\/wp\/v2\/users\/47"}],"replies":[{"embeddable":true,"href":"https:\/\/www.ufpb.br\/sinfra\/wp-json\/wp\/v2\/comments?post=27"}],"version-history":[{"count":5,"href":"https:\/\/www.ufpb.br\/sinfra\/wp-json\/wp\/v2\/pages\/27\/revisions"}],"predecessor-version":[{"id":237,"href":"https:\/\/www.ufpb.br\/sinfra\/wp-json\/wp\/v2\/pages\/27\/revisions\/237"}],"wp:attachment":[{"href":"https:\/\/www.ufpb.br\/sinfra\/wp-json\/wp\/v2\/media?parent=27"}],"curies":[{"name":"wp","href":"https:\/\/api.w.org\/{rel}","templated":true}]}}