{"id":31,"date":"2025-02-09T17:32:11","date_gmt":"2025-02-09T20:32:11","guid":{"rendered":"https:\/\/www.ufpb.br\/sinfra\/?page_id=31"},"modified":"2025-04-15T11:39:17","modified_gmt":"2025-04-15T14:39:17","slug":"apresentacao","status":"publish","type":"page","link":"https:\/\/www.ufpb.br\/sinfra\/apresentacao\/","title":{"rendered":"Somos SINFRA"},"content":{"rendered":"\n<p>Atuando nos n\u00edveis estrat\u00e9gico, t\u00e1tico e operacional, a SINFRA assegura a transpar\u00eancia e a conformidade dos processos administrativos, garantindo efici\u00eancia e qualidade na infraestrutura universit\u00e1ria. Seu trabalho \u00e9 pautado no Plano de Desenvolvimento Institucional, no Plano Diretor e na legisla\u00e7\u00e3o vigente, contribuindo para a excel\u00eancia das atividades acad\u00eamicas e administrativas da UFPB.<\/p>\n\n\n\n<p><\/p>\n","protected":false},"excerpt":{"rendered":"<p>A Superintend\u00eancia de Infraestrutura (SINFRA) \u00e9 um \u00f3rg\u00e3o suplementar da Reitoria de UFPB, respons\u00e1vel pelo planejamento, execu\u00e7\u00e3o e fiscaliza\u00e7\u00e3o das atividades de infraestrutura da institui\u00e7\u00e3o. Suas compet\u00eancias abrangem a gest\u00e3o e manuten\u00e7\u00e3o dos espa\u00e7os f\u00edsicos, a condu\u00e7\u00e3o de obras e servi\u00e7os de engenharia e arquitetura, bem como a implementa\u00e7\u00e3o de pol\u00edticas de urbanismo e sustentabilidade.<\/p>\n","protected":false},"author":47,"featured_media":119,"parent":0,"menu_order":0,"comment_status":"closed","ping_status":"closed","template":"","meta":{"footnotes":""},"class_list":["post-31","page","type-page","status-publish","has-post-thumbnail","hentry"],"_links":{"self":[{"href":"https:\/\/www.ufpb.br\/sinfra\/wp-json\/wp\/v2\/pages\/31","targetHints":{"allow":["GET"]}}],"collection":[{"href":"https:\/\/www.ufpb.br\/sinfra\/wp-json\/wp\/v2\/pages"}],"about":[{"href":"https:\/\/www.ufpb.br\/sinfra\/wp-json\/wp\/v2\/types\/page"}],"author":[{"embeddable":true,"href":"https:\/\/www.ufpb.br\/sinfra\/wp-json\/wp\/v2\/users\/47"}],"replies":[{"embeddable":true,"href":"https:\/\/www.ufpb.br\/sinfra\/wp-json\/wp\/v2\/comments?post=31"}],"version-history":[{"count":7,"href":"https:\/\/www.ufpb.br\/sinfra\/wp-json\/wp\/v2\/pages\/31\/revisions"}],"predecessor-version":[{"id":196,"href":"https:\/\/www.ufpb.br\/sinfra\/wp-json\/wp\/v2\/pages\/31\/revisions\/196"}],"wp:featuredmedia":[{"embeddable":true,"href":"https:\/\/www.ufpb.br\/sinfra\/wp-json\/wp\/v2\/media\/119"}],"wp:attachment":[{"href":"https:\/\/www.ufpb.br\/sinfra\/wp-json\/wp\/v2\/media?parent=31"}],"curies":[{"name":"wp","href":"https:\/\/api.w.org\/{rel}","templated":true}]}}