{"id":33,"date":"2025-02-09T17:36:51","date_gmt":"2025-02-09T20:36:51","guid":{"rendered":"https:\/\/www.ufpb.br\/sinfra\/?page_id=33"},"modified":"2025-05-08T16:19:29","modified_gmt":"2025-05-08T19:19:29","slug":"gerencia-de-eletricidade-ge","status":"publish","type":"page","link":"https:\/\/www.ufpb.br\/sinfra\/gerencias\/gerencia-de-eletricidade-ge\/","title":{"rendered":"Ger\u00eancia de Eletricidade"},"content":{"rendered":"\n<p>A Ger\u00eancia de Eletricidade \u2013 GE da Superintend\u00eancia de Infraestrutura \u00e9 a inst\u00e2ncia da UFPB respons\u00e1vel pelo planejamento, coordena\u00e7\u00e3o, avalia\u00e7\u00e3o, opera\u00e7\u00e3o, monitoramento e manuten\u00e7\u00e3o das infraestruturas de distribui\u00e7\u00e3o de energia el\u00e9trica (subesta\u00e7\u00f5es, redes de distribui\u00e7\u00e3o prim\u00e1ria e secund\u00e1ria), ilumina\u00e7\u00e3o p\u00fablica e instala\u00e7\u00f5es el\u00e9tricas prediais, garantindo o fornecimento das mesmas de maneira plena e satisfat\u00f3ria em todos os campi e unidades da UFPB.<\/p>\n\n\n\n<p class=\"has-text-align-center\"><strong>Servidores lotados na Ger\u00eancia de Eletricidade:<\/strong><\/p>\n\n\n\n<figure class=\"wp-block-table is-style-stripes\"><table class=\"has-fixed-layout\"><tbody><tr><td><strong>Gerente:<\/strong><\/td><td>&nbsp;<\/td><td><\/td><\/tr><tr><td>&nbsp;Thenison Viana&nbsp;Souza&nbsp;<\/td><td>&nbsp;Eng. Eletricista<\/td><td>thenison@sinfra.ufpb.br<\/td><\/tr><tr><td><strong>Equipe:<\/strong><\/td><td><\/td><td><\/td><\/tr><tr><td>Fl\u00e1vio Gomes de Carvalho<\/td><td>Eng. Eletricista<\/td><td>flaviocarvalho@sinfra.ufpb.br<\/td><\/tr><tr><td>Jairo Dias Inoc\u00eancio<\/td><td>Eng. Eletricista<\/td><td>jairodias@sinfra.ufpb.br<\/td><\/tr><tr><td>Angelo Maxwell Alves Almeida<\/td><td>Eng. Eletricista<\/td><td>angelo.almeida@sinfra.ufpb.br<\/td><\/tr><tr><td>Alessandro da Cunha Diniz<\/td><td>Eng. Civil<\/td><td>alessandro@sinfra.ufpb.br<\/td><\/tr><tr><td>Alysson Luiz Batista<\/td><td>T\u00e9c. em Eletrot\u00e9cnica<\/td><td>alysson@sinfra.ufpb.br<\/td><\/tr><tr><td>Weyber Lucena<\/td><td>T\u00e9c. em Eletrot\u00e9cnica<\/td><td>weyber@sinfra.ufpb.br<\/td><\/tr><tr><td>Luiz Francisco<br><\/td><td>Eletricista<\/td><td><\/td><\/tr><\/tbody><\/table><\/figure>\n\n\n\n<p><\/p>\n\n\n\n<p><strong>A Ger\u00eancia de Eletricidade \u00e9 respons\u00e1vel pelos seguintes servi\u00e7os:<\/strong><\/p>\n\n\n\n<p>I \u2013 Supervisionar, operar e manter as redes de distribui\u00e7\u00e3o de energia el\u00e9trica de m\u00e9dia (13,8 kV) e baixa tens\u00e3o (380 V), de todos os campi e unidades da UFPB;<\/p>\n\n\n\n<p>II \u2013 Gerenciar o fornecimento de energia el\u00e9trica junto \u00e0 concession\u00e1ria, realizando o acompanhamento das faturas de energia, demandas contratadas, fator de pot\u00eancia de todos os campi e unidades da UFPB;<\/p>\n\n\n\n<p>III \u2013 Executar servi\u00e7os de manuten\u00e7\u00e3o preventiva e\/ou corretiva nas instala\u00e7\u00f5es el\u00e9tricas prediais de todos os campi da UFPB e unidades;<\/p>\n\n\n\n<p>IV \u2013 Inspecionar as instala\u00e7\u00f5es el\u00e9tricas e apontar solu\u00e7\u00f5es para as demandas e poss\u00edveis problemas;<\/p>\n\n\n\n<p>V \u2013 Gerenciar o consumo de energia el\u00e9trica dos permission\u00e1rios, realizando leituras mensais nos medidores e enviando relat\u00f3rios das medi\u00e7\u00f5es para o setor de permission\u00e1rios;<\/p>\n\n\n\n<p>VI \u2013 Manter e instalar bancos de capacitores para corre\u00e7\u00e3o do fator de pot\u00eancia das instala\u00e7\u00f5es el\u00e9tricas, mantendo-o dentro dos limites estabelecidos pela legisla\u00e7\u00e3o;<\/p>\n\n\n\n<p>VII \u2013 Supervisionar, operar e manter a infraestrutura de ilumina\u00e7\u00e3o p\u00fablica de todos os campi e unidades da UFPB;<\/p>\n\n\n\n<p>VIII \u2013 Inspecionar o padr\u00e3o de entrada de energia el\u00e9trica dos canteiros de obras, novas obras e permission\u00e1rios, viabilizando o fornecimento de energia el\u00e9trica para os mesmos, com instala\u00e7\u00e3o de medidores de energia, implanta\u00e7\u00e3o de postes, transformadores, trechos de rede de distribui\u00e7\u00e3o e substitui\u00e7\u00e3o e\/ou implanta\u00e7\u00e3o de quadros de for\u00e7a, se necess\u00e1rio;<\/p>\n\n\n\n<p>IX \u2013 Elaborar projetos e or\u00e7amentos de redes de distribui\u00e7\u00e3o de energia el\u00e9trica de m\u00e9dia (13,8 kV) e baixa tens\u00e3o, incluindo subesta\u00e7\u00f5es e cub\u00edculo de medi\u00e7\u00e3o;<\/p>\n\n\n\n<p>X \u2013 Planejar a aquisi\u00e7\u00e3o e utiliza\u00e7\u00e3o de ferramentas e materiais el\u00e9tricos para instala\u00e7\u00f5es prediais, redes de distribui\u00e7\u00e3o e ilumina\u00e7\u00e3o p\u00fablica;<\/p>\n\n\n\n<p>XI \u2013 Planejar a contrata\u00e7\u00e3o de servi\u00e7os relacionados \u00e0s redes de distribui\u00e7\u00e3o de energia el\u00e9trica de m\u00e9dia e baixa tens\u00e3o;<\/p>\n\n\n\n<p>XII \u2013 Planejar a contrata\u00e7\u00e3o de servi\u00e7os relacionados \u00e0 ilumina\u00e7\u00e3o p\u00fablica;<\/p>\n\n\n\n<p>XIII \u2013 Fiscalizar servi\u00e7os contratados relacionados \u00e0s interven\u00e7\u00f5es nas redes de distribui\u00e7\u00e3o de energia el\u00e9trica e ilumina\u00e7\u00e3o p\u00fablica;<\/p>\n\n\n\n<p>XIV \u2013 Participar de comiss\u00f5es institu\u00eddas pela administra\u00e7\u00e3o superior cujas atribui\u00e7\u00f5es estejam relacionadas com o escopo do conhecimento t\u00e9cnico especializado da GE.<\/p>\n\n\n\n<p><strong>Documentos<\/strong>:<\/p>\n\n\n\n<div class=\"wp-block-file\"><a id=\"wp-block-file--media-76fcd200-3547-4093-94bd-19e2f7f5e1a6\" href=\"https:\/\/www.ufpb.br\/sinfra\/wp-content\/uploads\/sites\/79\/sites\/250\/2025\/02\/gerencia-de-eletricidade-regimento.pdf\">Regimento da Ger\u00eancia de Eletricidade<\/a><a href=\"https:\/\/www.ufpb.br\/sinfra\/wp-content\/uploads\/sites\/79\/sites\/250\/2025\/02\/gerencia-de-eletricidade-regimento.pdf\" class=\"wp-block-file__button wp-element-button\" download aria-describedby=\"wp-block-file--media-76fcd200-3547-4093-94bd-19e2f7f5e1a6\">Baixar<\/a><\/div>\n\n\n\n<div class=\"wp-block-file\"><a id=\"wp-block-file--media-33aa27aa-f9d0-4783-a0df-d9ebb8fda4b4\" href=\"https:\/\/www.ufpb.br\/sinfra\/wp-content\/uploads\/sites\/79\/sites\/250\/2025\/02\/rede-de-distribuicao-ufpb-2020.pdf\">Rede de Distribui\u00e7\u00e3o UFPB 2020<\/a><a href=\"https:\/\/www.ufpb.br\/sinfra\/wp-content\/uploads\/sites\/79\/sites\/250\/2025\/02\/rede-de-distribuicao-ufpb-2020.pdf\" class=\"wp-block-file__button wp-element-button\" download aria-describedby=\"wp-block-file--media-33aa27aa-f9d0-4783-a0df-d9ebb8fda4b4\">Baixar<\/a><\/div>\n\n\n\n<p>Contato: (83) 3216 &#8211; 7198<\/p>\n\n\n\n<p><\/p>\n","protected":false},"excerpt":{"rendered":"<p>A Ger\u00eancia de Eletricidade \u2013 GE da Superintend\u00eancia de Infraestrutura \u00e9 a inst\u00e2ncia da UFPB respons\u00e1vel pelo planejamento, coordena\u00e7\u00e3o, avalia\u00e7\u00e3o, opera\u00e7\u00e3o, monitoramento e manuten\u00e7\u00e3o das infraestruturas de distribui\u00e7\u00e3o de energia el\u00e9trica (subesta\u00e7\u00f5es, redes de distribui\u00e7\u00e3o prim\u00e1ria e secund\u00e1ria), ilumina\u00e7\u00e3o p\u00fablica e instala\u00e7\u00f5es el\u00e9tricas prediais, garantindo o fornecimento das mesmas de maneira plena e satisfat\u00f3ria em [&hellip;]<\/p>\n","protected":false},"author":47,"featured_media":0,"parent":19,"menu_order":0,"comment_status":"closed","ping_status":"closed","template":"","meta":{"footnotes":""},"class_list":["post-33","page","type-page","status-publish","hentry"],"_links":{"self":[{"href":"https:\/\/www.ufpb.br\/sinfra\/wp-json\/wp\/v2\/pages\/33","targetHints":{"allow":["GET"]}}],"collection":[{"href":"https:\/\/www.ufpb.br\/sinfra\/wp-json\/wp\/v2\/pages"}],"about":[{"href":"https:\/\/www.ufpb.br\/sinfra\/wp-json\/wp\/v2\/types\/page"}],"author":[{"embeddable":true,"href":"https:\/\/www.ufpb.br\/sinfra\/wp-json\/wp\/v2\/users\/47"}],"replies":[{"embeddable":true,"href":"https:\/\/www.ufpb.br\/sinfra\/wp-json\/wp\/v2\/comments?post=33"}],"version-history":[{"count":9,"href":"https:\/\/www.ufpb.br\/sinfra\/wp-json\/wp\/v2\/pages\/33\/revisions"}],"predecessor-version":[{"id":223,"href":"https:\/\/www.ufpb.br\/sinfra\/wp-json\/wp\/v2\/pages\/33\/revisions\/223"}],"up":[{"embeddable":true,"href":"https:\/\/www.ufpb.br\/sinfra\/wp-json\/wp\/v2\/pages\/19"}],"wp:attachment":[{"href":"https:\/\/www.ufpb.br\/sinfra\/wp-json\/wp\/v2\/media?parent=33"}],"curies":[{"name":"wp","href":"https:\/\/api.w.org\/{rel}","templated":true}]}}