{"id":67,"date":"2025-02-09T18:42:55","date_gmt":"2025-02-09T21:42:55","guid":{"rendered":"https:\/\/www.ufpb.br\/sinfra\/?page_id=67"},"modified":"2025-08-28T16:48:03","modified_gmt":"2025-08-28T19:48:03","slug":"gerencia-de-manutencao-e-equipamentos","status":"publish","type":"page","link":"https:\/\/www.ufpb.br\/sinfra\/gerencias\/gerencia-de-manutencao-e-equipamentos\/","title":{"rendered":"Ger\u00eancia de Manuten\u00e7\u00e3o e Equipamentos"},"content":{"rendered":"\n<p>A Ger\u00eancia de Manuten\u00e7\u00e3o e Equipamentos \u00e9 o \u00f3rg\u00e3o respons\u00e1vel pelo planejamento, coordena\u00e7\u00e3o, execu\u00e7\u00e3o, monitoramento, fiscaliza\u00e7\u00e3o e avalia\u00e7\u00e3o de <a href=\"https:\/\/sites.google.com\/view\/gmeufpb\">atividades de manuten\u00e7\u00e3o de instala\u00e7\u00f5es f\u00edsicas e de utiliza\u00e7\u00e3o dos equipamentos.<\/a> <a href=\"https:\/\/sites.google.com\/view\/gmeufpb\">(clique aqui para saber mais)<\/a><\/p>\n\n\n\n<p><strong>Servi\u00e7os<\/strong><\/p>\n\n\n\n<p>Muitas vezes surgem d\u00favidas de como um determinado servi\u00e7o de manuten\u00e7\u00e3o deve ser solicitado \u00e0 SINFRA.&nbsp;<\/p>\n\n\n\n<p>As solicita\u00e7\u00f5es de manuten\u00e7\u00e3o podem ser realizadas, em regra, por duas maneiras:\u00a0requisi\u00e7\u00f5es de manuten\u00e7\u00e3o ou<a href=\"https:\/\/sites.google.com\/view\/gmeufpb\"> abertura de processos administrativos<\/a>.\u00a0<\/p>\n\n\n\n<p>Deve-se usar&nbsp;requisi\u00e7\u00e3o de manuten\u00e7\u00e3o&nbsp;para os&nbsp;servi\u00e7os emergenciais ou de pequeno porte&nbsp;quando possam ser solucionados em curto espa\u00e7o de tempo e exigem poucos recursos (humanos, materiais, financeiros). Para os demais casos, deve-se encaminhar um processo administrativo. Nesse caso, a equipe de engenharia avaliar\u00e1 a demanda e preparar\u00e1&nbsp; or\u00e7amento para que ap\u00f3s as devidas aprova\u00e7\u00f5es a demanda seja atendida.&nbsp;<\/p>\n\n\n\n<p><strong>Exemplos de Requisi\u00e7\u00f5es:<\/strong><\/p>\n\n\n\n<p>a. Retoque de pintura de uma&nbsp;sala do pr\u00e9dio, enviar requisi\u00e7\u00e3o. Caso necessite pintar v\u00e1rias salas de um mesmo pr\u00e9dio, o requisitante dever\u00e1 enviar um processo.<\/p>\n\n\n\n<p>b. Substitui\u00e7\u00e3o de algumas telhas danificadas, enviar requisi\u00e7\u00e3o. Caso precise substituir o parte significativa do telhado, por processo.&nbsp;<\/p>\n\n\n\n<p>c. Troca de fechadura, isolamentos de \u00e1rea, enviar requisi\u00e7\u00e3o.<\/p>\n\n\n\n<p>d. Manuten\u00e7\u00e3o ou instala\u00e7\u00e3o em ar condicionado, enviar requisi\u00e7\u00e3o.&nbsp;<\/p>\n\n\n\n<p>e. Servi\u00e7os hidrossanit\u00e1rios, como desobstru\u00e7\u00e3o de aparelhos sanit\u00e1rios, enviar requisi\u00e7\u00e3o. Caso necessite de grandes interven\u00e7\u00f5es ou caso ocorram constantes desobstru\u00e7\u00f5es em um mesmo ambiente, o requisitante dever\u00e1 enviar um processo.&nbsp;<\/p>\n\n\n\n<p><strong>Importante!&nbsp;<\/strong><\/p>\n\n\n\n<p>Embora n\u00e3o seja obrigat\u00f3ria, a inser\u00e7\u00e3o de fotos ou outros arquivos \u00e9 muito importante para dar celeridade ao atendimento da demanda.<\/p>\n\n\n\n<p><strong>Processos<\/strong><\/p>\n\n\n\n<p>Caso a demanda necessite da abertura de um processo administrativo o requisitante dever\u00e1 anexar o formul\u00e1rio padr\u00e3o preenchido.&nbsp;<\/p>\n\n\n\n<p><a href=\"https:\/\/docs.google.com\/spreadsheets\/u\/2\/d\/1cr3AwVLZY0QTN20dLE148joIOSsflOx3nr8fWjPGDq8\/edit#gid=166113792\">https:\/\/docs.google.com\/spreadsheets\/u\/2\/d\/1cr3AwVLZY0QTN20dLE148joIOSsflOx3nr8fWjPGDq8\/edit#gid=166113792<\/a><\/p>\n\n\n\n<p><strong>&nbsp;Como cadastrar uma requisi\u00e7\u00e3o:&nbsp;<\/strong><\/p>\n\n\n\n<figure class=\"wp-block-image\"><img decoding=\"async\" src=\"https:\/\/lh7-us.googleusercontent.com\/oKU1a7LJIC0ghw10YzT4eJgwOXYzW5M4T6NKTutJnvW8VdLajFrXhRzYOVVyURrxv16L3dKODKxeivqU2SuOlOyLwsEO3oc9XirKtTpXRF0x-aaWeaQNYXBmh5WfIDRbofWEaD-z5QOGX4A3LhdwDyY\" alt=\"\" \/><\/figure>\n\n\n\n<p>Vale salientar que, geralmente,&nbsp; os centros possuem um setor respons\u00e1vel pelo recebimento das demandas de infraestrutura, por esse motivo, consulte a dire\u00e7\u00e3o do seu centro.&nbsp;<\/p>\n\n\n\n<p><strong>Servi\u00e7os que n\u00e3o s\u00e3o da GME:&nbsp;<\/strong><\/p>\n\n\n\n<p>Requisi\u00e7\u00f5es como podas de \u00e1rvores, dedetiza\u00e7\u00e3o de ambientes e carga e descarga de material&nbsp; ser\u00e3o atendidas atrav\u00e9s da Superintend\u00eancia de Servi\u00e7os Gerais (SSG), na op\u00e7\u00e3o de requisi\u00e7\u00e3o de meio ambiente.<\/p>\n\n\n\n<p>Al\u00e9m disso, tamb\u00e9m n\u00e3o incluem bens que n\u00e3o s\u00e3o relacionados a engenharia, como aquisi\u00e7\u00e3o de persianas, pel\u00edculas para vidro e chuveiro el\u00e9trico.&nbsp;<\/p>\n\n\n\n<p><strong>Contato<\/strong>:<\/p>\n\n\n\n<p>Hor\u00e1rio de funcionamento: 7h \u00e0s 12h e das 13h \u00e0s 17h.<\/p>\n\n\n\n<p>Telefone: (83) 3216-7661<\/p>\n\n\n\n<p>E-mail: manutencao@sinfra.ufpb.br<\/p>\n","protected":false},"excerpt":{"rendered":"<p>A Ger\u00eancia de Manuten\u00e7\u00e3o e Equipamentos \u00e9 o \u00f3rg\u00e3o respons\u00e1vel pelo planejamento, coordena\u00e7\u00e3o, execu\u00e7\u00e3o, monitoramento, fiscaliza\u00e7\u00e3o e avalia\u00e7\u00e3o de atividades de manuten\u00e7\u00e3o de instala\u00e7\u00f5es f\u00edsicas e de utiliza\u00e7\u00e3o dos equipamentos. (clique aqui para saber mais) Servi\u00e7os Muitas vezes surgem d\u00favidas de como um determinado servi\u00e7o de manuten\u00e7\u00e3o deve ser solicitado \u00e0 SINFRA.&nbsp; As solicita\u00e7\u00f5es de [&hellip;]<\/p>\n","protected":false},"author":47,"featured_media":0,"parent":19,"menu_order":0,"comment_status":"closed","ping_status":"closed","template":"","meta":{"footnotes":""},"class_list":["post-67","page","type-page","status-publish","hentry"],"_links":{"self":[{"href":"https:\/\/www.ufpb.br\/sinfra\/wp-json\/wp\/v2\/pages\/67","targetHints":{"allow":["GET"]}}],"collection":[{"href":"https:\/\/www.ufpb.br\/sinfra\/wp-json\/wp\/v2\/pages"}],"about":[{"href":"https:\/\/www.ufpb.br\/sinfra\/wp-json\/wp\/v2\/types\/page"}],"author":[{"embeddable":true,"href":"https:\/\/www.ufpb.br\/sinfra\/wp-json\/wp\/v2\/users\/47"}],"replies":[{"embeddable":true,"href":"https:\/\/www.ufpb.br\/sinfra\/wp-json\/wp\/v2\/comments?post=67"}],"version-history":[{"count":2,"href":"https:\/\/www.ufpb.br\/sinfra\/wp-json\/wp\/v2\/pages\/67\/revisions"}],"predecessor-version":[{"id":266,"href":"https:\/\/www.ufpb.br\/sinfra\/wp-json\/wp\/v2\/pages\/67\/revisions\/266"}],"up":[{"embeddable":true,"href":"https:\/\/www.ufpb.br\/sinfra\/wp-json\/wp\/v2\/pages\/19"}],"wp:attachment":[{"href":"https:\/\/www.ufpb.br\/sinfra\/wp-json\/wp\/v2\/media?parent=67"}],"curies":[{"name":"wp","href":"https:\/\/api.w.org\/{rel}","templated":true}]}}