{"id":73,"date":"2025-02-09T18:45:32","date_gmt":"2025-02-09T21:45:32","guid":{"rendered":"https:\/\/www.ufpb.br\/sinfra\/?page_id=73"},"modified":"2025-02-09T22:09:55","modified_gmt":"2025-02-10T01:09:55","slug":"gerencia-de-fiscalizacao-de-obras","status":"publish","type":"page","link":"https:\/\/www.ufpb.br\/sinfra\/gerencias\/gerencia-de-fiscalizacao-de-obras\/","title":{"rendered":"Ger\u00eancia de Fiscaliza\u00e7\u00e3o de Obras"},"content":{"rendered":"","protected":false},"excerpt":{"rendered":"","protected":false},"author":47,"featured_media":0,"parent":19,"menu_order":0,"comment_status":"closed","ping_status":"closed","template":"","meta":{"footnotes":""},"class_list":["post-73","page","type-page","status-publish","hentry"],"_links":{"self":[{"href":"https:\/\/www.ufpb.br\/sinfra\/wp-json\/wp\/v2\/pages\/73","targetHints":{"allow":["GET"]}}],"collection":[{"href":"https:\/\/www.ufpb.br\/sinfra\/wp-json\/wp\/v2\/pages"}],"about":[{"href":"https:\/\/www.ufpb.br\/sinfra\/wp-json\/wp\/v2\/types\/page"}],"author":[{"embeddable":true,"href":"https:\/\/www.ufpb.br\/sinfra\/wp-json\/wp\/v2\/users\/47"}],"replies":[{"embeddable":true,"href":"https:\/\/www.ufpb.br\/sinfra\/wp-json\/wp\/v2\/comments?post=73"}],"version-history":[{"count":1,"href":"https:\/\/www.ufpb.br\/sinfra\/wp-json\/wp\/v2\/pages\/73\/revisions"}],"predecessor-version":[{"id":74,"href":"https:\/\/www.ufpb.br\/sinfra\/wp-json\/wp\/v2\/pages\/73\/revisions\/74"}],"up":[{"embeddable":true,"href":"https:\/\/www.ufpb.br\/sinfra\/wp-json\/wp\/v2\/pages\/19"}],"wp:attachment":[{"href":"https:\/\/www.ufpb.br\/sinfra\/wp-json\/wp\/v2\/media?parent=73"}],"curies":[{"name":"wp","href":"https:\/\/api.w.org\/{rel}","templated":true}]}}