{"id":12,"date":"2025-12-16T12:14:33","date_gmt":"2025-12-16T15:14:33","guid":{"rendered":"https:\/\/www.ufpb.br\/sods\/?page_id=12"},"modified":"2026-03-10T11:26:56","modified_gmt":"2026-03-10T14:26:56","slug":"secretaria","status":"publish","type":"page","link":"https:\/\/www.ufpb.br\/sods\/secretaria\/","title":{"rendered":"Secretaria"},"content":{"rendered":"\n<p class=\" \">A Secretaria dos \u00d3rg\u00e3os Deliberativos Superiores (SODS) da Universidade Federal da Para\u00edba tem por objeto prestar suporte t\u00e9cnico, administrativo, organizacional e procedimental aos \u00d3rg\u00e3os Deliberativos Superiores da Institui\u00e7\u00e3o, assegurando as condi\u00e7\u00f5es necess\u00e1rias ao pleno, regular e eficiente funcionamento das inst\u00e2ncias m\u00e1ximas de delibera\u00e7\u00e3o universit\u00e1ria.<\/p>\n\n\n\n<p>Compete \u00e0 SODS viabilizar, acompanhar e registrar as atividades dos Conselhos Superiores da UFPB, garantindo a correta instru\u00e7\u00e3o dos processos submetidos \u00e0 aprecia\u00e7\u00e3o colegiada, a observ\u00e2ncia dos princ\u00edpios da legalidade, impessoalidade, moralidade, publicidade e efici\u00eancia, bem como o cumprimento das normas estatut\u00e1rias, regimentais e das disposi\u00e7\u00f5es legais aplic\u00e1veis \u00e0 administra\u00e7\u00e3o p\u00fablica federal.<\/p>\n\n\n\n<p>A SODS atua como \u00f3rg\u00e3o de apoio permanente \u00e0 Presid\u00eancia dos Conselhos Superiores, sendo respons\u00e1vel pela organiza\u00e7\u00e3o das sess\u00f5es ordin\u00e1rias e extraordin\u00e1rias, pela elabora\u00e7\u00e3o, confer\u00eancia e guarda das atas, resolu\u00e7\u00f5es, decis\u00f5es e demais atos emanados dos colegiados, bem como pelo controle de prazos, qu\u00f3runs, registros de presen\u00e7a e delibera\u00e7\u00f5es.<\/p>\n\n\n\n<p>Constitui ainda objeto da SODS assegurar a adequada tramita\u00e7\u00e3o administrativa dos processos apreciados pelos \u00d3rg\u00e3os Deliberativos Superiores, promovendo sua autua\u00e7\u00e3o, distribui\u00e7\u00e3o, acompanhamento, formaliza\u00e7\u00e3o das decis\u00f5es e posterior encaminhamento \u00e0s unidades competentes para execu\u00e7\u00e3o, acompanhamento ou arquivamento, conforme o caso.<\/p>\n\n\n\n<p class=\" \">A Secretaria dos \u00d3rg\u00e3os Deliberativos Superiores tamb\u00e9m tem por objeto promover a transpar\u00eancia e a publicidade dos atos colegiados, mediante a organiza\u00e7\u00e3o, sistematiza\u00e7\u00e3o e divulga\u00e7\u00e3o das decis\u00f5es, resolu\u00e7\u00f5es e demais documentos oficiais, respeitados os limites legais de sigilo, prote\u00e7\u00e3o de dados pessoais e demais restri\u00e7\u00f5es normativas.<\/p>\n\n\n\n<p class=\" \"><\/p>\n\n\n\n<details class=\"wp-block-details is-layout-flow wp-block-details-is-layout-flow\"><summary><strong>Confer\u00eancia Web &#8211; RNP<\/strong><\/summary>\n<p>A Secretaria informa que, apesar das reuni\u00f5es serem realizadas de forma presencial, excepcionalmente, poder\u00e1 ser aberta sala da RNP para a participa\u00e7\u00e3o dos conselheiros que n\u00e3o puderem comparecer \u00e0s reuni\u00f5es atrav\u00e9s do link abaixo:<\/p>\n\n\n\n<p><a href=\"https:\/\/conferenciaweb.rnp.br\/sala\/sods\" target=\"_blank\" rel=\"noreferrer noopener\">Confer\u00eancia \u2022 Confer\u00eanciaWeb<\/a><\/p>\n<\/details>\n\n\n\n<details class=\"wp-block-details is-layout-flow wp-block-details-is-layout-flow\"><summary><strong>Equipe SODS<\/strong><\/summary>\n<p><strong><a href=\"http:\/\/lattes.cnpq.br\/7453824676291251\" data-type=\"link\" data-id=\"http:\/\/lattes.cnpq.br\/7453824676291251\">Marcelo Sitcovsky Santos Pereira<\/a><\/strong> (Coordenador da SODS)<\/p>\n\n\n\n<p>Walter Luiz Rocha da Fonseca J\u00fanior (Secret\u00e1rio da SODS)<\/p>\n\n\n\n<p>Mathylde Rosa Cacho Correia&nbsp;(Secret\u00e1ria do C. Curador)<\/p>\n\n\n\n<p>Elizete Ventura<\/p>\n<\/details>\n\n\n\n<details class=\"wp-block-details is-layout-flow wp-block-details-is-layout-flow\"><summary><strong>Contatos<\/strong><\/summary>\n<p>Telefone: 83 3216-7222<\/p>\n\n\n\n<p>E-mail: sods@reitoria.ufpb.br<\/p>\n<\/details>\n\n\n\n<p><\/p>\n\n\n\n<p><\/p>\n\n\n\n<p><\/p>\n","protected":false},"excerpt":{"rendered":"<p>A Secretaria dos \u00d3rg\u00e3os Deliberativos Superiores (SODS) da Universidade Federal da Para\u00edba tem por objeto [&hellip;]<\/p>\n","protected":false},"author":47,"featured_media":0,"parent":0,"menu_order":0,"comment_status":"closed","ping_status":"closed","template":"","meta":{"footnotes":""},"class_list":["post-12","page","type-page","status-publish","hentry"],"_links":{"self":[{"href":"https:\/\/www.ufpb.br\/sods\/wp-json\/wp\/v2\/pages\/12","targetHints":{"allow":["GET"]}}],"collection":[{"href":"https:\/\/www.ufpb.br\/sods\/wp-json\/wp\/v2\/pages"}],"about":[{"href":"https:\/\/www.ufpb.br\/sods\/wp-json\/wp\/v2\/types\/page"}],"author":[{"embeddable":true,"href":"https:\/\/www.ufpb.br\/sods\/wp-json\/wp\/v2\/users\/47"}],"replies":[{"embeddable":true,"href":"https:\/\/www.ufpb.br\/sods\/wp-json\/wp\/v2\/comments?post=12"}],"version-history":[{"count":6,"href":"https:\/\/www.ufpb.br\/sods\/wp-json\/wp\/v2\/pages\/12\/revisions"}],"predecessor-version":[{"id":134,"href":"https:\/\/www.ufpb.br\/sods\/wp-json\/wp\/v2\/pages\/12\/revisions\/134"}],"wp:attachment":[{"href":"https:\/\/www.ufpb.br\/sods\/wp-json\/wp\/v2\/media?parent=12"}],"curies":[{"name":"wp","href":"https:\/\/api.w.org\/{rel}","templated":true}]}}