{"id":42,"date":"2025-12-16T17:58:16","date_gmt":"2025-12-16T20:58:16","guid":{"rendered":"https:\/\/www.ufpb.br\/sods\/?page_id=42"},"modified":"2026-02-27T14:59:36","modified_gmt":"2026-02-27T17:59:36","slug":"consuni","status":"publish","type":"page","link":"https:\/\/www.ufpb.br\/sods\/consuni\/","title":{"rendered":"CONSUNI"},"content":{"rendered":"\n<details class=\"wp-block-details is-layout-flow wp-block-details-is-layout-flow\"><summary>O CONSUNI<\/summary>\n<p>O Conselho Universit\u00e1rio, \u00f3rg\u00e3o deliberativo superior em mat\u00e9ria de pol\u00edtica geral da Universidade, comp\u00f5e-se:<\/p>\n\n\n\n<p>I \u2013 do Reitor, como Presidente;<\/p>\n\n\n\n<p>II \u2013 do Vice-Reitor, como Vice-Presidente;<\/p>\n\n\n\n<p>III &#8211; do Pr\u00f3-Reitor de Administra\u00e7\u00e3o;<\/p>\n\n\n\n<p>IV &#8211; do Pr\u00f3-Reitor de Planejamento e Desenvolvimento;<\/p>\n\n\n\n<p>V &#8211; dos Diretores de Centros;<\/p>\n\n\n\n<p>VI &#8211; de um representante do pessoal docente de cada Centro;<\/p>\n\n\n\n<p>VII &#8211; da representa\u00e7\u00e3o do pessoal discente;<\/p>\n\n\n\n<p>VIII &#8211; da representa\u00e7\u00e3o do pessoal t\u00e9cnico-administrativo;<\/p>\n\n\n\n<p>IX &#8211; de um representante da comunidade.<\/p>\n<\/details>\n\n\n\n<details class=\"wp-block-details is-layout-flow wp-block-details-is-layout-flow\"><summary>Pautas<\/summary>\n<p><a href=\"https:\/\/sigrh.ufpb.br\/sigrh\/public\/colegiados\/resolucoes.jsf\" data-type=\"link\" data-id=\"https:\/\/sigrh.ufpb.br\/sigrh\/public\/colegiados\/resolucoes.jsf\">Consulte a Pauta dos Conselhos Superiores da UFPB<\/a><\/p>\n<\/details>\n\n\n\n<details class=\"wp-block-details is-layout-flow wp-block-details-is-layout-flow\"><summary>Composi\u00e7\u00e3o<\/summary>\n<p><\/p>\n\n\n\n<figure class=\"wp-block-table\"><table class=\"has-fixed-layout\"><tbody><tr><td class=\"has-text-align-center\" data-align=\"center\" colspan=\"4\"><strong>COMPOSI\u00c7\u00c3O DO CONSELHO UNIVERSIT\u00c1RIO \u2013 CONSUNI<\/strong><strong>(Art. 23-Estatuto da UFPB)<\/strong>&nbsp;<\/td><\/tr><tr><td class=\"has-text-align-center\" data-align=\"center\"><strong>NOME<\/strong><\/td><td><strong>Titularidade<\/strong><\/td><td><strong>T\u00e9rmino do mandato<\/strong><\/td><td>&nbsp;<\/td><\/tr><tr><td class=\"has-text-align-center\" data-align=\"center\" colspan=\"4\"><strong>Reitoria<\/strong><\/td><\/tr><tr><td class=\"has-text-align-center\" data-align=\"center\"><strong>Terezinha Domiciano Dantas Martins<\/strong><\/td><td>Reitora<\/td><td>12.11.2028<\/td><td>&nbsp;<\/td><\/tr><tr><td class=\"has-text-align-center\" data-align=\"center\"><strong>M\u00f4nica N\u00f3brega<\/strong><\/td><td>Vice-Reitora<\/td><td>12.11.2028<\/td><td>&nbsp;<\/td><\/tr><tr><td class=\"has-text-align-center\" data-align=\"center\"><strong>George Rodrigo Beltr\u00e3o da Cruz<\/strong><\/td><td>PRA<\/td><td>12.11.2028<\/td><td>&nbsp;<\/td><\/tr><tr><td class=\"has-text-align-center\" data-align=\"center\"><strong>Anielson Barbosa da Silva<\/strong><\/td><td>PROPLAN<\/td><td>12.11.2028<\/td><td>&nbsp;<\/td><\/tr><tr><td class=\"has-text-align-center\" data-align=\"center\" colspan=\"4\">&nbsp;<strong>CBiotec<\/strong><\/td><\/tr><tr><td class=\"has-text-align-center\" data-align=\"center\"><strong>Jailson Jos\u00e9 Gomes da Rocha (Diretor)<\/strong><\/td><td>Titular<\/td><td>19.04.2028<\/td><td>&nbsp;<\/td><\/tr><tr><td class=\"has-text-align-center\" data-align=\"center\">Ulrich Vasconcelos da Rocha Gomes (Vice)<\/td><td>Suplente<\/td><td>19.04.2028<\/td><td>&nbsp;<\/td><\/tr><tr><td class=\"has-text-align-center\" data-align=\"center\"><strong>Rafael de Almeida Travassos<\/strong><\/td><td>Titular<\/td><td>27.06.2027<\/td><td>&nbsp;<\/td><\/tr><tr><td class=\"has-text-align-center\" data-align=\"center\">Ian Porto Gurgel do Amaral<\/td><td>Suplente<\/td><td>27.06.2027<\/td><td>&nbsp;<\/td><\/tr><tr><td class=\"has-text-align-center\" data-align=\"center\" colspan=\"4\">&nbsp;<strong>CCA<\/strong><\/td><\/tr><tr><td class=\"has-text-align-center\" data-align=\"center\"><strong>Bruno de Oliveira Dias (Diretor)<\/strong><\/td><td>Titular<\/td><td>20.01.2029<\/td><td>&nbsp;<\/td><\/tr><tr><td class=\"has-text-align-center\" data-align=\"center\">Felipe Nael Seixas (Vice)<\/td><td>Suplente<\/td><td>20.01.2029<\/td><td>&nbsp;<\/td><\/tr><tr><td class=\"has-text-align-center\" data-align=\"center\">&nbsp;<\/td><td>Titular<\/td><td>&nbsp;<\/td><td>&nbsp;<\/td><\/tr><tr><td class=\"has-text-align-center\" data-align=\"center\">&nbsp;<\/td><td>Suplente<\/td><td>&nbsp;<\/td><td>&nbsp;<\/td><\/tr><tr><td class=\"has-text-align-center\" data-align=\"center\" colspan=\"4\">&nbsp;<strong>CCAE<\/strong><\/td><\/tr><tr><td class=\"has-text-align-center\" data-align=\"center\"><strong>Joseilme Fernandes Gouveia (Diretor)<\/strong><\/td><td>Titular<\/td><td>14.03.2027<\/td><td>&nbsp;<\/td><\/tr><tr><td class=\"has-text-align-center\" data-align=\"center\">Fernanda Marques de Almeida Holanda&nbsp;(Vice)<\/td><td>Suplente<\/td><td>14.03.2027<\/td><td>&nbsp;<\/td><\/tr><tr><td class=\"has-text-align-center\" data-align=\"center\">&nbsp;<strong>Raquel Vigolvino Lopes<\/strong><\/td><td>Titular<\/td><td>12.09.2027&nbsp;<\/td><td>&nbsp;<\/td><\/tr><tr><td class=\"has-text-align-center\" data-align=\"center\">&nbsp;Eddla karina Gomes Pereira&nbsp;<\/td><td>Suplente<\/td><td>12.09.2027&nbsp;<\/td><td>&nbsp;<\/td><\/tr><tr><td class=\"has-text-align-center\" data-align=\"center\" colspan=\"4\">&nbsp;<strong>CCEN<\/strong><\/td><\/tr><tr><td class=\"has-text-align-center\" data-align=\"center\"><strong>M\u00e1rio Cesar Ugulino de Ara\u00fajo (Diretor)<\/strong><\/td><td>Titular<\/td><td>19.04.2029<\/td><td>&nbsp;<\/td><\/tr><tr><td class=\"has-text-align-center\" data-align=\"center\">Richarde Marques da Silva (Vice)<\/td><td>Suplente<\/td><td>19.04.2029<\/td><td>&nbsp;<\/td><\/tr><tr><td class=\"has-text-align-center\" data-align=\"center\"><strong>Hem\u00edlio Fernandes Campos Co\u00ealho<\/strong><\/td><td>Titular<\/td><td>30.09.2027<\/td><td>&nbsp;<\/td><\/tr><tr><td class=\"has-text-align-center\" data-align=\"center\">&nbsp;Jorge Gabriel Gomes de Souza Ramos<\/td><td>Suplente<\/td><td>30.09.2027<\/td><td>&nbsp;<\/td><\/tr><tr><td class=\"has-text-align-center\" data-align=\"center\" colspan=\"4\">&nbsp;<strong>CCHLA<\/strong><\/td><\/tr><tr><td class=\"has-text-align-center\" data-align=\"center\"><strong>Rodrigo Freire de Carvalho e Silva (Diretor)<\/strong><\/td><td>Titular<\/td><td>20.01.2029<\/td><td>&nbsp;<\/td><\/tr><tr><td class=\"has-text-align-center\" data-align=\"center\">Tha\u00eds Augusta Cunha de Oliveira M\u00e1ximo (Vice)<\/td><td>Suplente<\/td><td>20.01.2029<\/td><td>&nbsp;<\/td><\/tr><tr><td class=\"has-text-align-center\" data-align=\"center\"><strong>Cirineu Cecote Stein<\/strong><\/td><td>Titular<\/td><td>18.03.2027<\/td><td>&nbsp;&nbsp;<\/td><\/tr><tr><td class=\"has-text-align-center\" data-align=\"center\">Elo\u00e1 Losano de Abreu<\/td><td>Suplente<\/td><td>18.03.2027<\/td><td>&nbsp;<\/td><\/tr><tr><td class=\"has-text-align-center\" data-align=\"center\" colspan=\"4\">&nbsp;<strong>CCHSA<\/strong><\/td><\/tr><tr><td class=\"has-text-align-center\" data-align=\"center\"><strong>Fabr\u00edcia Souza Montenegro (Diretora)<\/strong><\/td><td>Titular<\/td><td>26.11.2028<\/td><td>&nbsp;<\/td><\/tr><tr><td class=\"has-text-align-center\" data-align=\"center\">Ot\u00e1vio do Carmo de Oliveira Neto<\/td><td>Suplente<\/td><td>26.11.2028<\/td><td>&nbsp;<\/td><\/tr><tr><td class=\"has-text-align-center\" data-align=\"center\"><strong>Rodrigo Ronelli Duarte de Andrade<\/strong><\/td><td>Titular<\/td><td>29.04.2027<\/td><td>&nbsp;<\/td><\/tr><tr><td class=\"has-text-align-center\" data-align=\"center\">Alex da Silva Barbosa<\/td><td>Suplente<\/td><td>29.04.2027<\/td><td>&nbsp;<\/td><\/tr><tr><td class=\"has-text-align-center\" data-align=\"center\" colspan=\"4\">&nbsp;<strong>CCJ<\/strong><\/td><\/tr><tr><td class=\"has-text-align-center\" data-align=\"center\"><strong>Anne Augusta Alencar (Diretora)<\/strong><\/td><td>Titular<\/td><td><strong>20.01.2029<\/strong><\/td><td>&nbsp;<\/td><\/tr><tr><td class=\"has-text-align-center\" data-align=\"center\">Duina Mota de Figueiredo Porto (Vice)<\/td><td>Suplente<\/td><td>20.01.2029<\/td><td>&nbsp;<\/td><\/tr><tr><td class=\"has-text-align-center\" data-align=\"center\"><strong>Roberta Candeia Gon\u00e7alves<\/strong><\/td><td>Titular<\/td><td><strong>26.02.2027<\/strong><\/td><td>&nbsp;<\/td><\/tr><tr><td class=\"has-text-align-center\" data-align=\"center\">Gustavo Barbosa de Mesquita Batista<\/td><td>Suplente<\/td><td>26.02.2027<\/td><td>&nbsp;<\/td><\/tr><tr><td class=\"has-text-align-center\" data-align=\"center\" colspan=\"4\">&nbsp;<strong>CCM<\/strong><\/td><\/tr><tr><td class=\"has-text-align-center\" data-align=\"center\"><strong>Francisco Bernardino da Silva Neto (Diretor)<\/strong><\/td><td>Titular<\/td><td>13.01.2030<\/td><td>&nbsp;<\/td><\/tr><tr><td class=\"has-text-align-center\" data-align=\"center\">Marcos Ant\u00f4nio de Vivo Barros&nbsp;(Vice)<\/td><td>Suplente<\/td><td>13.01.2030<\/td><td>&nbsp;<\/td><\/tr><tr><td class=\"has-text-align-center\" data-align=\"center\"><strong>Aristides Medeiros Leite<\/strong><\/td><td>Titular<\/td><td>26.02.2027<\/td><td>&nbsp;<\/td><\/tr><tr><td class=\"has-text-align-center\" data-align=\"center\">Carlos Fernando Mello J\u00fanior<\/td><td>Suplente<\/td><td>26.02.2027<\/td><td>&nbsp;<\/td><\/tr><tr><td class=\"has-text-align-center\" data-align=\"center\" colspan=\"4\">&nbsp;<strong>CCS<\/strong><\/td><\/tr><tr><td class=\"has-text-align-center\" data-align=\"center\"><strong>Fabiano Gonzaga Rodrigues (Diretor)<\/strong><\/td><td>Titular<\/td><td>20.01.2029<\/td><td>&nbsp;<\/td><\/tr><tr><td class=\"has-text-align-center\" data-align=\"center\">Thais Josy Castro de Assis (Vice)<\/td><td>Suplente<\/td><td>20.01.2029<\/td><td>&nbsp;<\/td><\/tr><tr><td class=\"has-text-align-center\" data-align=\"center\"><strong>Marilia Gabriela dos Santos Cavalcanti<\/strong><\/td><td>Titular<\/td><td>10.02.2028<\/td><td>&nbsp;<\/td><\/tr><tr><td class=\"has-text-align-center\" data-align=\"center\">&nbsp;Simone Alves Sousa<\/td><td>Suplente<\/td><td>10.02.2028<\/td><td>&nbsp;<\/td><\/tr><tr><td class=\"has-text-align-center\" data-align=\"center\" colspan=\"4\">&nbsp;<strong>CCSA<\/strong><\/td><\/tr><tr><td class=\"has-text-align-center\" data-align=\"center\"><strong>Aldo Leonardo Cunha Callado (Diretor)<\/strong><\/td><td>Diretor<\/td><td>20.01.2029<\/td><td>&nbsp;<\/td><\/tr><tr><td class=\"has-text-align-center\" data-align=\"center\">Magno Vamberto Batista da Silva (Vice)<\/td><td>Vice<\/td><td>20.01.2029<\/td><td>&nbsp;<\/td><\/tr><tr><td class=\"has-text-align-center\" data-align=\"center\"><strong>Paulo Amilton Maia Leite Filho<\/strong><\/td><td>Titular<\/td><td>12.12.2027<\/td><td>&nbsp;<\/td><\/tr><tr><td class=\"has-text-align-center\" data-align=\"center\">&nbsp;M\u00e1rcia Reis Machado<\/td><td>Suplente<\/td><td>12.12.2027<\/td><td>&nbsp;<\/td><\/tr><tr><td class=\"has-text-align-center\" data-align=\"center\" colspan=\"4\">&nbsp;<strong>CCTA<\/strong><\/td><\/tr><tr><td class=\"has-text-align-center\" data-align=\"center\"><strong>Ulisses Carvalho da Silva (Diretor)<\/strong><\/td><td>Titular<\/td><td>17.11.2028<\/td><td>&nbsp;<\/td><\/tr><tr><td class=\"has-text-align-center\" data-align=\"center\">Fabiana Cardoso de Siqueira (Vice)<\/td><td>Suplente<\/td><td>17.11.2028<\/td><td>&nbsp;<\/td><\/tr><tr><td class=\"has-text-align-center\" data-align=\"center\">J<strong>amile Miri\u00e3 Fernandes Paiva<\/strong><\/td><td>Titular<\/td><td>01.03.2026<\/td><td>&nbsp;<\/td><\/tr><tr><td class=\"has-text-align-center\" data-align=\"center\">Marc\u00edlio Fagner Onofre<\/td><td>Suplente<\/td><td>01.03.2026<\/td><td>&nbsp;<\/td><\/tr><tr><td class=\"has-text-align-center\" data-align=\"center\" colspan=\"4\">&nbsp;<strong>CE<\/strong><\/td><\/tr><tr><td class=\"has-text-align-center\" data-align=\"center\"><strong>Adriana Valeria Santos Diniz (Diretora)<\/strong><\/td><td>Titular<\/td><td><strong>20.01.2029<\/strong><\/td><td>&nbsp;<\/td><\/tr><tr><td class=\"has-text-align-center\" data-align=\"center\">Valter Ferreira Rodrigues (Vice)<\/td><td>Suplente<\/td><td>20.01.2029<\/td><td>&nbsp;<\/td><\/tr><tr><td class=\"has-text-align-center\" data-align=\"center\">&nbsp;<strong>\u00c1urea Augusta Rodrigues da Mata<\/strong><\/td><td>Titular<\/td><td>11.11.2027<\/td><td>&nbsp;<\/td><\/tr><tr><td class=\"has-text-align-center\" data-align=\"center\">&nbsp;Roberto Rondon<\/td><td>Suplente<\/td><td>11.11.2027<\/td><td>&nbsp;<\/td><\/tr><tr><td class=\"has-text-align-center\" data-align=\"center\" colspan=\"4\">&nbsp;<strong>CEAR<\/strong><\/td><\/tr><tr><td class=\"has-text-align-center\" data-align=\"center\"><strong>Euler C\u00e1ssio Tavares de Macedo (Diretor)<\/strong><\/td><td>Titular<\/td><td><strong>20.01.2029<\/strong><\/td><td>&nbsp;<\/td><\/tr><tr><td class=\"has-text-align-center\" data-align=\"center\">&nbsp;Mar\u00e7al Rosas Florentino Lima Filho (Vice)<\/td><td>Suplente<\/td><td>20.01.2029<\/td><td>&nbsp;<\/td><\/tr><tr><td class=\"has-text-align-center\" data-align=\"center\">&nbsp;<strong>Isaac Soares de Freitas<\/strong><\/td><td>Titular<\/td><td>26.08.2027<\/td><td>&nbsp;<\/td><\/tr><tr><td class=\"has-text-align-center\" data-align=\"center\">&nbsp;Gilberto Augusto Amado Moreira<\/td><td>Suplente<\/td><td>26.08.2027<\/td><td>&nbsp;<\/td><\/tr><tr><td class=\"has-text-align-center\" data-align=\"center\" colspan=\"4\">&nbsp;<strong>CI<\/strong><\/td><\/tr><tr><td class=\"has-text-align-center\" data-align=\"center\">&nbsp;<strong>Tiago Maritan Ugulino de Ara\u00fajo (Diretor)<\/strong><\/td><td><strong>Titular<\/strong><\/td><td><strong>20.01.2029<\/strong><\/td><td>&nbsp;<\/td><\/tr><tr><td class=\"has-text-align-center\" data-align=\"center\">Alisson Vasconcelos de Brito (Vice)<\/td><td>Suplente<\/td><td>20.01.2029<\/td><td>&nbsp;<\/td><\/tr><tr><td class=\"has-text-align-center\" data-align=\"center\">&nbsp;<strong>Tiago Pereira do Nascimento<\/strong><\/td><td>Titular<\/td><td>26.02.2027<\/td><td>&nbsp;<\/td><\/tr><tr><td class=\"has-text-align-center\" data-align=\"center\">&nbsp;Gilberto Farias de Sousa Filho<\/td><td>Suplente<\/td><td>26.02.2027<\/td><td>&nbsp;<\/td><\/tr><tr><td class=\"has-text-align-center\" data-align=\"center\" colspan=\"4\">&nbsp;<strong>CT<\/strong><\/td><\/tr><tr><td class=\"has-text-align-center\" data-align=\"center\"><strong>Marcel de Gois Pinto (Diretor)<\/strong><\/td><td>Titular<\/td><td>19.12.2028<\/td><td>&nbsp;<\/td><\/tr><tr><td class=\"has-text-align-center\" data-align=\"center\">Ana Cl\u00e1udia Fernandes Medeiros Braga<\/td><td>Suplente<\/td><td>19.12.2028<\/td><td>&nbsp;<\/td><\/tr><tr><td class=\"has-text-align-center\" data-align=\"center\"><strong>Paulo Henrique de Miranda Montenegro<\/strong><\/td><td>Titular<\/td><td><strong>26.02.2027<\/strong><\/td><td>&nbsp;<\/td><\/tr><tr><td class=\"has-text-align-center\" data-align=\"center\">Ant\u00f4nio Farias Leal<\/td><td>Suplente<\/td><td>26.02.2027<\/td><td>&nbsp;<\/td><\/tr><tr><td class=\"has-text-align-center\" data-align=\"center\" colspan=\"4\">&nbsp;<strong>CTDR<\/strong><\/td><\/tr><tr><td class=\"has-text-align-center\" data-align=\"center\"><strong>Jo\u00e3o Andrade da Silva (Diretor)<\/strong><\/td><td>Titular<\/td><td><strong>20.01.2029<\/strong><\/td><td>&nbsp;<\/td><\/tr><tr><td class=\"has-text-align-center\" data-align=\"center\">Jos\u00e9 Marcelino Oliveira Cavalheiro (Vice)<\/td><td>Suplente<\/td><td>20.01.2029<\/td><td>&nbsp;<\/td><\/tr><tr><td class=\"has-text-align-center\" data-align=\"center\"><strong>\u00c2ngela Maria Tribuzy Magalh\u00e3es Cordeiro<\/strong><\/td><td>Titular<\/td><td><strong>12.09.2027<\/strong><\/td><td>&nbsp;<\/td><\/tr><tr><td class=\"has-text-align-center\" data-align=\"center\">Ingrid Concei\u00e7\u00e3o Dantas Gon\u00e7alves<\/td><td>Suplente<\/td><td>12.09.2027<\/td><td>&nbsp;<\/td><\/tr><tr><td class=\"has-text-align-center\" data-align=\"center\" colspan=\"3\">&nbsp;<strong>CENTRO PROFISSIOAL E TECNOL\u00d3GICO \u2013 ESCOLA T\u00c9CNICA DE SA\u00daDE<\/strong><\/td><td>&nbsp;<\/td><\/tr><tr><td class=\"has-text-align-center\" data-align=\"center\"><strong>Maria Soraya Pereira Franco Adriano<\/strong>&nbsp;<strong>(Diretora)<\/strong><\/td><td>Titular<\/td><td>&nbsp;<\/td><td>&nbsp;<\/td><\/tr><tr><td class=\"has-text-align-center\" data-align=\"center\">Fabia Danielle Sales Cunha Medeiros e Silva (Vice)&nbsp;<\/td><td>Suplente<\/td><td>&nbsp;<\/td><td>&nbsp;<\/td><\/tr><tr><td class=\"has-text-align-center\" data-align=\"center\">&nbsp;<strong>Ronaldo Rodrigues Sarmento<\/strong><\/td><td>Titular<\/td><td>27.06.2027<\/td><td>&nbsp;<\/td><\/tr><tr><td class=\"has-text-align-center\" data-align=\"center\">&nbsp;<strong>Simone Helena dos Santos Oliveira<\/strong><\/td><td>Suplente<\/td><td>27.06.2027<\/td><td>&nbsp;<\/td><\/tr><tr><td class=\"has-text-align-center\" data-align=\"center\" colspan=\"4\">&nbsp;<strong>STA<\/strong><\/td><\/tr><tr><td class=\"has-text-align-center\" data-align=\"center\"><strong>Ednaldo Alves Costa<\/strong><\/td><td>Titular<\/td><td>06.12.2025&nbsp;<\/td><td>&nbsp;<\/td><\/tr><tr><td class=\"has-text-align-center\" data-align=\"center\">&nbsp;Jos\u00e9 Valdevino Neto&nbsp;<\/td><td>Suplente<\/td><td>06.12.2025&nbsp;<\/td><td>&nbsp;<\/td><\/tr><tr><td class=\"has-text-align-center\" data-align=\"center\"><strong>Clodoaldo Gomes de Oliveira<\/strong><\/td><td>Titular<\/td><td>06.12.2025&nbsp;<\/td><td>&nbsp;<\/td><\/tr><tr><td class=\"has-text-align-center\" data-align=\"center\">&nbsp;Rafaella Camilla Meira Prado de Brito<\/td><td>Suplente<\/td><td>06.12.2025&nbsp;<\/td><td>&nbsp;<\/td><\/tr><tr><td class=\"has-text-align-center\" data-align=\"center\">&nbsp;<strong>Andr\u00e9ia Maria de Oliveira Machado<\/strong>&nbsp;<\/td><td>Titular<\/td><td>06.12.2025&nbsp;<\/td><td>&nbsp;<\/td><\/tr><tr><td class=\"has-text-align-center\" data-align=\"center\">&nbsp;Rich\u00e9lita do Ros\u00e1rio Brito Casali<\/td><td>Suplente<\/td><td>06.12.2025&nbsp;<\/td><td>&nbsp;<\/td><\/tr><tr><td class=\"has-text-align-center\" data-align=\"center\">&nbsp;<strong>Maria de Lourdes Teixeira da Silva<\/strong><\/td><td>Titular<\/td><td>06.12.2025&nbsp;<\/td><td>&nbsp;<\/td><\/tr><tr><td class=\"has-text-align-center\" data-align=\"center\">&nbsp;Anderson Bezerra do R\u00eago<\/td><td>Suplente<\/td><td>06.12.2025&nbsp;<\/td><td>&nbsp;<\/td><\/tr><tr><td class=\"has-text-align-center\" data-align=\"center\">&nbsp;<strong>Andr\u00e9 Luiz Queiroga Reis<\/strong><\/td><td>Titular<\/td><td>06.12.2025&nbsp;<\/td><td>&nbsp;<\/td><\/tr><tr><td class=\"has-text-align-center\" data-align=\"center\">&nbsp;Wellington da Silva Lyra<\/td><td>Suplente<\/td><td>06.12.2025&nbsp;<\/td><td>&nbsp;<\/td><\/tr><tr><td class=\"has-text-align-center\" data-align=\"center\">&nbsp;<strong>Willians Gon\u00e7alves Silva<\/strong><\/td><td>Titular<\/td><td>06.12.2025&nbsp;<\/td><td>&nbsp;<\/td><\/tr><tr><td class=\"has-text-align-center\" data-align=\"center\">&nbsp;Edilson Targino de Melo Filho<\/td><td>Suplente<\/td><td>06.12.2025&nbsp;<\/td><td>&nbsp;<\/td><\/tr><tr><td class=\"has-text-align-center\" data-align=\"center\"><strong>Jos\u00e9 R\u00f4mulo Batista Xavier<\/strong><\/td><td>Titular<\/td><td>06.12.2025&nbsp;<\/td><td>&nbsp;<\/td><\/tr><tr><td class=\"has-text-align-center\" data-align=\"center\">Priscilla Scavuzzi Vila Nova Durant<\/td><td>Suplente<\/td><td>06.12.2025&nbsp;<\/td><td>&nbsp;<\/td><\/tr><tr><td class=\"has-text-align-center\" data-align=\"center\"><strong>Luzinete do Nascimento Ferreira&nbsp;<\/strong><\/td><td>Titular<\/td><td>06.12.2025&nbsp;<\/td><td>&nbsp;<\/td><\/tr><tr><td class=\"has-text-align-center\" data-align=\"center\">Vandivel Galdino Bezerra Filho<\/td><td>Suplente<\/td><td>06.12.2025&nbsp;<\/td><td>&nbsp;<\/td><\/tr><tr><td class=\"has-text-align-center\" data-align=\"center\" colspan=\"4\">&nbsp;<strong>Representantes Discentes<\/strong><\/td><\/tr><tr><td class=\"has-text-align-center\" data-align=\"center\"><strong>Luis Filipe Ventura Mendon\u00e7a<\/strong><\/td><td>Titular<\/td><td>10.02.2027<\/td><td>&nbsp;<\/td><\/tr><tr><td class=\"has-text-align-center\" data-align=\"center\">Isabela Rodrigues Costa<\/td><td>Suplente<\/td><td>10.02.2027<\/td><td>&nbsp;<\/td><\/tr><tr><td class=\"has-text-align-center\" data-align=\"center\"><strong>Cl\u00e1udia Marques Paiva de Lucena<\/strong><\/td><td>Titular<\/td><td>10.02.2027<\/td><td>&nbsp;<\/td><\/tr><tr><td class=\"has-text-align-center\" data-align=\"center\">Ariel Xandra Nunes Pinto<\/td><td>Suplente<\/td><td>10.02.2027<\/td><td>&nbsp;<\/td><\/tr><tr><td class=\"has-text-align-center\" data-align=\"center\"><strong>Lian Rodrigo Torres Cavalcante<\/strong><\/td><td>Titular<\/td><td>10.02.2027<\/td><td>&nbsp;<\/td><\/tr><tr><td class=\"has-text-align-center\" data-align=\"center\">Maria Clara Roque Vieira<\/td><td>Suplente<\/td><td>10.02.2027<\/td><td>&nbsp;<\/td><\/tr><tr><td class=\"has-text-align-center\" data-align=\"center\"><strong>Pablo Ruan dos Santos Souza<\/strong><\/td><td>Titular<\/td><td>10.02.2027<\/td><td>&nbsp;<\/td><\/tr><tr><td class=\"has-text-align-center\" data-align=\"center\">Neuma Leda da Silva In\u00e1cio de Sousa<\/td><td>Suplente<\/td><td>10.02.2027<\/td><td>&nbsp;<\/td><\/tr><tr><td class=\"has-text-align-center\" data-align=\"center\"><strong>Jackson de Sousa Ara\u00fajo<\/strong><\/td><td>Titular<\/td><td>10.02.2027<\/td><td>&nbsp;<\/td><\/tr><tr><td class=\"has-text-align-center\" data-align=\"center\">Marianna Dalbuquerque Martins<\/td><td>Suplente<\/td><td>10.02.2027<\/td><td>&nbsp;<\/td><\/tr><tr><td class=\"has-text-align-center\" data-align=\"center\"><strong>Erika Rodrigues do Nascimento<\/strong><\/td><td>Titular<\/td><td>10.02.2027<\/td><td>&nbsp;<\/td><\/tr><tr><td class=\"has-text-align-center\" data-align=\"center\">Naiara Everisto Felix<\/td><td>Suplente<\/td><td>10.02.2027<\/td><td>&nbsp;<\/td><\/tr><tr><td class=\"has-text-align-center\" data-align=\"center\"><strong> Thiago Henrique Men\u00eases Bezerra<\/strong><\/td><td>Titular<\/td><td>10.02.2027<\/td><td>&nbsp;<\/td><\/tr><tr><td class=\"has-text-align-center\" data-align=\"center\">Crystian Gustavo Lemos dos Santos<\/td><td>Suplente<\/td><td>10.02.2027<\/td><td>&nbsp;<\/td><\/tr><tr><td class=\"has-text-align-center\" data-align=\"center\"><strong>Gustavo Henrique Machado da Silva<\/strong><\/td><td>Titular<\/td><td>10.02.2027<\/td><td>&nbsp;<\/td><\/tr><tr><td class=\"has-text-align-center\" data-align=\"center\">Jos\u00e9 Carlos de Sousa<\/td><td>Suplente<\/td><td>10.02.2027<\/td><td>&nbsp;<\/td><\/tr><\/tbody><\/table><\/figure>\n\n\n\n<p><\/p>\n<\/details>\n\n\n\n<details class=\"wp-block-details is-layout-flow wp-block-details-is-layout-flow\"><summary>Calend\u00e1rio de Reuni\u00f5es<\/summary>\n<figure class=\"wp-block-embed is-type-wp-embed is-provider-secretaria-dos-rg-os-deliberativos-da-administra-o-superior wp-block-embed-secretaria-dos-rg-os-deliberativos-da-administra-o-superior\"><div class=\"wp-block-embed__wrapper\">\n<blockquote class=\"wp-embedded-content\" data-secret=\"pbjcT2S93Q\"><a href=\"https:\/\/www.ufpb.br\/sods\/calendario-dos-conselhos\/\">Calend\u00e1rio dos Conselhos\u00a0<\/a><\/blockquote><iframe loading=\"lazy\" class=\"wp-embedded-content\" sandbox=\"allow-scripts\" security=\"restricted\" style=\"position: absolute; visibility: hidden;\" title=\"&#8220;Calend\u00e1rio dos Conselhos\u00a0&#8221; &#8212; Secretaria dos \u00d3rg\u00e3os Deliberativos da Administra\u00e7\u00e3o Superior\" src=\"https:\/\/www.ufpb.br\/sods\/calendario-dos-conselhos\/embed\/#?secret=9lRIQkpxhU#?secret=pbjcT2S93Q\" data-secret=\"pbjcT2S93Q\" width=\"500\" height=\"282\" frameborder=\"0\" marginwidth=\"0\" marginheight=\"0\" scrolling=\"no\"><\/iframe>\n<\/div><\/figure>\n<\/details>\n\n\n\n<p><\/p>\n","protected":false},"excerpt":{"rendered":"","protected":false},"author":47,"featured_media":0,"parent":0,"menu_order":0,"comment_status":"closed","ping_status":"closed","template":"","meta":{"footnotes":""},"class_list":["post-42","page","type-page","status-publish","hentry"],"_links":{"self":[{"href":"https:\/\/www.ufpb.br\/sods\/wp-json\/wp\/v2\/pages\/42","targetHints":{"allow":["GET"]}}],"collection":[{"href":"https:\/\/www.ufpb.br\/sods\/wp-json\/wp\/v2\/pages"}],"about":[{"href":"https:\/\/www.ufpb.br\/sods\/wp-json\/wp\/v2\/types\/page"}],"author":[{"embeddable":true,"href":"https:\/\/www.ufpb.br\/sods\/wp-json\/wp\/v2\/users\/47"}],"replies":[{"embeddable":true,"href":"https:\/\/www.ufpb.br\/sods\/wp-json\/wp\/v2\/comments?post=42"}],"version-history":[{"count":8,"href":"https:\/\/www.ufpb.br\/sods\/wp-json\/wp\/v2\/pages\/42\/revisions"}],"predecessor-version":[{"id":128,"href":"https:\/\/www.ufpb.br\/sods\/wp-json\/wp\/v2\/pages\/42\/revisions\/128"}],"wp:attachment":[{"href":"https:\/\/www.ufpb.br\/sods\/wp-json\/wp\/v2\/media?parent=42"}],"curies":[{"name":"wp","href":"https:\/\/api.w.org\/{rel}","templated":true}]}}