{"id":103,"date":"2025-04-28T20:58:06","date_gmt":"2025-04-28T23:58:06","guid":{"rendered":"https:\/\/www.ufpb.br\/sof\/?page_id=103"},"modified":"2025-05-22T13:56:45","modified_gmt":"2025-05-22T16:56:45","slug":"transparencia","status":"publish","type":"page","link":"https:\/\/www.ufpb.br\/sof\/transparencia\/","title":{"rendered":"Transpar\u00eancia"},"content":{"rendered":"\n<p><a href=\"https:\/\/www.ufpb.br\/sof\/wp-admin\/post.php?post=47&amp;action=edit\">Receitas e Despesas<\/a><\/p>\n\n\n\n<p><a href=\"https:\/\/www.ufpb.br\/sof\/wp-admin\/post.php?post=49&amp;action=edit\">Servidores<\/a><\/p>\n\n\n\n<p><a href=\"https:\/\/www.ufpb.br\/sof\/wp-admin\/post.php?post=51&amp;action=edit\">Terceirizados<\/a><\/p>\n\n\n\n<p><a href=\"https:\/\/www.ufpb.br\/sof\/wp-admin\/post.php?post=53&amp;action=edit\">Contrata\u00e7\u00f5es P\u00fablicas<\/a><\/p>\n\n\n\n<p><a href=\"https:\/\/www.ufpb.br\/sof\/wp-admin\/post.php?post=55&amp;action=edit\">Emendas RP9<\/a><\/p>\n\n\n\n<p><strong><a href=\"https:\/\/www.ufpb.br\/sof\/emendas-rp-8\/\" data-type=\"page\" data-id=\"140\">Emendas RP8<\/a><\/strong><\/p>\n\n\n\n<p><a href=\"https:\/\/www.ufpb.br\/sof\/wp-admin\/post.php?post=58&amp;action=edit\">Ordem Cronol\u00f3gica de Pagamentos<\/a><\/p>\n\n\n\n<p><a href=\"https:\/\/www.ufpb.br\/sof\/wp-admin\/post.php?post=60&amp;action=edit\">Gest\u00e3o de Riscos<\/a><\/p>\n\n\n\n<p><a href=\"https:\/\/www.ufpb.br\/sof\/wp-admin\/post.php?post=62&amp;action=edit\">Relat\u00f3rio de Gest\u00e3o<\/a><\/p>\n\n\n\n<p><\/p>\n","protected":false},"excerpt":{"rendered":"<p>Principais documentos de transpar\u00eancia: Receitas e Despesas<\/p>\n<p>Servidores<\/p>\n<p>Terceirizados<\/p>\n<p>Contrata\u00e7\u00f5es P\u00fablicas<\/p>\n<p>Emendas RP9<\/p>\n<p>Ordem Cronol\u00f3gica de Pagamentos<\/p>\n<p>Gest\u00e3o de Riscos<\/p>\n<p>Relat\u00f3rio de Gest\u00e3o<\/p>\n","protected":false},"author":47,"featured_media":121,"parent":0,"menu_order":0,"comment_status":"closed","ping_status":"closed","template":"","meta":{"footnotes":""},"class_list":["post-103","page","type-page","status-publish","has-post-thumbnail","hentry"],"_links":{"self":[{"href":"https:\/\/www.ufpb.br\/sof\/wp-json\/wp\/v2\/pages\/103","targetHints":{"allow":["GET"]}}],"collection":[{"href":"https:\/\/www.ufpb.br\/sof\/wp-json\/wp\/v2\/pages"}],"about":[{"href":"https:\/\/www.ufpb.br\/sof\/wp-json\/wp\/v2\/types\/page"}],"author":[{"embeddable":true,"href":"https:\/\/www.ufpb.br\/sof\/wp-json\/wp\/v2\/users\/47"}],"replies":[{"embeddable":true,"href":"https:\/\/www.ufpb.br\/sof\/wp-json\/wp\/v2\/comments?post=103"}],"version-history":[{"count":4,"href":"https:\/\/www.ufpb.br\/sof\/wp-json\/wp\/v2\/pages\/103\/revisions"}],"predecessor-version":[{"id":142,"href":"https:\/\/www.ufpb.br\/sof\/wp-json\/wp\/v2\/pages\/103\/revisions\/142"}],"wp:featuredmedia":[{"embeddable":true,"href":"https:\/\/www.ufpb.br\/sof\/wp-json\/wp\/v2\/media\/121"}],"wp:attachment":[{"href":"https:\/\/www.ufpb.br\/sof\/wp-json\/wp\/v2\/media?parent=103"}],"curies":[{"name":"wp","href":"https:\/\/api.w.org\/{rel}","templated":true}]}}