{"id":193,"date":"2025-09-10T16:22:39","date_gmt":"2025-09-10T19:22:39","guid":{"rendered":"https:\/\/www.ufpb.br\/sof\/?page_id=193"},"modified":"2025-12-11T10:45:06","modified_gmt":"2025-12-11T13:45:06","slug":"carta-de-servicos-ao-usuario","status":"publish","type":"page","link":"https:\/\/www.ufpb.br\/sof\/servicos\/carta-de-servicos-ao-usuario\/","title":{"rendered":"Carta de Servi\u00e7os ao Usu\u00e1rio"},"content":{"rendered":"\n<p>Esta Carta de Servi\u00e7os ao Usu\u00e1rio tem o intuito de informar ao p\u00fablico sobre os servi\u00e7os oferecidos pela Superintend\u00eancia de Or\u00e7amento e Finan\u00e7as &#8211; SOF (<a href=\"http:\/\/www.ufpb.br\/sof\/wp-content\/uploads\/sites\/79\/sites\/297\/2025\/12\/SOF-Carta-de-Servicos-ao-Usuario.pdf\" target=\"_blank\" rel=\"noreferrer noopener\">link<\/a>)<\/p>\n","protected":false},"excerpt":{"rendered":"<p>Esta Carta de Servi\u00e7os ao Usu\u00e1rio tem o intuito de informar ao p\u00fablico sobre os servi\u00e7os oferecidos pela Superintend\u00eancia de Or\u00e7amento e Finan\u00e7as &#8211; SOF (link)<\/p>\n","protected":false},"author":281,"featured_media":0,"parent":101,"menu_order":0,"comment_status":"closed","ping_status":"closed","template":"","meta":{"footnotes":""},"class_list":["post-193","page","type-page","status-publish","hentry"],"_links":{"self":[{"href":"https:\/\/www.ufpb.br\/sof\/wp-json\/wp\/v2\/pages\/193","targetHints":{"allow":["GET"]}}],"collection":[{"href":"https:\/\/www.ufpb.br\/sof\/wp-json\/wp\/v2\/pages"}],"about":[{"href":"https:\/\/www.ufpb.br\/sof\/wp-json\/wp\/v2\/types\/page"}],"author":[{"embeddable":true,"href":"https:\/\/www.ufpb.br\/sof\/wp-json\/wp\/v2\/users\/281"}],"replies":[{"embeddable":true,"href":"https:\/\/www.ufpb.br\/sof\/wp-json\/wp\/v2\/comments?post=193"}],"version-history":[{"count":4,"href":"https:\/\/www.ufpb.br\/sof\/wp-json\/wp\/v2\/pages\/193\/revisions"}],"predecessor-version":[{"id":266,"href":"https:\/\/www.ufpb.br\/sof\/wp-json\/wp\/v2\/pages\/193\/revisions\/266"}],"up":[{"embeddable":true,"href":"https:\/\/www.ufpb.br\/sof\/wp-json\/wp\/v2\/pages\/101"}],"wp:attachment":[{"href":"https:\/\/www.ufpb.br\/sof\/wp-json\/wp\/v2\/media?parent=193"}],"curies":[{"name":"wp","href":"https:\/\/api.w.org\/{rel}","templated":true}]}}